{"id":1143,"date":"2022-03-30T11:54:37","date_gmt":"2022-03-30T03:54:37","guid":{"rendered":"https:\/\/www.beishenge.com\/?post_type=product&#038;p=1143"},"modified":"2024-06-26T11:12:00","modified_gmt":"2024-06-26T03:12:00","slug":"1143","status":"publish","type":"product","link":"https:\/\/www.beishenge.com\/de\/produkt\/1143\/","title":{"rendered":"Dexcom G6 Sensor-Klebepflaster"},"content":{"rendered":"<h4>Wir stellen seit vielen Jahren Klebepflaster f\u00fcr das dexcom G6 her. Jetzt haben wir ein neues Ger\u00e4t, Dexcom G7. Wir haben die Pflaster gleichzeitig mit der Einf\u00fchrung des Dexcom G7 Sensors produziert.<\/h4>\n<h4>Die Dexcom G6-Klebepflaster sind seit Jahren eines unserer meistverkauften Produkte. Wir haben reiche Erfahrung, um die unterschiedlichen Bed\u00fcrfnisse des Marktes und der Kunden zu erf\u00fcllen.<\/h4>\n<h4>Bei der Auswahl der Pflaster f\u00fcr Dexcom G6 haben wir verschiedene Rohstoffe und Formen.<\/h4>\n<h4>Das G6-Klebepflaster aus reiner Baumwolle ist das traditionellste und das erste, das von der Mehrheit der Kunden akzeptiert wird. Es hat eine gute Atmungsaktivit\u00e4t und Elastizit\u00e4t, reiche Farben und Druck, die auf dem Markt sehr beliebt ist.<\/h4>\n<h4>Vier-Wege-Stretchgewebe ist eine Weiterentwicklung von Baumwoll-Stretchmaterial. Es hat die Weichheit und Atmungsaktivit\u00e4t von reinem Baumwollmaterial, aber es ist sehr glatt und d\u00fcnn, und die Elastizit\u00e4t kann sich rundherum ausdehnen, und es gibt auch eine Vielzahl von Farben zur Auswahl. Kunden, die h\u00f6here Anforderungen an die Nutzungserfahrung haben, werden es m\u00f6gen.<\/h4>\n<h4>Transparentes PU-Material ist ebenfalls sehr beliebt. Klare Dexcom G6 Klebepflaster aus diesem Material sind sehr leicht, wasserabweisend und schwei\u00dffest. Da es transparent ist, f\u00e4llt es nicht auf. Unauff\u00e4llig und bequem. Die Wiederkaufsrate ist sehr hoch.<\/h4>\n<h4><img fetchpriority=\"high\" decoding=\"async\" class=\"size-medium wp-image-2191\" src=\"https:\/\/www.beishenge.com\/wp-content\/uploads\/2022\/03\/\u4e0b\u8f7d-1-1-300x300.webp\" alt=\"\" width=\"300\" height=\"300\" srcset=\"https:\/\/www.beishenge.com\/wp-content\/uploads\/2022\/03\/\u4e0b\u8f7d-1-1-300x300.webp 300w, https:\/\/www.beishenge.com\/wp-content\/uploads\/2022\/03\/\u4e0b\u8f7d-1-1-150x150.webp 150w, https:\/\/www.beishenge.com\/wp-content\/uploads\/2022\/03\/\u4e0b\u8f7d-1-1-768x768.webp 768w, https:\/\/www.beishenge.com\/wp-content\/uploads\/2022\/03\/\u4e0b\u8f7d-1-1-600x600.webp 600w, https:\/\/www.beishenge.com\/wp-content\/uploads\/2022\/03\/\u4e0b\u8f7d-1-1-100x100.webp 100w, https:\/\/www.beishenge.com\/wp-content\/uploads\/2022\/03\/\u4e0b\u8f7d-1-1.webp 1000w\" sizes=\"(max-width: 300px) 100vw, 300px\" \/><\/h4>\n<h4><\/h4>\n<h4>Nach so vielen Jahren Markterfahrung haben wir die Gr\u00f6\u00dfe des Pflasters und den Innendurchmesser des Dexcom G6 Klebepflasters kontinuierlich verbessert, um es besser f\u00fcr den Dexcom g6 Sensor geeignet zu machen. Wir haben auch den vorgeschnittenen Teil des Tr\u00e4gerpapiers kontinuierlich verbessert, um es f\u00fcr die Kunden einfacher zu machen, es mit einer Hand zu bedienen.<\/h4>\n<h4>Der von uns verwendete Klebstoff ist ein hypoallergener Klebstoff in medizinischer Qualit\u00e4t. Zu den gleichen Kosten ist die Qualit\u00e4t unserer Pflaster die stabilste und h\u00f6chste unter unseren Mitbewerbern. Es ist freundlich f\u00fcr empfindliche Haut<\/h4>\n<h4>\u00dcber Personalisierung<br \/>\n1. In Bezug auf die Anpassung, ist unser Vorteil, dass wir kleine Batch-Anpassung und schnelle Lieferung unterst\u00fctzen.<br \/>\n2. Drucken Sie das Logo auf den Aufn\u00e4her oder auf das Tr\u00e4gerpapier des Aufn\u00e4hers. Verbessern Sie den Eindruck des Kunden von Ihrer Marke.<br \/>\n3. Stellen Sie einen Designentwurf oder eine Probe zur Verf\u00fcgung, und wir k\u00f6nnen auch Probedrucke machen und entsprechend dem Designentwurf und der Probe produzieren.<br \/>\n4. Kundenspezifische Verpackung wird auch unterst\u00fctzt. Wenn Sie Ihre eigenen Ideen und Bed\u00fcrfnisse haben, bieten wir auch kostenlose Verpackung Design auf der Grundlage Ihrer Meinungen.<\/h4>\n<h4>Wenn Sie Fragen oder Bed\u00fcrfnisse zu den hypoallergenen Pflastern f\u00fcr Dexcom, omnipod, libre ect haben, k\u00f6nnen Sie uns gerne kontaktieren.<\/h4>\n<p>&nbsp;<\/p>","protected":false},"excerpt":{"rendered":"<p>Wasserdichte Klebepflaster f\u00fcr G6<\/p>\n<p>Premium Transparentes Overpatch f\u00fcr empfindliche Haut<\/p>\n<p>Freundliche Klebepakte f\u00fcr Kinder und empfindliche Haut<\/p>\n<p>10-Tage-Langzeitbez\u00fcge Einfach mit einer Hand zu bedienen<\/p>\n<p>&nbsp;<\/p>","protected":false},"featured_media":2013,"template":"","meta":{"_seopress_robots_primary_cat":"none","_seopress_titles_title":"","_seopress_titles_desc":"Waterproof Adhesive Patches for G6, Friendly adhesive pacthes for kids and senstive skin, Dexcom G6 pacthes","_seopress_robots_index":"","_uag_custom_page_level_css":""},"product_cat":[34],"product_tag":[],"class_list":{"0":"post-1143","1":"product","2":"type-product","3":"status-publish","4":"has-post-thumbnail","6":"product_cat-patches-for-sensor","8":"first","9":"instock","10":"shipping-taxable","11":"product-type-simple"},"uagb_featured_image_src":{"full":["https:\/\/www.beishenge.com\/wp-content\/uploads\/2022\/03\/G6-Adhesive-Patches-blue_W_1980px.webp",1980,1878,false],"thumbnail":["https:\/\/www.beishenge.com\/wp-content\/uploads\/2022\/03\/G6-Adhesive-Patches-blue_W_1980px-150x150.webp",150,150,true],"medium":["https:\/\/www.beishenge.com\/wp-content\/uploads\/2022\/03\/G6-Adhesive-Patches-blue_W_1980px-300x285.webp",300,285,true],"medium_large":["https:\/\/www.beishenge.com\/wp-content\/uploads\/2022\/03\/G6-Adhesive-Patches-blue_W_1980px-768x728.webp",768,728,true],"large":["https:\/\/www.beishenge.com\/wp-content\/uploads\/2022\/03\/G6-Adhesive-Patches-blue_W_1980px-1024x971.webp",1024,971,true],"1536x1536":["https:\/\/www.beishenge.com\/wp-content\/uploads\/2022\/03\/G6-Adhesive-Patches-blue_W_1980px-1536x1457.webp",1536,1457,true],"2048x2048":["https:\/\/www.beishenge.com\/wp-content\/uploads\/2022\/03\/G6-Adhesive-Patches-blue_W_1980px.webp",1980,1878,false],"trp-custom-language-flag":["https:\/\/www.beishenge.com\/wp-content\/uploads\/2022\/03\/G6-Adhesive-Patches-blue_W_1980px.webp",13,12,false],"woocommerce_archive_thumbnail":["https:\/\/www.beishenge.com\/wp-content\/uploads\/2022\/03\/G6-Adhesive-Patches-blue_W_1980px-300x285.webp",300,285,true],"woocommerce_thumbnail":["https:\/\/www.beishenge.com\/wp-content\/uploads\/2022\/03\/G6-Adhesive-Patches-blue_W_1980px-300x285.webp",300,285,true],"woocommerce_single":["https:\/\/www.beishenge.com\/wp-content\/uploads\/2022\/03\/G6-Adhesive-Patches-blue_W_1980px-600x569.webp",600,569,true],"woocommerce_gallery_thumbnail":["https:\/\/www.beishenge.com\/wp-content\/uploads\/2022\/03\/G6-Adhesive-Patches-blue_W_1980px-100x100.webp",100,100,true]},"uagb_author_info":{"display_name":"onbysheng","author_link":"https:\/\/www.beishenge.com\/de\/author\/"},"uagb_comment_info":0,"uagb_excerpt":"Waterproof Adhesive Patches for G6 Premium Transparent Overpatch for senstive skin Friendly adhesive pacthes for kids and senstive skin 10 Days Long Stay Covers Easy to Use by One Hand &nbsp;","_links":{"self":[{"href":"https:\/\/www.beishenge.com\/de\/wp-json\/wp\/v2\/product\/1143","targetHints":{"allow":["GET"]}}],"collection":[{"href":"https:\/\/www.beishenge.com\/de\/wp-json\/wp\/v2\/product"}],"about":[{"href":"https:\/\/www.beishenge.com\/de\/wp-json\/wp\/v2\/types\/product"}],"version-history":[{"count":1,"href":"https:\/\/www.beishenge.com\/de\/wp-json\/wp\/v2\/product\/1143\/revisions"}],"predecessor-version":[{"id":1147,"href":"https:\/\/www.beishenge.com\/de\/wp-json\/wp\/v2\/product\/1143\/revisions\/1147"}],"wp:featuredmedia":[{"embeddable":true,"href":"https:\/\/www.beishenge.com\/de\/wp-json\/wp\/v2\/media\/2013"}],"wp:attachment":[{"href":"https:\/\/www.beishenge.com\/de\/wp-json\/wp\/v2\/media?parent=1143"}],"wp:term":[{"taxonomy":"product_cat","embeddable":true,"href":"https:\/\/www.beishenge.com\/de\/wp-json\/wp\/v2\/product_cat?post=1143"},{"taxonomy":"product_tag","embeddable":true,"href":"https:\/\/www.beishenge.com\/de\/wp-json\/wp\/v2\/product_tag?post=1143"}],"curies":[{"name":"wp","href":"https:\/\/api.w.org\/{rel}","templated":true}]}}