{"id":1150,"date":"2022-03-30T12:59:34","date_gmt":"2022-03-30T04:59:34","guid":{"rendered":"https:\/\/www.beishenge.com\/?post_type=product&#038;p=1150"},"modified":"2024-10-18T09:31:22","modified_gmt":"2024-10-18T01:31:22","slug":"clear-color-freestyle-sensor-covers-for-libre-transparent-cgm-overpatch-tape","status":"publish","type":"product","link":"https:\/\/www.beishenge.com\/de\/produkt\/clear-color-freestyle-sensor-covers-for-libre-transparent-cgm-overpatch-tape\/","title":{"rendered":"Libre Freestyle-Klebepflaster"},"content":{"rendered":"<div data-elementor-type=\"wp-post\" data-elementor-id=\"1150\" class=\"elementor elementor-1150\">\n\t\t\t\t<div class=\"elementor-element elementor-element-b114e37 e-flex e-con-boxed e-con e-parent\" data-id=\"b114e37\" data-element_type=\"container\">\n\t\t\t\t\t<div class=\"e-con-inner\">\n\t\t\t\t<div class=\"elementor-element elementor-element-87d1b84 elementor-widget elementor-widget-heading\" data-id=\"87d1b84\" data-element_type=\"widget\" data-widget_type=\"heading.default\">\n\t\t\t\t<div class=\"elementor-widget-container\">\n\t\t\t<style>\/*! elementor - v3.23.0 - 25-07-2024 *\/\n.elementor-heading-title{padding:0;margin:0;line-height:1}.elementor-widget-heading .elementor-heading-title[class*=elementor-size-]>a{color:inherit;font-size:inherit;line-height:inherit}.elementor-widget-heading .elementor-heading-title.elementor-size-small{font-size:15px}.elementor-widget-heading .elementor-heading-title.elementor-size-medium{font-size:19px}.elementor-widget-heading .elementor-heading-title.elementor-size-large{font-size:29px}.elementor-widget-heading .elementor-heading-title.elementor-size-xl{font-size:39px}.elementor-widget-heading .elementor-heading-title.elementor-size-xxl{font-size:59px}<\/style><h2 class=\"elementor-heading-title elementor-size-default\">Freestyle Libre Klebepflaster\nWasserfeste Klebepflaster f\u00fcr Freestyle Libre Overlay<\/h2>\t\t<\/div>\n\t\t\t\t<\/div>\n\t\t\t\t\t<\/div>\n\t\t\t\t<\/div>\n\t\t<div class=\"elementor-element elementor-element-b1f4bcc e-flex e-con-boxed e-con e-parent\" data-id=\"b1f4bcc\" data-element_type=\"container\">\n\t\t\t\t\t<div class=\"e-con-inner\">\n\t\t\t\t<div class=\"elementor-element elementor-element-2fe714d elementor-widget elementor-widget-heading\" data-id=\"2fe714d\" data-element_type=\"widget\" data-widget_type=\"heading.default\">\n\t\t\t\t<div class=\"elementor-widget-container\">\n\t\t\t<h3 class=\"elementor-heading-title elementor-size-default\">Material f\u00fcr Freestyle Libre Overlay ausw\u00e4hlen<\/h3>\t\t<\/div>\n\t\t\t\t<\/div>\n\t\t\t\t\t<\/div>\n\t\t\t\t<\/div>\n\t\t<div class=\"elementor-element elementor-element-0d42592 e-flex e-con-boxed e-con e-parent\" data-id=\"0d42592\" data-element_type=\"container\">\n\t\t\t\t\t<div class=\"e-con-inner\">\n\t\t<div class=\"elementor-element elementor-element-ddf249f e-con-full e-flex e-con e-child\" data-id=\"ddf249f\" data-element_type=\"container\">\n\t\t\t\t<div class=\"elementor-element elementor-element-908118b elementor-widget elementor-widget-image\" data-id=\"908118b\" data-element_type=\"widget\" data-widget_type=\"image.default\">\n\t\t\t\t<div class=\"elementor-widget-container\">\n\t\t\t<style>\/*! elementor - v3.23.0 - 25-07-2024 *\/\n.elementor-widget-image{text-align:center}.elementor-widget-image a{display:inline-block}.elementor-widget-image a img[src$=\".svg\"]{width:48px}.elementor-widget-image img{vertical-align:middle;display:inline-block}<\/style>\t\t\t\t\t\t\t\t\t\t<img fetchpriority=\"high\" decoding=\"async\" width=\"1024\" height=\"1024\" src=\"https:\/\/www.beishenge.com\/wp-content\/uploads\/2022\/03\/\u56fe\u724711-1-1024x1024.webp\" class=\"attachment-large size-large wp-image-3032\" alt=\"High elastic adhesive patch\" srcset=\"https:\/\/www.beishenge.com\/wp-content\/uploads\/2022\/03\/\u56fe\u724711-1-1024x1024.webp 1024w, https:\/\/www.beishenge.com\/wp-content\/uploads\/2022\/03\/\u56fe\u724711-1-300x300.webp 300w, https:\/\/www.beishenge.com\/wp-content\/uploads\/2022\/03\/\u56fe\u724711-1-150x150.webp 150w, https:\/\/www.beishenge.com\/wp-content\/uploads\/2022\/03\/\u56fe\u724711-1-768x768.webp 768w, https:\/\/www.beishenge.com\/wp-content\/uploads\/2022\/03\/\u56fe\u724711-1-1536x1536.webp 1536w, https:\/\/www.beishenge.com\/wp-content\/uploads\/2022\/03\/\u56fe\u724711-1-12x12.webp 12w, https:\/\/www.beishenge.com\/wp-content\/uploads\/2022\/03\/\u56fe\u724711-1-600x600.webp 600w, https:\/\/www.beishenge.com\/wp-content\/uploads\/2022\/03\/\u56fe\u724711-1-100x100.webp 100w, https:\/\/www.beishenge.com\/wp-content\/uploads\/2022\/03\/\u56fe\u724711-1.webp 1600w\" sizes=\"(max-width: 1024px) 100vw, 1024px\" \/>\t\t\t\t\t\t\t\t\t\t\t\t\t<\/div>\n\t\t\t\t<\/div>\n\t\t\t\t<div class=\"elementor-element elementor-element-45f1ae8 elementor-widget elementor-widget-text-editor\" data-id=\"45f1ae8\" data-element_type=\"widget\" data-widget_type=\"text-editor.default\">\n\t\t\t\t<div class=\"elementor-widget-container\">\n\t\t\t<style>\/*! elementor - v3.23.0 - 25-07-2024 *\/\n.elementor-widget-text-editor.elementor-drop-cap-view-stacked .elementor-drop-cap{background-color:#69727d;color:#fff}.elementor-widget-text-editor.elementor-drop-cap-view-framed .elementor-drop-cap{color:#69727d;border:3px solid;background-color:transparent}.elementor-widget-text-editor:not(.elementor-drop-cap-view-default) .elementor-drop-cap{margin-top:8px}.elementor-widget-text-editor:not(.elementor-drop-cap-view-default) .elementor-drop-cap-letter{width:1em;height:1em}.elementor-widget-text-editor .elementor-drop-cap{float:left;text-align:center;line-height:1;font-size:50px}.elementor-widget-text-editor .elementor-drop-cap-letter{display:inline-block}<\/style>\t\t\t\t<p>Verwenden Sie Nylon-Material freestyle libre 2 3 Sensor-Klebepflaster, wird die Elastizit\u00e4t sehr gut sein, kann es in alle Richtungen gedehnt werden, und das Gewebe ist weicher und zarter als Baumwolle.<\/p>\t\t\t\t\t\t<\/div>\n\t\t\t\t<\/div>\n\t\t\t\t<\/div>\n\t\t<div class=\"elementor-element elementor-element-4f1cf73 e-con-full e-flex e-con e-child\" data-id=\"4f1cf73\" data-element_type=\"container\">\n\t\t\t\t<div class=\"elementor-element elementor-element-c5aa1f9 elementor-widget elementor-widget-image\" data-id=\"c5aa1f9\" data-element_type=\"widget\" data-widget_type=\"image.default\">\n\t\t\t\t<div class=\"elementor-widget-container\">\n\t\t\t\t\t\t\t\t\t\t\t\t\t<img decoding=\"async\" width=\"614\" height=\"614\" src=\"https:\/\/www.beishenge.com\/wp-content\/uploads\/2022\/03\/Free-style-Libre-adheisve-patches-1-1.webp\" class=\"attachment-large size-large wp-image-3033\" alt=\"long lasting cotton adhesive patch\" srcset=\"https:\/\/www.beishenge.com\/wp-content\/uploads\/2022\/03\/Free-style-Libre-adheisve-patches-1-1.webp 614w, https:\/\/www.beishenge.com\/wp-content\/uploads\/2022\/03\/Free-style-Libre-adheisve-patches-1-1-300x300.webp 300w, https:\/\/www.beishenge.com\/wp-content\/uploads\/2022\/03\/Free-style-Libre-adheisve-patches-1-1-150x150.webp 150w, https:\/\/www.beishenge.com\/wp-content\/uploads\/2022\/03\/Free-style-Libre-adheisve-patches-1-1-12x12.webp 12w, https:\/\/www.beishenge.com\/wp-content\/uploads\/2022\/03\/Free-style-Libre-adheisve-patches-1-1-600x600.webp 600w, https:\/\/www.beishenge.com\/wp-content\/uploads\/2022\/03\/Free-style-Libre-adheisve-patches-1-1-100x100.webp 100w\" sizes=\"(max-width: 614px) 100vw, 614px\" \/>\t\t\t\t\t\t\t\t\t\t\t\t\t<\/div>\n\t\t\t\t<\/div>\n\t\t\t\t<div class=\"elementor-element elementor-element-dc9c347 elementor-widget elementor-widget-text-editor\" data-id=\"dc9c347\" data-element_type=\"widget\" data-widget_type=\"text-editor.default\">\n\t\t\t\t<div class=\"elementor-widget-container\">\n\t\t\t\t\t\t\t<p>Verwenden Sie Baumwoll-Stretch-Material f\u00fcr Libre Klebstoff Patch, wird das Produkt mehr atmungsaktiv, reich an Farbe, und kann in verschiedenen Farben und Drucke angepasst werden.<\/p>\t\t\t\t\t\t<\/div>\n\t\t\t\t<\/div>\n\t\t\t\t<\/div>\n\t\t<div class=\"elementor-element elementor-element-f3bf5ac e-con-full e-flex e-con e-child\" data-id=\"f3bf5ac\" data-element_type=\"container\">\n\t\t\t\t<div class=\"elementor-element elementor-element-a20caf4 elementor-widget elementor-widget-image\" data-id=\"a20caf4\" data-element_type=\"widget\" data-widget_type=\"image.default\">\n\t\t\t\t<div class=\"elementor-widget-container\">\n\t\t\t\t\t\t\t\t\t\t\t\t\t<img decoding=\"async\" width=\"800\" height=\"800\" src=\"https:\/\/www.beishenge.com\/wp-content\/uploads\/2022\/03\/81dNIposiNL._AC_SX679__\u526f\u672c.webp\" class=\"attachment-large size-large wp-image-3036\" alt=\"printed adhesive patch\" srcset=\"https:\/\/www.beishenge.com\/wp-content\/uploads\/2022\/03\/81dNIposiNL._AC_SX679__\u526f\u672c.webp 800w, https:\/\/www.beishenge.com\/wp-content\/uploads\/2022\/03\/81dNIposiNL._AC_SX679__\u526f\u672c-300x300.webp 300w, https:\/\/www.beishenge.com\/wp-content\/uploads\/2022\/03\/81dNIposiNL._AC_SX679__\u526f\u672c-150x150.webp 150w, https:\/\/www.beishenge.com\/wp-content\/uploads\/2022\/03\/81dNIposiNL._AC_SX679__\u526f\u672c-768x768.webp 768w, https:\/\/www.beishenge.com\/wp-content\/uploads\/2022\/03\/81dNIposiNL._AC_SX679__\u526f\u672c-12x12.webp 12w, https:\/\/www.beishenge.com\/wp-content\/uploads\/2022\/03\/81dNIposiNL._AC_SX679__\u526f\u672c-600x600.webp 600w, https:\/\/www.beishenge.com\/wp-content\/uploads\/2022\/03\/81dNIposiNL._AC_SX679__\u526f\u672c-100x100.webp 100w\" sizes=\"(max-width: 800px) 100vw, 800px\" \/>\t\t\t\t\t\t\t\t\t\t\t\t\t<\/div>\n\t\t\t\t<\/div>\n\t\t\t\t<div class=\"elementor-element elementor-element-f7b525a elementor-widget elementor-widget-text-editor\" data-id=\"f7b525a\" data-element_type=\"widget\" data-widget_type=\"text-editor.default\">\n\t\t\t\t<div class=\"elementor-widget-container\">\n\t\t\t\t\t\t\t<p>Verwenden Sie Vliesstoff f\u00fcr Freestyle Libre 2 3Bandagen. Der Druck ist sehr einfach zu realisieren und der Druckeffekt ist besser als bei reiner Baumwolle. Es ist auch leichter und atmungsaktiver.<\/p>\t\t\t\t\t\t<\/div>\n\t\t\t\t<\/div>\n\t\t\t\t<\/div>\n\t\t<div class=\"elementor-element elementor-element-b28a9e1 e-con-full e-flex e-con e-child\" data-id=\"b28a9e1\" data-element_type=\"container\">\n\t\t\t\t<div class=\"elementor-element elementor-element-7e47fde elementor-widget elementor-widget-image\" data-id=\"7e47fde\" data-element_type=\"widget\" data-widget_type=\"image.default\">\n\t\t\t\t<div class=\"elementor-widget-container\">\n\t\t\t\t\t\t\t\t\t\t\t\t\t<img loading=\"lazy\" decoding=\"async\" width=\"1024\" height=\"1024\" src=\"https:\/\/www.beishenge.com\/wp-content\/uploads\/2022\/03\/Transprent-Freestyle-Sensor-Cover-1-1024x1024.jpg\" class=\"attachment-large size-large wp-image-3034\" alt=\"Transprent adheisve patch\" srcset=\"https:\/\/www.beishenge.com\/wp-content\/uploads\/2022\/03\/Transprent-Freestyle-Sensor-Cover-1-1024x1024.jpg 1024w, https:\/\/www.beishenge.com\/wp-content\/uploads\/2022\/03\/Transprent-Freestyle-Sensor-Cover-1-300x300.jpg 300w, https:\/\/www.beishenge.com\/wp-content\/uploads\/2022\/03\/Transprent-Freestyle-Sensor-Cover-1-150x150.jpg 150w, https:\/\/www.beishenge.com\/wp-content\/uploads\/2022\/03\/Transprent-Freestyle-Sensor-Cover-1-768x768.jpg 768w, https:\/\/www.beishenge.com\/wp-content\/uploads\/2022\/03\/Transprent-Freestyle-Sensor-Cover-1-12x12.jpg 12w, https:\/\/www.beishenge.com\/wp-content\/uploads\/2022\/03\/Transprent-Freestyle-Sensor-Cover-1-600x600.jpg 600w, https:\/\/www.beishenge.com\/wp-content\/uploads\/2022\/03\/Transprent-Freestyle-Sensor-Cover-1-100x100.jpg 100w, https:\/\/www.beishenge.com\/wp-content\/uploads\/2022\/03\/Transprent-Freestyle-Sensor-Cover-1.jpg 1300w\" sizes=\"(max-width: 1024px) 100vw, 1024px\" \/>\t\t\t\t\t\t\t\t\t\t\t\t\t<\/div>\n\t\t\t\t<\/div>\n\t\t\t\t<div class=\"elementor-element elementor-element-0b447a4 elementor-widget elementor-widget-text-editor\" data-id=\"0b447a4\" data-element_type=\"widget\" data-widget_type=\"text-editor.default\">\n\t\t\t\t<div class=\"elementor-widget-container\">\n\t\t\t\t\t\t\t<p>Verwenden Sie medizinische Qualit\u00e4t PU-Folie f\u00fcr freestyle libre 2 3 Klebepflaster, wird es die Haut sehr gut passen und f\u00fchlen sich leicht w\u00e4hrend des Gebrauchs. Eine beliebte Wahl auf dem Markt.<\/p>\t\t\t\t\t\t<\/div>\n\t\t\t\t<\/div>\n\t\t\t\t<\/div>\n\t\t\t\t\t<\/div>\n\t\t\t\t<\/div>\n\t\t<div class=\"elementor-element elementor-element-e8a0d0e e-flex e-con-boxed e-con e-parent\" data-id=\"e8a0d0e\" data-element_type=\"container\">\n\t\t\t\t\t<div class=\"e-con-inner\">\n\t\t\t\t<div class=\"elementor-element elementor-element-dd85611 elementor-widget elementor-widget-heading\" data-id=\"dd85611\" data-element_type=\"widget\" data-widget_type=\"heading.default\">\n\t\t\t\t<div class=\"elementor-widget-container\">\n\t\t\t<h2 class=\"elementor-heading-title elementor-size-default\">Anpassung:Unterst\u00fctzung OEM &amp;ODM<\/h2>\t\t<\/div>\n\t\t\t\t<\/div>\n\t\t\t\t\t<\/div>\n\t\t\t\t<\/div>\n\t\t<div class=\"elementor-element elementor-element-2109785 e-flex e-con-boxed e-con e-parent\" data-id=\"2109785\" data-element_type=\"container\">\n\t\t\t\t\t<div class=\"e-con-inner\">\n\t\t\t\t<div class=\"elementor-element elementor-element-babc145 elementor-widget elementor-widget-text-editor\" data-id=\"babc145\" data-element_type=\"widget\" data-widget_type=\"text-editor.default\">\n\t\t\t\t<div class=\"elementor-widget-container\">\n\t\t\t\t\t\t\t<p>Personalisierte Freestyle-Klebepatches.<\/p><p>Normalerweise ist die individuelle Gestaltung Ihres Logos auf Klebeband eines der g\u00e4ngigsten Mittel, um f\u00fcr Ihre Marke zu werben. Viele Markenh\u00e4ndler drucken ihr Logo auf Stoffe und Tr\u00e4gerpapier, um Kunden anzuziehen und einen Eindruck zu hinterlassen.<\/p><p>\u00a0<\/p><p>Sie k\u00f6nnen auch repr\u00e4sentative Muster drucken, um ihnen eine Bedeutung zu verleihen. Der Druck von Cartoon-Mustern sieht zum Beispiel lebendig und interessant aus. Passen Sie Flaggengrafiken an, um Ihre pers\u00f6nlichen \u00dcberzeugungen widerzuspiegeln. Drucken Sie Konstellationsmuster, um an Gottes Segen zu glauben.<\/p><p>Dar\u00fcber hinaus sind auch kundenspezifische Gr\u00f6\u00dfen und Verpackungen erh\u00e4ltlich.<br \/>Unsere Korrekturzeit betr\u00e4gt in der Regel nur etwa 10 Tage, sofern Sie uns Ihre W\u00fcnsche mitteilen.<\/p><p>* Kleine Mengen sind auch als Sammelbestellung erh\u00e4ltlich.<br \/>* Service: Produktbilder und Produktvideos werden den K\u00e4ufern vor dem Versand zur Ansicht zur Verf\u00fcgung gestellt. Vereinbaren Sie die Lieferung nach Kundenbest\u00e4tigung. Bitte lassen Sie uns im Voraus wissen, wenn Sie Proben vor dem Versand testen m\u00fcssen.<\/p>\t\t\t\t\t\t<\/div>\n\t\t\t\t<\/div>\n\t\t\t\t\t<\/div>\n\t\t\t\t<\/div>\n\t\t\t\t<\/div>","protected":false},"excerpt":{"rendered":"<p>Wasserfeste Klebepflaster f\u00fcr Freestyle Libre<\/p>\n<p>Libre-Sensor-Klebepflaster<\/p>\n<p>Freestyle libre 3 Klebepflaster<\/p>\n<p>Klebepflaster f\u00fcr Freestyle libre 2\/3<\/p>\n<p>&nbsp;<\/p>","protected":false},"featured_media":2469,"template":"","meta":{"_seopress_robots_primary_cat":"none","_seopress_titles_title":"%%post_title%%","_seopress_titles_desc":"adhesive patches for libre 3\/2, waterproof patches for freestyle libre sensor adhesive patches, latex free and excellent glue last 10 days more.","_seopress_robots_index":"","_uag_custom_page_level_css":""},"product_cat":[34],"product_tag":[],"class_list":{"0":"post-1150","1":"product","2":"type-product","3":"status-publish","4":"has-post-thumbnail","6":"product_cat-patches-for-sensor","8":"first","9":"instock","10":"shipping-taxable","11":"product-type-simple"},"uagb_featured_image_src":{"full":["https:\/\/www.beishenge.com\/wp-content\/uploads\/2022\/03\/\u4efb\u52a1_13085322_2.webp",1024,1024,false],"thumbnail":["https:\/\/www.beishenge.com\/wp-content\/uploads\/2022\/03\/\u4efb\u52a1_13085322_2-150x150.webp",150,150,true],"medium":["https:\/\/www.beishenge.com\/wp-content\/uploads\/2022\/03\/\u4efb\u52a1_13085322_2-300x300.webp",300,300,true],"medium_large":["https:\/\/www.beishenge.com\/wp-content\/uploads\/2022\/03\/\u4efb\u52a1_13085322_2-768x768.webp",768,768,true],"large":["https:\/\/www.beishenge.com\/wp-content\/uploads\/2022\/03\/\u4efb\u52a1_13085322_2.webp",1024,1024,false],"1536x1536":["https:\/\/www.beishenge.com\/wp-content\/uploads\/2022\/03\/\u4efb\u52a1_13085322_2.webp",1024,1024,false],"2048x2048":["https:\/\/www.beishenge.com\/wp-content\/uploads\/2022\/03\/\u4efb\u52a1_13085322_2.webp",1024,1024,false],"trp-custom-language-flag":["https:\/\/www.beishenge.com\/wp-content\/uploads\/2022\/03\/\u4efb\u52a1_13085322_2.webp",12,12,false],"woocommerce_archive_thumbnail":["https:\/\/www.beishenge.com\/wp-content\/uploads\/2022\/03\/\u4efb\u52a1_13085322_2-300x300.webp",300,300,true],"woocommerce_thumbnail":["https:\/\/www.beishenge.com\/wp-content\/uploads\/2022\/03\/\u4efb\u52a1_13085322_2-300x300.webp",300,300,true],"woocommerce_single":["https:\/\/www.beishenge.com\/wp-content\/uploads\/2022\/03\/\u4efb\u52a1_13085322_2-600x600.webp",600,600,true],"woocommerce_gallery_thumbnail":["https:\/\/www.beishenge.com\/wp-content\/uploads\/2022\/03\/\u4efb\u52a1_13085322_2-100x100.webp",100,100,true]},"uagb_author_info":{"display_name":"onbysheng","author_link":"https:\/\/www.beishenge.com\/de\/author\/"},"uagb_comment_info":0,"uagb_excerpt":"Waterproof adhesive patches for freestyle libre Libre sensor adhesive patches Freestyle libre 3 adhesive patches Adhesive patches for freestyle libre 2\/3 &nbsp;","_links":{"self":[{"href":"https:\/\/www.beishenge.com\/de\/wp-json\/wp\/v2\/product\/1150","targetHints":{"allow":["GET"]}}],"collection":[{"href":"https:\/\/www.beishenge.com\/de\/wp-json\/wp\/v2\/product"}],"about":[{"href":"https:\/\/www.beishenge.com\/de\/wp-json\/wp\/v2\/types\/product"}],"version-history":[{"count":6,"href":"https:\/\/www.beishenge.com\/de\/wp-json\/wp\/v2\/product\/1150\/revisions"}],"predecessor-version":[{"id":3040,"href":"https:\/\/www.beishenge.com\/de\/wp-json\/wp\/v2\/product\/1150\/revisions\/3040"}],"wp:featuredmedia":[{"embeddable":true,"href":"https:\/\/www.beishenge.com\/de\/wp-json\/wp\/v2\/media\/2469"}],"wp:attachment":[{"href":"https:\/\/www.beishenge.com\/de\/wp-json\/wp\/v2\/media?parent=1150"}],"wp:term":[{"taxonomy":"product_cat","embeddable":true,"href":"https:\/\/www.beishenge.com\/de\/wp-json\/wp\/v2\/product_cat?post=1150"},{"taxonomy":"product_tag","embeddable":true,"href":"https:\/\/www.beishenge.com\/de\/wp-json\/wp\/v2\/product_tag?post=1150"}],"curies":[{"name":"wp","href":"https:\/\/api.w.org\/{rel}","templated":true}]}}