{"id":1153,"date":"2022-03-30T13:17:15","date_gmt":"2022-03-30T05:17:15","guid":{"rendered":"https:\/\/www.beishenge.com\/?post_type=product&#038;p=1153"},"modified":"2024-06-25T14:32:44","modified_gmt":"2024-06-25T06:32:44","slug":"transparent-omnipod-adhesive-patches-waterproof-clear-omnipod-covers","status":"publish","type":"product","link":"https:\/\/www.beishenge.com\/de\/produkt\/transparent-omnipod-adhesive-patches-waterproof-clear-omnipod-covers\/","title":{"rendered":"Klebepflaster f\u00fcr Omnipod"},"content":{"rendered":"<h4>Das Omnipod-Pflaster ist eines der Hauptprodukte unseres Unternehmens. Wie Dexcom G5, Dexcom G6, Dexcom G7 und Libre Free Pflaster, wurde es seit fast zehn Jahren verbessert. Jetzt gibt es viele M\u00f6glichkeiten f\u00fcr Omnipod Pflaster.<\/h4>\n<h4>Was die Materialien betrifft, so gibt es elastische Materialien aus reiner Baumwolle, transparente PU-Materialien und Vliesstoffe. Au\u00dferdem gibt es eine Vielzahl von Farben und Aufdrucken, um den Vorlieben der verschiedenen Kunden gerecht zu werden.<\/h4>\n<p><img fetchpriority=\"high\" decoding=\"async\" class=\"alignnone size-medium wp-image-2189\" src=\"https:\/\/www.beishenge.com\/wp-content\/uploads\/2022\/03\/\u4e0b\u8f7d-1-300x300.webp\" alt=\"\" width=\"300\" height=\"300\" srcset=\"https:\/\/www.beishenge.com\/wp-content\/uploads\/2022\/03\/\u4e0b\u8f7d-1-300x300.webp 300w, https:\/\/www.beishenge.com\/wp-content\/uploads\/2022\/03\/\u4e0b\u8f7d-1-150x150.webp 150w, https:\/\/www.beishenge.com\/wp-content\/uploads\/2022\/03\/\u4e0b\u8f7d-1-768x768.webp 768w, https:\/\/www.beishenge.com\/wp-content\/uploads\/2022\/03\/\u4e0b\u8f7d-1-600x600.webp 600w, https:\/\/www.beishenge.com\/wp-content\/uploads\/2022\/03\/\u4e0b\u8f7d-1-100x100.webp 100w, https:\/\/www.beishenge.com\/wp-content\/uploads\/2022\/03\/\u4e0b\u8f7d-1.webp 1000w\" sizes=\"(max-width: 300px) 100vw, 300px\" \/><\/p>\n<h4>Was das Aussehen betrifft, so gibt es vorgestanzte Flicken in Form einer T\u00fcr, die perfekt auf den Omnipod Sensor passen, es gibt auch Streifen an der T\u00fcrform, und es gibt L\u00f6cher in den Flicken usw.<\/h4>\n<h4><img decoding=\"async\" class=\"alignnone size-medium wp-image-2188\" src=\"https:\/\/www.beishenge.com\/wp-content\/uploads\/2022\/03\/All-kinds-of-patches-1-300x112.webp\" alt=\"\" width=\"300\" height=\"112\" srcset=\"https:\/\/www.beishenge.com\/wp-content\/uploads\/2022\/03\/All-kinds-of-patches-1-300x112.webp 300w, https:\/\/www.beishenge.com\/wp-content\/uploads\/2022\/03\/All-kinds-of-patches-1-1024x383.webp 1024w, https:\/\/www.beishenge.com\/wp-content\/uploads\/2022\/03\/All-kinds-of-patches-1-768x288.webp 768w, https:\/\/www.beishenge.com\/wp-content\/uploads\/2022\/03\/All-kinds-of-patches-1-1536x575.webp 1536w, https:\/\/www.beishenge.com\/wp-content\/uploads\/2022\/03\/All-kinds-of-patches-1-2048x767.webp 2048w, https:\/\/www.beishenge.com\/wp-content\/uploads\/2022\/03\/All-kinds-of-patches-1-600x225.webp 600w\" sizes=\"(max-width: 300px) 100vw, 300px\" \/><\/h4>\n<h4>Die Vorteile unseres Produkts:<\/h4>\n<h4>1. Wir haben Rohstoffe auf Lager und die Lieferzeit ist schnell;<\/h4>\n<h4>2. Leim Vorteil, unter den gleichen Kosten, ist unser Leim Qualit\u00e4t die beste. Wir k\u00f6nnen auch aktualisierte Kleber, die auf der Haut in 10 ~ 15 Tagen angebracht werden kann.<\/h4>\n<h4>3. Wenn Anpassung erforderlich ist, ist die Proofing-Zeit kurz, 7-15 Tage nach der Best\u00e4tigung der Details.<\/h4>\n<h4>Wir k\u00f6nnen den Aufn\u00e4her, der f\u00fcr den Omnipod geeignet ist, je nach Design und Bedarf anpassen.<\/h4>\n<h4>\u00dcber Personalisierung<br \/>\n1. Sie k\u00f6nnen das Logo und den Firmenslogan auf den Omnipod-Aufn\u00e4her drucken oder den entsprechenden Aufdruck nach den W\u00fcnschen des Kunden anpassen.<br \/>\n2. Die Verpackung und die Anweisungen k\u00f6nnen entsprechend den Bed\u00fcrfnissen angepasst werden. Wir k\u00f6nnen auch Design-Entw\u00fcrfe nach den Bed\u00fcrfnissen der Kunden bieten.<\/h4>\n<h4>Wenn Sie weitere Bed\u00fcrfnisse haben, k\u00f6nnen Sie uns gerne kontaktieren.<\/h4>\n<p>&nbsp;<\/p>","protected":false},"excerpt":{"rendered":"<h4>Wasser- und schwei\u00dffeste Omnipod 5 Klebepflaster<\/h4>\n<h4>Omnipod Pflaster f\u00fcr empfindliche Haut<\/h4>\n<h4><\/h4>","protected":false},"featured_media":1999,"template":"","meta":{"_seopress_robots_primary_cat":"none","_seopress_titles_title":"","_seopress_titles_desc":"Supplier of Omnipod adhesive patches, OEM adhesive patches for omnipod sensor.","_seopress_robots_index":"","_uag_custom_page_level_css":""},"product_cat":[34],"product_tag":[],"class_list":{"0":"post-1153","1":"product","2":"type-product","3":"status-publish","4":"has-post-thumbnail","6":"product_cat-patches-for-sensor","8":"first","9":"instock","10":"shipping-taxable","11":"product-type-simple"},"uagb_featured_image_src":{"full":["https:\/\/www.beishenge.com\/wp-content\/uploads\/2022\/03\/Adhesive-Patches-Pre-Cut-for-Omnipod-5-3_W_1980px.webp",1980,1509,false],"thumbnail":["https:\/\/www.beishenge.com\/wp-content\/uploads\/2022\/03\/Adhesive-Patches-Pre-Cut-for-Omnipod-5-3_W_1980px-150x150.webp",150,150,true],"medium":["https:\/\/www.beishenge.com\/wp-content\/uploads\/2022\/03\/Adhesive-Patches-Pre-Cut-for-Omnipod-5-3_W_1980px-300x229.webp",300,229,true],"medium_large":["https:\/\/www.beishenge.com\/wp-content\/uploads\/2022\/03\/Adhesive-Patches-Pre-Cut-for-Omnipod-5-3_W_1980px-768x585.webp",768,585,true],"large":["https:\/\/www.beishenge.com\/wp-content\/uploads\/2022\/03\/Adhesive-Patches-Pre-Cut-for-Omnipod-5-3_W_1980px-1024x780.webp",1024,780,true],"1536x1536":["https:\/\/www.beishenge.com\/wp-content\/uploads\/2022\/03\/Adhesive-Patches-Pre-Cut-for-Omnipod-5-3_W_1980px-1536x1171.webp",1536,1171,true],"2048x2048":["https:\/\/www.beishenge.com\/wp-content\/uploads\/2022\/03\/Adhesive-Patches-Pre-Cut-for-Omnipod-5-3_W_1980px.webp",1980,1509,false],"trp-custom-language-flag":["https:\/\/www.beishenge.com\/wp-content\/uploads\/2022\/03\/Adhesive-Patches-Pre-Cut-for-Omnipod-5-3_W_1980px.webp",16,12,false],"woocommerce_archive_thumbnail":["https:\/\/www.beishenge.com\/wp-content\/uploads\/2022\/03\/Adhesive-Patches-Pre-Cut-for-Omnipod-5-3_W_1980px-300x229.webp",300,229,true],"woocommerce_thumbnail":["https:\/\/www.beishenge.com\/wp-content\/uploads\/2022\/03\/Adhesive-Patches-Pre-Cut-for-Omnipod-5-3_W_1980px-300x229.webp",300,229,true],"woocommerce_single":["https:\/\/www.beishenge.com\/wp-content\/uploads\/2022\/03\/Adhesive-Patches-Pre-Cut-for-Omnipod-5-3_W_1980px-600x457.webp",600,457,true],"woocommerce_gallery_thumbnail":["https:\/\/www.beishenge.com\/wp-content\/uploads\/2022\/03\/Adhesive-Patches-Pre-Cut-for-Omnipod-5-3_W_1980px-100x100.webp",100,100,true]},"uagb_author_info":{"display_name":"onbysheng","author_link":"https:\/\/www.beishenge.com\/de\/author\/"},"uagb_comment_info":0,"uagb_excerpt":"Waterproot and sweatproof Omnipod 5 adhesive patches Omnipod adhesive patch for senstive skin","_links":{"self":[{"href":"https:\/\/www.beishenge.com\/de\/wp-json\/wp\/v2\/product\/1153","targetHints":{"allow":["GET"]}}],"collection":[{"href":"https:\/\/www.beishenge.com\/de\/wp-json\/wp\/v2\/product"}],"about":[{"href":"https:\/\/www.beishenge.com\/de\/wp-json\/wp\/v2\/types\/product"}],"version-history":[{"count":1,"href":"https:\/\/www.beishenge.com\/de\/wp-json\/wp\/v2\/product\/1153\/revisions"}],"predecessor-version":[{"id":2027,"href":"https:\/\/www.beishenge.com\/de\/wp-json\/wp\/v2\/product\/1153\/revisions\/2027"}],"wp:featuredmedia":[{"embeddable":true,"href":"https:\/\/www.beishenge.com\/de\/wp-json\/wp\/v2\/media\/1999"}],"wp:attachment":[{"href":"https:\/\/www.beishenge.com\/de\/wp-json\/wp\/v2\/media?parent=1153"}],"wp:term":[{"taxonomy":"product_cat","embeddable":true,"href":"https:\/\/www.beishenge.com\/de\/wp-json\/wp\/v2\/product_cat?post=1153"},{"taxonomy":"product_tag","embeddable":true,"href":"https:\/\/www.beishenge.com\/de\/wp-json\/wp\/v2\/product_tag?post=1153"}],"curies":[{"name":"wp","href":"https:\/\/api.w.org\/{rel}","templated":true}]}}