{"id":1170,"date":"2022-04-01T11:52:37","date_gmt":"2022-04-01T03:52:37","guid":{"rendered":"https:\/\/www.beishenge.com\/?post_type=product&#038;p=1170"},"modified":"2025-06-24T14:10:00","modified_gmt":"2025-06-24T06:10:00","slug":"first-aid-cohesive-bandage-with-cotton-pad","status":"publish","type":"product","link":"https:\/\/www.beishenge.com\/de\/produkt\/first-aid-cohesive-bandage-with-cotton-pad\/","title":{"rendered":"Erste-Hilfe-Koh\u00e4sivbandage mit Wattepad"},"content":{"rendered":"<p>Der Erste-Hilfe-Verband besteht aus einer selbstklebenden elastischen Vliesstoffbinde mit einem Verbandskissen oder einem PBT-Verband (PBT-Verband besteht aus 70%-Viskosefasern und 30%-Polyesterfasern und einer Polyethylen-Verbundfolie, die folgende Funktion hat: Absorbieren von Fl\u00fcssigkeit. ) mit Verbandspads f\u00fcr die Notfall-Blutstillung und -Verband.<\/p>\n<p>&nbsp;<\/p>\n<p>Merkmale:<\/p>\n<p>1. Nicht gewebtes elastisches Material.<\/p>\n<p>2. Weich und bequem, klebrig und zuverl\u00e4ssig.<\/p>\n<p>3. Schwere und stabile Dehnung, die Enge der Bandage kann frei eingestellt werden, um schlechte Blutzirkulation zu vermeiden.<\/p>\n<p>4. Gleichm\u00e4\u00dfig aufrollen, leicht zu entfalten.<\/p>\n<p>5. Keine Entschleimung und keine R\u00fcckst\u00e4nde.<\/p>\n<p>Anwendung: St\u00fctzbandagen bei Zerrungen und Verstauchungen. Bandagen zur Fixierung von W\u00e4rme- und K\u00e4ltepackungen. Kompressionsbandagen f\u00f6rdern die Durchblutung und Heilung. Kompressionsbandagen helfen, Schwellungen zu kontrollieren und Blutungen zu stoppen. Tier\u00e4rztliche Verb\u00e4nde. Geeignet f\u00fcr Sch\u00fcrfwunden, Schnittwunden, Schusswunden, Verbrennungen, Ver\u00e4tzungen, Erosionen, Blutungen.<\/p>\n<p>Wie zu verwenden: \u00d6ffnen Sie den sterilisierten Verband aus dem versiegelten Beutel, befestigen Sie das Verbandspolster an der Wunde, wickeln Sie den Verband um die Wunde und rei\u00dfen Sie ihn mit der Hand (nicht mit einer Schere) auseinander. (Wenn es sich um PBT-Material handelt, muss es mit einer Schere verknotet oder mit medizinischem Klebeband fixiert werden).<\/p>","protected":false},"excerpt":{"rendered":"<p>Erste-Hilfe-Koh\u00e4sivbandage mit Wattepad<\/p>","protected":false},"featured_media":1171,"template":"","meta":{"_seopress_robots_primary_cat":"","_seopress_titles_title":"","_seopress_titles_desc":"","_seopress_robots_index":"","_uag_custom_page_level_css":""},"product_cat":[21,35,24],"product_tag":[],"class_list":{"0":"post-1170","1":"product","2":"type-product","3":"status-publish","4":"has-post-thumbnail","6":"product_cat-more-products","7":"product_cat-elastic-bandages-series","8":"product_cat-veterinary-products","10":"first","11":"instock","12":"shipping-taxable","13":"product-type-simple"},"uagb_featured_image_src":{"full":["https:\/\/www.beishenge.com\/wp-content\/uploads\/2022\/04\/Cohesive-bandage-with-padding.png",800,800,false],"thumbnail":["https:\/\/www.beishenge.com\/wp-content\/uploads\/2022\/04\/Cohesive-bandage-with-padding-150x150.png",150,150,true],"medium":["https:\/\/www.beishenge.com\/wp-content\/uploads\/2022\/04\/Cohesive-bandage-with-padding-300x300.png",300,300,true],"medium_large":["https:\/\/www.beishenge.com\/wp-content\/uploads\/2022\/04\/Cohesive-bandage-with-padding-768x768.png",768,768,true],"large":["https:\/\/www.beishenge.com\/wp-content\/uploads\/2022\/04\/Cohesive-bandage-with-padding.png",800,800,false],"1536x1536":["https:\/\/www.beishenge.com\/wp-content\/uploads\/2022\/04\/Cohesive-bandage-with-padding.png",800,800,false],"2048x2048":["https:\/\/www.beishenge.com\/wp-content\/uploads\/2022\/04\/Cohesive-bandage-with-padding.png",800,800,false],"trp-custom-language-flag":["https:\/\/www.beishenge.com\/wp-content\/uploads\/2022\/04\/Cohesive-bandage-with-padding.png",12,12,false],"woocommerce_archive_thumbnail":["https:\/\/www.beishenge.com\/wp-content\/uploads\/2022\/04\/Cohesive-bandage-with-padding-300x300.png",300,300,true],"woocommerce_thumbnail":["https:\/\/www.beishenge.com\/wp-content\/uploads\/2022\/04\/Cohesive-bandage-with-padding-300x300.png",300,300,true],"woocommerce_single":["https:\/\/www.beishenge.com\/wp-content\/uploads\/2022\/04\/Cohesive-bandage-with-padding-600x600.png",600,600,true],"woocommerce_gallery_thumbnail":["https:\/\/www.beishenge.com\/wp-content\/uploads\/2022\/04\/Cohesive-bandage-with-padding-100x100.png",100,100,true]},"uagb_author_info":{"display_name":"onbysheng","author_link":"https:\/\/www.beishenge.com\/de\/author\/"},"uagb_comment_info":2,"uagb_excerpt":"First-aid Cohesive Bandage with Cotton Pad","_links":{"self":[{"href":"https:\/\/www.beishenge.com\/de\/wp-json\/wp\/v2\/product\/1170","targetHints":{"allow":["GET"]}}],"collection":[{"href":"https:\/\/www.beishenge.com\/de\/wp-json\/wp\/v2\/product"}],"about":[{"href":"https:\/\/www.beishenge.com\/de\/wp-json\/wp\/v2\/types\/product"}],"version-history":[{"count":1,"href":"https:\/\/www.beishenge.com\/de\/wp-json\/wp\/v2\/product\/1170\/revisions"}],"predecessor-version":[{"id":3360,"href":"https:\/\/www.beishenge.com\/de\/wp-json\/wp\/v2\/product\/1170\/revisions\/3360"}],"wp:featuredmedia":[{"embeddable":true,"href":"https:\/\/www.beishenge.com\/de\/wp-json\/wp\/v2\/media\/1171"}],"wp:attachment":[{"href":"https:\/\/www.beishenge.com\/de\/wp-json\/wp\/v2\/media?parent=1170"}],"wp:term":[{"taxonomy":"product_cat","embeddable":true,"href":"https:\/\/www.beishenge.com\/de\/wp-json\/wp\/v2\/product_cat?post=1170"},{"taxonomy":"product_tag","embeddable":true,"href":"https:\/\/www.beishenge.com\/de\/wp-json\/wp\/v2\/product_tag?post=1170"}],"curies":[{"name":"wp","href":"https:\/\/api.w.org\/{rel}","templated":true}]}}