{"id":2038,"date":"2024-05-28T15:01:05","date_gmt":"2024-05-28T07:01:05","guid":{"rendered":"https:\/\/www.beishenge.com\/?post_type=product&#038;p=2038"},"modified":"2024-07-18T17:29:56","modified_gmt":"2024-07-18T09:29:56","slug":"cotton-dexcom-g7-cgm-g7-accessories-overpatch","status":"publish","type":"product","link":"https:\/\/www.beishenge.com\/de\/produkt\/cotton-dexcom-g7-cgm-g7-accessories-overpatch\/","title":{"rendered":"Dexcom G7 - CGM - G7 Zubeh\u00f6r Overpatch"},"content":{"rendered":"<ul class=\"a-unordered-list a-vertical a-spacing-mini\">\n<li class=\"a-spacing-mini\"><span class=\"a-list-item\">Die neuesten WATERPROOF ADHESIVE PATCHES f\u00fcr Dexcom G7, wird der Sensor f\u00fcr 10 Tage zu halten!<\/span><\/li>\n<li class=\"a-spacing-mini\"><span class=\"a-list-item\">VERGESSEN SIE PROBLEME MIT DEM AUFKLEBEN DES PATCHS AUF DER HAUT - das Tr\u00e4gerpapier des Premium-Klebepflasters f\u00fcr Dexcom G7 besteht aus DREI TEILEN, um es einfach abziehen zu k\u00f6nnen.<\/span><\/li>\n<li class=\"a-spacing-mini\"><span class=\"a-list-item\">SICHER F\u00dcR IHRE GESUNDHEIT - WASSERDICHT, LATEXFREI, HYPOALLERGEN. STRETCHABLE &amp; FLEXIBLE Baumwollmaterial l\u00e4sst Ihre Haut leicht atmen.<\/span><\/li>\n<li class=\"a-spacing-mini\"><span class=\"a-list-item\">\u00a0Starker, wasserfester Kleber - perfekt f\u00fcr Dexcom G7 Sensoren!<\/span><\/li>\n<li class=\"a-spacing-mini\"><span class=\"a-list-item\">\u00a0GARANTIEREN UNSEREN KUNDEN 100% ZUFRIEDENHEIT MIT UNSEREN HOCHWERTIGEN DEXCOM G7 KLEBEPFLASTERN.\u00a0<\/span><\/li>\n<\/ul>","protected":false},"excerpt":{"rendered":"<ul>\n<li><span class=\"a-list-item\">WASSERDICHTES KLEBSTOFFPATCHES f\u00fcr Dexcom G7<\/span><\/li>\n<li><span class=\"a-list-item\">Starker, wasserfester Kleber - perfekt f\u00fcr Dexcom G7 Sensoren!<\/span><\/li>\n<li>Gut vertr\u00e4glich f\u00fcr empfindliche Haut, geringe Allergierate.<\/li>\n<\/ul>","protected":false},"featured_media":2461,"template":"","meta":{"_seopress_robots_primary_cat":"none","_seopress_titles_title":"","_seopress_titles_desc":"","_seopress_robots_index":"","_uag_custom_page_level_css":""},"product_cat":[34],"product_tag":[],"class_list":{"0":"post-2038","1":"product","2":"type-product","3":"status-publish","4":"has-post-thumbnail","6":"product_cat-patches-for-sensor","8":"first","9":"instock","10":"shipping-taxable","11":"product-type-simple"},"uagb_featured_image_src":{"full":["https:\/\/www.beishenge.com\/wp-content\/uploads\/2024\/05\/\u4efb\u52a1_13084363_3.webp",1024,1024,false],"thumbnail":["https:\/\/www.beishenge.com\/wp-content\/uploads\/2024\/05\/\u4efb\u52a1_13084363_3-150x150.webp",150,150,true],"medium":["https:\/\/www.beishenge.com\/wp-content\/uploads\/2024\/05\/\u4efb\u52a1_13084363_3-300x300.webp",300,300,true],"medium_large":["https:\/\/www.beishenge.com\/wp-content\/uploads\/2024\/05\/\u4efb\u52a1_13084363_3-768x768.webp",768,768,true],"large":["https:\/\/www.beishenge.com\/wp-content\/uploads\/2024\/05\/\u4efb\u52a1_13084363_3.webp",1024,1024,false],"1536x1536":["https:\/\/www.beishenge.com\/wp-content\/uploads\/2024\/05\/\u4efb\u52a1_13084363_3.webp",1024,1024,false],"2048x2048":["https:\/\/www.beishenge.com\/wp-content\/uploads\/2024\/05\/\u4efb\u52a1_13084363_3.webp",1024,1024,false],"trp-custom-language-flag":["https:\/\/www.beishenge.com\/wp-content\/uploads\/2024\/05\/\u4efb\u52a1_13084363_3.webp",12,12,false],"woocommerce_archive_thumbnail":["https:\/\/www.beishenge.com\/wp-content\/uploads\/2024\/05\/\u4efb\u52a1_13084363_3-300x300.webp",300,300,true],"woocommerce_thumbnail":["https:\/\/www.beishenge.com\/wp-content\/uploads\/2024\/05\/\u4efb\u52a1_13084363_3-300x300.webp",300,300,true],"woocommerce_single":["https:\/\/www.beishenge.com\/wp-content\/uploads\/2024\/05\/\u4efb\u52a1_13084363_3-600x600.webp",600,600,true],"woocommerce_gallery_thumbnail":["https:\/\/www.beishenge.com\/wp-content\/uploads\/2024\/05\/\u4efb\u52a1_13084363_3-100x100.webp",100,100,true]},"uagb_author_info":{"display_name":"onbysheng","author_link":"https:\/\/www.beishenge.com\/de\/author\/"},"uagb_comment_info":0,"uagb_excerpt":"WATERPROOF ADHESIVE PATCHES for Dexcom G7 Strong waterproof adhesive - perfect for Dexcom G7 sensors! Frendily to senstive skin, low allergical rate.","_links":{"self":[{"href":"https:\/\/www.beishenge.com\/de\/wp-json\/wp\/v2\/product\/2038","targetHints":{"allow":["GET"]}}],"collection":[{"href":"https:\/\/www.beishenge.com\/de\/wp-json\/wp\/v2\/product"}],"about":[{"href":"https:\/\/www.beishenge.com\/de\/wp-json\/wp\/v2\/types\/product"}],"version-history":[{"count":2,"href":"https:\/\/www.beishenge.com\/de\/wp-json\/wp\/v2\/product\/2038\/revisions"}],"predecessor-version":[{"id":2463,"href":"https:\/\/www.beishenge.com\/de\/wp-json\/wp\/v2\/product\/2038\/revisions\/2463"}],"wp:featuredmedia":[{"embeddable":true,"href":"https:\/\/www.beishenge.com\/de\/wp-json\/wp\/v2\/media\/2461"}],"wp:attachment":[{"href":"https:\/\/www.beishenge.com\/de\/wp-json\/wp\/v2\/media?parent=2038"}],"wp:term":[{"taxonomy":"product_cat","embeddable":true,"href":"https:\/\/www.beishenge.com\/de\/wp-json\/wp\/v2\/product_cat?post=2038"},{"taxonomy":"product_tag","embeddable":true,"href":"https:\/\/www.beishenge.com\/de\/wp-json\/wp\/v2\/product_tag?post=2038"}],"curies":[{"name":"wp","href":"https:\/\/api.w.org\/{rel}","templated":true}]}}