{"id":2100,"date":"2024-06-05T10:57:20","date_gmt":"2024-06-05T02:57:20","guid":{"rendered":"https:\/\/www.beishenge.com\/?post_type=product&#038;p=2100"},"modified":"2024-06-05T11:13:05","modified_gmt":"2024-06-05T03:13:05","slug":"rayon-kinesiology-tape-5cm-x-5m","status":"publish","type":"product","link":"https:\/\/www.beishenge.com\/de\/produkt\/rayon-kinesiology-tape-5cm-x-5m\/","title":{"rendered":"Rayon Kinesiologie-Band 5cm x 5m"},"content":{"rendered":"<ul>\n<li>Das Sportband aus Rayon-Gewebe ist glatter, weicher und f\u00fchlt sich sanfter an als Kinesiologieband aus Baumwolle.<\/li>\n<li>Es ist elastischer als Baumwoll-Sportband und l\u00e4sst sich gut in vier Richtungen dehnen, so dass es sich verschiedenen K\u00f6rperteilen besser anpasst.<\/li>\n<li>Die Gr\u00f6\u00dfe ist die gleiche wie bei reinem Baumwoll-Muskelband, mit 5cm x 5m als \u00fcbliche Gr\u00f6\u00dfe.<\/li>\n<li>Klebstoff: Hypoallergener Klebstoff in medizinischer Qualit\u00e4t.<\/li>\n<li>Farbe: Hautfarbe ist regul\u00e4re Lager Farbe, benutzerdefinierte Farbe und Druck.<\/li>\n<\/ul>\n<p>&nbsp;<\/p>\n<p>&nbsp;<\/p>\n<p>&nbsp;<\/p>","protected":false},"excerpt":{"rendered":"<ul>\n<li>Rayon-Gewebe Sportband, mehr glatter, weicher und sanfter.<\/li>\n<li>Es l\u00e4sst sich gut in vier Richtungen dehnen und passt sich verschiedenen K\u00f6rperteilen besser an.<\/li>\n<li>Die Gr\u00f6\u00dfe 5cm x 5m ist die \u00fcbliche Gr\u00f6\u00dfe.<\/li>\n<li>Klebstoff: Hypoallergener Klebstoff in medizinischer Qualit\u00e4t.<\/li>\n<li>Farbe: Hautfarbe ist regul\u00e4re Lager Farbe, benutzerdefinierte Farbe und Druck.<\/li>\n<\/ul>\n<p>&nbsp;<\/p>","protected":false},"featured_media":2103,"template":"","meta":{"_seopress_robots_primary_cat":"none","_seopress_titles_title":"%%post_title%%","_seopress_titles_desc":"%%post_excerpt%%","_seopress_robots_index":"","_uag_custom_page_level_css":""},"product_cat":[40],"product_tag":[],"class_list":{"0":"post-2100","1":"product","2":"type-product","3":"status-publish","4":"has-post-thumbnail","6":"product_cat-sport-tapes","8":"first","9":"instock","10":"shipping-taxable","11":"product-type-simple"},"uagb_featured_image_src":{"full":["https:\/\/www.beishenge.com\/wp-content\/uploads\/2024\/06\/rayon-kinesiology-tape.webp",470,470,false],"thumbnail":["https:\/\/www.beishenge.com\/wp-content\/uploads\/2024\/06\/rayon-kinesiology-tape-150x150.webp",150,150,true],"medium":["https:\/\/www.beishenge.com\/wp-content\/uploads\/2024\/06\/rayon-kinesiology-tape-300x300.webp",300,300,true],"medium_large":["https:\/\/www.beishenge.com\/wp-content\/uploads\/2024\/06\/rayon-kinesiology-tape.webp",470,470,false],"large":["https:\/\/www.beishenge.com\/wp-content\/uploads\/2024\/06\/rayon-kinesiology-tape.webp",470,470,false],"1536x1536":["https:\/\/www.beishenge.com\/wp-content\/uploads\/2024\/06\/rayon-kinesiology-tape.webp",470,470,false],"2048x2048":["https:\/\/www.beishenge.com\/wp-content\/uploads\/2024\/06\/rayon-kinesiology-tape.webp",470,470,false],"trp-custom-language-flag":["https:\/\/www.beishenge.com\/wp-content\/uploads\/2024\/06\/rayon-kinesiology-tape.webp",12,12,false],"woocommerce_archive_thumbnail":["https:\/\/www.beishenge.com\/wp-content\/uploads\/2024\/06\/rayon-kinesiology-tape-300x300.webp",300,300,true],"woocommerce_thumbnail":["https:\/\/www.beishenge.com\/wp-content\/uploads\/2024\/06\/rayon-kinesiology-tape-300x300.webp",300,300,true],"woocommerce_single":["https:\/\/www.beishenge.com\/wp-content\/uploads\/2024\/06\/rayon-kinesiology-tape.webp",470,470,false],"woocommerce_gallery_thumbnail":["https:\/\/www.beishenge.com\/wp-content\/uploads\/2024\/06\/rayon-kinesiology-tape-100x100.webp",100,100,true]},"uagb_author_info":{"display_name":"onbysheng","author_link":"https:\/\/www.beishenge.com\/de\/author\/"},"uagb_comment_info":0,"uagb_excerpt":"Rayon fabric sports tape , more smoother, softer and gentler . It can be stretched well in four directions,\u00a0 fit different parts of the body better. The size\u00a0 5cm x 5m as the common size. Glue: Medical grade hypoallergenic glue. Color: Skin color is regular stock color, custom color and print. &nbsp;","_links":{"self":[{"href":"https:\/\/www.beishenge.com\/de\/wp-json\/wp\/v2\/product\/2100","targetHints":{"allow":["GET"]}}],"collection":[{"href":"https:\/\/www.beishenge.com\/de\/wp-json\/wp\/v2\/product"}],"about":[{"href":"https:\/\/www.beishenge.com\/de\/wp-json\/wp\/v2\/types\/product"}],"version-history":[{"count":0,"href":"https:\/\/www.beishenge.com\/de\/wp-json\/wp\/v2\/product\/2100\/revisions"}],"wp:featuredmedia":[{"embeddable":true,"href":"https:\/\/www.beishenge.com\/de\/wp-json\/wp\/v2\/media\/2103"}],"wp:attachment":[{"href":"https:\/\/www.beishenge.com\/de\/wp-json\/wp\/v2\/media?parent=2100"}],"wp:term":[{"taxonomy":"product_cat","embeddable":true,"href":"https:\/\/www.beishenge.com\/de\/wp-json\/wp\/v2\/product_cat?post=2100"},{"taxonomy":"product_tag","embeddable":true,"href":"https:\/\/www.beishenge.com\/de\/wp-json\/wp\/v2\/product_tag?post=2100"}],"curies":[{"name":"wp","href":"https:\/\/api.w.org\/{rel}","templated":true}]}}