{"id":2112,"date":"2024-06-05T15:20:46","date_gmt":"2024-06-05T07:20:46","guid":{"rendered":"https:\/\/www.beishenge.com\/?post_type=product&#038;p=2112"},"modified":"2024-11-20T06:35:27","modified_gmt":"2024-11-19T22:35:27","slug":"sport-athletic-tape-finger-tape","status":"publish","type":"product","link":"https:\/\/www.beishenge.com\/de\/produkt\/sport-athletic-tape-finger-tape\/","title":{"rendered":"Sport Athletic Tape Finger Tape"},"content":{"rendered":"<ul>\n<li>Material: 100% Baumwolle<\/li>\n<li>Latexfrei: Wei\u00dfes Sporttape aus 100% nat\u00fcrlicher Baumwolle, latexfrei, perfekt f\u00fcr Physiotherapie und Therapeuten.<\/li>\n<li>Das Sporttape ist hautfreundlich und atmungsaktiv.<\/li>\n<li>Pain Relief Athletic Tape: Hilft bei der Entlastung des Gewebedrucks und unterst\u00fctzt die Gelenke, damit Sie sich schneller von Schmerzen erholen.<\/li>\n<li>Mit den Fingern rei\u00dfbar: Das Band ist sehr stark, aber mit einer gezahnten Kante, kann es leicht mit der Hand gerissen werden, keine Schere erforderlich.<\/li>\n<li>Keine klebrigen R\u00fcckst\u00e4nde auf der Haut: Boxband ist mit einem speziellen Klebstoff hergestellt, der mehr klebrig ist und keine klebrigen R\u00fcckst\u00e4nde auf der Haut hinterl\u00e4sst. Als Kletterband bleibt es lange Zeit an Ort und Stelle, perfekt f\u00fcr Gymnastik, Hockeyschl\u00e4ger, Klettern, Schienen, Fu\u00dfball, geeignet f\u00fcr jedes Team und jede Gelegenheit.<\/li>\n<\/ul>\n<p>&nbsp;<\/p>\n<p>Zertifikat: CE, FDA, ISO 13485<\/p>","protected":false},"excerpt":{"rendered":"<ul>\n<li>Material: 100% Baumwolle, medizinischer hautfreundlicher Klebstoff.<\/li>\n<li>Das Sporttape ist hautfreundlich und atmungsaktiv.<\/li>\n<li>Pain Relief Athletic Tape.<\/li>\n<li>Mit den Fingern zerrei\u00dfbar.<\/li>\n<li>Keine klebrigen R\u00fcckst\u00e4nde auf der Haut.<\/li>\n<\/ul>","protected":false},"featured_media":0,"template":"","meta":{"_seopress_robots_primary_cat":"none","_seopress_titles_title":"%%post_title%%","_seopress_titles_desc":"%%post_excerpt%%","_seopress_robots_index":"","_uag_custom_page_level_css":""},"product_cat":[40],"product_tag":[],"class_list":{"0":"post-2112","1":"product","2":"type-product","3":"status-publish","5":"product_cat-sport-tapes","7":"first","8":"instock","9":"shipping-taxable","10":"product-type-simple"},"uagb_featured_image_src":{"full":false,"thumbnail":false,"medium":false,"medium_large":false,"large":false,"1536x1536":false,"2048x2048":false,"trp-custom-language-flag":false,"woocommerce_archive_thumbnail":false,"woocommerce_thumbnail":false,"woocommerce_single":false,"woocommerce_gallery_thumbnail":false},"uagb_author_info":{"display_name":"onbysheng","author_link":"https:\/\/www.beishenge.com\/de\/author\/"},"uagb_comment_info":0,"uagb_excerpt":"Material: 100% Cotton, medical grade skin frendily glue. Athletic tape is skin-friendly and breathable. Pain Relief Athletic Tape. Tearable with\u00a0 fingers. No sticky residue on the skin.","_links":{"self":[{"href":"https:\/\/www.beishenge.com\/de\/wp-json\/wp\/v2\/product\/2112","targetHints":{"allow":["GET"]}}],"collection":[{"href":"https:\/\/www.beishenge.com\/de\/wp-json\/wp\/v2\/product"}],"about":[{"href":"https:\/\/www.beishenge.com\/de\/wp-json\/wp\/v2\/types\/product"}],"version-history":[{"count":1,"href":"https:\/\/www.beishenge.com\/de\/wp-json\/wp\/v2\/product\/2112\/revisions"}],"predecessor-version":[{"id":2456,"href":"https:\/\/www.beishenge.com\/de\/wp-json\/wp\/v2\/product\/2112\/revisions\/2456"}],"wp:attachment":[{"href":"https:\/\/www.beishenge.com\/de\/wp-json\/wp\/v2\/media?parent=2112"}],"wp:term":[{"taxonomy":"product_cat","embeddable":true,"href":"https:\/\/www.beishenge.com\/de\/wp-json\/wp\/v2\/product_cat?post=2112"},{"taxonomy":"product_tag","embeddable":true,"href":"https:\/\/www.beishenge.com\/de\/wp-json\/wp\/v2\/product_tag?post=2112"}],"curies":[{"name":"wp","href":"https:\/\/api.w.org\/{rel}","templated":true}]}}