{"id":2117,"date":"2024-06-05T15:31:31","date_gmt":"2024-06-05T07:31:31","guid":{"rendered":"https:\/\/www.beishenge.com\/?post_type=product&#038;p=2117"},"modified":"2024-06-05T15:31:31","modified_gmt":"2024-06-05T07:31:31","slug":"heavy-elastic-adheisve-wrap","status":"publish","type":"product","link":"https:\/\/www.beishenge.com\/de\/produkt\/heavy-elastic-adheisve-wrap\/","title":{"rendered":"Schweres elastisches Klebeband"},"content":{"rendered":"<ul>\n<li>Material: Hergestellt aus hochelastischem Gewebe mit Klebstoff auf Kautschukbasis, por\u00f6se R\u00fcckseite minimiert Hautreizungen, por\u00f6ses, klebriges, elastisches, beiges Band l\u00e4sst die Haut atmen; kann auf unebenen Oberfl\u00e4chen gedehnt werden, einfach zu verwenden und zu ersetzen.<\/li>\n<li>Hohe Elastizit\u00e4t und Flexibilit\u00e4t: Hergestellt aus weichem Stoff, por\u00f6se Struktur, rote Linie ist auf dem Tr\u00e4gerstoff zentriert, geringe Entfaltungsspannung, kann bis zu einem gewissen Grad in L\u00e4nge und Breite ausgedehnt werden, kann an Stellen angewendet werden, wo ein elastischer Druckverband ben\u00f6tigt wird, klebriges elastisches Material hat seine eigene Klebrigkeit, kann gut am K\u00f6rper befestigt werden.<\/li>\n<li>Bequem und atmungsaktiv: Es ist ideal f\u00fcr Orte, an denen ein elastischer Druckverband nach einer Mastektomie ben\u00f6tigt wird; por\u00f6ses elastisches Band, l\u00e4sst die Haut atmen, ideal f\u00fcr die Verwendung, wenn Elastizit\u00e4t f\u00fcr den Druckverband erforderlich ist.<\/li>\n<li>Breite Anwendung: Wundverb\u00e4nde k\u00f6nnen nicht nur f\u00fcr St\u00fctzb\u00e4nder, Frakturen, Muskelverletzungen, Knie, Ellbogen und Schultern verwendet werden, gute Atmungsaktivit\u00e4t, wird die Wunde nicht eitern, sondern auch eine gute Verbandspackung f\u00fcr Haustiere; dieses Verbandband ist sehr geeignet f\u00fcr den Schutz Ihres Hundes Wunden und Verletzungen.<\/li>\n<\/ul>\n<p>OEM ist verf\u00fcgbar<\/p>\n<p>Zertifikat: CE, FDA, ISO13485<\/p>","protected":false},"excerpt":{"rendered":"<h2 id=\"title\" class=\"a-size-large a-spacing-none\"><span id=\"productTitle\" class=\"a-size-large product-title-word-break\">Elastisches Verbandsklebeband <\/span><\/h2>\n<h6 class=\"a-size-large a-spacing-none\"><span id=\"productTitle\" class=\"a-size-large product-title-word-break\">Medizinische Bandage Wrap Athletic Tape Sports Tape Flexible Stretch Skin Tape Bandagen Strips f\u00fcr Kn\u00f6chel, Knie, Handgelenk Verstauchungen Tier Haustiere<\/span><\/h6>","protected":false},"featured_media":2121,"template":"","meta":{"_seopress_robots_primary_cat":"","_seopress_titles_title":"%%post_title%%","_seopress_titles_desc":"%%post_excerpt%%","_seopress_robots_index":"","_uag_custom_page_level_css":""},"product_cat":[40],"product_tag":[],"class_list":{"0":"post-2117","1":"product","2":"type-product","3":"status-publish","4":"has-post-thumbnail","6":"product_cat-sport-tapes","8":"first","9":"instock","10":"shipping-taxable","11":"product-type-simple"},"uagb_featured_image_src":{"full":["https:\/\/www.beishenge.com\/wp-content\/uploads\/2024\/06\/Elastic-adheisve-flexible-strentch-bandage.webp",689,689,false],"thumbnail":["https:\/\/www.beishenge.com\/wp-content\/uploads\/2024\/06\/Elastic-adheisve-flexible-strentch-bandage-150x150.webp",150,150,true],"medium":["https:\/\/www.beishenge.com\/wp-content\/uploads\/2024\/06\/Elastic-adheisve-flexible-strentch-bandage-300x300.webp",300,300,true],"medium_large":["https:\/\/www.beishenge.com\/wp-content\/uploads\/2024\/06\/Elastic-adheisve-flexible-strentch-bandage.webp",689,689,false],"large":["https:\/\/www.beishenge.com\/wp-content\/uploads\/2024\/06\/Elastic-adheisve-flexible-strentch-bandage.webp",689,689,false],"1536x1536":["https:\/\/www.beishenge.com\/wp-content\/uploads\/2024\/06\/Elastic-adheisve-flexible-strentch-bandage.webp",689,689,false],"2048x2048":["https:\/\/www.beishenge.com\/wp-content\/uploads\/2024\/06\/Elastic-adheisve-flexible-strentch-bandage.webp",689,689,false],"trp-custom-language-flag":["https:\/\/www.beishenge.com\/wp-content\/uploads\/2024\/06\/Elastic-adheisve-flexible-strentch-bandage.webp",12,12,false],"woocommerce_archive_thumbnail":["https:\/\/www.beishenge.com\/wp-content\/uploads\/2024\/06\/Elastic-adheisve-flexible-strentch-bandage-300x300.webp",300,300,true],"woocommerce_thumbnail":["https:\/\/www.beishenge.com\/wp-content\/uploads\/2024\/06\/Elastic-adheisve-flexible-strentch-bandage-300x300.webp",300,300,true],"woocommerce_single":["https:\/\/www.beishenge.com\/wp-content\/uploads\/2024\/06\/Elastic-adheisve-flexible-strentch-bandage-600x600.webp",600,600,true],"woocommerce_gallery_thumbnail":["https:\/\/www.beishenge.com\/wp-content\/uploads\/2024\/06\/Elastic-adheisve-flexible-strentch-bandage-100x100.webp",100,100,true]},"uagb_author_info":{"display_name":"onbysheng","author_link":"https:\/\/www.beishenge.com\/de\/author\/"},"uagb_comment_info":0,"uagb_excerpt":"Elastic Adhesive Bandage Tape Medical Bandage Wrap Athletic Tape Sports Tape Flexible Stretch Skin Tape Bandages Strips for Ankle, Knee, Wrist Sprains Animal Pets","_links":{"self":[{"href":"https:\/\/www.beishenge.com\/de\/wp-json\/wp\/v2\/product\/2117","targetHints":{"allow":["GET"]}}],"collection":[{"href":"https:\/\/www.beishenge.com\/de\/wp-json\/wp\/v2\/product"}],"about":[{"href":"https:\/\/www.beishenge.com\/de\/wp-json\/wp\/v2\/types\/product"}],"version-history":[{"count":0,"href":"https:\/\/www.beishenge.com\/de\/wp-json\/wp\/v2\/product\/2117\/revisions"}],"wp:featuredmedia":[{"embeddable":true,"href":"https:\/\/www.beishenge.com\/de\/wp-json\/wp\/v2\/media\/2121"}],"wp:attachment":[{"href":"https:\/\/www.beishenge.com\/de\/wp-json\/wp\/v2\/media?parent=2117"}],"wp:term":[{"taxonomy":"product_cat","embeddable":true,"href":"https:\/\/www.beishenge.com\/de\/wp-json\/wp\/v2\/product_cat?post=2117"},{"taxonomy":"product_tag","embeddable":true,"href":"https:\/\/www.beishenge.com\/de\/wp-json\/wp\/v2\/product_tag?post=2117"}],"curies":[{"name":"wp","href":"https:\/\/api.w.org\/{rel}","templated":true}]}}