{"id":2122,"date":"2024-06-05T15:58:49","date_gmt":"2024-06-05T07:58:49","guid":{"rendered":"https:\/\/www.beishenge.com\/?post_type=product&#038;p=2122"},"modified":"2025-06-24T14:09:16","modified_gmt":"2025-06-24T06:09:16","slug":"out-door-camo-bandage-self-adhesive","status":"publish","type":"product","link":"https:\/\/www.beishenge.com\/de\/produkt\/out-door-camo-bandage-self-adhesive\/","title":{"rendered":"Out door camo koh\u00e4sive Bandage"},"content":{"rendered":"<div data-elementor-type=\"wp-post\" data-elementor-id=\"2122\" class=\"elementor elementor-2122\">\n\t\t\t\t<div class=\"elementor-element elementor-element-4e34503 e-flex e-con-boxed e-con e-parent\" data-id=\"4e34503\" data-element_type=\"container\">\n\t\t\t\t\t<div class=\"e-con-inner\">\n\t\t<div class=\"elementor-element elementor-element-604cd26 e-con-full e-flex e-con e-child\" data-id=\"604cd26\" data-element_type=\"container\">\n\t\t\t\t<div class=\"elementor-element elementor-element-baf1cc9 elementor-widget elementor-widget-image\" data-id=\"baf1cc9\" data-element_type=\"widget\" data-widget_type=\"image.default\">\n\t\t\t\t<div class=\"elementor-widget-container\">\n\t\t\t<style>\/*! elementor - v3.23.0 - 25-07-2024 *\/\n.elementor-widget-image{text-align:center}.elementor-widget-image a{display:inline-block}.elementor-widget-image a img[src$=\".svg\"]{width:48px}.elementor-widget-image img{vertical-align:middle;display:inline-block}<\/style>\t\t\t\t\t\t\t\t\t\t<img fetchpriority=\"high\" decoding=\"async\" width=\"800\" height=\"800\" src=\"https:\/\/www.beishenge.com\/wp-content\/uploads\/2024\/06\/camo-tape-size-1-1.webp\" class=\"attachment-large size-large wp-image-2315\" alt=\"\" srcset=\"https:\/\/www.beishenge.com\/wp-content\/uploads\/2024\/06\/camo-tape-size-1-1.webp 800w, https:\/\/www.beishenge.com\/wp-content\/uploads\/2024\/06\/camo-tape-size-1-1-300x300.webp 300w, https:\/\/www.beishenge.com\/wp-content\/uploads\/2024\/06\/camo-tape-size-1-1-150x150.webp 150w, https:\/\/www.beishenge.com\/wp-content\/uploads\/2024\/06\/camo-tape-size-1-1-768x768.webp 768w, https:\/\/www.beishenge.com\/wp-content\/uploads\/2024\/06\/camo-tape-size-1-1-600x600.webp 600w, https:\/\/www.beishenge.com\/wp-content\/uploads\/2024\/06\/camo-tape-size-1-1-100x100.webp 100w\" sizes=\"(max-width: 800px) 100vw, 800px\" \/>\t\t\t\t\t\t\t\t\t\t\t\t\t<\/div>\n\t\t\t\t<\/div>\n\t\t\t\t<\/div>\n\t\t<div class=\"elementor-element elementor-element-96bdb77 e-con-full e-flex e-con e-child\" data-id=\"96bdb77\" data-element_type=\"container\">\n\t\t\t\t<div class=\"elementor-element elementor-element-3fe34d3 elementor-widget elementor-widget-text-editor\" data-id=\"3fe34d3\" data-element_type=\"widget\" data-widget_type=\"text-editor.default\">\n\t\t\t\t<div class=\"elementor-widget-container\">\n\t\t\t<style>\/*! elementor - v3.23.0 - 25-07-2024 *\/\n.elementor-widget-text-editor.elementor-drop-cap-view-stacked .elementor-drop-cap{background-color:#69727d;color:#fff}.elementor-widget-text-editor.elementor-drop-cap-view-framed .elementor-drop-cap{color:#69727d;border:3px solid;background-color:transparent}.elementor-widget-text-editor:not(.elementor-drop-cap-view-default) .elementor-drop-cap{margin-top:8px}.elementor-widget-text-editor:not(.elementor-drop-cap-view-default) .elementor-drop-cap-letter{width:1em;height:1em}.elementor-widget-text-editor .elementor-drop-cap{float:left;text-align:center;line-height:1;font-size:50px}.elementor-widget-text-editor .elementor-drop-cap-letter{display:inline-block}<\/style>\t\t\t\t<p><strong>Tarnkappen-Koh\u00e4siv-Bandage<\/strong> ist auch bekannt als elastische Tarnbinde, Erste-Hilfe-Binde f\u00fcr den Au\u00dfenbereich, selbstklebende Tarnbinde usw.<\/p><p>Es kann zur Unterst\u00fctzung von verletzten Knien, Kn\u00f6cheln und anderen Gelenken verwendet werden.<\/p><p>Es kann auch zum Umwickeln von Outdoor-Gegenst\u00e4nden wie Angelruten, Kameras, SLR-Ausr\u00fcstung, Outdoor-Fahrr\u00e4dern usw. verwendet werden, um ein Verrutschen zu verhindern.<\/p><p>Es ist sehr beliebt bei Outdoor-Aktivit\u00e4ten. Ideal f\u00fcr den Einsatz im Freien und zu Hause.<\/p><p><strong>Verf\u00fcgbare Gr\u00f6\u00dfen<\/strong><\/p><p>2.5cm*4.5m (1\" x 5 yard)<\/p><p>5cm*4.5m (2\" x 5 yard )<\/p><p>7.5cm*4.5m (3 \" x 5 yard )<\/p><p>10cm*4.5m (4 \" x 5 yard)<\/p><p>15cm*4.5m (6 \" x 5 yard)<\/p>\t\t\t\t\t\t<\/div>\n\t\t\t\t<\/div>\n\t\t\t\t<\/div>\n\t\t\t\t\t<\/div>\n\t\t\t\t<\/div>\n\t\t<div class=\"elementor-element elementor-element-5201468 e-flex e-con-boxed e-con e-parent\" data-id=\"5201468\" data-element_type=\"container\">\n\t\t\t\t\t<div class=\"e-con-inner\">\n\t\t<div class=\"elementor-element elementor-element-2472b2a e-con-full e-flex e-con e-child\" data-id=\"2472b2a\" data-element_type=\"container\">\n\t\t\t\t<div class=\"elementor-element elementor-element-2c7ab77 elementor-widget elementor-widget-image\" data-id=\"2c7ab77\" data-element_type=\"widget\" data-widget_type=\"image.default\">\n\t\t\t\t<div class=\"elementor-widget-container\">\n\t\t\t\t\t\t\t\t\t\t\t\t\t<img decoding=\"async\" width=\"750\" height=\"750\" src=\"https:\/\/www.beishenge.com\/wp-content\/uploads\/2024\/06\/tb_image_share_1720509924983.jpg_edit_92485542645-1.webp\" class=\"attachment-large size-large wp-image-2316\" alt=\"\" srcset=\"https:\/\/www.beishenge.com\/wp-content\/uploads\/2024\/06\/tb_image_share_1720509924983.jpg_edit_92485542645-1.webp 750w, https:\/\/www.beishenge.com\/wp-content\/uploads\/2024\/06\/tb_image_share_1720509924983.jpg_edit_92485542645-1-300x300.webp 300w, https:\/\/www.beishenge.com\/wp-content\/uploads\/2024\/06\/tb_image_share_1720509924983.jpg_edit_92485542645-1-150x150.webp 150w, https:\/\/www.beishenge.com\/wp-content\/uploads\/2024\/06\/tb_image_share_1720509924983.jpg_edit_92485542645-1-600x600.webp 600w, https:\/\/www.beishenge.com\/wp-content\/uploads\/2024\/06\/tb_image_share_1720509924983.jpg_edit_92485542645-1-100x100.webp 100w\" sizes=\"(max-width: 750px) 100vw, 750px\" \/>\t\t\t\t\t\t\t\t\t\t\t\t\t<\/div>\n\t\t\t\t<\/div>\n\t\t\t\t<\/div>\n\t\t<div class=\"elementor-element elementor-element-e2a2a12 e-con-full e-flex e-con e-child\" data-id=\"e2a2a12\" data-element_type=\"container\">\n\t\t\t\t<div class=\"elementor-element elementor-element-631b1f4 elementor-widget elementor-widget-image\" data-id=\"631b1f4\" data-element_type=\"widget\" data-widget_type=\"image.default\">\n\t\t\t\t<div class=\"elementor-widget-container\">\n\t\t\t\t\t\t\t\t\t\t\t\t\t<img decoding=\"async\" width=\"1024\" height=\"1024\" src=\"https:\/\/www.beishenge.com\/wp-content\/uploads\/2024\/06\/image-7-1-1024x1024.webp\" class=\"attachment-large size-large wp-image-2320\" alt=\"\" srcset=\"https:\/\/www.beishenge.com\/wp-content\/uploads\/2024\/06\/image-7-1-1024x1024.webp 1024w, https:\/\/www.beishenge.com\/wp-content\/uploads\/2024\/06\/image-7-1-300x300.webp 300w, https:\/\/www.beishenge.com\/wp-content\/uploads\/2024\/06\/image-7-1-150x150.webp 150w, https:\/\/www.beishenge.com\/wp-content\/uploads\/2024\/06\/image-7-1-768x768.webp 768w, https:\/\/www.beishenge.com\/wp-content\/uploads\/2024\/06\/image-7-1-1536x1536.webp 1536w, https:\/\/www.beishenge.com\/wp-content\/uploads\/2024\/06\/image-7-1-600x600.webp 600w, https:\/\/www.beishenge.com\/wp-content\/uploads\/2024\/06\/image-7-1-100x100.webp 100w, https:\/\/www.beishenge.com\/wp-content\/uploads\/2024\/06\/image-7-1.webp 1920w\" sizes=\"(max-width: 1024px) 100vw, 1024px\" \/>\t\t\t\t\t\t\t\t\t\t\t\t\t<\/div>\n\t\t\t\t<\/div>\n\t\t\t\t<\/div>\n\t\t<div class=\"elementor-element elementor-element-c6cfa20 e-con-full e-flex e-con e-child\" data-id=\"c6cfa20\" data-element_type=\"container\">\n\t\t\t\t<div class=\"elementor-element elementor-element-cb682ef elementor-widget elementor-widget-image\" data-id=\"cb682ef\" data-element_type=\"widget\" data-widget_type=\"image.default\">\n\t\t\t\t<div class=\"elementor-widget-container\">\n\t\t\t\t\t\t\t\t\t\t\t\t\t<img loading=\"lazy\" decoding=\"async\" width=\"750\" height=\"750\" src=\"https:\/\/www.beishenge.com\/wp-content\/uploads\/2024\/06\/camo-wrap-tape-for-first-aid-1.webp\" class=\"attachment-large size-large wp-image-2318\" alt=\"\" srcset=\"https:\/\/www.beishenge.com\/wp-content\/uploads\/2024\/06\/camo-wrap-tape-for-first-aid-1.webp 750w, https:\/\/www.beishenge.com\/wp-content\/uploads\/2024\/06\/camo-wrap-tape-for-first-aid-1-300x300.webp 300w, https:\/\/www.beishenge.com\/wp-content\/uploads\/2024\/06\/camo-wrap-tape-for-first-aid-1-150x150.webp 150w, https:\/\/www.beishenge.com\/wp-content\/uploads\/2024\/06\/camo-wrap-tape-for-first-aid-1-600x600.webp 600w, https:\/\/www.beishenge.com\/wp-content\/uploads\/2024\/06\/camo-wrap-tape-for-first-aid-1-100x100.webp 100w\" sizes=\"(max-width: 750px) 100vw, 750px\" \/>\t\t\t\t\t\t\t\t\t\t\t\t\t<\/div>\n\t\t\t\t<\/div>\n\t\t\t\t<\/div>\n\t\t<div class=\"elementor-element elementor-element-35d8d22 e-con-full e-flex e-con e-child\" data-id=\"35d8d22\" data-element_type=\"container\">\n\t\t\t\t<div class=\"elementor-element elementor-element-41deda2 elementor-widget elementor-widget-image\" data-id=\"41deda2\" data-element_type=\"widget\" data-widget_type=\"image.default\">\n\t\t\t\t<div class=\"elementor-widget-container\">\n\t\t\t\t\t\t\t\t\t\t\t\t\t<img loading=\"lazy\" decoding=\"async\" width=\"900\" height=\"900\" src=\"https:\/\/www.beishenge.com\/wp-content\/uploads\/2024\/06\/1431422594_edit_92536666463483-1.webp\" class=\"attachment-large size-large wp-image-2319\" alt=\"\" srcset=\"https:\/\/www.beishenge.com\/wp-content\/uploads\/2024\/06\/1431422594_edit_92536666463483-1.webp 900w, https:\/\/www.beishenge.com\/wp-content\/uploads\/2024\/06\/1431422594_edit_92536666463483-1-300x300.webp 300w, https:\/\/www.beishenge.com\/wp-content\/uploads\/2024\/06\/1431422594_edit_92536666463483-1-150x150.webp 150w, https:\/\/www.beishenge.com\/wp-content\/uploads\/2024\/06\/1431422594_edit_92536666463483-1-768x768.webp 768w, https:\/\/www.beishenge.com\/wp-content\/uploads\/2024\/06\/1431422594_edit_92536666463483-1-600x600.webp 600w, https:\/\/www.beishenge.com\/wp-content\/uploads\/2024\/06\/1431422594_edit_92536666463483-1-100x100.webp 100w\" sizes=\"(max-width: 900px) 100vw, 900px\" \/>\t\t\t\t\t\t\t\t\t\t\t\t\t<\/div>\n\t\t\t\t<\/div>\n\t\t\t\t<\/div>\n\t\t\t\t\t<\/div>\n\t\t\t\t<\/div>\n\t\t<div class=\"elementor-element elementor-element-0a6cb25 e-flex e-con-boxed e-con e-parent\" data-id=\"0a6cb25\" data-element_type=\"container\">\n\t\t\t\t\t<div class=\"e-con-inner\">\n\t\t\t\t<div class=\"elementor-element elementor-element-4816caf elementor-widget elementor-widget-heading\" data-id=\"4816caf\" data-element_type=\"widget\" data-widget_type=\"heading.default\">\n\t\t\t\t<div class=\"elementor-widget-container\">\n\t\t\t<style>\/*! elementor - v3.23.0 - 25-07-2024 *\/\n.elementor-heading-title{padding:0;margin:0;line-height:1}.elementor-widget-heading .elementor-heading-title[class*=elementor-size-]>a{color:inherit;font-size:inherit;line-height:inherit}.elementor-widget-heading .elementor-heading-title.elementor-size-small{font-size:15px}.elementor-widget-heading .elementor-heading-title.elementor-size-medium{font-size:19px}.elementor-widget-heading .elementor-heading-title.elementor-size-large{font-size:29px}.elementor-widget-heading .elementor-heading-title.elementor-size-xl{font-size:39px}.elementor-widget-heading .elementor-heading-title.elementor-size-xxl{font-size:59px}<\/style><h2 class=\"elementor-heading-title elementor-size-default\">Was sind die g\u00e4ngigen Tarnfarben?<\/h2>\t\t<\/div>\n\t\t\t\t<\/div>\n\t\t\t\t\t<\/div>\n\t\t\t\t<\/div>\n\t\t<div class=\"elementor-element elementor-element-9b0a09b e-flex e-con-boxed e-con e-parent\" data-id=\"9b0a09b\" data-element_type=\"container\">\n\t\t\t\t\t<div class=\"e-con-inner\">\n\t\t<div class=\"elementor-element elementor-element-b1f316c e-con-full e-flex e-con e-child\" data-id=\"b1f316c\" data-element_type=\"container\">\n\t\t\t\t<div class=\"elementor-element elementor-element-ffc6dac elementor-widget elementor-widget-image\" data-id=\"ffc6dac\" data-element_type=\"widget\" data-widget_type=\"image.default\">\n\t\t\t\t<div class=\"elementor-widget-container\">\n\t\t\t\t\t\t\t\t\t\t\t\t\t<img loading=\"lazy\" decoding=\"async\" width=\"640\" height=\"427\" src=\"https:\/\/www.beishenge.com\/wp-content\/uploads\/2024\/06\/c180a97b87dd11dd5e0e03d29773f00.webp\" class=\"attachment-large size-large wp-image-2330\" alt=\"\" srcset=\"https:\/\/www.beishenge.com\/wp-content\/uploads\/2024\/06\/c180a97b87dd11dd5e0e03d29773f00.webp 640w, https:\/\/www.beishenge.com\/wp-content\/uploads\/2024\/06\/c180a97b87dd11dd5e0e03d29773f00-300x200.webp 300w, https:\/\/www.beishenge.com\/wp-content\/uploads\/2024\/06\/c180a97b87dd11dd5e0e03d29773f00-600x400.webp 600w\" sizes=\"(max-width: 640px) 100vw, 640px\" \/>\t\t\t\t\t\t\t\t\t\t\t\t\t<\/div>\n\t\t\t\t<\/div>\n\t\t\t\t<div class=\"elementor-element elementor-element-7cea2f0 elementor-widget elementor-widget-image\" data-id=\"7cea2f0\" data-element_type=\"widget\" data-widget_type=\"image.default\">\n\t\t\t\t<div class=\"elementor-widget-container\">\n\t\t\t\t\t\t\t\t\t\t\t\t\t<img loading=\"lazy\" decoding=\"async\" width=\"790\" height=\"636\" src=\"https:\/\/www.beishenge.com\/wp-content\/uploads\/2024\/06\/9039de44d6febc043746e3dbfe2cbbe-1.webp\" class=\"attachment-large size-large wp-image-2332\" alt=\"\" srcset=\"https:\/\/www.beishenge.com\/wp-content\/uploads\/2024\/06\/9039de44d6febc043746e3dbfe2cbbe-1.webp 790w, https:\/\/www.beishenge.com\/wp-content\/uploads\/2024\/06\/9039de44d6febc043746e3dbfe2cbbe-1-300x242.webp 300w, https:\/\/www.beishenge.com\/wp-content\/uploads\/2024\/06\/9039de44d6febc043746e3dbfe2cbbe-1-768x618.webp 768w, https:\/\/www.beishenge.com\/wp-content\/uploads\/2024\/06\/9039de44d6febc043746e3dbfe2cbbe-1-600x483.webp 600w\" sizes=\"(max-width: 790px) 100vw, 790px\" \/>\t\t\t\t\t\t\t\t\t\t\t\t\t<\/div>\n\t\t\t\t<\/div>\n\t\t\t\t<\/div>\n\t\t<div class=\"elementor-element elementor-element-a5c84d1 e-con-full e-flex e-con e-child\" data-id=\"a5c84d1\" data-element_type=\"container\">\n\t\t\t\t<div class=\"elementor-element elementor-element-68b6f93 elementor-widget elementor-widget-text-editor\" data-id=\"68b6f93\" data-element_type=\"widget\" data-widget_type=\"text-editor.default\">\n\t\t\t\t<div class=\"elementor-widget-container\">\n\t\t\t\t\t\t\t<p>1. Dschungeltarnung: Die g\u00e4ngigsten Tarnfarben sind gr\u00fcn, braun, schwarz und gelb und werden f\u00fcr die Sommeruniformen der Armee verwendet.<\/p><p>2. W\u00fcstentarnung: gelber als die Dschungelfarbe, wird f\u00fcr die Wintertrainingsuniformen der Armee verwendet, nicht \u00fcblich, aber offiziell ausgestattet.<\/p><p>3. Marinetarnung: blau, schwarz, grasgr\u00fcn und wei\u00df, verwendet vom Marine Corps.<\/p><p>4. Urban Camouflage: Schwarz, Grau und Wei\u00df, f\u00fcr Luftlandetruppen verwendet.<\/p><p>5. Plateau W\u00fcste Tarnung: gr\u00fcn, braun, schwarz und andere Flecken, ein neuer Stil.<\/p>\t\t\t\t\t\t<\/div>\n\t\t\t\t<\/div>\n\t\t\t\t<\/div>\n\t\t<div class=\"elementor-element elementor-element-5757588 e-con-full e-flex e-con e-child\" data-id=\"5757588\" data-element_type=\"container\">\n\t\t\t\t<div class=\"elementor-element elementor-element-5831e2e elementor-widget elementor-widget-image\" data-id=\"5831e2e\" data-element_type=\"widget\" data-widget_type=\"image.default\">\n\t\t\t\t<div class=\"elementor-widget-container\">\n\t\t\t\t\t\t\t\t\t\t\t\t\t<img loading=\"lazy\" decoding=\"async\" width=\"800\" height=\"800\" src=\"https:\/\/www.beishenge.com\/wp-content\/uploads\/2024\/06\/3a34167046cb3b40f15711661c6917b.webp\" class=\"attachment-large size-large wp-image-2333\" alt=\"\" srcset=\"https:\/\/www.beishenge.com\/wp-content\/uploads\/2024\/06\/3a34167046cb3b40f15711661c6917b.webp 800w, https:\/\/www.beishenge.com\/wp-content\/uploads\/2024\/06\/3a34167046cb3b40f15711661c6917b-300x300.webp 300w, https:\/\/www.beishenge.com\/wp-content\/uploads\/2024\/06\/3a34167046cb3b40f15711661c6917b-150x150.webp 150w, https:\/\/www.beishenge.com\/wp-content\/uploads\/2024\/06\/3a34167046cb3b40f15711661c6917b-768x768.webp 768w, https:\/\/www.beishenge.com\/wp-content\/uploads\/2024\/06\/3a34167046cb3b40f15711661c6917b-600x600.webp 600w, https:\/\/www.beishenge.com\/wp-content\/uploads\/2024\/06\/3a34167046cb3b40f15711661c6917b-100x100.webp 100w\" sizes=\"(max-width: 800px) 100vw, 800px\" \/>\t\t\t\t\t\t\t\t\t\t\t\t\t<\/div>\n\t\t\t\t<\/div>\n\t\t\t\t<div class=\"elementor-element elementor-element-8a1f5bb elementor-widget elementor-widget-image\" data-id=\"8a1f5bb\" data-element_type=\"widget\" data-widget_type=\"image.default\">\n\t\t\t\t<div class=\"elementor-widget-container\">\n\t\t\t\t\t\t\t\t\t\t\t\t\t<img loading=\"lazy\" decoding=\"async\" width=\"790\" height=\"642\" src=\"https:\/\/www.beishenge.com\/wp-content\/uploads\/2024\/06\/abd607391f671e84009e3d56befdeac.webp\" class=\"attachment-large size-large wp-image-2334\" alt=\"\" srcset=\"https:\/\/www.beishenge.com\/wp-content\/uploads\/2024\/06\/abd607391f671e84009e3d56befdeac.webp 790w, https:\/\/www.beishenge.com\/wp-content\/uploads\/2024\/06\/abd607391f671e84009e3d56befdeac-300x244.webp 300w, https:\/\/www.beishenge.com\/wp-content\/uploads\/2024\/06\/abd607391f671e84009e3d56befdeac-768x624.webp 768w, https:\/\/www.beishenge.com\/wp-content\/uploads\/2024\/06\/abd607391f671e84009e3d56befdeac-600x488.webp 600w\" sizes=\"(max-width: 790px) 100vw, 790px\" \/>\t\t\t\t\t\t\t\t\t\t\t\t\t<\/div>\n\t\t\t\t<\/div>\n\t\t\t\t<\/div>\n\t\t\t\t\t<\/div>\n\t\t\t\t<\/div>\n\t\t<div class=\"elementor-element elementor-element-b417d55 e-flex e-con-boxed e-con e-parent\" data-id=\"b417d55\" data-element_type=\"container\">\n\t\t\t\t\t<div class=\"e-con-inner\">\n\t\t<div class=\"elementor-element elementor-element-4e105d9 e-con-full e-flex e-con e-child\" data-id=\"4e105d9\" data-element_type=\"container\">\n\t\t\t\t<div class=\"elementor-element elementor-element-8acadae elementor-widget elementor-widget-image\" data-id=\"8acadae\" data-element_type=\"widget\" data-widget_type=\"image.default\">\n\t\t\t\t<div class=\"elementor-widget-container\">\n\t\t\t\t\t\t\t\t\t\t\t\t\t<img loading=\"lazy\" decoding=\"async\" width=\"900\" height=\"900\" src=\"https:\/\/www.beishenge.com\/wp-content\/uploads\/2024\/06\/273794012_edit_92498984121301-1.webp\" class=\"attachment-large size-large wp-image-2322\" alt=\"\" srcset=\"https:\/\/www.beishenge.com\/wp-content\/uploads\/2024\/06\/273794012_edit_92498984121301-1.webp 900w, https:\/\/www.beishenge.com\/wp-content\/uploads\/2024\/06\/273794012_edit_92498984121301-1-300x300.webp 300w, https:\/\/www.beishenge.com\/wp-content\/uploads\/2024\/06\/273794012_edit_92498984121301-1-150x150.webp 150w, https:\/\/www.beishenge.com\/wp-content\/uploads\/2024\/06\/273794012_edit_92498984121301-1-768x768.webp 768w, https:\/\/www.beishenge.com\/wp-content\/uploads\/2024\/06\/273794012_edit_92498984121301-1-600x600.webp 600w, https:\/\/www.beishenge.com\/wp-content\/uploads\/2024\/06\/273794012_edit_92498984121301-1-100x100.webp 100w\" sizes=\"(max-width: 900px) 100vw, 900px\" \/>\t\t\t\t\t\t\t\t\t\t\t\t\t<\/div>\n\t\t\t\t<\/div>\n\t\t\t\t<\/div>\n\t\t<div class=\"elementor-element elementor-element-e0745c3 e-con-full e-flex e-con e-child\" data-id=\"e0745c3\" data-element_type=\"container\">\n\t\t\t\t<div class=\"elementor-element elementor-element-161c98c elementor-widget elementor-widget-text-editor\" data-id=\"161c98c\" data-element_type=\"widget\" data-widget_type=\"text-editor.default\">\n\t\t\t\t<div class=\"elementor-widget-container\">\n\t\t\t\t\t\t\t<p>Dar\u00fcber hinaus,<\/p><p>1. Luftfahrttarnung: blau, wei\u00df, braun, usw., die in der Luftwaffe verwendet wird.<\/p><p>2. W\u00fcstentarnung: haupts\u00e4chlich khaki und wei\u00df, so wie die \"Six Sands\" im Golfkrieg des US-Milit\u00e4rs.<\/p><p>Allerdings haben unsere selbstklebende Bandage Camouflage Farben 17 Arten, und wenn es mehr Bed\u00fcrfnisse, die Farben k\u00f6nnen angepasst werden.<\/p>\t\t\t\t\t\t<\/div>\n\t\t\t\t<\/div>\n\t\t\t\t<\/div>\n\t\t<div class=\"elementor-element elementor-element-92c2727 e-con-full e-flex e-con e-child\" data-id=\"92c2727\" data-element_type=\"container\">\n\t\t\t\t<div class=\"elementor-element elementor-element-9912646 elementor-widget elementor-widget-image\" data-id=\"9912646\" data-element_type=\"widget\" data-widget_type=\"image.default\">\n\t\t\t\t<div class=\"elementor-widget-container\">\n\t\t\t\t\t\t\t\t\t\t\t\t\t<img loading=\"lazy\" decoding=\"async\" width=\"843\" height=\"843\" src=\"https:\/\/www.beishenge.com\/wp-content\/uploads\/2024\/06\/159977623_edit_92561935234833-1.webp\" class=\"attachment-large size-large wp-image-2321\" alt=\"\" srcset=\"https:\/\/www.beishenge.com\/wp-content\/uploads\/2024\/06\/159977623_edit_92561935234833-1.webp 843w, https:\/\/www.beishenge.com\/wp-content\/uploads\/2024\/06\/159977623_edit_92561935234833-1-300x300.webp 300w, https:\/\/www.beishenge.com\/wp-content\/uploads\/2024\/06\/159977623_edit_92561935234833-1-150x150.webp 150w, https:\/\/www.beishenge.com\/wp-content\/uploads\/2024\/06\/159977623_edit_92561935234833-1-768x768.webp 768w, https:\/\/www.beishenge.com\/wp-content\/uploads\/2024\/06\/159977623_edit_92561935234833-1-600x600.webp 600w, https:\/\/www.beishenge.com\/wp-content\/uploads\/2024\/06\/159977623_edit_92561935234833-1-100x100.webp 100w\" sizes=\"(max-width: 843px) 100vw, 843px\" \/>\t\t\t\t\t\t\t\t\t\t\t\t\t<\/div>\n\t\t\t\t<\/div>\n\t\t\t\t<\/div>\n\t\t\t\t\t<\/div>\n\t\t\t\t<\/div>\n\t\t<div class=\"elementor-element elementor-element-c883c32 e-flex e-con-boxed e-con e-parent\" data-id=\"c883c32\" data-element_type=\"container\">\n\t\t\t\t\t<div class=\"e-con-inner\">\n\t\t\t\t<div class=\"elementor-element elementor-element-a40f05a elementor-widget elementor-widget-heading\" data-id=\"a40f05a\" data-element_type=\"widget\" data-widget_type=\"heading.default\">\n\t\t\t\t<div class=\"elementor-widget-container\">\n\t\t\t<h2 class=\"elementor-heading-title elementor-size-default\">Farbkarte f\u00fcr Camouflage-Koh\u00e4sivbandage<\/h2>\t\t<\/div>\n\t\t\t\t<\/div>\n\t\t\t\t\t<\/div>\n\t\t\t\t<\/div>\n\t\t<div class=\"elementor-element elementor-element-d099513 e-flex e-con-boxed e-con e-parent\" data-id=\"d099513\" data-element_type=\"container\">\n\t\t\t\t\t<div class=\"e-con-inner\">\n\t\t\t\t<div class=\"elementor-element elementor-element-bf7603f elementor-widget elementor-widget-image\" data-id=\"bf7603f\" data-element_type=\"widget\" data-widget_type=\"image.default\">\n\t\t\t\t<div class=\"elementor-widget-container\">\n\t\t\t\t\t\t\t\t\t\t\t\t\t<img loading=\"lazy\" decoding=\"async\" width=\"871\" height=\"1024\" src=\"https:\/\/www.beishenge.com\/wp-content\/uploads\/2024\/06\/camouflage-colors-871x1024.webp\" class=\"attachment-large size-large wp-image-2323\" alt=\"\" srcset=\"https:\/\/www.beishenge.com\/wp-content\/uploads\/2024\/06\/camouflage-colors-871x1024.webp 871w, https:\/\/www.beishenge.com\/wp-content\/uploads\/2024\/06\/camouflage-colors-255x300.webp 255w, https:\/\/www.beishenge.com\/wp-content\/uploads\/2024\/06\/camouflage-colors-768x903.webp 768w, https:\/\/www.beishenge.com\/wp-content\/uploads\/2024\/06\/camouflage-colors-1306x1536.webp 1306w, https:\/\/www.beishenge.com\/wp-content\/uploads\/2024\/06\/camouflage-colors-300x353.webp 300w, https:\/\/www.beishenge.com\/wp-content\/uploads\/2024\/06\/camouflage-colors-600x706.webp 600w, https:\/\/www.beishenge.com\/wp-content\/uploads\/2024\/06\/camouflage-colors.webp 1568w\" sizes=\"(max-width: 871px) 100vw, 871px\" \/>\t\t\t\t\t\t\t\t\t\t\t\t\t<\/div>\n\t\t\t\t<\/div>\n\t\t\t\t\t<\/div>\n\t\t\t\t<\/div>\n\t\t\t\t<\/div>","protected":false},"excerpt":{"rendered":"<p>Das Tarnband ist selbstklebend und klebt ohne zu kleben und hinterl\u00e4sst keinen Klebstoff. Das hochelastische Gewebe erm\u00f6glicht es Ihnen, die Elastizit\u00e4t frei einzustellen. Sie brauchen keine Schere. Ziehen Sie es einfach mit der Hand ab. Tarnklebeb\u00e4nder eignen sich zum Verbinden und Fixieren von Wunden und zum Schie\u00dfen auf Waffen, B\u00f6gen, Kameras, Taschenlampen, Gewehre und Fahrr\u00e4der!<\/p>","protected":false},"featured_media":2453,"template":"","meta":{"_seopress_robots_primary_cat":"none","_seopress_titles_title":"%%post_title%%","_seopress_titles_desc":"%%post_excerpt%%","_seopress_robots_index":"","_uag_custom_page_level_css":""},"product_cat":[21,35,24],"product_tag":[],"class_list":{"0":"post-2122","1":"product","2":"type-product","3":"status-publish","4":"has-post-thumbnail","6":"product_cat-more-products","7":"product_cat-elastic-bandages-series","8":"product_cat-veterinary-products","10":"first","11":"instock","12":"shipping-taxable","13":"product-type-simple"},"uagb_featured_image_src":{"full":["https:\/\/www.beishenge.com\/wp-content\/uploads\/2024\/06\/\u4efb\u52a1_13086290_3.webp",1024,1024,false],"thumbnail":["https:\/\/www.beishenge.com\/wp-content\/uploads\/2024\/06\/\u4efb\u52a1_13086290_3-150x150.webp",150,150,true],"medium":["https:\/\/www.beishenge.com\/wp-content\/uploads\/2024\/06\/\u4efb\u52a1_13086290_3-300x300.webp",300,300,true],"medium_large":["https:\/\/www.beishenge.com\/wp-content\/uploads\/2024\/06\/\u4efb\u52a1_13086290_3-768x768.webp",768,768,true],"large":["https:\/\/www.beishenge.com\/wp-content\/uploads\/2024\/06\/\u4efb\u52a1_13086290_3.webp",1024,1024,false],"1536x1536":["https:\/\/www.beishenge.com\/wp-content\/uploads\/2024\/06\/\u4efb\u52a1_13086290_3.webp",1024,1024,false],"2048x2048":["https:\/\/www.beishenge.com\/wp-content\/uploads\/2024\/06\/\u4efb\u52a1_13086290_3.webp",1024,1024,false],"trp-custom-language-flag":["https:\/\/www.beishenge.com\/wp-content\/uploads\/2024\/06\/\u4efb\u52a1_13086290_3.webp",12,12,false],"woocommerce_archive_thumbnail":["https:\/\/www.beishenge.com\/wp-content\/uploads\/2024\/06\/\u4efb\u52a1_13086290_3-300x300.webp",300,300,true],"woocommerce_thumbnail":["https:\/\/www.beishenge.com\/wp-content\/uploads\/2024\/06\/\u4efb\u52a1_13086290_3-300x300.webp",300,300,true],"woocommerce_single":["https:\/\/www.beishenge.com\/wp-content\/uploads\/2024\/06\/\u4efb\u52a1_13086290_3-600x600.webp",600,600,true],"woocommerce_gallery_thumbnail":["https:\/\/www.beishenge.com\/wp-content\/uploads\/2024\/06\/\u4efb\u52a1_13086290_3-100x100.webp",100,100,true]},"uagb_author_info":{"display_name":"onbysheng","author_link":"https:\/\/www.beishenge.com\/de\/author\/"},"uagb_comment_info":0,"uagb_excerpt":"Camo tape has a self-adhesive design that sticks without taping and leaves no glue behind. The high elastic fabric allows you to adjust the elasticity freely. No need for scissors. Tear it off by hand. Camo tapes are suitable for bandaging and fixing wounds and shooting guns, bows, cameras, flashlights, rifles, and bicycles!","_links":{"self":[{"href":"https:\/\/www.beishenge.com\/de\/wp-json\/wp\/v2\/product\/2122","targetHints":{"allow":["GET"]}}],"collection":[{"href":"https:\/\/www.beishenge.com\/de\/wp-json\/wp\/v2\/product"}],"about":[{"href":"https:\/\/www.beishenge.com\/de\/wp-json\/wp\/v2\/types\/product"}],"version-history":[{"count":14,"href":"https:\/\/www.beishenge.com\/de\/wp-json\/wp\/v2\/product\/2122\/revisions"}],"predecessor-version":[{"id":3136,"href":"https:\/\/www.beishenge.com\/de\/wp-json\/wp\/v2\/product\/2122\/revisions\/3136"}],"wp:featuredmedia":[{"embeddable":true,"href":"https:\/\/www.beishenge.com\/de\/wp-json\/wp\/v2\/media\/2453"}],"wp:attachment":[{"href":"https:\/\/www.beishenge.com\/de\/wp-json\/wp\/v2\/media?parent=2122"}],"wp:term":[{"taxonomy":"product_cat","embeddable":true,"href":"https:\/\/www.beishenge.com\/de\/wp-json\/wp\/v2\/product_cat?post=2122"},{"taxonomy":"product_tag","embeddable":true,"href":"https:\/\/www.beishenge.com\/de\/wp-json\/wp\/v2\/product_tag?post=2122"}],"curies":[{"name":"wp","href":"https:\/\/api.w.org\/{rel}","templated":true}]}}