{"id":3177,"date":"2025-02-01T13:23:43","date_gmt":"2025-02-01T05:23:43","guid":{"rendered":"https:\/\/www.beishenge.com\/?post_type=product&#038;p=3177"},"modified":"2025-06-24T14:07:20","modified_gmt":"2025-06-24T06:07:20","slug":"eco-friendly-bandage-biodegradable-medical-supplies","status":"publish","type":"product","link":"https:\/\/www.beishenge.com\/de\/produkt\/eco-friendly-bandage-biodegradable-medical-supplies\/","title":{"rendered":"Umweltfreundlicher Verband Biologisch abbaubarer medizinischer Hilfsmittel"},"content":{"rendered":"<div data-elementor-type=\"wp-post\" data-elementor-id=\"3177\" class=\"elementor elementor-3177\">\n\t\t\t\t<div class=\"elementor-element elementor-element-124a26b e-flex e-con-boxed e-con e-parent\" data-id=\"124a26b\" data-element_type=\"container\">\n\t\t\t\t\t<div class=\"e-con-inner\">\n\t\t\t\t<div class=\"elementor-element elementor-element-648e139 elementor-widget elementor-widget-text-editor\" data-id=\"648e139\" data-element_type=\"widget\" data-widget_type=\"text-editor.default\">\n\t\t\t\t<div class=\"elementor-widget-container\">\n\t\t\t<style>\/*! elementor - v3.23.0 - 25-07-2024 *\/\n.elementor-widget-text-editor.elementor-drop-cap-view-stacked .elementor-drop-cap{background-color:#69727d;color:#fff}.elementor-widget-text-editor.elementor-drop-cap-view-framed .elementor-drop-cap{color:#69727d;border:3px solid;background-color:transparent}.elementor-widget-text-editor:not(.elementor-drop-cap-view-default) .elementor-drop-cap{margin-top:8px}.elementor-widget-text-editor:not(.elementor-drop-cap-view-default) .elementor-drop-cap-letter{width:1em;height:1em}.elementor-widget-text-editor .elementor-drop-cap{float:left;text-align:center;line-height:1;font-size:50px}.elementor-widget-text-editor .elementor-drop-cap-letter{display:inline-block}<\/style>\t\t\t\t<p>1. Der Gro\u00dfhandelspreis ist etwa 5% h\u00f6her als herk\u00f6mmliche selbstklebende Binden, aber der Einzelhandelspreis kann etwa 20%~30% h\u00f6her als herk\u00f6mmliche selbstklebende Binden sein.<br \/>2. Kundenspezifische Verpackung: unterst\u00fctzt LOGO-Druck, mehrsprachige Etiketten (f\u00fcr Englisch\/Deutsch\/Franz\u00f6sisch\/Niederl\u00e4ndisch usw.) und ist f\u00fcr die gemeinsamen Bed\u00fcrfnisse von Apotheken, Superm\u00e4rkten und umweltfreundlichen Marken geeignet.<\/p><p>3. Differenzierte Wettbewerbsf\u00e4higkeit<br \/>- Umweltschutz und medizinische Sportarten: Dies entspricht der Pr\u00e4ferenz von 62% der europ\u00e4ischen Verbraucher (Eurobarometer-Daten) f\u00fcr \"nachhaltige Gesundheitsprodukte\" und hilft den Gro\u00dfhandelskunden, den gr\u00fcnen medizinischen Markt zu erobern.<br \/>- Anpassungsf\u00e4higkeit an Szenarien:<br \/>- Apotheken: Fokus auf \"Family Safety Care\" und Unterst\u00fctzung von kinderfreundlichem Design (Cartoon-Verpackungen).<br \/>- Outdoor-Einzelhandel: Einf\u00fchrung eines \"Erste-Hilfe-Sonderpakets\" und Verkaufsb\u00fcndelung mit Sportmarken.<\/p>\t\t\t\t\t\t<\/div>\n\t\t\t\t<\/div>\n\t\t\t\t\t<\/div>\n\t\t\t\t<\/div>\n\t\t<div class=\"elementor-element elementor-element-48ed816 e-flex e-con-boxed e-con e-parent\" data-id=\"48ed816\" data-element_type=\"container\">\n\t\t\t\t\t<div class=\"e-con-inner\">\n\t\t<div class=\"elementor-element elementor-element-c236afa e-con-full e-flex e-con e-child\" data-id=\"c236afa\" data-element_type=\"container\">\n\t\t\t\t<div class=\"elementor-element elementor-element-1305238 elementor-widget elementor-widget-image\" data-id=\"1305238\" data-element_type=\"widget\" data-widget_type=\"image.default\">\n\t\t\t\t<div class=\"elementor-widget-container\">\n\t\t\t<style>\/*! elementor - v3.23.0 - 25-07-2024 *\/\n.elementor-widget-image{text-align:center}.elementor-widget-image a{display:inline-block}.elementor-widget-image a img[src$=\".svg\"]{width:48px}.elementor-widget-image img{vertical-align:middle;display:inline-block}<\/style>\t\t\t\t\t\t\t\t\t\t<img fetchpriority=\"high\" decoding=\"async\" width=\"750\" height=\"1000\" src=\"https:\/\/www.beishenge.com\/wp-content\/uploads\/2025\/02\/ECO-Friendly-oit-door-bandage.webp\" class=\"attachment-large size-large wp-image-3182\" alt=\"ECO Friendly out door bandage\" srcset=\"https:\/\/www.beishenge.com\/wp-content\/uploads\/2025\/02\/ECO-Friendly-oit-door-bandage.webp 750w, https:\/\/www.beishenge.com\/wp-content\/uploads\/2025\/02\/ECO-Friendly-oit-door-bandage-225x300.webp 225w, https:\/\/www.beishenge.com\/wp-content\/uploads\/2025\/02\/ECO-Friendly-oit-door-bandage-9x12.webp 9w, https:\/\/www.beishenge.com\/wp-content\/uploads\/2025\/02\/ECO-Friendly-oit-door-bandage-300x400.webp 300w, https:\/\/www.beishenge.com\/wp-content\/uploads\/2025\/02\/ECO-Friendly-oit-door-bandage-600x800.webp 600w\" sizes=\"(max-width: 750px) 100vw, 750px\" \/>\t\t\t\t\t\t\t\t\t\t\t\t\t<\/div>\n\t\t\t\t<\/div>\n\t\t\t\t<\/div>\n\t\t<div class=\"elementor-element elementor-element-172b3b3 e-con-full e-flex e-con e-child\" data-id=\"172b3b3\" data-element_type=\"container\">\n\t\t\t\t<div class=\"elementor-element elementor-element-e04bb96 elementor-widget elementor-widget-text-editor\" data-id=\"e04bb96\" data-element_type=\"widget\" data-widget_type=\"text-editor.default\">\n\t\t\t\t<div class=\"elementor-widget-container\">\n\t\t\t\t\t\t\t<p>1. Vorteile f\u00fcr die Umwelt<br \/>- Materialien: Biologisch abbaubare Materialien PLA Maisfaser verwendet werden, einschlie\u00dflich der POP Tasche sind alle biologisch abbaubar.<br \/>die den EU-Umweltvorschriften entsprechen <br \/>- 90% nat\u00fcrliche Zersetzung innerhalb von 6 Monaten.<\/p><p>\u00a0<\/p><p>2. Funktionelle Vorteile<br \/>- Selbstklebendes Design: atmungsaktiv, wasserdicht, hypoallergen, geeignet f\u00fcr empfindliche Haut und Langzeitgebrauch.<br \/>- Medizinische Standards: CE-zertifiziert und entspricht dem Qualit\u00e4tsmanagementsystem f\u00fcr Medizinprodukte ISO 13485.<\/p><p>Sehr gut geeignet f\u00fcr Tiere oder Outdoor-Produkte.<\/p>\t\t\t\t\t\t<\/div>\n\t\t\t\t<\/div>\n\t\t\t\t<\/div>\n\t\t\t\t\t<\/div>\n\t\t\t\t<\/div>\n\t\t<div class=\"elementor-element elementor-element-1608d4d e-flex e-con-boxed e-con e-parent\" data-id=\"1608d4d\" data-element_type=\"container\">\n\t\t\t\t\t<div class=\"e-con-inner\">\n\t\t<div class=\"elementor-element elementor-element-7cde9bb e-con-full e-flex e-con e-child\" data-id=\"7cde9bb\" data-element_type=\"container\">\n\t\t\t\t<div class=\"elementor-element elementor-element-89dc25a elementor-widget elementor-widget-image\" data-id=\"89dc25a\" data-element_type=\"widget\" data-widget_type=\"image.default\">\n\t\t\t\t<div class=\"elementor-widget-container\">\n\t\t\t\t\t\t\t\t\t\t\t\t\t<img decoding=\"async\" width=\"545\" height=\"545\" src=\"https:\/\/www.beishenge.com\/wp-content\/uploads\/2024\/09\/261a5ad0f665741c3a389e1923b2fda_\u526f\u672c.webp\" class=\"attachment-large size-large wp-image-2939\" alt=\"ice tape for ankle\" srcset=\"https:\/\/www.beishenge.com\/wp-content\/uploads\/2024\/09\/261a5ad0f665741c3a389e1923b2fda_\u526f\u672c.webp 545w, https:\/\/www.beishenge.com\/wp-content\/uploads\/2024\/09\/261a5ad0f665741c3a389e1923b2fda_\u526f\u672c-300x300.webp 300w, https:\/\/www.beishenge.com\/wp-content\/uploads\/2024\/09\/261a5ad0f665741c3a389e1923b2fda_\u526f\u672c-150x150.webp 150w, https:\/\/www.beishenge.com\/wp-content\/uploads\/2024\/09\/261a5ad0f665741c3a389e1923b2fda_\u526f\u672c-12x12.webp 12w, https:\/\/www.beishenge.com\/wp-content\/uploads\/2024\/09\/261a5ad0f665741c3a389e1923b2fda_\u526f\u672c-100x100.webp 100w\" sizes=\"(max-width: 545px) 100vw, 545px\" \/>\t\t\t\t\t\t\t\t\t\t\t\t\t<\/div>\n\t\t\t\t<\/div>\n\t\t\t\t<\/div>\n\t\t<div class=\"elementor-element elementor-element-886cb1c e-con-full e-flex e-con e-child\" data-id=\"886cb1c\" data-element_type=\"container\">\n\t\t\t\t<div class=\"elementor-element elementor-element-d1228ba elementor-widget elementor-widget-image\" data-id=\"d1228ba\" data-element_type=\"widget\" data-widget_type=\"image.default\">\n\t\t\t\t<div class=\"elementor-widget-container\">\n\t\t\t\t\t\t\t\t\t\t\t\t\t<img decoding=\"async\" width=\"500\" height=\"500\" src=\"https:\/\/www.beishenge.com\/wp-content\/uploads\/2024\/08\/\u53cd\u9762elastic-bandage.webp\" class=\"attachment-large size-large wp-image-2894\" alt=\"wrap knee bandage\" srcset=\"https:\/\/www.beishenge.com\/wp-content\/uploads\/2024\/08\/\u53cd\u9762elastic-bandage.webp 500w, https:\/\/www.beishenge.com\/wp-content\/uploads\/2024\/08\/\u53cd\u9762elastic-bandage-300x300.webp 300w, https:\/\/www.beishenge.com\/wp-content\/uploads\/2024\/08\/\u53cd\u9762elastic-bandage-150x150.webp 150w, https:\/\/www.beishenge.com\/wp-content\/uploads\/2024\/08\/\u53cd\u9762elastic-bandage-100x100.webp 100w\" sizes=\"(max-width: 500px) 100vw, 500px\" \/>\t\t\t\t\t\t\t\t\t\t\t\t\t<\/div>\n\t\t\t\t<\/div>\n\t\t\t\t<\/div>\n\t\t<div class=\"elementor-element elementor-element-641b712 e-con-full e-flex e-con e-child\" data-id=\"641b712\" data-element_type=\"container\">\n\t\t\t\t<div class=\"elementor-element elementor-element-7746178 elementor-widget elementor-widget-image\" data-id=\"7746178\" data-element_type=\"widget\" data-widget_type=\"image.default\">\n\t\t\t\t<div class=\"elementor-widget-container\">\n\t\t\t\t\t\t\t\t\t\t\t\t\t<img loading=\"lazy\" decoding=\"async\" width=\"551\" height=\"551\" src=\"https:\/\/www.beishenge.com\/wp-content\/uploads\/2024\/09\/7c559a219d287811aff4df7c946c3f8_\u526f\u672c.webp\" class=\"attachment-large size-large wp-image-2938\" alt=\"tearable ice bandage\" srcset=\"https:\/\/www.beishenge.com\/wp-content\/uploads\/2024\/09\/7c559a219d287811aff4df7c946c3f8_\u526f\u672c.webp 551w, https:\/\/www.beishenge.com\/wp-content\/uploads\/2024\/09\/7c559a219d287811aff4df7c946c3f8_\u526f\u672c-300x300.webp 300w, https:\/\/www.beishenge.com\/wp-content\/uploads\/2024\/09\/7c559a219d287811aff4df7c946c3f8_\u526f\u672c-150x150.webp 150w, https:\/\/www.beishenge.com\/wp-content\/uploads\/2024\/09\/7c559a219d287811aff4df7c946c3f8_\u526f\u672c-12x12.webp 12w, https:\/\/www.beishenge.com\/wp-content\/uploads\/2024\/09\/7c559a219d287811aff4df7c946c3f8_\u526f\u672c-100x100.webp 100w\" sizes=\"(max-width: 551px) 100vw, 551px\" \/>\t\t\t\t\t\t\t\t\t\t\t\t\t<\/div>\n\t\t\t\t<\/div>\n\t\t\t\t<\/div>\n\t\t<div class=\"elementor-element elementor-element-3cbec3a e-con-full e-flex e-con e-child\" data-id=\"3cbec3a\" data-element_type=\"container\">\n\t\t\t\t<div class=\"elementor-element elementor-element-a21a2f8 elementor-widget elementor-widget-image\" data-id=\"a21a2f8\" data-element_type=\"widget\" data-widget_type=\"image.default\">\n\t\t\t\t<div class=\"elementor-widget-container\">\n\t\t\t\t\t\t\t\t\t\t\t\t\t<img loading=\"lazy\" decoding=\"async\" width=\"678\" height=\"678\" src=\"https:\/\/www.beishenge.com\/wp-content\/uploads\/2024\/09\/Vet-wrap-for-dog.jpg\" class=\"attachment-large size-large wp-image-3003\" alt=\"Vet wrap for dog\" srcset=\"https:\/\/www.beishenge.com\/wp-content\/uploads\/2024\/09\/Vet-wrap-for-dog.jpg 678w, https:\/\/www.beishenge.com\/wp-content\/uploads\/2024\/09\/Vet-wrap-for-dog-300x300.jpg 300w, https:\/\/www.beishenge.com\/wp-content\/uploads\/2024\/09\/Vet-wrap-for-dog-150x150.jpg 150w, https:\/\/www.beishenge.com\/wp-content\/uploads\/2024\/09\/Vet-wrap-for-dog-12x12.jpg 12w, https:\/\/www.beishenge.com\/wp-content\/uploads\/2024\/09\/Vet-wrap-for-dog-600x600.jpg 600w, https:\/\/www.beishenge.com\/wp-content\/uploads\/2024\/09\/Vet-wrap-for-dog-100x100.jpg 100w\" sizes=\"(max-width: 678px) 100vw, 678px\" \/>\t\t\t\t\t\t\t\t\t\t\t\t\t<\/div>\n\t\t\t\t<\/div>\n\t\t\t\t<\/div>\n\t\t\t\t\t<\/div>\n\t\t\t\t<\/div>\n\t\t<div class=\"elementor-element elementor-element-6e64748 e-flex e-con-boxed e-con e-parent\" data-id=\"6e64748\" data-element_type=\"container\">\n\t\t\t\t\t<div class=\"e-con-inner\">\n\t\t\t\t<div class=\"elementor-element elementor-element-1f39d93 elementor-widget elementor-widget-text-editor\" data-id=\"1f39d93\" data-element_type=\"widget\" data-widget_type=\"text-editor.default\">\n\t\t\t\t<div class=\"elementor-widget-container\">\n\t\t\t\t\t\t\t<p>Kombination von Funktionen und Umweltschutz zur Erh\u00f6hung der Wiederkaufsrate der Kunden<br \/>- Selbstklebendes Design ohne Klebestreifen: atmungsaktiv, wasserdicht, hypoallergen, geeignet f\u00fcr empfindliche Haut (z. B. Kinder, Menschen mit Ekzemen).<br \/>- Leistung in medizinischer Qualit\u00e4t: CE-zertifiziert und ISO 13485-Standard, bietet zuverl\u00e4ssigen Wundschutz, f\u00fcr die Erste Hilfe zu Hause, Radfahren und Wandern und andere Szenarien.<\/p><p>\u00a0<\/p>\t\t\t\t\t\t<\/div>\n\t\t\t\t<\/div>\n\t\t\t\t\t<\/div>\n\t\t\t\t<\/div>\n\t\t<div class=\"elementor-element elementor-element-18bc0b1 e-flex e-con-boxed e-con e-parent\" data-id=\"18bc0b1\" data-element_type=\"container\">\n\t\t\t\t\t<div class=\"e-con-inner\">\n\t\t\t\t<div class=\"elementor-element elementor-element-c440adb elementor-widget elementor-widget-image\" data-id=\"c440adb\" data-element_type=\"widget\" data-widget_type=\"image.default\">\n\t\t\t\t<div class=\"elementor-widget-container\">\n\t\t\t\t\t\t\t\t\t\t\t\t\t<img loading=\"lazy\" decoding=\"async\" width=\"790\" height=\"541\" src=\"https:\/\/www.beishenge.com\/wp-content\/uploads\/2024\/07\/\u5fae\u4fe1\u56fe\u7247_20241120064251.jpg\" class=\"attachment-large size-large wp-image-3126\" alt=\"produce tapes and bandages\" srcset=\"https:\/\/www.beishenge.com\/wp-content\/uploads\/2024\/07\/\u5fae\u4fe1\u56fe\u7247_20241120064251.jpg 790w, https:\/\/www.beishenge.com\/wp-content\/uploads\/2024\/07\/\u5fae\u4fe1\u56fe\u7247_20241120064251-300x205.jpg 300w, https:\/\/www.beishenge.com\/wp-content\/uploads\/2024\/07\/\u5fae\u4fe1\u56fe\u7247_20241120064251-768x526.jpg 768w, https:\/\/www.beishenge.com\/wp-content\/uploads\/2024\/07\/\u5fae\u4fe1\u56fe\u7247_20241120064251-18x12.jpg 18w, https:\/\/www.beishenge.com\/wp-content\/uploads\/2024\/07\/\u5fae\u4fe1\u56fe\u7247_20241120064251-600x411.jpg 600w\" sizes=\"(max-width: 790px) 100vw, 790px\" \/>\t\t\t\t\t\t\t\t\t\t\t\t\t<\/div>\n\t\t\t\t<\/div>\n\t\t\t\t\t<\/div>\n\t\t\t\t<\/div>\n\t\t<div class=\"elementor-element elementor-element-fcb3286 e-flex e-con-boxed e-con e-parent\" data-id=\"fcb3286\" data-element_type=\"container\">\n\t\t\t\t\t<div class=\"e-con-inner\">\n\t\t\t\t<div class=\"elementor-element elementor-element-a877bf8 elementor-widget elementor-widget-text-editor\" data-id=\"a877bf8\" data-element_type=\"widget\" data-widget_type=\"text-editor.default\">\n\t\t\t\t<div class=\"elementor-widget-container\">\n\t\t\t\t\t\t\t<p>Werden Sie jetzt aktiv und nutzen Sie den europ\u00e4ischen Trend zur gr\u00fcnen Medizin! **<br \/>Erhalten Sie exklusive L\u00f6sungen<br \/>1. Antworten Sie auf die E-Mail, um \"kostenlose Muster\" anzufordern (einschlie\u00dflich Produkte in Originalgr\u00f6\u00dfe + Zertifizierungsunterlagen).<br \/>2. Vereinbaren Sie einen Termin f\u00fcr ein Online-Meeting, um die \"regionale Exklusivagentur-Police\" und die \"j\u00e4hrliche Rabatt-Tabelle\" zu erhalten.<\/p><p>&#8212;<br \/>Schl\u00fcsselw\u00f6rter:<br \/>B2B-Verbrauchsmaterial f\u00fcr den medizinischen Bereich, EU-konforme Bandagen, SUP-Richtlinien-Zertifizierung, umweltfreundliche Produkte mit hohem Gewinn, ma\u00dfgeschneiderte Lieferkette<\/p>\t\t\t\t\t\t<\/div>\n\t\t\t\t<\/div>\n\t\t\t\t\t<\/div>\n\t\t\t\t<\/div>\n\t\t\t\t<\/div>","protected":false},"excerpt":{"rendered":"<p>1. The wholesale price is about 5% higher than traditional self-adhesive bandages, but the retail price can be about 20%~30% higher than traditional self-adhesive bandages. 2. Customized packaging: supports LOGO printing, multi-language labels (covering English\/German\/French\/Dutch, etc.), and is suitable for the joint needs of pharmacies, supermarkets and environmentally friendly brands. 3. Differentiated competitiveness &#8211; Environmental [&hellip;]<\/p>","protected":false},"featured_media":3181,"template":"","meta":{"_seopress_robots_primary_cat":"none","_seopress_titles_title":"","_seopress_titles_desc":"","_seopress_robots_index":"","_uag_custom_page_level_css":""},"product_cat":[21,35],"product_tag":[],"class_list":{"0":"post-3177","1":"product","2":"type-product","3":"status-publish","4":"has-post-thumbnail","6":"product_cat-more-products","7":"product_cat-elastic-bandages-series","9":"first","10":"instock","11":"shipping-taxable","12":"product-type-simple"},"uagb_featured_image_src":{"full":["https:\/\/www.beishenge.com\/wp-content\/uploads\/2025\/02\/Eco-Friendly-Cohesive-bandage.webp",800,800,false],"thumbnail":["https:\/\/www.beishenge.com\/wp-content\/uploads\/2025\/02\/Eco-Friendly-Cohesive-bandage-150x150.webp",150,150,true],"medium":["https:\/\/www.beishenge.com\/wp-content\/uploads\/2025\/02\/Eco-Friendly-Cohesive-bandage-300x300.webp",300,300,true],"medium_large":["https:\/\/www.beishenge.com\/wp-content\/uploads\/2025\/02\/Eco-Friendly-Cohesive-bandage-768x768.webp",768,768,true],"large":["https:\/\/www.beishenge.com\/wp-content\/uploads\/2025\/02\/Eco-Friendly-Cohesive-bandage.webp",800,800,false],"1536x1536":["https:\/\/www.beishenge.com\/wp-content\/uploads\/2025\/02\/Eco-Friendly-Cohesive-bandage.webp",800,800,false],"2048x2048":["https:\/\/www.beishenge.com\/wp-content\/uploads\/2025\/02\/Eco-Friendly-Cohesive-bandage.webp",800,800,false],"trp-custom-language-flag":["https:\/\/www.beishenge.com\/wp-content\/uploads\/2025\/02\/Eco-Friendly-Cohesive-bandage-12x12.webp",12,12,true],"woocommerce_archive_thumbnail":["https:\/\/www.beishenge.com\/wp-content\/uploads\/2025\/02\/Eco-Friendly-Cohesive-bandage-300x300.webp",300,300,true],"woocommerce_thumbnail":["https:\/\/www.beishenge.com\/wp-content\/uploads\/2025\/02\/Eco-Friendly-Cohesive-bandage-300x300.webp",300,300,true],"woocommerce_single":["https:\/\/www.beishenge.com\/wp-content\/uploads\/2025\/02\/Eco-Friendly-Cohesive-bandage-600x600.webp",600,600,true],"woocommerce_gallery_thumbnail":["https:\/\/www.beishenge.com\/wp-content\/uploads\/2025\/02\/Eco-Friendly-Cohesive-bandage-100x100.webp",100,100,true]},"uagb_author_info":{"display_name":"onbysheng","author_link":"https:\/\/www.beishenge.com\/de\/author\/"},"uagb_comment_info":0,"uagb_excerpt":"1. The wholesale price is about 5% higher than traditional self-adhesive bandages, but the retail price can be about 20%~30% higher than traditional self-adhesive bandages. 2. Customized packaging: supports LOGO printing, multi-language labels (covering English\/German\/French\/Dutch, etc.), and is suitable for the joint needs of pharmacies, supermarkets and environmentally friendly brands. 3. Differentiated competitiveness &#8211; Environmental&hellip;","_links":{"self":[{"href":"https:\/\/www.beishenge.com\/de\/wp-json\/wp\/v2\/product\/3177","targetHints":{"allow":["GET"]}}],"collection":[{"href":"https:\/\/www.beishenge.com\/de\/wp-json\/wp\/v2\/product"}],"about":[{"href":"https:\/\/www.beishenge.com\/de\/wp-json\/wp\/v2\/types\/product"}],"version-history":[{"count":5,"href":"https:\/\/www.beishenge.com\/de\/wp-json\/wp\/v2\/product\/3177\/revisions"}],"predecessor-version":[{"id":3187,"href":"https:\/\/www.beishenge.com\/de\/wp-json\/wp\/v2\/product\/3177\/revisions\/3187"}],"wp:featuredmedia":[{"embeddable":true,"href":"https:\/\/www.beishenge.com\/de\/wp-json\/wp\/v2\/media\/3181"}],"wp:attachment":[{"href":"https:\/\/www.beishenge.com\/de\/wp-json\/wp\/v2\/media?parent=3177"}],"wp:term":[{"taxonomy":"product_cat","embeddable":true,"href":"https:\/\/www.beishenge.com\/de\/wp-json\/wp\/v2\/product_cat?post=3177"},{"taxonomy":"product_tag","embeddable":true,"href":"https:\/\/www.beishenge.com\/de\/wp-json\/wp\/v2\/product_tag?post=3177"}],"curies":[{"name":"wp","href":"https:\/\/api.w.org\/{rel}","templated":true}]}}