{"id":1136,"date":"2022-03-30T11:32:37","date_gmt":"2022-03-30T03:32:37","guid":{"rendered":"https:\/\/www.beishenge.com\/?post_type=product&#038;p=1136"},"modified":"2024-06-25T14:34:42","modified_gmt":"2024-06-25T06:34:42","slug":"waterproof-cgm-tape-freestyle-adhesive-patch-for-libre-enlite-guardian-sensor-covers","status":"publish","type":"product","link":"https:\/\/www.beishenge.com\/es\/producto\/waterproof-cgm-tape-freestyle-adhesive-patch-for-libre-enlite-guardian-sensor-covers\/","title":{"rendered":"Cinta adhesiva de algod\u00f3n para cubiertas de sensores Libre Enlite Guardian"},"content":{"rendered":"<p>Resistente - Nuestro exclusivo proceso de fabricaci\u00f3n garantiza que nuestro parche se adhiera durante m\u00e1s tiempo, y con menos irritaci\u00f3n, que cualquier otra cinta de sensor CGM del mercado.<\/p>\n<p>F\u00e1cil de usar- Nuestro m\u00e9todo de aplicaci\u00f3n garantiza que Simpatch se aplique tan f\u00e1cilmente como una tirita.<\/p>\n<p>Transpirable, material innovador - Nuestro material de tejido innovador se seca r\u00e1pidamente y evita que el sudor y el agua aflojen su dispositivo.<\/p>\n<p>Adhesivo hipoalerg\u00e9nico - Sin l\u00e1tex, resistente al agua, adhesivo acr\u00edlico 100%.<\/p>\n<p>&nbsp;<\/p>\n<p>* Personalizaci\u00f3n: Tanto el tama\u00f1o como el color se pueden personalizar. Soporte OEM.<br \/>\n* Tambi\u00e9n hay disponibles peque\u00f1as cantidades como pedido de pista.<br \/>\n* Plazo de entrega: plazo de entrega estable, 30-35 d\u00edas. En caso de emergencia, el plazo de entrega puede acortarse al m\u00e1ximo.<br \/>\n* Servicio: Las im\u00e1genes del producto y los v\u00eddeos del producto se proporcionar\u00e1n a los clientes para su inspecci\u00f3n antes del env\u00edo. Organizar la entrega despu\u00e9s de la confirmaci\u00f3n del cliente. Por favor, h\u00e1ganos saber de antemano si necesita probar muestras antes del env\u00edo.<\/p>","protected":false},"excerpt":{"rendered":"<p>Parche adhesivo Freestyle - Bueno para Libre - Enlite - Guardian - SIN pegamento en el centro del parche - Papel posterior precortado - \u00a1Larga fijaci\u00f3n para su sensor! (Tan)<\/p>","protected":false},"featured_media":1992,"template":"","meta":{"_seopress_robots_primary_cat":"none","_seopress_titles_title":"","_seopress_titles_desc":"","_seopress_robots_index":"","_uag_custom_page_level_css":""},"product_cat":[21],"product_tag":[],"class_list":{"0":"post-1136","1":"product","2":"type-product","3":"status-publish","4":"has-post-thumbnail","6":"product_cat-more-products","8":"first","9":"instock","10":"shipping-taxable","11":"product-type-simple"},"uagb_featured_image_src":{"full":["https:\/\/www.beishenge.com\/wp-content\/uploads\/2022\/03\/Adhesive-Patch-for-Libre_W_1980px.webp",1980,1980,false],"thumbnail":["https:\/\/www.beishenge.com\/wp-content\/uploads\/2022\/03\/Adhesive-Patch-for-Libre_W_1980px-150x150.webp",150,150,true],"medium":["https:\/\/www.beishenge.com\/wp-content\/uploads\/2022\/03\/Adhesive-Patch-for-Libre_W_1980px-300x300.webp",300,300,true],"medium_large":["https:\/\/www.beishenge.com\/wp-content\/uploads\/2022\/03\/Adhesive-Patch-for-Libre_W_1980px-768x768.webp",768,768,true],"large":["https:\/\/www.beishenge.com\/wp-content\/uploads\/2022\/03\/Adhesive-Patch-for-Libre_W_1980px-1024x1024.webp",1024,1024,true],"1536x1536":["https:\/\/www.beishenge.com\/wp-content\/uploads\/2022\/03\/Adhesive-Patch-for-Libre_W_1980px-1536x1536.webp",1536,1536,true],"2048x2048":["https:\/\/www.beishenge.com\/wp-content\/uploads\/2022\/03\/Adhesive-Patch-for-Libre_W_1980px.webp",1980,1980,false],"trp-custom-language-flag":["https:\/\/www.beishenge.com\/wp-content\/uploads\/2022\/03\/Adhesive-Patch-for-Libre_W_1980px.webp",12,12,false],"woocommerce_archive_thumbnail":["https:\/\/www.beishenge.com\/wp-content\/uploads\/2022\/03\/Adhesive-Patch-for-Libre_W_1980px-300x300.webp",300,300,true],"woocommerce_thumbnail":["https:\/\/www.beishenge.com\/wp-content\/uploads\/2022\/03\/Adhesive-Patch-for-Libre_W_1980px-300x300.webp",300,300,true],"woocommerce_single":["https:\/\/www.beishenge.com\/wp-content\/uploads\/2022\/03\/Adhesive-Patch-for-Libre_W_1980px-600x600.webp",600,600,true],"woocommerce_gallery_thumbnail":["https:\/\/www.beishenge.com\/wp-content\/uploads\/2022\/03\/Adhesive-Patch-for-Libre_W_1980px-100x100.webp",100,100,true]},"uagb_author_info":{"display_name":"onbysheng","author_link":"https:\/\/www.beishenge.com\/es\/author\/"},"uagb_comment_info":0,"uagb_excerpt":"Freestyle Adhesive Patch \u2013 Good for Libre \u2013 Enlite \u2013 Guardian \u2013 NO Glue in The Center of The Patch \u2013 Pre-Cut Back Paper \u2013 Long Fixation for Your Sensor! (Tan)","_links":{"self":[{"href":"https:\/\/www.beishenge.com\/es\/wp-json\/wp\/v2\/product\/1136","targetHints":{"allow":["GET"]}}],"collection":[{"href":"https:\/\/www.beishenge.com\/es\/wp-json\/wp\/v2\/product"}],"about":[{"href":"https:\/\/www.beishenge.com\/es\/wp-json\/wp\/v2\/types\/product"}],"version-history":[{"count":1,"href":"https:\/\/www.beishenge.com\/es\/wp-json\/wp\/v2\/product\/1136\/revisions"}],"predecessor-version":[{"id":1138,"href":"https:\/\/www.beishenge.com\/es\/wp-json\/wp\/v2\/product\/1136\/revisions\/1138"}],"wp:featuredmedia":[{"embeddable":true,"href":"https:\/\/www.beishenge.com\/es\/wp-json\/wp\/v2\/media\/1992"}],"wp:attachment":[{"href":"https:\/\/www.beishenge.com\/es\/wp-json\/wp\/v2\/media?parent=1136"}],"wp:term":[{"taxonomy":"product_cat","embeddable":true,"href":"https:\/\/www.beishenge.com\/es\/wp-json\/wp\/v2\/product_cat?post=1136"},{"taxonomy":"product_tag","embeddable":true,"href":"https:\/\/www.beishenge.com\/es\/wp-json\/wp\/v2\/product_tag?post=1136"}],"curies":[{"name":"wp","href":"https:\/\/api.w.org\/{rel}","templated":true}]}}