{"id":1139,"date":"2022-03-30T11:42:35","date_gmt":"2022-03-30T03:42:35","guid":{"rendered":"https:\/\/www.beishenge.com\/?post_type=product&#038;p=1139"},"modified":"2024-06-25T14:34:29","modified_gmt":"2024-06-25T06:34:29","slug":"adhesive-patches-waterproof-adhesive-covers-for-omnipod-sensors","status":"publish","type":"product","link":"https:\/\/www.beishenge.com\/es\/producto\/adhesive-patches-waterproof-adhesive-covers-for-omnipod-sensors\/","title":{"rendered":"Parches adhesivos Fundas adhesivas impermeables para sensores Omnipod"},"content":{"rendered":"<p>1.Adhesivo fuerte - Nuestro proceso de fabricaci\u00f3n \u00fanico asegura que nuestros parches dexcom se peguen por m\u00e1s tiempo, y con menos irritaci\u00f3n, que cualquier otra cinta de sensor CGM en el mercado.<\/p>\n<p>2. Apto para Omnipod (no apto para Dexcom G4, G5, G6, Enlite, Guardian 3)<\/p>\n<p>3. F\u00e1cil de usar - Nuestro m\u00e9todo de aplicaci\u00f3n garantiza que Simpatch se aplique tan f\u00e1cilmente como una tirita.<\/p>\n<p>4. Transpirable, material innovador - Nuestro material innovador se seca r\u00e1pidamente y evita que el sudor y el agua aflojen su dispositivo.<br \/>\nAdhesivo hipoalerg\u00e9nico - Sin l\u00e1tex, resistente al agua, adhesivo acr\u00edlico 100%.<\/p>","protected":false},"excerpt":{"rendered":"<p>Parches Adhesivos - Perfectos para Omnipod - Las Mejores Cubiertas Adhesivas Impermeables para Sensores - Papel Trasero Precortado - \u00a1La Mejor Fijaci\u00f3n a Largo Plazo! (Tan)<\/p>","protected":false},"featured_media":2024,"template":"","meta":{"_seopress_robots_primary_cat":"none","_seopress_titles_title":"","_seopress_titles_desc":"","_seopress_robots_index":"","_uag_custom_page_level_css":""},"product_cat":[21],"product_tag":[],"class_list":{"0":"post-1139","1":"product","2":"type-product","3":"status-publish","4":"has-post-thumbnail","6":"product_cat-more-products","8":"first","9":"instock","10":"shipping-taxable","11":"product-type-simple"},"uagb_featured_image_src":{"full":["https:\/\/www.beishenge.com\/wp-content\/uploads\/2022\/03\/OmniPod-Adhesive-Patch2_W_1980px.webp",1980,1980,false],"thumbnail":["https:\/\/www.beishenge.com\/wp-content\/uploads\/2022\/03\/OmniPod-Adhesive-Patch2_W_1980px-150x150.webp",150,150,true],"medium":["https:\/\/www.beishenge.com\/wp-content\/uploads\/2022\/03\/OmniPod-Adhesive-Patch2_W_1980px-300x300.webp",300,300,true],"medium_large":["https:\/\/www.beishenge.com\/wp-content\/uploads\/2022\/03\/OmniPod-Adhesive-Patch2_W_1980px-768x768.webp",768,768,true],"large":["https:\/\/www.beishenge.com\/wp-content\/uploads\/2022\/03\/OmniPod-Adhesive-Patch2_W_1980px-1024x1024.webp",1024,1024,true],"1536x1536":["https:\/\/www.beishenge.com\/wp-content\/uploads\/2022\/03\/OmniPod-Adhesive-Patch2_W_1980px-1536x1536.webp",1536,1536,true],"2048x2048":["https:\/\/www.beishenge.com\/wp-content\/uploads\/2022\/03\/OmniPod-Adhesive-Patch2_W_1980px.webp",1980,1980,false],"trp-custom-language-flag":["https:\/\/www.beishenge.com\/wp-content\/uploads\/2022\/03\/OmniPod-Adhesive-Patch2_W_1980px.webp",12,12,false],"woocommerce_archive_thumbnail":["https:\/\/www.beishenge.com\/wp-content\/uploads\/2022\/03\/OmniPod-Adhesive-Patch2_W_1980px-300x300.webp",300,300,true],"woocommerce_thumbnail":["https:\/\/www.beishenge.com\/wp-content\/uploads\/2022\/03\/OmniPod-Adhesive-Patch2_W_1980px-300x300.webp",300,300,true],"woocommerce_single":["https:\/\/www.beishenge.com\/wp-content\/uploads\/2022\/03\/OmniPod-Adhesive-Patch2_W_1980px-600x600.webp",600,600,true],"woocommerce_gallery_thumbnail":["https:\/\/www.beishenge.com\/wp-content\/uploads\/2022\/03\/OmniPod-Adhesive-Patch2_W_1980px-100x100.webp",100,100,true]},"uagb_author_info":{"display_name":"onbysheng","author_link":"https:\/\/www.beishenge.com\/es\/author\/"},"uagb_comment_info":0,"uagb_excerpt":"Adhesive Patches - Perfect for Omnipod - Best Waterproof Adhesive Covers for Sensors - Pre-Cut Back Paper - Best Long Fixation! (Tan)","_links":{"self":[{"href":"https:\/\/www.beishenge.com\/es\/wp-json\/wp\/v2\/product\/1139","targetHints":{"allow":["GET"]}}],"collection":[{"href":"https:\/\/www.beishenge.com\/es\/wp-json\/wp\/v2\/product"}],"about":[{"href":"https:\/\/www.beishenge.com\/es\/wp-json\/wp\/v2\/types\/product"}],"version-history":[{"count":1,"href":"https:\/\/www.beishenge.com\/es\/wp-json\/wp\/v2\/product\/1139\/revisions"}],"predecessor-version":[{"id":2028,"href":"https:\/\/www.beishenge.com\/es\/wp-json\/wp\/v2\/product\/1139\/revisions\/2028"}],"wp:featuredmedia":[{"embeddable":true,"href":"https:\/\/www.beishenge.com\/es\/wp-json\/wp\/v2\/media\/2024"}],"wp:attachment":[{"href":"https:\/\/www.beishenge.com\/es\/wp-json\/wp\/v2\/media?parent=1139"}],"wp:term":[{"taxonomy":"product_cat","embeddable":true,"href":"https:\/\/www.beishenge.com\/es\/wp-json\/wp\/v2\/product_cat?post=1139"},{"taxonomy":"product_tag","embeddable":true,"href":"https:\/\/www.beishenge.com\/es\/wp-json\/wp\/v2\/product_tag?post=1139"}],"curies":[{"name":"wp","href":"https:\/\/api.w.org\/{rel}","templated":true}]}}