{"id":1143,"date":"2022-03-30T11:54:37","date_gmt":"2022-03-30T03:54:37","guid":{"rendered":"https:\/\/www.beishenge.com\/?post_type=product&#038;p=1143"},"modified":"2024-06-26T11:12:00","modified_gmt":"2024-06-26T03:12:00","slug":"1143","status":"publish","type":"product","link":"https:\/\/www.beishenge.com\/es\/producto\/1143\/","title":{"rendered":"Parches adhesivos para el sensor Dexcom G6"},"content":{"rendered":"<h4>Llevamos muchos a\u00f1os fabricando parches adhesivos para el Dexcom G6. Ahora tenemos un nuevo dispositivo, el Dexcom G7. Producimos parches simult\u00e1neamente con el lanzamiento del sensor Dexcom G7.<\/h4>\n<h4>Los parches adhesivos Dexcom G6 son uno de nuestros productos m\u00e1s vendidos desde hace a\u00f1os. Tenemos una rica experiencia para satisfacer las diferentes necesidades del mercado y de los clientes.<\/h4>\n<h4>En cuanto a la selecci\u00f3n de parches para Dexcom G6 , disponemos de diferentes materias primas y formas.<\/h4>\n<h4>El parche adhesivo G6 de algod\u00f3n puro es el m\u00e1s tradicional y el primero en ser aceptado por la mayor\u00eda de los clientes. Tiene buena transpirabilidad y elasticidad, ricos colores, y la impresi\u00f3n, que es muy popular en el mercado.<\/h4>\n<h4>El tejido el\u00e1stico en cuatro direcciones es una mejora del material el\u00e1stico de algod\u00f3n. Tiene la suavidad y transpirabilidad del material de algod\u00f3n puro, pero es muy suave y fino, y la elasticidad puede estirarse por todas partes, y tambi\u00e9n hay una gran variedad de colores para elegir. Gustar\u00e1 a los clientes m\u00e1s exigentes.<\/h4>\n<h4>El material PU transparente tambi\u00e9n es muy popular. Los parches adhesivos transparentes Dexcom G6 fabricados con este material son muy ligeros, repelentes al agua y resistentes al sudor. Al ser transparente, no llama la atenci\u00f3n. Son discretos y c\u00f3modos. La tasa de recompra es muy alta.<\/h4>\n<h4><img fetchpriority=\"high\" decoding=\"async\" class=\"size-medium wp-image-2191\" src=\"https:\/\/www.beishenge.com\/wp-content\/uploads\/2022\/03\/\u4e0b\u8f7d-1-1-300x300.webp\" alt=\"\" width=\"300\" height=\"300\" srcset=\"https:\/\/www.beishenge.com\/wp-content\/uploads\/2022\/03\/\u4e0b\u8f7d-1-1-300x300.webp 300w, https:\/\/www.beishenge.com\/wp-content\/uploads\/2022\/03\/\u4e0b\u8f7d-1-1-150x150.webp 150w, https:\/\/www.beishenge.com\/wp-content\/uploads\/2022\/03\/\u4e0b\u8f7d-1-1-768x768.webp 768w, https:\/\/www.beishenge.com\/wp-content\/uploads\/2022\/03\/\u4e0b\u8f7d-1-1-600x600.webp 600w, https:\/\/www.beishenge.com\/wp-content\/uploads\/2022\/03\/\u4e0b\u8f7d-1-1-100x100.webp 100w, https:\/\/www.beishenge.com\/wp-content\/uploads\/2022\/03\/\u4e0b\u8f7d-1-1.webp 1000w\" sizes=\"(max-width: 300px) 100vw, 300px\" \/><\/h4>\n<h4><\/h4>\n<h4>Despu\u00e9s de tantos a\u00f1os de experiencia en el mercado, hemos mejorado continuamente el tama\u00f1o del parche y el di\u00e1metro interior del parche adhesivo Dexcom G6 para que sea m\u00e1s adecuado para el sensor Dexcom g6. Tambi\u00e9n hemos mejorado continuamente la parte precortada del papel soporte para facilitar a los clientes el manejo con una sola mano al utilizarlo.<\/h4>\n<h4>El pegamento que utilizamos es un pegamento hipoalerg\u00e9nico de calidad m\u00e9dica. Al mismo coste, la calidad de nuestros parches es la m\u00e1s estable y alta entre nuestros pares. Es respetuoso con la piel sensible<\/h4>\n<h4>Acerca de la personalizaci\u00f3n<br \/>\n1. En cuanto a la personalizaci\u00f3n, nuestra ventaja es que admitimos la personalizaci\u00f3n de lotes peque\u00f1os y la entrega r\u00e1pida.<br \/>\n2. Imprima el logotipo en el parche o en el papel de soporte del parche. Mejora la impresi\u00f3n que el cliente tiene de la marca.<br \/>\n3. Proporcione un borrador de dise\u00f1o o una muestra, y tambi\u00e9n podemos hacer pruebas y producir de acuerdo con el borrador de dise\u00f1o y la muestra.<br \/>\n4. Tambi\u00e9n se admiten embalajes personalizados. Si tiene sus propias ideas y necesidades, tambi\u00e9n le proporcionaremos un dise\u00f1o de embalaje gratuito basado en sus opiniones.<\/h4>\n<h4>Si tiene alguna pregunta o necesidad sobre los parches hipoalerg\u00e9nicos para Dexcom, omnipod, libre ect, no dude en ponerse en contacto con nosotros.<\/h4>\n<p>&nbsp;<\/p>","protected":false},"excerpt":{"rendered":"<p>Parches adhesivos impermeables para G6<\/p>\n<p>Sobreparche transparente de alta calidad para pieles sensibles<\/p>\n<p>Pactos adhesivos respetuosos con los ni\u00f1os y las pieles sensibles<\/p>\n<p>Fundas de larga duraci\u00f3n de 10 d\u00edas F\u00e1ciles de usar con una sola mano<\/p>\n<p>&nbsp;<\/p>","protected":false},"featured_media":2013,"template":"","meta":{"_seopress_robots_primary_cat":"none","_seopress_titles_title":"","_seopress_titles_desc":"Waterproof Adhesive Patches for G6, Friendly adhesive pacthes for kids and senstive skin, Dexcom G6 pacthes","_seopress_robots_index":"","_uag_custom_page_level_css":""},"product_cat":[34],"product_tag":[],"class_list":{"0":"post-1143","1":"product","2":"type-product","3":"status-publish","4":"has-post-thumbnail","6":"product_cat-patches-for-sensor","8":"first","9":"instock","10":"shipping-taxable","11":"product-type-simple"},"uagb_featured_image_src":{"full":["https:\/\/www.beishenge.com\/wp-content\/uploads\/2022\/03\/G6-Adhesive-Patches-blue_W_1980px.webp",1980,1878,false],"thumbnail":["https:\/\/www.beishenge.com\/wp-content\/uploads\/2022\/03\/G6-Adhesive-Patches-blue_W_1980px-150x150.webp",150,150,true],"medium":["https:\/\/www.beishenge.com\/wp-content\/uploads\/2022\/03\/G6-Adhesive-Patches-blue_W_1980px-300x285.webp",300,285,true],"medium_large":["https:\/\/www.beishenge.com\/wp-content\/uploads\/2022\/03\/G6-Adhesive-Patches-blue_W_1980px-768x728.webp",768,728,true],"large":["https:\/\/www.beishenge.com\/wp-content\/uploads\/2022\/03\/G6-Adhesive-Patches-blue_W_1980px-1024x971.webp",1024,971,true],"1536x1536":["https:\/\/www.beishenge.com\/wp-content\/uploads\/2022\/03\/G6-Adhesive-Patches-blue_W_1980px-1536x1457.webp",1536,1457,true],"2048x2048":["https:\/\/www.beishenge.com\/wp-content\/uploads\/2022\/03\/G6-Adhesive-Patches-blue_W_1980px.webp",1980,1878,false],"trp-custom-language-flag":["https:\/\/www.beishenge.com\/wp-content\/uploads\/2022\/03\/G6-Adhesive-Patches-blue_W_1980px.webp",13,12,false],"woocommerce_archive_thumbnail":["https:\/\/www.beishenge.com\/wp-content\/uploads\/2022\/03\/G6-Adhesive-Patches-blue_W_1980px-300x285.webp",300,285,true],"woocommerce_thumbnail":["https:\/\/www.beishenge.com\/wp-content\/uploads\/2022\/03\/G6-Adhesive-Patches-blue_W_1980px-300x285.webp",300,285,true],"woocommerce_single":["https:\/\/www.beishenge.com\/wp-content\/uploads\/2022\/03\/G6-Adhesive-Patches-blue_W_1980px-600x569.webp",600,569,true],"woocommerce_gallery_thumbnail":["https:\/\/www.beishenge.com\/wp-content\/uploads\/2022\/03\/G6-Adhesive-Patches-blue_W_1980px-100x100.webp",100,100,true]},"uagb_author_info":{"display_name":"onbysheng","author_link":"https:\/\/www.beishenge.com\/es\/author\/"},"uagb_comment_info":0,"uagb_excerpt":"Waterproof Adhesive Patches for G6 Premium Transparent Overpatch for senstive skin Friendly adhesive pacthes for kids and senstive skin 10 Days Long Stay Covers Easy to Use by One Hand &nbsp;","_links":{"self":[{"href":"https:\/\/www.beishenge.com\/es\/wp-json\/wp\/v2\/product\/1143","targetHints":{"allow":["GET"]}}],"collection":[{"href":"https:\/\/www.beishenge.com\/es\/wp-json\/wp\/v2\/product"}],"about":[{"href":"https:\/\/www.beishenge.com\/es\/wp-json\/wp\/v2\/types\/product"}],"version-history":[{"count":1,"href":"https:\/\/www.beishenge.com\/es\/wp-json\/wp\/v2\/product\/1143\/revisions"}],"predecessor-version":[{"id":1147,"href":"https:\/\/www.beishenge.com\/es\/wp-json\/wp\/v2\/product\/1143\/revisions\/1147"}],"wp:featuredmedia":[{"embeddable":true,"href":"https:\/\/www.beishenge.com\/es\/wp-json\/wp\/v2\/media\/2013"}],"wp:attachment":[{"href":"https:\/\/www.beishenge.com\/es\/wp-json\/wp\/v2\/media?parent=1143"}],"wp:term":[{"taxonomy":"product_cat","embeddable":true,"href":"https:\/\/www.beishenge.com\/es\/wp-json\/wp\/v2\/product_cat?post=1143"},{"taxonomy":"product_tag","embeddable":true,"href":"https:\/\/www.beishenge.com\/es\/wp-json\/wp\/v2\/product_tag?post=1143"}],"curies":[{"name":"wp","href":"https:\/\/api.w.org\/{rel}","templated":true}]}}