{"id":1150,"date":"2022-03-30T12:59:34","date_gmt":"2022-03-30T04:59:34","guid":{"rendered":"https:\/\/www.beishenge.com\/?post_type=product&#038;p=1150"},"modified":"2024-10-18T09:31:22","modified_gmt":"2024-10-18T01:31:22","slug":"clear-color-freestyle-sensor-covers-for-libre-transparent-cgm-overpatch-tape","status":"publish","type":"product","link":"https:\/\/www.beishenge.com\/es\/producto\/clear-color-freestyle-sensor-covers-for-libre-transparent-cgm-overpatch-tape\/","title":{"rendered":"Parches adhesivos Libre Freestyle"},"content":{"rendered":"<div data-elementor-type=\"wp-post\" data-elementor-id=\"1150\" class=\"elementor elementor-1150\">\n\t\t\t\t<div class=\"elementor-element elementor-element-b114e37 e-flex e-con-boxed e-con e-parent\" data-id=\"b114e37\" data-element_type=\"container\">\n\t\t\t\t\t<div class=\"e-con-inner\">\n\t\t\t\t<div class=\"elementor-element elementor-element-87d1b84 elementor-widget elementor-widget-heading\" data-id=\"87d1b84\" data-element_type=\"widget\" data-widget_type=\"heading.default\">\n\t\t\t\t<div class=\"elementor-widget-container\">\n\t\t\t<style>\/*! elementor - v3.23.0 - 25-07-2024 *\/\n.elementor-heading-title{padding:0;margin:0;line-height:1}.elementor-widget-heading .elementor-heading-title[class*=elementor-size-]>a{color:inherit;font-size:inherit;line-height:inherit}.elementor-widget-heading .elementor-heading-title.elementor-size-small{font-size:15px}.elementor-widget-heading .elementor-heading-title.elementor-size-medium{font-size:19px}.elementor-widget-heading .elementor-heading-title.elementor-size-large{font-size:29px}.elementor-widget-heading .elementor-heading-title.elementor-size-xl{font-size:39px}.elementor-widget-heading .elementor-heading-title.elementor-size-xxl{font-size:59px}<\/style><h2 class=\"elementor-heading-title elementor-size-default\">Parches adhesivos Freestyle Libre\nParches adhesivos impermeables para Freestyle Libre Overlay<\/h2>\t\t<\/div>\n\t\t\t\t<\/div>\n\t\t\t\t\t<\/div>\n\t\t\t\t<\/div>\n\t\t<div class=\"elementor-element elementor-element-b1f4bcc e-flex e-con-boxed e-con e-parent\" data-id=\"b1f4bcc\" data-element_type=\"container\">\n\t\t\t\t\t<div class=\"e-con-inner\">\n\t\t\t\t<div class=\"elementor-element elementor-element-2fe714d elementor-widget elementor-widget-heading\" data-id=\"2fe714d\" data-element_type=\"widget\" data-widget_type=\"heading.default\">\n\t\t\t\t<div class=\"elementor-widget-container\">\n\t\t\t<h3 class=\"elementor-heading-title elementor-size-default\">Elija el material para la superposici\u00f3n de Freestyle Libre<\/h3>\t\t<\/div>\n\t\t\t\t<\/div>\n\t\t\t\t\t<\/div>\n\t\t\t\t<\/div>\n\t\t<div class=\"elementor-element elementor-element-0d42592 e-flex e-con-boxed e-con e-parent\" data-id=\"0d42592\" data-element_type=\"container\">\n\t\t\t\t\t<div class=\"e-con-inner\">\n\t\t<div class=\"elementor-element elementor-element-ddf249f e-con-full e-flex e-con e-child\" data-id=\"ddf249f\" data-element_type=\"container\">\n\t\t\t\t<div class=\"elementor-element elementor-element-908118b elementor-widget elementor-widget-image\" data-id=\"908118b\" data-element_type=\"widget\" data-widget_type=\"image.default\">\n\t\t\t\t<div class=\"elementor-widget-container\">\n\t\t\t<style>\/*! elementor - v3.23.0 - 25-07-2024 *\/\n.elementor-widget-image{text-align:center}.elementor-widget-image a{display:inline-block}.elementor-widget-image a img[src$=\".svg\"]{width:48px}.elementor-widget-image img{vertical-align:middle;display:inline-block}<\/style>\t\t\t\t\t\t\t\t\t\t<img fetchpriority=\"high\" decoding=\"async\" width=\"1024\" height=\"1024\" src=\"https:\/\/www.beishenge.com\/wp-content\/uploads\/2022\/03\/\u56fe\u724711-1-1024x1024.webp\" class=\"attachment-large size-large wp-image-3032\" alt=\"High elastic adhesive patch\" srcset=\"https:\/\/www.beishenge.com\/wp-content\/uploads\/2022\/03\/\u56fe\u724711-1-1024x1024.webp 1024w, https:\/\/www.beishenge.com\/wp-content\/uploads\/2022\/03\/\u56fe\u724711-1-300x300.webp 300w, https:\/\/www.beishenge.com\/wp-content\/uploads\/2022\/03\/\u56fe\u724711-1-150x150.webp 150w, https:\/\/www.beishenge.com\/wp-content\/uploads\/2022\/03\/\u56fe\u724711-1-768x768.webp 768w, https:\/\/www.beishenge.com\/wp-content\/uploads\/2022\/03\/\u56fe\u724711-1-1536x1536.webp 1536w, https:\/\/www.beishenge.com\/wp-content\/uploads\/2022\/03\/\u56fe\u724711-1-12x12.webp 12w, https:\/\/www.beishenge.com\/wp-content\/uploads\/2022\/03\/\u56fe\u724711-1-600x600.webp 600w, https:\/\/www.beishenge.com\/wp-content\/uploads\/2022\/03\/\u56fe\u724711-1-100x100.webp 100w, https:\/\/www.beishenge.com\/wp-content\/uploads\/2022\/03\/\u56fe\u724711-1.webp 1600w\" sizes=\"(max-width: 1024px) 100vw, 1024px\" \/>\t\t\t\t\t\t\t\t\t\t\t\t\t<\/div>\n\t\t\t\t<\/div>\n\t\t\t\t<div class=\"elementor-element elementor-element-45f1ae8 elementor-widget elementor-widget-text-editor\" data-id=\"45f1ae8\" data-element_type=\"widget\" data-widget_type=\"text-editor.default\">\n\t\t\t\t<div class=\"elementor-widget-container\">\n\t\t\t<style>\/*! elementor - v3.23.0 - 25-07-2024 *\/\n.elementor-widget-text-editor.elementor-drop-cap-view-stacked .elementor-drop-cap{background-color:#69727d;color:#fff}.elementor-widget-text-editor.elementor-drop-cap-view-framed .elementor-drop-cap{color:#69727d;border:3px solid;background-color:transparent}.elementor-widget-text-editor:not(.elementor-drop-cap-view-default) .elementor-drop-cap{margin-top:8px}.elementor-widget-text-editor:not(.elementor-drop-cap-view-default) .elementor-drop-cap-letter{width:1em;height:1em}.elementor-widget-text-editor .elementor-drop-cap{float:left;text-align:center;line-height:1;font-size:50px}.elementor-widget-text-editor .elementor-drop-cap-letter{display:inline-block}<\/style>\t\t\t\t<p>Utilice material de nylon freestyle libre 2 3 parches adhesivos sensor, la elasticidad ser\u00e1 muy bueno, se puede estirar en todas las direcciones, y la tela es m\u00e1s suave y m\u00e1s delicado que el algod\u00f3n.<\/p>\t\t\t\t\t\t<\/div>\n\t\t\t\t<\/div>\n\t\t\t\t<\/div>\n\t\t<div class=\"elementor-element elementor-element-4f1cf73 e-con-full e-flex e-con e-child\" data-id=\"4f1cf73\" data-element_type=\"container\">\n\t\t\t\t<div class=\"elementor-element elementor-element-c5aa1f9 elementor-widget elementor-widget-image\" data-id=\"c5aa1f9\" data-element_type=\"widget\" data-widget_type=\"image.default\">\n\t\t\t\t<div class=\"elementor-widget-container\">\n\t\t\t\t\t\t\t\t\t\t\t\t\t<img decoding=\"async\" width=\"614\" height=\"614\" src=\"https:\/\/www.beishenge.com\/wp-content\/uploads\/2022\/03\/Free-style-Libre-adheisve-patches-1-1.webp\" class=\"attachment-large size-large wp-image-3033\" alt=\"long lasting cotton adhesive patch\" srcset=\"https:\/\/www.beishenge.com\/wp-content\/uploads\/2022\/03\/Free-style-Libre-adheisve-patches-1-1.webp 614w, https:\/\/www.beishenge.com\/wp-content\/uploads\/2022\/03\/Free-style-Libre-adheisve-patches-1-1-300x300.webp 300w, https:\/\/www.beishenge.com\/wp-content\/uploads\/2022\/03\/Free-style-Libre-adheisve-patches-1-1-150x150.webp 150w, https:\/\/www.beishenge.com\/wp-content\/uploads\/2022\/03\/Free-style-Libre-adheisve-patches-1-1-12x12.webp 12w, https:\/\/www.beishenge.com\/wp-content\/uploads\/2022\/03\/Free-style-Libre-adheisve-patches-1-1-600x600.webp 600w, https:\/\/www.beishenge.com\/wp-content\/uploads\/2022\/03\/Free-style-Libre-adheisve-patches-1-1-100x100.webp 100w\" sizes=\"(max-width: 614px) 100vw, 614px\" \/>\t\t\t\t\t\t\t\t\t\t\t\t\t<\/div>\n\t\t\t\t<\/div>\n\t\t\t\t<div class=\"elementor-element elementor-element-dc9c347 elementor-widget elementor-widget-text-editor\" data-id=\"dc9c347\" data-element_type=\"widget\" data-widget_type=\"text-editor.default\">\n\t\t\t\t<div class=\"elementor-widget-container\">\n\t\t\t\t\t\t\t<p>Utilice material el\u00e1stico de algod\u00f3n para el parche adhesivo libre, el producto ser\u00e1 m\u00e1s transpirable, rico en color, y se puede personalizar en varios colores y estampados.<\/p>\t\t\t\t\t\t<\/div>\n\t\t\t\t<\/div>\n\t\t\t\t<\/div>\n\t\t<div class=\"elementor-element elementor-element-f3bf5ac e-con-full e-flex e-con e-child\" data-id=\"f3bf5ac\" data-element_type=\"container\">\n\t\t\t\t<div class=\"elementor-element elementor-element-a20caf4 elementor-widget elementor-widget-image\" data-id=\"a20caf4\" data-element_type=\"widget\" data-widget_type=\"image.default\">\n\t\t\t\t<div class=\"elementor-widget-container\">\n\t\t\t\t\t\t\t\t\t\t\t\t\t<img decoding=\"async\" width=\"800\" height=\"800\" src=\"https:\/\/www.beishenge.com\/wp-content\/uploads\/2022\/03\/81dNIposiNL._AC_SX679__\u526f\u672c.webp\" class=\"attachment-large size-large wp-image-3036\" alt=\"printed adhesive patch\" srcset=\"https:\/\/www.beishenge.com\/wp-content\/uploads\/2022\/03\/81dNIposiNL._AC_SX679__\u526f\u672c.webp 800w, https:\/\/www.beishenge.com\/wp-content\/uploads\/2022\/03\/81dNIposiNL._AC_SX679__\u526f\u672c-300x300.webp 300w, https:\/\/www.beishenge.com\/wp-content\/uploads\/2022\/03\/81dNIposiNL._AC_SX679__\u526f\u672c-150x150.webp 150w, https:\/\/www.beishenge.com\/wp-content\/uploads\/2022\/03\/81dNIposiNL._AC_SX679__\u526f\u672c-768x768.webp 768w, https:\/\/www.beishenge.com\/wp-content\/uploads\/2022\/03\/81dNIposiNL._AC_SX679__\u526f\u672c-12x12.webp 12w, https:\/\/www.beishenge.com\/wp-content\/uploads\/2022\/03\/81dNIposiNL._AC_SX679__\u526f\u672c-600x600.webp 600w, https:\/\/www.beishenge.com\/wp-content\/uploads\/2022\/03\/81dNIposiNL._AC_SX679__\u526f\u672c-100x100.webp 100w\" sizes=\"(max-width: 800px) 100vw, 800px\" \/>\t\t\t\t\t\t\t\t\t\t\t\t\t<\/div>\n\t\t\t\t<\/div>\n\t\t\t\t<div class=\"elementor-element elementor-element-f7b525a elementor-widget elementor-widget-text-editor\" data-id=\"f7b525a\" data-element_type=\"widget\" data-widget_type=\"text-editor.default\">\n\t\t\t\t<div class=\"elementor-widget-container\">\n\t\t\t\t\t\t\t<p>Utilizar material de tela no tejida para el vendaje freestyle libre 2 3, la impresi\u00f3n ser\u00e1 muy f\u00e1cil de lograr, y el efecto de impresi\u00f3n es mejor que el algod\u00f3n puro. Tambi\u00e9n es m\u00e1s ligero y m\u00e1s transpirable.<\/p>\t\t\t\t\t\t<\/div>\n\t\t\t\t<\/div>\n\t\t\t\t<\/div>\n\t\t<div class=\"elementor-element elementor-element-b28a9e1 e-con-full e-flex e-con e-child\" data-id=\"b28a9e1\" data-element_type=\"container\">\n\t\t\t\t<div class=\"elementor-element elementor-element-7e47fde elementor-widget elementor-widget-image\" data-id=\"7e47fde\" data-element_type=\"widget\" data-widget_type=\"image.default\">\n\t\t\t\t<div class=\"elementor-widget-container\">\n\t\t\t\t\t\t\t\t\t\t\t\t\t<img loading=\"lazy\" decoding=\"async\" width=\"1024\" height=\"1024\" src=\"https:\/\/www.beishenge.com\/wp-content\/uploads\/2022\/03\/Transprent-Freestyle-Sensor-Cover-1-1024x1024.jpg\" class=\"attachment-large size-large wp-image-3034\" alt=\"Transprent adheisve patch\" srcset=\"https:\/\/www.beishenge.com\/wp-content\/uploads\/2022\/03\/Transprent-Freestyle-Sensor-Cover-1-1024x1024.jpg 1024w, https:\/\/www.beishenge.com\/wp-content\/uploads\/2022\/03\/Transprent-Freestyle-Sensor-Cover-1-300x300.jpg 300w, https:\/\/www.beishenge.com\/wp-content\/uploads\/2022\/03\/Transprent-Freestyle-Sensor-Cover-1-150x150.jpg 150w, https:\/\/www.beishenge.com\/wp-content\/uploads\/2022\/03\/Transprent-Freestyle-Sensor-Cover-1-768x768.jpg 768w, https:\/\/www.beishenge.com\/wp-content\/uploads\/2022\/03\/Transprent-Freestyle-Sensor-Cover-1-12x12.jpg 12w, https:\/\/www.beishenge.com\/wp-content\/uploads\/2022\/03\/Transprent-Freestyle-Sensor-Cover-1-600x600.jpg 600w, https:\/\/www.beishenge.com\/wp-content\/uploads\/2022\/03\/Transprent-Freestyle-Sensor-Cover-1-100x100.jpg 100w, https:\/\/www.beishenge.com\/wp-content\/uploads\/2022\/03\/Transprent-Freestyle-Sensor-Cover-1.jpg 1300w\" sizes=\"(max-width: 1024px) 100vw, 1024px\" \/>\t\t\t\t\t\t\t\t\t\t\t\t\t<\/div>\n\t\t\t\t<\/div>\n\t\t\t\t<div class=\"elementor-element elementor-element-0b447a4 elementor-widget elementor-widget-text-editor\" data-id=\"0b447a4\" data-element_type=\"widget\" data-widget_type=\"text-editor.default\">\n\t\t\t\t<div class=\"elementor-widget-container\">\n\t\t\t\t\t\t\t<p>Utilice pel\u00edcula de PU de grado m\u00e9dico para freestyle libre 2 3 parches adhesivos, que se ajuste a la piel muy bien y se siente la luz durante el uso . Una elecci\u00f3n popular en el mercado.<\/p>\t\t\t\t\t\t<\/div>\n\t\t\t\t<\/div>\n\t\t\t\t<\/div>\n\t\t\t\t\t<\/div>\n\t\t\t\t<\/div>\n\t\t<div class=\"elementor-element elementor-element-e8a0d0e e-flex e-con-boxed e-con e-parent\" data-id=\"e8a0d0e\" data-element_type=\"container\">\n\t\t\t\t\t<div class=\"e-con-inner\">\n\t\t\t\t<div class=\"elementor-element elementor-element-dd85611 elementor-widget elementor-widget-heading\" data-id=\"dd85611\" data-element_type=\"widget\" data-widget_type=\"heading.default\">\n\t\t\t\t<div class=\"elementor-widget-container\">\n\t\t\t<h2 class=\"elementor-heading-title elementor-size-default\">Personalizaci\u00f3n:Soporta OEM &amp;ODM<\/h2>\t\t<\/div>\n\t\t\t\t<\/div>\n\t\t\t\t\t<\/div>\n\t\t\t\t<\/div>\n\t\t<div class=\"elementor-element elementor-element-2109785 e-flex e-con-boxed e-con e-parent\" data-id=\"2109785\" data-element_type=\"container\">\n\t\t\t\t\t<div class=\"e-con-inner\">\n\t\t\t\t<div class=\"elementor-element elementor-element-babc145 elementor-widget elementor-widget-text-editor\" data-id=\"babc145\" data-element_type=\"widget\" data-widget_type=\"text-editor.default\">\n\t\t\t\t<div class=\"elementor-widget-container\">\n\t\t\t\t\t\t\t<p>Parches adhesivos personalizados freestyle.<\/p><p>Normalmente, personalizar su logotipo en cinta es uno de los medios m\u00e1s comunes para promocionar su marca. Muchos comerciantes de marcas imprimen su logotipo en telas y papel soporte para atraer a los clientes y dejar huella.<\/p><p>\u00a0<\/p><p>Tambi\u00e9n puede imprimir motivos representativos para a\u00f1adirles significado. Por ejemplo, imprimir motivos de dibujos animados resulta animado e interesante. Personaliza los gr\u00e1ficos de las banderas para reflejar tus creencias personales. Imprime motivos de constelaciones para creer en las bendiciones de Dios.<\/p><p>Adem\u00e1s, tambi\u00e9n hay disponibles tama\u00f1os y envases personalizados.<br \/>Nuestro tiempo de pruebas suele ser de unos 10 d\u00edas, siempre que nos facilite los detalles de sus necesidades.<\/p><p>* Tambi\u00e9n hay disponibles peque\u00f1as cantidades como pedido de pista.<br \/>* Servicio: Las im\u00e1genes del producto y los videos del producto se proporcionar\u00e1n a los compradores para su inspecci\u00f3n antes del env\u00edo. Organizar la entrega despu\u00e9s de la confirmaci\u00f3n del cliente. Por favor, h\u00e1ganos saber de antemano si necesita probar muestras antes del env\u00edo.<\/p>\t\t\t\t\t\t<\/div>\n\t\t\t\t<\/div>\n\t\t\t\t\t<\/div>\n\t\t\t\t<\/div>\n\t\t\t\t<\/div>","protected":false},"excerpt":{"rendered":"<p>Parches adhesivos impermeables para freestyle libre<\/p>\n<p>Parches adhesivos para sensores Libre<\/p>\n<p>Freestyle libre 3 parches adhesivos<\/p>\n<p>Parches adhesivos para freestyle libre 2\/3<\/p>\n<p>&nbsp;<\/p>","protected":false},"featured_media":2469,"template":"","meta":{"_seopress_robots_primary_cat":"none","_seopress_titles_title":"%%post_title%%","_seopress_titles_desc":"adhesive patches for libre 3\/2, waterproof patches for freestyle libre sensor adhesive patches, latex free and excellent glue last 10 days more.","_seopress_robots_index":"","_uag_custom_page_level_css":""},"product_cat":[34],"product_tag":[],"class_list":{"0":"post-1150","1":"product","2":"type-product","3":"status-publish","4":"has-post-thumbnail","6":"product_cat-patches-for-sensor","8":"first","9":"instock","10":"shipping-taxable","11":"product-type-simple"},"uagb_featured_image_src":{"full":["https:\/\/www.beishenge.com\/wp-content\/uploads\/2022\/03\/\u4efb\u52a1_13085322_2.webp",1024,1024,false],"thumbnail":["https:\/\/www.beishenge.com\/wp-content\/uploads\/2022\/03\/\u4efb\u52a1_13085322_2-150x150.webp",150,150,true],"medium":["https:\/\/www.beishenge.com\/wp-content\/uploads\/2022\/03\/\u4efb\u52a1_13085322_2-300x300.webp",300,300,true],"medium_large":["https:\/\/www.beishenge.com\/wp-content\/uploads\/2022\/03\/\u4efb\u52a1_13085322_2-768x768.webp",768,768,true],"large":["https:\/\/www.beishenge.com\/wp-content\/uploads\/2022\/03\/\u4efb\u52a1_13085322_2.webp",1024,1024,false],"1536x1536":["https:\/\/www.beishenge.com\/wp-content\/uploads\/2022\/03\/\u4efb\u52a1_13085322_2.webp",1024,1024,false],"2048x2048":["https:\/\/www.beishenge.com\/wp-content\/uploads\/2022\/03\/\u4efb\u52a1_13085322_2.webp",1024,1024,false],"trp-custom-language-flag":["https:\/\/www.beishenge.com\/wp-content\/uploads\/2022\/03\/\u4efb\u52a1_13085322_2.webp",12,12,false],"woocommerce_archive_thumbnail":["https:\/\/www.beishenge.com\/wp-content\/uploads\/2022\/03\/\u4efb\u52a1_13085322_2-300x300.webp",300,300,true],"woocommerce_thumbnail":["https:\/\/www.beishenge.com\/wp-content\/uploads\/2022\/03\/\u4efb\u52a1_13085322_2-300x300.webp",300,300,true],"woocommerce_single":["https:\/\/www.beishenge.com\/wp-content\/uploads\/2022\/03\/\u4efb\u52a1_13085322_2-600x600.webp",600,600,true],"woocommerce_gallery_thumbnail":["https:\/\/www.beishenge.com\/wp-content\/uploads\/2022\/03\/\u4efb\u52a1_13085322_2-100x100.webp",100,100,true]},"uagb_author_info":{"display_name":"onbysheng","author_link":"https:\/\/www.beishenge.com\/es\/author\/"},"uagb_comment_info":0,"uagb_excerpt":"Waterproof adhesive patches for freestyle libre Libre sensor adhesive patches Freestyle libre 3 adhesive patches Adhesive patches for freestyle libre 2\/3 &nbsp;","_links":{"self":[{"href":"https:\/\/www.beishenge.com\/es\/wp-json\/wp\/v2\/product\/1150","targetHints":{"allow":["GET"]}}],"collection":[{"href":"https:\/\/www.beishenge.com\/es\/wp-json\/wp\/v2\/product"}],"about":[{"href":"https:\/\/www.beishenge.com\/es\/wp-json\/wp\/v2\/types\/product"}],"version-history":[{"count":6,"href":"https:\/\/www.beishenge.com\/es\/wp-json\/wp\/v2\/product\/1150\/revisions"}],"predecessor-version":[{"id":3040,"href":"https:\/\/www.beishenge.com\/es\/wp-json\/wp\/v2\/product\/1150\/revisions\/3040"}],"wp:featuredmedia":[{"embeddable":true,"href":"https:\/\/www.beishenge.com\/es\/wp-json\/wp\/v2\/media\/2469"}],"wp:attachment":[{"href":"https:\/\/www.beishenge.com\/es\/wp-json\/wp\/v2\/media?parent=1150"}],"wp:term":[{"taxonomy":"product_cat","embeddable":true,"href":"https:\/\/www.beishenge.com\/es\/wp-json\/wp\/v2\/product_cat?post=1150"},{"taxonomy":"product_tag","embeddable":true,"href":"https:\/\/www.beishenge.com\/es\/wp-json\/wp\/v2\/product_tag?post=1150"}],"curies":[{"name":"wp","href":"https:\/\/api.w.org\/{rel}","templated":true}]}}