{"id":1153,"date":"2022-03-30T13:17:15","date_gmt":"2022-03-30T05:17:15","guid":{"rendered":"https:\/\/www.beishenge.com\/?post_type=product&#038;p=1153"},"modified":"2024-06-25T14:32:44","modified_gmt":"2024-06-25T06:32:44","slug":"transparent-omnipod-adhesive-patches-waterproof-clear-omnipod-covers","status":"publish","type":"product","link":"https:\/\/www.beishenge.com\/es\/producto\/transparent-omnipod-adhesive-patches-waterproof-clear-omnipod-covers\/","title":{"rendered":"Parche adhesivo para Omnipod"},"content":{"rendered":"<h4>Omnipod Patches es uno de los principales productos de nuestra empresa. Al igual que los parches Dexcom G5, Dexcom G6, Dexcom G7 y Libre Free, ha sido mejorado durante casi diez a\u00f1os. Ahora hay muchas opciones de parches Omnipod.<\/h4>\n<h4>En cuanto a los materiales, hay materiales el\u00e1sticos de algod\u00f3n puro, materiales transparentes de PU y materiales no tejidos. Tambi\u00e9n hay una gran variedad de colores y estampados para satisfacer las preferencias de los distintos clientes.<\/h4>\n<p><img fetchpriority=\"high\" decoding=\"async\" class=\"alignnone size-medium wp-image-2189\" src=\"https:\/\/www.beishenge.com\/wp-content\/uploads\/2022\/03\/\u4e0b\u8f7d-1-300x300.webp\" alt=\"\" width=\"300\" height=\"300\" srcset=\"https:\/\/www.beishenge.com\/wp-content\/uploads\/2022\/03\/\u4e0b\u8f7d-1-300x300.webp 300w, https:\/\/www.beishenge.com\/wp-content\/uploads\/2022\/03\/\u4e0b\u8f7d-1-150x150.webp 150w, https:\/\/www.beishenge.com\/wp-content\/uploads\/2022\/03\/\u4e0b\u8f7d-1-768x768.webp 768w, https:\/\/www.beishenge.com\/wp-content\/uploads\/2022\/03\/\u4e0b\u8f7d-1-600x600.webp 600w, https:\/\/www.beishenge.com\/wp-content\/uploads\/2022\/03\/\u4e0b\u8f7d-1-100x100.webp 100w, https:\/\/www.beishenge.com\/wp-content\/uploads\/2022\/03\/\u4e0b\u8f7d-1.webp 1000w\" sizes=\"(max-width: 300px) 100vw, 300px\" \/><\/p>\n<h4>En cuanto a la apariencia, hay parches precortados en forma de puerta que se ajustan perfectamente al sensor Omnipod, tambi\u00e9n hay tiras en forma de puerta, y hay agujeros en los parches, etc.<\/h4>\n<h4><img decoding=\"async\" class=\"alignnone size-medium wp-image-2188\" src=\"https:\/\/www.beishenge.com\/wp-content\/uploads\/2022\/03\/All-kinds-of-patches-1-300x112.webp\" alt=\"\" width=\"300\" height=\"112\" srcset=\"https:\/\/www.beishenge.com\/wp-content\/uploads\/2022\/03\/All-kinds-of-patches-1-300x112.webp 300w, https:\/\/www.beishenge.com\/wp-content\/uploads\/2022\/03\/All-kinds-of-patches-1-1024x383.webp 1024w, https:\/\/www.beishenge.com\/wp-content\/uploads\/2022\/03\/All-kinds-of-patches-1-768x288.webp 768w, https:\/\/www.beishenge.com\/wp-content\/uploads\/2022\/03\/All-kinds-of-patches-1-1536x575.webp 1536w, https:\/\/www.beishenge.com\/wp-content\/uploads\/2022\/03\/All-kinds-of-patches-1-2048x767.webp 2048w, https:\/\/www.beishenge.com\/wp-content\/uploads\/2022\/03\/All-kinds-of-patches-1-600x225.webp 600w\" sizes=\"(max-width: 300px) 100vw, 300px\" \/><\/h4>\n<h4>Las ventajas de nuestro producto:<\/h4>\n<h4>1. Disponemos de materias primas en stock y el plazo de entrega es r\u00e1pido;<\/h4>\n<h4>2. Pegamento ventaja, bajo el mismo costo, nuestra calidad de pegamento es el mejor. Podemos tambi\u00e9n proporcionar el pegamento mejorado, que puede ser pegado a la piel en 10~15 d\u00edas.<\/h4>\n<h4>3. Si se requiere personalizaci\u00f3n, el tiempo de prueba es corto, de 7 a 15 d\u00edas despu\u00e9s de confirmar los detalles.<\/h4>\n<h4>Podemos personalizar el parche adecuado para Omnipod seg\u00fan el dise\u00f1o y las necesidades.<\/h4>\n<h4>Acerca de la personalizaci\u00f3n<br \/>\n1. Puede imprimir el logotipo y el eslogan de la empresa en el parche Omnipod, o personalizar la impresi\u00f3n correspondiente seg\u00fan las preferencias del cliente.<br \/>\n2. El embalaje y las instrucciones pueden personalizarse seg\u00fan las necesidades. Tambi\u00e9n podemos proporcionar borradores de dise\u00f1o seg\u00fan las necesidades de los clientes.<\/h4>\n<h4>Si tiene m\u00e1s necesidades, no dude en ponerse en contacto con nosotros.<\/h4>\n<p>&nbsp;<\/p>","protected":false},"excerpt":{"rendered":"<h4>Parches adhesivos Omnipod 5 impermeables y resistentes al sudor<\/h4>\n<h4>Parche adhesivo Omnipod para piel sensible<\/h4>\n<h4><\/h4>","protected":false},"featured_media":1999,"template":"","meta":{"_seopress_robots_primary_cat":"none","_seopress_titles_title":"","_seopress_titles_desc":"Supplier of Omnipod adhesive patches, OEM adhesive patches for omnipod sensor.","_seopress_robots_index":"","_uag_custom_page_level_css":""},"product_cat":[34],"product_tag":[],"class_list":{"0":"post-1153","1":"product","2":"type-product","3":"status-publish","4":"has-post-thumbnail","6":"product_cat-patches-for-sensor","8":"first","9":"instock","10":"shipping-taxable","11":"product-type-simple"},"uagb_featured_image_src":{"full":["https:\/\/www.beishenge.com\/wp-content\/uploads\/2022\/03\/Adhesive-Patches-Pre-Cut-for-Omnipod-5-3_W_1980px.webp",1980,1509,false],"thumbnail":["https:\/\/www.beishenge.com\/wp-content\/uploads\/2022\/03\/Adhesive-Patches-Pre-Cut-for-Omnipod-5-3_W_1980px-150x150.webp",150,150,true],"medium":["https:\/\/www.beishenge.com\/wp-content\/uploads\/2022\/03\/Adhesive-Patches-Pre-Cut-for-Omnipod-5-3_W_1980px-300x229.webp",300,229,true],"medium_large":["https:\/\/www.beishenge.com\/wp-content\/uploads\/2022\/03\/Adhesive-Patches-Pre-Cut-for-Omnipod-5-3_W_1980px-768x585.webp",768,585,true],"large":["https:\/\/www.beishenge.com\/wp-content\/uploads\/2022\/03\/Adhesive-Patches-Pre-Cut-for-Omnipod-5-3_W_1980px-1024x780.webp",1024,780,true],"1536x1536":["https:\/\/www.beishenge.com\/wp-content\/uploads\/2022\/03\/Adhesive-Patches-Pre-Cut-for-Omnipod-5-3_W_1980px-1536x1171.webp",1536,1171,true],"2048x2048":["https:\/\/www.beishenge.com\/wp-content\/uploads\/2022\/03\/Adhesive-Patches-Pre-Cut-for-Omnipod-5-3_W_1980px.webp",1980,1509,false],"trp-custom-language-flag":["https:\/\/www.beishenge.com\/wp-content\/uploads\/2022\/03\/Adhesive-Patches-Pre-Cut-for-Omnipod-5-3_W_1980px.webp",16,12,false],"woocommerce_archive_thumbnail":["https:\/\/www.beishenge.com\/wp-content\/uploads\/2022\/03\/Adhesive-Patches-Pre-Cut-for-Omnipod-5-3_W_1980px-300x229.webp",300,229,true],"woocommerce_thumbnail":["https:\/\/www.beishenge.com\/wp-content\/uploads\/2022\/03\/Adhesive-Patches-Pre-Cut-for-Omnipod-5-3_W_1980px-300x229.webp",300,229,true],"woocommerce_single":["https:\/\/www.beishenge.com\/wp-content\/uploads\/2022\/03\/Adhesive-Patches-Pre-Cut-for-Omnipod-5-3_W_1980px-600x457.webp",600,457,true],"woocommerce_gallery_thumbnail":["https:\/\/www.beishenge.com\/wp-content\/uploads\/2022\/03\/Adhesive-Patches-Pre-Cut-for-Omnipod-5-3_W_1980px-100x100.webp",100,100,true]},"uagb_author_info":{"display_name":"onbysheng","author_link":"https:\/\/www.beishenge.com\/es\/author\/"},"uagb_comment_info":0,"uagb_excerpt":"Waterproot and sweatproof Omnipod 5 adhesive patches Omnipod adhesive patch for senstive skin","_links":{"self":[{"href":"https:\/\/www.beishenge.com\/es\/wp-json\/wp\/v2\/product\/1153","targetHints":{"allow":["GET"]}}],"collection":[{"href":"https:\/\/www.beishenge.com\/es\/wp-json\/wp\/v2\/product"}],"about":[{"href":"https:\/\/www.beishenge.com\/es\/wp-json\/wp\/v2\/types\/product"}],"version-history":[{"count":1,"href":"https:\/\/www.beishenge.com\/es\/wp-json\/wp\/v2\/product\/1153\/revisions"}],"predecessor-version":[{"id":2027,"href":"https:\/\/www.beishenge.com\/es\/wp-json\/wp\/v2\/product\/1153\/revisions\/2027"}],"wp:featuredmedia":[{"embeddable":true,"href":"https:\/\/www.beishenge.com\/es\/wp-json\/wp\/v2\/media\/1999"}],"wp:attachment":[{"href":"https:\/\/www.beishenge.com\/es\/wp-json\/wp\/v2\/media?parent=1153"}],"wp:term":[{"taxonomy":"product_cat","embeddable":true,"href":"https:\/\/www.beishenge.com\/es\/wp-json\/wp\/v2\/product_cat?post=1153"},{"taxonomy":"product_tag","embeddable":true,"href":"https:\/\/www.beishenge.com\/es\/wp-json\/wp\/v2\/product_tag?post=1153"}],"curies":[{"name":"wp","href":"https:\/\/api.w.org\/{rel}","templated":true}]}}