{"id":1170,"date":"2022-04-01T11:52:37","date_gmt":"2022-04-01T03:52:37","guid":{"rendered":"https:\/\/www.beishenge.com\/?post_type=product&#038;p=1170"},"modified":"2025-06-24T14:10:00","modified_gmt":"2025-06-24T06:10:00","slug":"first-aid-cohesive-bandage-with-cotton-pad","status":"publish","type":"product","link":"https:\/\/www.beishenge.com\/es\/producto\/first-aid-cohesive-bandage-with-cotton-pad\/","title":{"rendered":"Venda cohesiva de primeros auxilios con almohadilla de algod\u00f3n"},"content":{"rendered":"<p>La venda de primeros auxilios consiste en una venda el\u00e1stica autoadhesiva no tejida con una almohadilla de ap\u00f3sito o una venda PBT (la venda de primeros auxilios PBT se compone de fibra de viscosa 70% y fibra de poli\u00e9ster 30% y pel\u00edcula de liberaci\u00f3n de polietileno compuesto, que tiene la siguiente funci\u00f3n: Absorber l\u00edquidos. ) con almohadillas para hemostasia y vendaje de emergencia.<\/p>\n<p>&nbsp;<\/p>\n<p>Caracter\u00edsticas:<\/p>\n<p>1. Material el\u00e1stico no tejido.<\/p>\n<p>2. Suave y c\u00f3modo, adherente y fiable.<\/p>\n<p>3. Estiramiento fuerte y estable, la tensi\u00f3n del vendaje puede ajustarse libremente para evitar una mala circulaci\u00f3n sangu\u00ednea.<\/p>\n<p>4. Enrollado uniforme, f\u00e1cil de desplegar.<\/p>\n<p>5. Sin desgomado ni residuos.<\/p>\n<p>Aplicaci\u00f3n: Vendas de sujeci\u00f3n para distensiones y esguinces. Vendas para fijar compresas calientes y fr\u00edas. Las vendas de compresi\u00f3n favorecen la circulaci\u00f3n y la cicatrizaci\u00f3n. Las vendas de compresi\u00f3n ayudan a controlar la hinchaz\u00f3n y detienen las hemorragias. Vendaje veterinario. Adecuadas para abrasiones, cortes, heridas de bala, quemaduras, quemaduras qu\u00edmicas, erosi\u00f3n ulcerosa, hemorragias.<\/p>\n<p>Modo de empleo: Abrir la venda esterilizada de la bolsa sellada, fijar el ap\u00f3sito a la herida, envolver la venda alrededor de la herida y rasgarla con la mano, no con tijeras. (Si es material PBT, hay que anudarlo con tijeras o fijarlo con esparadrapo m\u00e9dico).<\/p>","protected":false},"excerpt":{"rendered":"<p>Venda cohesiva de primeros auxilios con almohadilla de algod\u00f3n<\/p>","protected":false},"featured_media":1171,"template":"","meta":{"_seopress_robots_primary_cat":"","_seopress_titles_title":"","_seopress_titles_desc":"","_seopress_robots_index":"","_uag_custom_page_level_css":""},"product_cat":[21,35,24],"product_tag":[],"class_list":{"0":"post-1170","1":"product","2":"type-product","3":"status-publish","4":"has-post-thumbnail","6":"product_cat-more-products","7":"product_cat-elastic-bandages-series","8":"product_cat-veterinary-products","10":"first","11":"instock","12":"shipping-taxable","13":"product-type-simple"},"uagb_featured_image_src":{"full":["https:\/\/www.beishenge.com\/wp-content\/uploads\/2022\/04\/Cohesive-bandage-with-padding.png",800,800,false],"thumbnail":["https:\/\/www.beishenge.com\/wp-content\/uploads\/2022\/04\/Cohesive-bandage-with-padding-150x150.png",150,150,true],"medium":["https:\/\/www.beishenge.com\/wp-content\/uploads\/2022\/04\/Cohesive-bandage-with-padding-300x300.png",300,300,true],"medium_large":["https:\/\/www.beishenge.com\/wp-content\/uploads\/2022\/04\/Cohesive-bandage-with-padding-768x768.png",768,768,true],"large":["https:\/\/www.beishenge.com\/wp-content\/uploads\/2022\/04\/Cohesive-bandage-with-padding.png",800,800,false],"1536x1536":["https:\/\/www.beishenge.com\/wp-content\/uploads\/2022\/04\/Cohesive-bandage-with-padding.png",800,800,false],"2048x2048":["https:\/\/www.beishenge.com\/wp-content\/uploads\/2022\/04\/Cohesive-bandage-with-padding.png",800,800,false],"trp-custom-language-flag":["https:\/\/www.beishenge.com\/wp-content\/uploads\/2022\/04\/Cohesive-bandage-with-padding.png",12,12,false],"woocommerce_archive_thumbnail":["https:\/\/www.beishenge.com\/wp-content\/uploads\/2022\/04\/Cohesive-bandage-with-padding-300x300.png",300,300,true],"woocommerce_thumbnail":["https:\/\/www.beishenge.com\/wp-content\/uploads\/2022\/04\/Cohesive-bandage-with-padding-300x300.png",300,300,true],"woocommerce_single":["https:\/\/www.beishenge.com\/wp-content\/uploads\/2022\/04\/Cohesive-bandage-with-padding-600x600.png",600,600,true],"woocommerce_gallery_thumbnail":["https:\/\/www.beishenge.com\/wp-content\/uploads\/2022\/04\/Cohesive-bandage-with-padding-100x100.png",100,100,true]},"uagb_author_info":{"display_name":"onbysheng","author_link":"https:\/\/www.beishenge.com\/es\/author\/"},"uagb_comment_info":2,"uagb_excerpt":"First-aid Cohesive Bandage with Cotton Pad","_links":{"self":[{"href":"https:\/\/www.beishenge.com\/es\/wp-json\/wp\/v2\/product\/1170","targetHints":{"allow":["GET"]}}],"collection":[{"href":"https:\/\/www.beishenge.com\/es\/wp-json\/wp\/v2\/product"}],"about":[{"href":"https:\/\/www.beishenge.com\/es\/wp-json\/wp\/v2\/types\/product"}],"version-history":[{"count":1,"href":"https:\/\/www.beishenge.com\/es\/wp-json\/wp\/v2\/product\/1170\/revisions"}],"predecessor-version":[{"id":3360,"href":"https:\/\/www.beishenge.com\/es\/wp-json\/wp\/v2\/product\/1170\/revisions\/3360"}],"wp:featuredmedia":[{"embeddable":true,"href":"https:\/\/www.beishenge.com\/es\/wp-json\/wp\/v2\/media\/1171"}],"wp:attachment":[{"href":"https:\/\/www.beishenge.com\/es\/wp-json\/wp\/v2\/media?parent=1170"}],"wp:term":[{"taxonomy":"product_cat","embeddable":true,"href":"https:\/\/www.beishenge.com\/es\/wp-json\/wp\/v2\/product_cat?post=1170"},{"taxonomy":"product_tag","embeddable":true,"href":"https:\/\/www.beishenge.com\/es\/wp-json\/wp\/v2\/product_tag?post=1170"}],"curies":[{"name":"wp","href":"https:\/\/api.w.org\/{rel}","templated":true}]}}