{"id":1299,"date":"2022-06-24T11:31:00","date_gmt":"2022-06-24T03:31:00","guid":{"rendered":"https:\/\/www.beishenge.com\/?post_type=product&#038;p=1299"},"modified":"2025-06-24T14:09:49","modified_gmt":"2025-06-24T06:09:49","slug":"rectangle-hoof-poultice-for-horse-and-cow-care","status":"publish","type":"product","link":"https:\/\/www.beishenge.com\/es\/producto\/rectangle-hoof-poultice-for-horse-and-cow-care\/","title":{"rendered":"Cataplasma rectangular para cascos de caballos y vacas"},"content":{"rendered":"<table class=\"has-title hight-light-first-column all magic-7\">\n<tbody>\n<tr>\n<td colspan=\"1\" rowspan=\"1\">\n<div class=\"magic-8\" data-spm-anchor-id=\"a2700.details.0.i21.c788342c5WZp5H\">Art\u00edculo<\/div>\n<\/td>\n<td colspan=\"1\" rowspan=\"1\">\n<div class=\"magic-9\">Ap\u00f3sito para cascos Ap\u00f3sito en cataplasma Ap\u00f3sito para el cuidado del caballo<\/div>\n<\/td>\n<\/tr>\n<tr>\n<td colspan=\"1\" rowspan=\"1\">\n<div class=\"magic-8\">Material<\/div>\n<\/td>\n<td colspan=\"1\" rowspan=\"1\">\n<div class=\"magic-9\">15% goma xantana, 5% \u00e1cido b\u00f3rico, 40% viscosa, 40% poli\u00e9ster<\/div>\n<\/td>\n<\/tr>\n<tr>\n<td colspan=\"1\" rowspan=\"1\">\n<div class=\"magic-8\">Talla<\/div>\n<\/td>\n<td colspan=\"1\" rowspan=\"1\">\n<div class=\"magic-9\">40cmx20cm, 13,5\u00d714,5cm<\/div>\n<\/td>\n<\/tr>\n<tr>\n<td colspan=\"1\" rowspan=\"1\">\n<div class=\"magic-8\">Color<\/div>\n<\/td>\n<td colspan=\"1\" rowspan=\"1\">\n<div class=\"magic-9\">Blanco<\/div>\n<\/td>\n<\/tr>\n<tr>\n<td colspan=\"1\" rowspan=\"1\">\n<div class=\"magic-8\">Paquete<\/div>\n<\/td>\n<td colspan=\"1\" rowspan=\"1\">\n<div class=\"magic-9\">1ud \/bolsa de polietileno 1ud\/caja<\/div>\n<\/td>\n<\/tr>\n<tr>\n<td colspan=\"1\" rowspan=\"1\">\n<div class=\"magic-8\">OEM<\/div>\n<\/td>\n<td colspan=\"1\" rowspan=\"1\">\n<div class=\"magic-9\">Acepte<\/div>\n<\/td>\n<\/tr>\n<tr>\n<td colspan=\"1\" rowspan=\"1\">\n<div class=\"magic-8\">Muestras<\/div>\n<\/td>\n<td colspan=\"1\" rowspan=\"1\">\n<div class=\"magic-9\">Muestras gratuitas<\/div>\n<\/td>\n<\/tr>\n<\/tbody>\n<\/table>\n<p>&nbsp;<\/p>","protected":false},"excerpt":{"rendered":"<div class=\"product-title\">\n<h6 data-spm-anchor-id=\"a2700.details.0.i21.376a5aa2UcGD6E\">Altamente absorbente casco cataplasma vendaje cuidado del caballo casco caballo cataplasma vendaje para animales Pad<span id=\"title-tag\"><\/span><\/h6>\n<\/div>\n<div id=\"product-review\">\n<div>\n<h6 class=\"magic-19\" data-spm-anchor-id=\"a2700.details.0.i22.376a5aa2UcGD6E\">Caracter\u00edsticas<\/h6>\n<div class=\"magic-20\">\n<div class=\"magic-21\">\n<h6 class=\"magic-22\">\u00a1El ap\u00f3sito de cataplasma es un absoebent altamente!<\/h6>\n<\/div>\n<\/div>\n<\/div>\n<\/div>\n<div id=\"product-glp\"><\/div>","protected":false},"featured_media":1300,"template":"","meta":{"_seopress_robots_primary_cat":"","_seopress_titles_title":"","_seopress_titles_desc":"","_seopress_robots_index":"","_uag_custom_page_level_css":""},"product_cat":[21,35,24],"product_tag":[],"class_list":{"0":"post-1299","1":"product","2":"type-product","3":"status-publish","4":"has-post-thumbnail","6":"product_cat-more-products","7":"product_cat-elastic-bandages-series","8":"product_cat-veterinary-products","10":"first","11":"instock","12":"shipping-taxable","13":"product-type-simple"},"uagb_featured_image_src":{"full":["https:\/\/www.beishenge.com\/wp-content\/uploads\/2022\/06\/Hoof-poulitic.png",601,600,false],"thumbnail":["https:\/\/www.beishenge.com\/wp-content\/uploads\/2022\/06\/Hoof-poulitic-150x150.png",150,150,true],"medium":["https:\/\/www.beishenge.com\/wp-content\/uploads\/2022\/06\/Hoof-poulitic-300x300.png",300,300,true],"medium_large":["https:\/\/www.beishenge.com\/wp-content\/uploads\/2022\/06\/Hoof-poulitic.png",601,600,false],"large":["https:\/\/www.beishenge.com\/wp-content\/uploads\/2022\/06\/Hoof-poulitic.png",601,600,false],"1536x1536":["https:\/\/www.beishenge.com\/wp-content\/uploads\/2022\/06\/Hoof-poulitic.png",601,600,false],"2048x2048":["https:\/\/www.beishenge.com\/wp-content\/uploads\/2022\/06\/Hoof-poulitic.png",601,600,false],"trp-custom-language-flag":["https:\/\/www.beishenge.com\/wp-content\/uploads\/2022\/06\/Hoof-poulitic.png",12,12,false],"woocommerce_archive_thumbnail":["https:\/\/www.beishenge.com\/wp-content\/uploads\/2022\/06\/Hoof-poulitic-300x300.png",300,300,true],"woocommerce_thumbnail":["https:\/\/www.beishenge.com\/wp-content\/uploads\/2022\/06\/Hoof-poulitic-300x300.png",300,300,true],"woocommerce_single":["https:\/\/www.beishenge.com\/wp-content\/uploads\/2022\/06\/Hoof-poulitic.png",600,599,false],"woocommerce_gallery_thumbnail":["https:\/\/www.beishenge.com\/wp-content\/uploads\/2022\/06\/Hoof-poulitic-100x100.png",100,100,true]},"uagb_author_info":{"display_name":"onbysheng","author_link":"https:\/\/www.beishenge.com\/es\/author\/"},"uagb_comment_info":0,"uagb_excerpt":"Highly Absorbent Hoof Poultice Dressing Horse care dressing Hoof Horse Poultice Dressing for Animal Pad Features The poultice dressing is a highly absoebent!","_links":{"self":[{"href":"https:\/\/www.beishenge.com\/es\/wp-json\/wp\/v2\/product\/1299","targetHints":{"allow":["GET"]}}],"collection":[{"href":"https:\/\/www.beishenge.com\/es\/wp-json\/wp\/v2\/product"}],"about":[{"href":"https:\/\/www.beishenge.com\/es\/wp-json\/wp\/v2\/types\/product"}],"version-history":[{"count":1,"href":"https:\/\/www.beishenge.com\/es\/wp-json\/wp\/v2\/product\/1299\/revisions"}],"predecessor-version":[{"id":3359,"href":"https:\/\/www.beishenge.com\/es\/wp-json\/wp\/v2\/product\/1299\/revisions\/3359"}],"wp:featuredmedia":[{"embeddable":true,"href":"https:\/\/www.beishenge.com\/es\/wp-json\/wp\/v2\/media\/1300"}],"wp:attachment":[{"href":"https:\/\/www.beishenge.com\/es\/wp-json\/wp\/v2\/media?parent=1299"}],"wp:term":[{"taxonomy":"product_cat","embeddable":true,"href":"https:\/\/www.beishenge.com\/es\/wp-json\/wp\/v2\/product_cat?post=1299"},{"taxonomy":"product_tag","embeddable":true,"href":"https:\/\/www.beishenge.com\/es\/wp-json\/wp\/v2\/product_tag?post=1299"}],"curies":[{"name":"wp","href":"https:\/\/api.w.org\/{rel}","templated":true}]}}