{"id":1301,"date":"2022-06-24T11:33:49","date_gmt":"2022-06-24T03:33:49","guid":{"rendered":"https:\/\/www.beishenge.com\/?post_type=product&#038;p=1301"},"modified":"2025-06-24T14:09:39","modified_gmt":"2025-06-24T06:09:39","slug":"hoof-shape-poultice-for-horse-or-cow-use-animalintex-hoof","status":"publish","type":"product","link":"https:\/\/www.beishenge.com\/es\/producto\/hoof-shape-poultice-for-horse-or-cow-use-animalintex-hoof\/","title":{"rendered":"Cataplasma en forma de pezu\u00f1a para caballo o vaca (Animalintex Hoof)"},"content":{"rendered":"<p><strong><span data-spm-anchor-id=\"a2700.details.0.i28.5e261c02UcHCB8\">[<\/span>Beneficios]<\/strong><\/p>\n<p>1. Dise\u00f1ado para el deporte ecuestre caballo de dise\u00f1o y fabricaci\u00f3n, para el tratamiento de traumatismos y la inflamaci\u00f3n de la herradura.<\/p>\n<p>2. Almohadilla en forma de casco m\u00e1s drogas se puede utilizar para la compresa caliente, fr\u00edo y compresa h\u00fameda ordry vestirse, adecuado para el tratamiento r\u00e1pido de la punci\u00f3n herradura,<\/p>\n<p>3. Ma\u00edz, abrasiones, abscesos, laminitis. Formas de corte, muy f\u00e1cil de usar.<\/p>\n<p><strong>[Aplicaciones]<\/strong><\/p>\n<p><strong>1. Aderezo caliente\u00a0<\/strong><br \/>\nColocar la almohadilla en agua hervida enfriada a 38C.<br \/>\nUna vez mojada, retire la almohadilla del agua y escurra el exceso de agua.<br \/>\nAplicar sobre la zona afectada con el pl\u00e1stico alejado de la piel.<br \/>\nSuj\u00e9telo con una gaza o venda similar.<br \/>\n<strong>2. Vendaje en fr\u00edo\u00a0<\/strong><br \/>\nEmpapar el ap\u00f3sito en agua fr\u00eda y aplicarlo sobre la zona afectada.<br \/>\nTambi\u00e9n puede aplicarse refrigerado en bolsa.<br \/>\n<strong>3. Ap\u00f3sito seco\u00a0<\/strong><br \/>\nAplicar la compresa de cataplasma directamente sobre la zona afectada.<br \/>\nAplique siempre el ap\u00f3sito con el pl\u00e1stico alejado de la piel.<\/p>","protected":false},"excerpt":{"rendered":"<p>[Beneficios] 1. Dise\u00f1ado para el dise\u00f1o y fabricaci\u00f3n de caballos de deporte ecuestre, para el tratamiento del trauma y la inflamaci\u00f3n de la herradura. 2. Pezu\u00f1a en forma de almohadilla m\u00e1s drogas puede ser utilizado para la compresa caliente, fr\u00edo y compresa h\u00fameda ordry vestirse, adecuado para el tratamiento r\u00e1pido de la punci\u00f3n de herradura, 3. Ma\u00edz, abrasiones, abscesos, laminitis. Formas de corte, muy f\u00e1cil de usar. [Aplicaciones Ap\u00f3sito caliente Colocar la compresa en agua hervida enfriada a 38C. Una vez mojada [...]<\/p>","protected":false},"featured_media":1302,"template":"","meta":{"_seopress_robots_primary_cat":"","_seopress_titles_title":"","_seopress_titles_desc":"","_seopress_robots_index":"","_uag_custom_page_level_css":""},"product_cat":[21,35,24],"product_tag":[],"class_list":{"0":"post-1301","1":"product","2":"type-product","3":"status-publish","4":"has-post-thumbnail","6":"product_cat-more-products","7":"product_cat-elastic-bandages-series","8":"product_cat-veterinary-products","10":"first","11":"instock","12":"shipping-taxable","13":"product-type-simple"},"uagb_featured_image_src":{"full":["https:\/\/www.beishenge.com\/wp-content\/uploads\/2022\/06\/hoof-poultice-dressing.png",745,575,false],"thumbnail":["https:\/\/www.beishenge.com\/wp-content\/uploads\/2022\/06\/hoof-poultice-dressing-150x150.png",150,150,true],"medium":["https:\/\/www.beishenge.com\/wp-content\/uploads\/2022\/06\/hoof-poultice-dressing-300x232.png",300,232,true],"medium_large":["https:\/\/www.beishenge.com\/wp-content\/uploads\/2022\/06\/hoof-poultice-dressing.png",745,575,false],"large":["https:\/\/www.beishenge.com\/wp-content\/uploads\/2022\/06\/hoof-poultice-dressing.png",745,575,false],"1536x1536":["https:\/\/www.beishenge.com\/wp-content\/uploads\/2022\/06\/hoof-poultice-dressing.png",745,575,false],"2048x2048":["https:\/\/www.beishenge.com\/wp-content\/uploads\/2022\/06\/hoof-poultice-dressing.png",745,575,false],"trp-custom-language-flag":["https:\/\/www.beishenge.com\/wp-content\/uploads\/2022\/06\/hoof-poultice-dressing.png",16,12,false],"woocommerce_archive_thumbnail":["https:\/\/www.beishenge.com\/wp-content\/uploads\/2022\/06\/hoof-poultice-dressing-300x232.png",300,232,true],"woocommerce_thumbnail":["https:\/\/www.beishenge.com\/wp-content\/uploads\/2022\/06\/hoof-poultice-dressing-300x232.png",300,232,true],"woocommerce_single":["https:\/\/www.beishenge.com\/wp-content\/uploads\/2022\/06\/hoof-poultice-dressing-600x463.png",600,463,true],"woocommerce_gallery_thumbnail":["https:\/\/www.beishenge.com\/wp-content\/uploads\/2022\/06\/hoof-poultice-dressing-100x100.png",100,100,true]},"uagb_author_info":{"display_name":"onbysheng","author_link":"https:\/\/www.beishenge.com\/es\/author\/"},"uagb_comment_info":0,"uagb_excerpt":"[Benefits] 1. Designed for equestrian sport horse design and manufacturing, for the treatment of\u00a0 trauma and inflammation of the horseshoe. 2. Hoof\u00a0shaped pad\u00a0plus drugs\u00a0can be used for\u00a0hot compress,\u00a0cold and wet compress\u00a0ordry \u00a0 \u00a0dressing,\u00a0suitable for\u00a0rapid treatment of\u00a0horseshoe\u00a0puncture, 3. Corn,\u00a0abrasions,\u00a0abscess,\u00a0laminitis.\u00a0Cut\u00a0shapes,\u00a0very\u00a0easy to use. [Applications] 1. Hot Dressing\u00a0 Place the pad in boiled water cooled to 38C. Once wet&hellip;","_links":{"self":[{"href":"https:\/\/www.beishenge.com\/es\/wp-json\/wp\/v2\/product\/1301","targetHints":{"allow":["GET"]}}],"collection":[{"href":"https:\/\/www.beishenge.com\/es\/wp-json\/wp\/v2\/product"}],"about":[{"href":"https:\/\/www.beishenge.com\/es\/wp-json\/wp\/v2\/types\/product"}],"version-history":[{"count":1,"href":"https:\/\/www.beishenge.com\/es\/wp-json\/wp\/v2\/product\/1301\/revisions"}],"predecessor-version":[{"id":3358,"href":"https:\/\/www.beishenge.com\/es\/wp-json\/wp\/v2\/product\/1301\/revisions\/3358"}],"wp:featuredmedia":[{"embeddable":true,"href":"https:\/\/www.beishenge.com\/es\/wp-json\/wp\/v2\/media\/1302"}],"wp:attachment":[{"href":"https:\/\/www.beishenge.com\/es\/wp-json\/wp\/v2\/media?parent=1301"}],"wp:term":[{"taxonomy":"product_cat","embeddable":true,"href":"https:\/\/www.beishenge.com\/es\/wp-json\/wp\/v2\/product_cat?post=1301"},{"taxonomy":"product_tag","embeddable":true,"href":"https:\/\/www.beishenge.com\/es\/wp-json\/wp\/v2\/product_tag?post=1301"}],"curies":[{"name":"wp","href":"https:\/\/api.w.org\/{rel}","templated":true}]}}