{"id":2034,"date":"2024-05-28T14:34:55","date_gmt":"2024-05-28T06:34:55","guid":{"rendered":"https:\/\/www.beishenge.com\/?post_type=product&#038;p=2034"},"modified":"2024-10-12T11:36:08","modified_gmt":"2024-10-12T03:36:08","slug":"clear-adhesive-patches-for-dexcom-g7","status":"publish","type":"product","link":"https:\/\/www.beishenge.com\/es\/producto\/clear-adhesive-patches-for-dexcom-g7\/","title":{"rendered":"Personalizar Dexcom G7 sobreparche Parches adhesivos impermeables"},"content":{"rendered":"<div data-elementor-type=\"wp-post\" data-elementor-id=\"2034\" class=\"elementor elementor-2034\">\n\t\t\t\t<div class=\"elementor-element elementor-element-651a098 e-flex e-con-boxed e-con e-parent\" data-id=\"651a098\" data-element_type=\"container\">\n\t\t\t\t\t<div class=\"e-con-inner\">\n\t\t<div class=\"elementor-element elementor-element-238535d e-con-full e-flex e-con e-child\" data-id=\"238535d\" data-element_type=\"container\">\n\t\t\t\t<div class=\"elementor-element elementor-element-15ec116 elementor-widget elementor-widget-text-editor\" data-id=\"15ec116\" data-element_type=\"widget\" data-widget_type=\"text-editor.default\">\n\t\t\t\t<div class=\"elementor-widget-container\">\n\t\t\t<style>\/*! elementor - v3.23.0 - 25-07-2024 *\/\n.elementor-widget-text-editor.elementor-drop-cap-view-stacked .elementor-drop-cap{background-color:#69727d;color:#fff}.elementor-widget-text-editor.elementor-drop-cap-view-framed .elementor-drop-cap{color:#69727d;border:3px solid;background-color:transparent}.elementor-widget-text-editor:not(.elementor-drop-cap-view-default) .elementor-drop-cap{margin-top:8px}.elementor-widget-text-editor:not(.elementor-drop-cap-view-default) .elementor-drop-cap-letter{width:1em;height:1em}.elementor-widget-text-editor .elementor-drop-cap{float:left;text-align:center;line-height:1;font-size:50px}.elementor-widget-text-editor .elementor-drop-cap-letter{display:inline-block}<\/style>\t\t\t\t<p>Nuestra f\u00e1brica produce principalmente varios tipos de vendas el\u00e1sticas, parches m\u00e9dicos, tiritas de varios tama\u00f1os, cintas deportivas, etc.<br \/>Con el desarrollo de los \u00faltimos a\u00f1os, cada vez m\u00e1s clientes han demandado parches para el sensor de glucosa en sangre para diabetes. En los \u00faltimos diez a\u00f1os, ha habido muchos tipos de parches para diferentes sensores de glucosa en sangre. Como los parches dexcom, los parches omnipod, los parches de estilo libre, etc. Tienen diferentes materiales y formas.<\/p><p>Este dise\u00f1o es principalmente para el parche del sensor <strong>Parches adhesivos Dexcom G7<\/strong> . Nuestro parche Dexcom G7 tiene un tama\u00f1o preciso y los usuarios pueden utilizarlo c\u00f3modamente con una mano.\u00a0<\/p><p>Nuestro objetivo es que los clientes se olviden de la existencia de los parches y los medidores de glucosa en sangre, disfruten del deporte y disfruten de la vida.<\/p><div>\u00a0<\/div>\t\t\t\t\t\t<\/div>\n\t\t\t\t<\/div>\n\t\t\t\t<\/div>\n\t\t<div class=\"elementor-element elementor-element-806e418 e-con-full e-flex e-con e-child\" data-id=\"806e418\" data-element_type=\"container\">\n\t\t\t\t<div class=\"elementor-element elementor-element-57227da elementor-widget elementor-widget-image\" data-id=\"57227da\" data-element_type=\"widget\" data-widget_type=\"image.default\">\n\t\t\t\t<div class=\"elementor-widget-container\">\n\t\t\t<style>\/*! elementor - v3.23.0 - 25-07-2024 *\/\n.elementor-widget-image{text-align:center}.elementor-widget-image a{display:inline-block}.elementor-widget-image a img[src$=\".svg\"]{width:48px}.elementor-widget-image img{vertical-align:middle;display:inline-block}<\/style>\t\t\t\t\t\t\t\t\t\t<img fetchpriority=\"high\" decoding=\"async\" width=\"500\" height=\"500\" src=\"https:\/\/www.beishenge.com\/wp-content\/uploads\/2024\/05\/over-patches-for-dexcom-g7.webp\" class=\"attachment-large size-large wp-image-2992\" alt=\"over patches for dexcom\" srcset=\"https:\/\/www.beishenge.com\/wp-content\/uploads\/2024\/05\/over-patches-for-dexcom-g7.webp 500w, https:\/\/www.beishenge.com\/wp-content\/uploads\/2024\/05\/over-patches-for-dexcom-g7-300x300.webp 300w, https:\/\/www.beishenge.com\/wp-content\/uploads\/2024\/05\/over-patches-for-dexcom-g7-150x150.webp 150w, https:\/\/www.beishenge.com\/wp-content\/uploads\/2024\/05\/over-patches-for-dexcom-g7-12x12.webp 12w, https:\/\/www.beishenge.com\/wp-content\/uploads\/2024\/05\/over-patches-for-dexcom-g7-100x100.webp 100w\" sizes=\"(max-width: 500px) 100vw, 500px\" \/>\t\t\t\t\t\t\t\t\t\t\t\t\t<\/div>\n\t\t\t\t<\/div>\n\t\t\t\t<\/div>\n\t\t\t\t\t<\/div>\n\t\t\t\t<\/div>\n\t\t<div class=\"elementor-element elementor-element-f12f771 e-flex e-con-boxed e-con e-parent\" data-id=\"f12f771\" data-element_type=\"container\">\n\t\t\t\t\t<div class=\"e-con-inner\">\n\t\t<div class=\"elementor-element elementor-element-a3072f1 e-con-full e-flex e-con e-child\" data-id=\"a3072f1\" data-element_type=\"container\">\n\t\t\t\t<div class=\"elementor-element elementor-element-e625261 elementor-widget elementor-widget-image\" data-id=\"e625261\" data-element_type=\"widget\" data-widget_type=\"image.default\">\n\t\t\t\t<div class=\"elementor-widget-container\">\n\t\t\t\t\t\t\t\t\t\t\t\t\t<img decoding=\"async\" width=\"679\" height=\"679\" src=\"https:\/\/www.beishenge.com\/wp-content\/uploads\/2024\/05\/dexcom-g7-overlay-patches.webp\" class=\"attachment-large size-large wp-image-2989\" alt=\"dexcom g7 overlay patches\" srcset=\"https:\/\/www.beishenge.com\/wp-content\/uploads\/2024\/05\/dexcom-g7-overlay-patches.webp 679w, https:\/\/www.beishenge.com\/wp-content\/uploads\/2024\/05\/dexcom-g7-overlay-patches-300x300.webp 300w, https:\/\/www.beishenge.com\/wp-content\/uploads\/2024\/05\/dexcom-g7-overlay-patches-150x150.webp 150w, https:\/\/www.beishenge.com\/wp-content\/uploads\/2024\/05\/dexcom-g7-overlay-patches-12x12.webp 12w, https:\/\/www.beishenge.com\/wp-content\/uploads\/2024\/05\/dexcom-g7-overlay-patches-600x600.webp 600w, https:\/\/www.beishenge.com\/wp-content\/uploads\/2024\/05\/dexcom-g7-overlay-patches-100x100.webp 100w\" sizes=\"(max-width: 679px) 100vw, 679px\" \/>\t\t\t\t\t\t\t\t\t\t\t\t\t<\/div>\n\t\t\t\t<\/div>\n\t\t\t\t<div class=\"elementor-element elementor-element-6d18b6a elementor-widget elementor-widget-text-editor\" data-id=\"6d18b6a\" data-element_type=\"widget\" data-widget_type=\"text-editor.default\">\n\t\t\t\t<div class=\"elementor-widget-container\">\n\t\t\t\t\t\t\t<p>Parches de algod\u00f3n puro para Dexcom G7<\/p>\t\t\t\t\t\t<\/div>\n\t\t\t\t<\/div>\n\t\t\t\t<\/div>\n\t\t<div class=\"elementor-element elementor-element-076946a e-con-full e-flex e-con e-child\" data-id=\"076946a\" data-element_type=\"container\">\n\t\t\t\t<div class=\"elementor-element elementor-element-fe79779 elementor-widget elementor-widget-image\" data-id=\"fe79779\" data-element_type=\"widget\" data-widget_type=\"image.default\">\n\t\t\t\t<div class=\"elementor-widget-container\">\n\t\t\t\t\t\t\t\t\t\t\t\t\t<img decoding=\"async\" width=\"679\" height=\"679\" src=\"https:\/\/www.beishenge.com\/wp-content\/uploads\/2024\/05\/free-dexcom-g7-overlay-patches.webp\" class=\"attachment-large size-large wp-image-2991\" alt=\"free dexcom g7 overlay patches\" srcset=\"https:\/\/www.beishenge.com\/wp-content\/uploads\/2024\/05\/free-dexcom-g7-overlay-patches.webp 679w, https:\/\/www.beishenge.com\/wp-content\/uploads\/2024\/05\/free-dexcom-g7-overlay-patches-300x300.webp 300w, https:\/\/www.beishenge.com\/wp-content\/uploads\/2024\/05\/free-dexcom-g7-overlay-patches-150x150.webp 150w, https:\/\/www.beishenge.com\/wp-content\/uploads\/2024\/05\/free-dexcom-g7-overlay-patches-12x12.webp 12w, https:\/\/www.beishenge.com\/wp-content\/uploads\/2024\/05\/free-dexcom-g7-overlay-patches-600x600.webp 600w, https:\/\/www.beishenge.com\/wp-content\/uploads\/2024\/05\/free-dexcom-g7-overlay-patches-100x100.webp 100w\" sizes=\"(max-width: 679px) 100vw, 679px\" \/>\t\t\t\t\t\t\t\t\t\t\t\t\t<\/div>\n\t\t\t\t<\/div>\n\t\t\t\t<div class=\"elementor-element elementor-element-7fe95c6 elementor-widget elementor-widget-text-editor\" data-id=\"7fe95c6\" data-element_type=\"widget\" data-widget_type=\"text-editor.default\">\n\t\t\t\t<div class=\"elementor-widget-container\">\n\t\t\t\t\t\t\t<p>Parche de cubierta Dexcom G7 el\u00e1stico por los cuatro lados<\/p>\t\t\t\t\t\t<\/div>\n\t\t\t\t<\/div>\n\t\t\t\t<\/div>\n\t\t<div class=\"elementor-element elementor-element-841c544 e-con-full e-flex e-con e-child\" data-id=\"841c544\" data-element_type=\"container\">\n\t\t\t\t<div class=\"elementor-element elementor-element-9b38a7d elementor-widget elementor-widget-image\" data-id=\"9b38a7d\" data-element_type=\"widget\" data-widget_type=\"image.default\">\n\t\t\t\t<div class=\"elementor-widget-container\">\n\t\t\t\t\t\t\t\t\t\t\t\t\t<img loading=\"lazy\" decoding=\"async\" width=\"609\" height=\"609\" src=\"https:\/\/www.beishenge.com\/wp-content\/uploads\/2024\/05\/best-waterproof-patches-for-dexcom-g7.webp\" class=\"attachment-large size-large wp-image-2984\" alt=\"best waterproof patches for dexcom g7\" srcset=\"https:\/\/www.beishenge.com\/wp-content\/uploads\/2024\/05\/best-waterproof-patches-for-dexcom-g7.webp 609w, https:\/\/www.beishenge.com\/wp-content\/uploads\/2024\/05\/best-waterproof-patches-for-dexcom-g7-300x300.webp 300w, https:\/\/www.beishenge.com\/wp-content\/uploads\/2024\/05\/best-waterproof-patches-for-dexcom-g7-150x150.webp 150w, https:\/\/www.beishenge.com\/wp-content\/uploads\/2024\/05\/best-waterproof-patches-for-dexcom-g7-12x12.webp 12w, https:\/\/www.beishenge.com\/wp-content\/uploads\/2024\/05\/best-waterproof-patches-for-dexcom-g7-600x600.webp 600w, https:\/\/www.beishenge.com\/wp-content\/uploads\/2024\/05\/best-waterproof-patches-for-dexcom-g7-100x100.webp 100w\" sizes=\"(max-width: 609px) 100vw, 609px\" \/>\t\t\t\t\t\t\t\t\t\t\t\t\t<\/div>\n\t\t\t\t<\/div>\n\t\t\t\t<div class=\"elementor-element elementor-element-98a4330 elementor-widget elementor-widget-text-editor\" data-id=\"98a4330\" data-element_type=\"widget\" data-widget_type=\"text-editor.default\">\n\t\t\t\t<div class=\"elementor-widget-container\">\n\t\t\t\t\t\t\t<p>Parches transparentes de PU para el sensor Dexcom G7<\/p>\t\t\t\t\t\t<\/div>\n\t\t\t\t<\/div>\n\t\t\t\t<\/div>\n\t\t<div class=\"elementor-element elementor-element-68de1dd e-con-full e-flex e-con e-child\" data-id=\"68de1dd\" data-element_type=\"container\">\n\t\t\t\t<div class=\"elementor-element elementor-element-bd1373a elementor-widget elementor-widget-image\" data-id=\"bd1373a\" data-element_type=\"widget\" data-widget_type=\"image.default\">\n\t\t\t\t<div class=\"elementor-widget-container\">\n\t\t\t\t\t\t\t\t\t\t\t\t\t<img loading=\"lazy\" decoding=\"async\" width=\"679\" height=\"679\" src=\"https:\/\/www.beishenge.com\/wp-content\/uploads\/2024\/05\/dexcom-g7-patches-for-sensitive-skin.webp\" class=\"attachment-large size-large wp-image-2993\" alt=\"dexcom g7 patches for sensitive skin\" srcset=\"https:\/\/www.beishenge.com\/wp-content\/uploads\/2024\/05\/dexcom-g7-patches-for-sensitive-skin.webp 679w, https:\/\/www.beishenge.com\/wp-content\/uploads\/2024\/05\/dexcom-g7-patches-for-sensitive-skin-300x300.webp 300w, https:\/\/www.beishenge.com\/wp-content\/uploads\/2024\/05\/dexcom-g7-patches-for-sensitive-skin-150x150.webp 150w, https:\/\/www.beishenge.com\/wp-content\/uploads\/2024\/05\/dexcom-g7-patches-for-sensitive-skin-12x12.webp 12w, https:\/\/www.beishenge.com\/wp-content\/uploads\/2024\/05\/dexcom-g7-patches-for-sensitive-skin-600x600.webp 600w, https:\/\/www.beishenge.com\/wp-content\/uploads\/2024\/05\/dexcom-g7-patches-for-sensitive-skin-100x100.webp 100w\" sizes=\"(max-width: 679px) 100vw, 679px\" \/>\t\t\t\t\t\t\t\t\t\t\t\t\t<\/div>\n\t\t\t\t<\/div>\n\t\t\t\t<div class=\"elementor-element elementor-element-73396aa elementor-widget elementor-widget-text-editor\" data-id=\"73396aa\" data-element_type=\"widget\" data-widget_type=\"text-editor.default\">\n\t\t\t\t<div class=\"elementor-widget-container\">\n\t\t\t\t\t\t\t<p>Parche impreso Dexcom G7 Over<\/p>\t\t\t\t\t\t<\/div>\n\t\t\t\t<\/div>\n\t\t\t\t<\/div>\n\t\t\t\t\t<\/div>\n\t\t\t\t<\/div>\n\t\t<div class=\"elementor-element elementor-element-afbfcde e-flex e-con-boxed e-con e-parent\" data-id=\"afbfcde\" data-element_type=\"container\">\n\t\t\t\t\t<div class=\"e-con-inner\">\n\t\t\t\t<div class=\"elementor-element elementor-element-f1d7e5c elementor-widget elementor-widget-heading\" data-id=\"f1d7e5c\" data-element_type=\"widget\" data-widget_type=\"heading.default\">\n\t\t\t\t<div class=\"elementor-widget-container\">\n\t\t\t<style>\/*! elementor - v3.23.0 - 25-07-2024 *\/\n.elementor-heading-title{padding:0;margin:0;line-height:1}.elementor-widget-heading .elementor-heading-title[class*=elementor-size-]>a{color:inherit;font-size:inherit;line-height:inherit}.elementor-widget-heading .elementor-heading-title.elementor-size-small{font-size:15px}.elementor-widget-heading .elementor-heading-title.elementor-size-medium{font-size:19px}.elementor-widget-heading .elementor-heading-title.elementor-size-large{font-size:29px}.elementor-widget-heading .elementor-heading-title.elementor-size-xl{font-size:39px}.elementor-widget-heading .elementor-heading-title.elementor-size-xxl{font-size:59px}<\/style><h2 class=\"elementor-heading-title elementor-size-default\">Sobre tejido de Parche Adhesivo para Dexcom G7.<\/h2>\t\t<\/div>\n\t\t\t\t<\/div>\n\t\t\t\t\t<\/div>\n\t\t\t\t<\/div>\n\t\t<div class=\"elementor-element elementor-element-f83a1c3 e-flex e-con-boxed e-con e-parent\" data-id=\"f83a1c3\" data-element_type=\"container\">\n\t\t\t\t\t<div class=\"e-con-inner\">\n\t\t\t\t<div class=\"elementor-element elementor-element-a0ef39c elementor-widget elementor-widget-text-editor\" data-id=\"a0ef39c\" data-element_type=\"widget\" data-widget_type=\"text-editor.default\">\n\t\t\t\t<div class=\"elementor-widget-container\">\n\t\t\t\t\t\t\t<p>1) Los parches adhesivos de algod\u00f3n para Dexcom G7 hechos de material de algod\u00f3n puro son los m\u00e1s tradicionales. Es transpirable, tiene un cierto efecto impermeable y es rico en colores.<\/p><p>2)Parches adhesivos para Dexcom G7 hechos de tejido el\u00e1stico de cuatro v\u00edas es similar al algod\u00f3n puro, pero es m\u00e1s suave que el algod\u00f3n puro. Muchas prendas interiores eligen este tejido. Es bueno para la piel sensible.<\/p><p>3) Los materiales de PU son en su mayor\u00eda transparentes- Los mejores parches impermeables para Dexcom G7, es hipoalerg\u00e9nico. Son ligeros, duraderos y tienen un gran efecto impermeable. Son adecuados para la nataci\u00f3n y el surf. Tambi\u00e9n puede ser llamado Dexcom G7 parche de nataci\u00f3n o Dexcom G7 parches impermeables. Se pueden llevar durante 10-15 d\u00edas.<\/p><p>4) El parche superpuesto Dexcom G7 impreso es m\u00e1s para la generaci\u00f3n m\u00e1s joven y los ni\u00f1os. Es muy personalizado y en\u00e9rgico. La mayor\u00eda de ellos se imprimen en telas de algod\u00f3n puro o en telas no tejidas. El proceso de impresi\u00f3n de la tela no tejida es claro y hermoso, con colores brillantes. Es muy popular.<\/p><p>5) Rainbow Dexcom G7 parches de cubierta se hace principalmente de material de algod\u00f3n puro, con colores ricos. Cada vez que cambie un color, la gente tendr\u00e1 un nuevo buen humor.<\/p>\t\t\t\t\t\t<\/div>\n\t\t\t\t<\/div>\n\t\t\t\t<div class=\"elementor-element elementor-element-15c1eb7 elementor-widget elementor-widget-heading\" data-id=\"15c1eb7\" data-element_type=\"widget\" data-widget_type=\"heading.default\">\n\t\t\t\t<div class=\"elementor-widget-container\">\n\t\t\t<h2 class=\"elementor-heading-title elementor-size-default\">Acerca de la cola del parche sensor Dexcom G7<\/h2>\t\t<\/div>\n\t\t\t\t<\/div>\n\t\t\t\t<div class=\"elementor-element elementor-element-f0a3006 elementor-widget elementor-widget-text-editor\" data-id=\"f0a3006\" data-element_type=\"widget\" data-widget_type=\"text-editor.default\">\n\t\t\t\t<div class=\"elementor-widget-container\">\n\t\t\t\t\t\t\t<p>Porque los parches para Dexcom G7 se utilizan sobre la piel durante mucho tiempo. As\u00ed que prestamos mucha atenci\u00f3n a la f\u00f3rmula del pegamento.<br \/>Nuestro pegamento es pegamento Henkel importado de Alemania. Tras repetidas investigaciones y desarrollos por parte de nuestro departamento t\u00e9cnico, la proporci\u00f3n alcanza el nivel de alergia m\u00e1s bajo entre los pegamentos m\u00e9dicos. Los clientes que han utilizado nuestros parches saben que el \u00edndice de alergia de nuestro pegamento es extremadamente bajo, incluso para los ni\u00f1os peque\u00f1os. Al mismo tiempo, nuestros parches pueden durar en la piel m\u00e1s de 10 d\u00edas.<\/p>\t\t\t\t\t\t<\/div>\n\t\t\t\t<\/div>\n\t\t\t\t<div class=\"elementor-element elementor-element-5537a2e elementor-widget elementor-widget-heading\" data-id=\"5537a2e\" data-element_type=\"widget\" data-widget_type=\"heading.default\">\n\t\t\t\t<div class=\"elementor-widget-container\">\n\t\t\t<h2 class=\"elementor-heading-title elementor-size-default\">Sobre el embalaje del Parche para Dexcom G7<\/h2>\t\t<\/div>\n\t\t\t\t<\/div>\n\t\t\t\t<div class=\"elementor-element elementor-element-eec3e89 elementor-widget elementor-widget-text-editor\" data-id=\"eec3e89\" data-element_type=\"widget\" data-widget_type=\"text-editor.default\">\n\t\t\t\t<div class=\"elementor-widget-container\">\n\t\t\t\t\t\t\t<p>El envasado puede personalizarse, como envasado en bolsa de color, envasado en caja de color, etc.<br \/>Si el presupuesto es suficiente, tambi\u00e9n puede conseguir un envase sellado independiente para garantizar una higiene y limpieza absolutas, y f\u00e1cil de transportar para los viajes.<\/p><p>\u00a0<\/p>\t\t\t\t\t\t<\/div>\n\t\t\t\t<\/div>\n\t\t\t\t<div class=\"elementor-element elementor-element-10e4075 elementor-widget elementor-widget-heading\" data-id=\"10e4075\" data-element_type=\"widget\" data-widget_type=\"heading.default\">\n\t\t\t\t<div class=\"elementor-widget-container\">\n\t\t\t<h2 class=\"elementor-heading-title elementor-size-default\">Nuestros clientes<\/h2>\t\t<\/div>\n\t\t\t\t<\/div>\n\t\t\t\t<div class=\"elementor-element elementor-element-196e6dc elementor-widget elementor-widget-text-editor\" data-id=\"196e6dc\" data-element_type=\"widget\" data-widget_type=\"text-editor.default\">\n\t\t\t\t<div class=\"elementor-widget-container\">\n\t\t\t\t\t\t\t<p>Suministramos a plataformas de comercio electr\u00f3nico como Amazon, eBay, Wish, Walmart, etc. Conocemos las normas de suministro de cada plataforma.<br \/>Tambi\u00e9n suministramos a marcas minoristas fuera de l\u00ednea. Se acepta la personalizaci\u00f3n de peque\u00f1os lotes. Bienvenido a preguntar acerca de los parches personalizados dexcom g7, vamos a dise\u00f1ar su propia dexcom g7 sobre la marca de parches.<\/p>\t\t\t\t\t\t<\/div>\n\t\t\t\t<\/div>\n\t\t\t\t\t<\/div>\n\t\t\t\t<\/div>\n\t\t\t\t<\/div>","protected":false},"excerpt":{"rendered":"<p>Parches adhesivos Dexcom para pieles sensibles<\/p>\n<p>Parches adhesivos transparentes Dexcom G7<\/p>\n<p>Parches adhesivos de algod\u00f3n para dexcom G7<\/p>\n<p>Parches adhesivos Dexcom G7 de nailon<\/p>\n<p>Parches adhesivos no tejidos Dexcom G7 con impresi\u00f3n<\/p>\n<p>Excelente pegamento<\/p>\n<p>&nbsp;<\/p>\n<p>&nbsp;<\/p>","protected":false},"featured_media":2464,"template":"","meta":{"_seopress_robots_primary_cat":"none","_seopress_titles_title":"%%post_title%%","_seopress_titles_desc":"%%post_excerpt%%","_seopress_robots_index":"","_uag_custom_page_level_css":""},"product_cat":[34],"product_tag":[],"class_list":{"0":"post-2034","1":"product","2":"type-product","3":"status-publish","4":"has-post-thumbnail","6":"product_cat-patches-for-sensor","8":"first","9":"instock","10":"shipping-taxable","11":"product-type-simple"},"uagb_featured_image_src":{"full":["https:\/\/www.beishenge.com\/wp-content\/uploads\/2024\/05\/\u4efb\u52a1_13084363_2.webp",1024,1024,false],"thumbnail":["https:\/\/www.beishenge.com\/wp-content\/uploads\/2024\/05\/\u4efb\u52a1_13084363_2-150x150.webp",150,150,true],"medium":["https:\/\/www.beishenge.com\/wp-content\/uploads\/2024\/05\/\u4efb\u52a1_13084363_2-300x300.webp",300,300,true],"medium_large":["https:\/\/www.beishenge.com\/wp-content\/uploads\/2024\/05\/\u4efb\u52a1_13084363_2-768x768.webp",768,768,true],"large":["https:\/\/www.beishenge.com\/wp-content\/uploads\/2024\/05\/\u4efb\u52a1_13084363_2.webp",1024,1024,false],"1536x1536":["https:\/\/www.beishenge.com\/wp-content\/uploads\/2024\/05\/\u4efb\u52a1_13084363_2.webp",1024,1024,false],"2048x2048":["https:\/\/www.beishenge.com\/wp-content\/uploads\/2024\/05\/\u4efb\u52a1_13084363_2.webp",1024,1024,false],"trp-custom-language-flag":["https:\/\/www.beishenge.com\/wp-content\/uploads\/2024\/05\/\u4efb\u52a1_13084363_2.webp",12,12,false],"woocommerce_archive_thumbnail":["https:\/\/www.beishenge.com\/wp-content\/uploads\/2024\/05\/\u4efb\u52a1_13084363_2-300x300.webp",300,300,true],"woocommerce_thumbnail":["https:\/\/www.beishenge.com\/wp-content\/uploads\/2024\/05\/\u4efb\u52a1_13084363_2-300x300.webp",300,300,true],"woocommerce_single":["https:\/\/www.beishenge.com\/wp-content\/uploads\/2024\/05\/\u4efb\u52a1_13084363_2-600x600.webp",600,600,true],"woocommerce_gallery_thumbnail":["https:\/\/www.beishenge.com\/wp-content\/uploads\/2024\/05\/\u4efb\u52a1_13084363_2-100x100.webp",100,100,true]},"uagb_author_info":{"display_name":"onbysheng","author_link":"https:\/\/www.beishenge.com\/es\/author\/"},"uagb_comment_info":0,"uagb_excerpt":"Dexcom adhesive patches for sensitive skin Clear Dexcom G7 adhesive patches Cotton adhesive patches for dexcom G7 Nylon Dexcom G7 adhesive patches Nonwoven Dexcom G7 adheisve patches with printing Excellent glue &nbsp; &nbsp;","_links":{"self":[{"href":"https:\/\/www.beishenge.com\/es\/wp-json\/wp\/v2\/product\/2034","targetHints":{"allow":["GET"]}}],"collection":[{"href":"https:\/\/www.beishenge.com\/es\/wp-json\/wp\/v2\/product"}],"about":[{"href":"https:\/\/www.beishenge.com\/es\/wp-json\/wp\/v2\/types\/product"}],"version-history":[{"count":9,"href":"https:\/\/www.beishenge.com\/es\/wp-json\/wp\/v2\/product\/2034\/revisions"}],"predecessor-version":[{"id":3018,"href":"https:\/\/www.beishenge.com\/es\/wp-json\/wp\/v2\/product\/2034\/revisions\/3018"}],"wp:featuredmedia":[{"embeddable":true,"href":"https:\/\/www.beishenge.com\/es\/wp-json\/wp\/v2\/media\/2464"}],"wp:attachment":[{"href":"https:\/\/www.beishenge.com\/es\/wp-json\/wp\/v2\/media?parent=2034"}],"wp:term":[{"taxonomy":"product_cat","embeddable":true,"href":"https:\/\/www.beishenge.com\/es\/wp-json\/wp\/v2\/product_cat?post=2034"},{"taxonomy":"product_tag","embeddable":true,"href":"https:\/\/www.beishenge.com\/es\/wp-json\/wp\/v2\/product_tag?post=2034"}],"curies":[{"name":"wp","href":"https:\/\/api.w.org\/{rel}","templated":true}]}}