{"id":2042,"date":"2024-05-28T15:04:31","date_gmt":"2024-05-28T07:04:31","guid":{"rendered":"https:\/\/www.beishenge.com\/?post_type=product&#038;p=2042"},"modified":"2024-06-25T13:23:27","modified_gmt":"2024-06-25T05:23:27","slug":"adhesive-patch-for-omnipod-with-strap","status":"publish","type":"product","link":"https:\/\/www.beishenge.com\/es\/producto\/adhesive-patch-for-omnipod-with-strap\/","title":{"rendered":"Parche adhesivo para Omnipod con correa"},"content":{"rendered":"<ul class=\"a-unordered-list a-vertical a-spacing-mini\">\n<li class=\"a-spacing-mini\"><span class=\"a-list-item\">Adhesivo fuerte - Nuestro proceso de fabricaci\u00f3n \u00fanico asegura que nuestros parches dexcom se peguen por m\u00e1s tiempo, y con menos irritaci\u00f3n, que cualquier otra cinta de sensor CGM en el mercado. Apto para Omnipod (no apto para Dexcom G4, G5, G6, Enlite, Guardian 3)<\/span><\/li>\n<li class=\"a-spacing-mini\"><span class=\"a-list-item\">F\u00e1cil de usar - Nuestro m\u00e9todo de aplicaci\u00f3n garantiza que se aplique tan f\u00e1cilmente como una tirita.<\/span><\/li>\n<li class=\"a-spacing-mini\"><span class=\"a-list-item\">Transpirable, material innovador - Nuestro material innovador se seca r\u00e1pidamente y evita que el sudor y el agua aflojen su dispositivo.<\/span><\/li>\n<li class=\"a-spacing-mini\"><span class=\"a-list-item\">Adhesivo hipoalerg\u00e9nico - Sin l\u00e1tex, resistente al agua, adhesivo acr\u00edlico 100%.<\/span><\/li>\n<\/ul>","protected":false},"excerpt":{"rendered":"<p>Strong Adhesive &#8211; Our unique manufacturing process ensures our dexcom patches sticks longer, and with less irritation, than any other CGM sensor tape on the market. Suitable for Omnipod (not suitable for Dexcom G4, G5, G6, Enlite, Guardian 3) Easy to Use &#8211; Our applying method ensures applying\u00a0 as easily as Band-Aid. Breathable, Innovative material [&hellip;]<\/p>","protected":false},"featured_media":1995,"template":"","meta":{"_seopress_robots_primary_cat":"none","_seopress_titles_title":"%%post_title%%","_seopress_titles_desc":"%%post_excerpt%%","_seopress_robots_index":"","_uag_custom_page_level_css":""},"product_cat":[21],"product_tag":[],"class_list":{"0":"post-2042","1":"product","2":"type-product","3":"status-publish","4":"has-post-thumbnail","6":"product_cat-more-products","8":"first","9":"instock","10":"shipping-taxable","11":"product-type-simple"},"uagb_featured_image_src":{"full":["https:\/\/www.beishenge.com\/wp-content\/uploads\/2022\/03\/Adhesive-Patch-for-Omnipod-with-Strap2_W_1980px.webp",1980,1980,false],"thumbnail":["https:\/\/www.beishenge.com\/wp-content\/uploads\/2022\/03\/Adhesive-Patch-for-Omnipod-with-Strap2_W_1980px-150x150.webp",150,150,true],"medium":["https:\/\/www.beishenge.com\/wp-content\/uploads\/2022\/03\/Adhesive-Patch-for-Omnipod-with-Strap2_W_1980px-300x300.webp",300,300,true],"medium_large":["https:\/\/www.beishenge.com\/wp-content\/uploads\/2022\/03\/Adhesive-Patch-for-Omnipod-with-Strap2_W_1980px-768x768.webp",768,768,true],"large":["https:\/\/www.beishenge.com\/wp-content\/uploads\/2022\/03\/Adhesive-Patch-for-Omnipod-with-Strap2_W_1980px-1024x1024.webp",1024,1024,true],"1536x1536":["https:\/\/www.beishenge.com\/wp-content\/uploads\/2022\/03\/Adhesive-Patch-for-Omnipod-with-Strap2_W_1980px-1536x1536.webp",1536,1536,true],"2048x2048":["https:\/\/www.beishenge.com\/wp-content\/uploads\/2022\/03\/Adhesive-Patch-for-Omnipod-with-Strap2_W_1980px.webp",1980,1980,false],"trp-custom-language-flag":["https:\/\/www.beishenge.com\/wp-content\/uploads\/2022\/03\/Adhesive-Patch-for-Omnipod-with-Strap2_W_1980px.webp",12,12,false],"woocommerce_archive_thumbnail":["https:\/\/www.beishenge.com\/wp-content\/uploads\/2022\/03\/Adhesive-Patch-for-Omnipod-with-Strap2_W_1980px-300x300.webp",300,300,true],"woocommerce_thumbnail":["https:\/\/www.beishenge.com\/wp-content\/uploads\/2022\/03\/Adhesive-Patch-for-Omnipod-with-Strap2_W_1980px-300x300.webp",300,300,true],"woocommerce_single":["https:\/\/www.beishenge.com\/wp-content\/uploads\/2022\/03\/Adhesive-Patch-for-Omnipod-with-Strap2_W_1980px-600x600.webp",600,600,true],"woocommerce_gallery_thumbnail":["https:\/\/www.beishenge.com\/wp-content\/uploads\/2022\/03\/Adhesive-Patch-for-Omnipod-with-Strap2_W_1980px-100x100.webp",100,100,true]},"uagb_author_info":{"display_name":"onbysheng","author_link":"https:\/\/www.beishenge.com\/es\/author\/"},"uagb_comment_info":0,"uagb_excerpt":"Strong Adhesive &#8211; Our unique manufacturing process ensures our dexcom patches sticks longer, and with less irritation, than any other CGM sensor tape on the market. Suitable for Omnipod (not suitable for Dexcom G4, G5, G6, Enlite, Guardian 3) Easy to Use &#8211; Our applying method ensures applying\u00a0 as easily as Band-Aid. Breathable, Innovative material&hellip;","_links":{"self":[{"href":"https:\/\/www.beishenge.com\/es\/wp-json\/wp\/v2\/product\/2042","targetHints":{"allow":["GET"]}}],"collection":[{"href":"https:\/\/www.beishenge.com\/es\/wp-json\/wp\/v2\/product"}],"about":[{"href":"https:\/\/www.beishenge.com\/es\/wp-json\/wp\/v2\/types\/product"}],"version-history":[{"count":0,"href":"https:\/\/www.beishenge.com\/es\/wp-json\/wp\/v2\/product\/2042\/revisions"}],"wp:featuredmedia":[{"embeddable":true,"href":"https:\/\/www.beishenge.com\/es\/wp-json\/wp\/v2\/media\/1995"}],"wp:attachment":[{"href":"https:\/\/www.beishenge.com\/es\/wp-json\/wp\/v2\/media?parent=2042"}],"wp:term":[{"taxonomy":"product_cat","embeddable":true,"href":"https:\/\/www.beishenge.com\/es\/wp-json\/wp\/v2\/product_cat?post=2042"},{"taxonomy":"product_tag","embeddable":true,"href":"https:\/\/www.beishenge.com\/es\/wp-json\/wp\/v2\/product_tag?post=2042"}],"curies":[{"name":"wp","href":"https:\/\/api.w.org\/{rel}","templated":true}]}}