{"id":2096,"date":"2024-06-05T10:48:02","date_gmt":"2024-06-05T02:48:02","guid":{"rendered":"https:\/\/www.beishenge.com\/?post_type=product&#038;p=2096"},"modified":"2024-06-05T10:48:02","modified_gmt":"2024-06-05T02:48:02","slug":"pre-cut-kinseiology-tape","status":"publish","type":"product","link":"https:\/\/www.beishenge.com\/es\/producto\/pre-cut-kinseiology-tape\/","title":{"rendered":"Cinta Kinseiology precortada"},"content":{"rendered":"<p>Tama\u00f1o normal: 5 cm x 5 m<\/p>\n<ul>\n<li>Material:\u00a0<span class=\"a-list-item\">Tela el\u00e1stica impermeable de algod\u00f3n spandex, pegamento sin l\u00e1tex de calidad m\u00e9dica.<\/span><\/li>\n<li>Vendas precortadas: Es m\u00e1s c\u00f3modo utilizar tiras de Kinesio Tape precortadas, sin tediosas operaciones de corte, y se puede utilizar en cualquier momento y lugar. Los bordes redondeados hacen que el Kinesio Tape se fije m\u00e1s firmemente en su sitio.<\/li>\n<li class=\"a-spacing-mini\"><span class=\"a-list-item\">Piel sensible\uff1a En casos de piel sensible, retirada prematura o cuando la cinta sea dif\u00edcil de retirar, aplique aceite de beb\u00e9 o aceite de oliva en la parte superior de la cinta para ayudar a deshacer el adhesivo. Espere cinco minutos y ret\u00edrela lentamente.<\/span><\/li>\n<\/ul>","protected":false},"excerpt":{"rendered":"<p>Tama\u00f1o: 5 cm x 5 m<\/p>\n<p>Material: 96%algod\u00f3n, 4 % spandex, pegamento de grado m\u00e9dico<\/p>\n<p>Personalice los colores y las impresiones de la cinta. OEM disponible<\/p>\n<p>Certificados: CE, ISO13485, FDA<\/p>","protected":false},"featured_media":2099,"template":"","meta":{"_seopress_robots_primary_cat":"","_seopress_titles_title":"%%post_title%%","_seopress_titles_desc":"%%post_excerpt%%","_seopress_robots_index":"","_uag_custom_page_level_css":""},"product_cat":[40],"product_tag":[],"class_list":{"0":"post-2096","1":"product","2":"type-product","3":"status-publish","4":"has-post-thumbnail","6":"product_cat-sport-tapes","8":"first","9":"instock","10":"shipping-taxable","11":"product-type-simple"},"uagb_featured_image_src":{"full":["https:\/\/www.beishenge.com\/wp-content\/uploads\/2024\/06\/precut-cotton-kenisiology-tape.webp",470,470,false],"thumbnail":["https:\/\/www.beishenge.com\/wp-content\/uploads\/2024\/06\/precut-cotton-kenisiology-tape-150x150.webp",150,150,true],"medium":["https:\/\/www.beishenge.com\/wp-content\/uploads\/2024\/06\/precut-cotton-kenisiology-tape-300x300.webp",300,300,true],"medium_large":["https:\/\/www.beishenge.com\/wp-content\/uploads\/2024\/06\/precut-cotton-kenisiology-tape.webp",470,470,false],"large":["https:\/\/www.beishenge.com\/wp-content\/uploads\/2024\/06\/precut-cotton-kenisiology-tape.webp",470,470,false],"1536x1536":["https:\/\/www.beishenge.com\/wp-content\/uploads\/2024\/06\/precut-cotton-kenisiology-tape.webp",470,470,false],"2048x2048":["https:\/\/www.beishenge.com\/wp-content\/uploads\/2024\/06\/precut-cotton-kenisiology-tape.webp",470,470,false],"trp-custom-language-flag":["https:\/\/www.beishenge.com\/wp-content\/uploads\/2024\/06\/precut-cotton-kenisiology-tape.webp",12,12,false],"woocommerce_archive_thumbnail":["https:\/\/www.beishenge.com\/wp-content\/uploads\/2024\/06\/precut-cotton-kenisiology-tape-300x300.webp",300,300,true],"woocommerce_thumbnail":["https:\/\/www.beishenge.com\/wp-content\/uploads\/2024\/06\/precut-cotton-kenisiology-tape-300x300.webp",300,300,true],"woocommerce_single":["https:\/\/www.beishenge.com\/wp-content\/uploads\/2024\/06\/precut-cotton-kenisiology-tape.webp",470,470,false],"woocommerce_gallery_thumbnail":["https:\/\/www.beishenge.com\/wp-content\/uploads\/2024\/06\/precut-cotton-kenisiology-tape-100x100.webp",100,100,true]},"uagb_author_info":{"display_name":"onbysheng","author_link":"https:\/\/www.beishenge.com\/es\/author\/"},"uagb_comment_info":0,"uagb_excerpt":"Size: 5cm x 5m Material: 96%cotton, 4 % spandex, medical grade glue Customize colors and printings on tape. OEM is available Certificate: CE, ISO13485, FDA","_links":{"self":[{"href":"https:\/\/www.beishenge.com\/es\/wp-json\/wp\/v2\/product\/2096","targetHints":{"allow":["GET"]}}],"collection":[{"href":"https:\/\/www.beishenge.com\/es\/wp-json\/wp\/v2\/product"}],"about":[{"href":"https:\/\/www.beishenge.com\/es\/wp-json\/wp\/v2\/types\/product"}],"version-history":[{"count":0,"href":"https:\/\/www.beishenge.com\/es\/wp-json\/wp\/v2\/product\/2096\/revisions"}],"wp:featuredmedia":[{"embeddable":true,"href":"https:\/\/www.beishenge.com\/es\/wp-json\/wp\/v2\/media\/2099"}],"wp:attachment":[{"href":"https:\/\/www.beishenge.com\/es\/wp-json\/wp\/v2\/media?parent=2096"}],"wp:term":[{"taxonomy":"product_cat","embeddable":true,"href":"https:\/\/www.beishenge.com\/es\/wp-json\/wp\/v2\/product_cat?post=2096"},{"taxonomy":"product_tag","embeddable":true,"href":"https:\/\/www.beishenge.com\/es\/wp-json\/wp\/v2\/product_tag?post=2096"}],"curies":[{"name":"wp","href":"https:\/\/api.w.org\/{rel}","templated":true}]}}