{"id":2104,"date":"2024-06-05T11:19:56","date_gmt":"2024-06-05T03:19:56","guid":{"rendered":"https:\/\/www.beishenge.com\/?post_type=product&#038;p=2104"},"modified":"2024-06-05T11:19:56","modified_gmt":"2024-06-05T03:19:56","slug":"cotton-strip-kinesiology-tape","status":"publish","type":"product","link":"https:\/\/www.beishenge.com\/es\/producto\/cotton-strip-kinesiology-tape\/","title":{"rendered":"Cinta kinesiol\u00f3gica de tiras de algod\u00f3n"},"content":{"rendered":"<p>Cinta muscular de algod\u00f3n puro<\/p>\n<ul>\n<li>Mejora el rendimiento deportivo\/capacidad atl\u00e9tica - Cuando se utiliza correctamente, ayuda a mejorar el flujo sangu\u00edneo local, favorece el drenaje linf\u00e1tico, elimina la hinchaz\u00f3n y el dolor de los tejidos blandos, y sujeta y estabiliza los m\u00fasculos y las articulaciones sin obstaculizar el movimiento. Ayuda a aliviar el dolor muscular y articular a la vez que proporciona soporte.<\/li>\n<li>\u00a0No irrita la piel y no contiene l\u00e1tex: OK TAPE est\u00e1 fabricado con materiales hipoalerg\u00e9nicos de alta calidad para minimizar la posibilidad de irritaci\u00f3n de la piel, picores y ampollas.<\/li>\n<li>\u00a0Fuerte adherencia - El dise\u00f1o ondulado de pegamento acr\u00edlico japon\u00e9s profesional sin l\u00e1tex proporciona una excelente transpirabilidad y adherencia, puedes usarlo durante ejercicios intensos y deportes de competici\u00f3n. Tambi\u00e9n es resistente al agua, por lo que puede hacer ejercicio y sudar sin preocupaciones.<\/li>\n<li>\u00a0Calidad y valor inigualables<\/li>\n<\/ul>\n<p>&nbsp;<\/p>\n<p>&nbsp;<\/p>\n<p>&nbsp;<\/p>","protected":false},"excerpt":{"rendered":"<ul>\n<li>Mejora el rendimiento deportivo\/la capacidad atl\u00e9tica<\/li>\n<li>Respetuoso con la piel y sin l\u00e1tex<\/li>\n<li>\u00a0Fuerte adherencia<\/li>\n<li>F\u00e1cil de aplicar en la junta<\/li>\n<\/ul>","protected":false},"featured_media":2107,"template":"","meta":{"_seopress_robots_primary_cat":"","_seopress_titles_title":"%%post_title%%","_seopress_titles_desc":"%%post_excerpt%%","_seopress_robots_index":"","_uag_custom_page_level_css":""},"product_cat":[40],"product_tag":[],"class_list":{"0":"post-2104","1":"product","2":"type-product","3":"status-publish","4":"has-post-thumbnail","6":"product_cat-sport-tapes","8":"first","9":"instock","10":"shipping-taxable","11":"product-type-simple"},"uagb_featured_image_src":{"full":["https:\/\/www.beishenge.com\/wp-content\/uploads\/2024\/06\/Kinesiology-tape-precut.webp",470,470,false],"thumbnail":["https:\/\/www.beishenge.com\/wp-content\/uploads\/2024\/06\/Kinesiology-tape-precut-150x150.webp",150,150,true],"medium":["https:\/\/www.beishenge.com\/wp-content\/uploads\/2024\/06\/Kinesiology-tape-precut-300x300.webp",300,300,true],"medium_large":["https:\/\/www.beishenge.com\/wp-content\/uploads\/2024\/06\/Kinesiology-tape-precut.webp",470,470,false],"large":["https:\/\/www.beishenge.com\/wp-content\/uploads\/2024\/06\/Kinesiology-tape-precut.webp",470,470,false],"1536x1536":["https:\/\/www.beishenge.com\/wp-content\/uploads\/2024\/06\/Kinesiology-tape-precut.webp",470,470,false],"2048x2048":["https:\/\/www.beishenge.com\/wp-content\/uploads\/2024\/06\/Kinesiology-tape-precut.webp",470,470,false],"trp-custom-language-flag":["https:\/\/www.beishenge.com\/wp-content\/uploads\/2024\/06\/Kinesiology-tape-precut.webp",12,12,false],"woocommerce_archive_thumbnail":["https:\/\/www.beishenge.com\/wp-content\/uploads\/2024\/06\/Kinesiology-tape-precut-300x300.webp",300,300,true],"woocommerce_thumbnail":["https:\/\/www.beishenge.com\/wp-content\/uploads\/2024\/06\/Kinesiology-tape-precut-300x300.webp",300,300,true],"woocommerce_single":["https:\/\/www.beishenge.com\/wp-content\/uploads\/2024\/06\/Kinesiology-tape-precut.webp",470,470,false],"woocommerce_gallery_thumbnail":["https:\/\/www.beishenge.com\/wp-content\/uploads\/2024\/06\/Kinesiology-tape-precut-100x100.webp",100,100,true]},"uagb_author_info":{"display_name":"onbysheng","author_link":"https:\/\/www.beishenge.com\/es\/author\/"},"uagb_comment_info":0,"uagb_excerpt":"Enhances Sports Performance\/Athletic Capacity Skin-Friendly and Latex-Free \u00a0Strong Adhesion Easy to apply on joint","_links":{"self":[{"href":"https:\/\/www.beishenge.com\/es\/wp-json\/wp\/v2\/product\/2104","targetHints":{"allow":["GET"]}}],"collection":[{"href":"https:\/\/www.beishenge.com\/es\/wp-json\/wp\/v2\/product"}],"about":[{"href":"https:\/\/www.beishenge.com\/es\/wp-json\/wp\/v2\/types\/product"}],"version-history":[{"count":0,"href":"https:\/\/www.beishenge.com\/es\/wp-json\/wp\/v2\/product\/2104\/revisions"}],"wp:featuredmedia":[{"embeddable":true,"href":"https:\/\/www.beishenge.com\/es\/wp-json\/wp\/v2\/media\/2107"}],"wp:attachment":[{"href":"https:\/\/www.beishenge.com\/es\/wp-json\/wp\/v2\/media?parent=2104"}],"wp:term":[{"taxonomy":"product_cat","embeddable":true,"href":"https:\/\/www.beishenge.com\/es\/wp-json\/wp\/v2\/product_cat?post=2104"},{"taxonomy":"product_tag","embeddable":true,"href":"https:\/\/www.beishenge.com\/es\/wp-json\/wp\/v2\/product_tag?post=2104"}],"curies":[{"name":"wp","href":"https:\/\/api.w.org\/{rel}","templated":true}]}}