{"id":2112,"date":"2024-06-05T15:20:46","date_gmt":"2024-06-05T07:20:46","guid":{"rendered":"https:\/\/www.beishenge.com\/?post_type=product&#038;p=2112"},"modified":"2024-11-20T06:35:27","modified_gmt":"2024-11-19T22:35:27","slug":"sport-athletic-tape-finger-tape","status":"publish","type":"product","link":"https:\/\/www.beishenge.com\/es\/producto\/sport-athletic-tape-finger-tape\/","title":{"rendered":"Cinta deportiva para atletismo Cinta para dedos"},"content":{"rendered":"<ul>\n<li>Material: Algod\u00f3n 100%<\/li>\n<li>Sin l\u00e1tex: La cinta atl\u00e9tica blanca est\u00e1 hecha de algod\u00f3n natural 100%, sin l\u00e1tex, perfecta para fisioterapia y terapeutas.<\/li>\n<li>La cinta de atletismo no irrita la piel y es transpirable.<\/li>\n<li>Cinta Atl\u00e9tica Alivio del Dolor: Ayuda a aliviar la presi\u00f3n de los tejidos y proporciona apoyo a las articulaciones, ayud\u00e1ndole a recuperarse del dolor m\u00e1s r\u00e1pidamente.<\/li>\n<li>Se puede rasgar con los dedos: La cinta es muy resistente, pero con un borde dentado, se puede rasgar f\u00e1cilmente con la mano, sin necesidad de tijeras.<\/li>\n<li>No deja residuos pegajosos en la piel: La cinta de boxeo est\u00e1 hecha con un adhesivo especial que es m\u00e1s pegajoso y no deja residuos pegajosos en la piel. Como cinta de escalada, se mantiene en su sitio durante mucho tiempo, perfecta para gimnasia, palos de hockey, escalada, f\u00e9rulas, f\u00fatbol, adecuada para cada equipo y ocasi\u00f3n.<\/li>\n<\/ul>\n<p>&nbsp;<\/p>\n<p>Certificados: CE, FDA, ISO 13485<\/p>","protected":false},"excerpt":{"rendered":"<ul>\n<li>Material: Algod\u00f3n 100%, pegamento skin frendily de grado m\u00e9dico.<\/li>\n<li>La cinta de atletismo no irrita la piel y es transpirable.<\/li>\n<li>Cinta Atl\u00e9tica Alivio del Dolor.<\/li>\n<li>Rasgable con los dedos.<\/li>\n<li>No deja residuos pegajosos en la piel.<\/li>\n<\/ul>","protected":false},"featured_media":0,"template":"","meta":{"_seopress_robots_primary_cat":"none","_seopress_titles_title":"%%post_title%%","_seopress_titles_desc":"%%post_excerpt%%","_seopress_robots_index":"","_uag_custom_page_level_css":""},"product_cat":[40],"product_tag":[],"class_list":{"0":"post-2112","1":"product","2":"type-product","3":"status-publish","5":"product_cat-sport-tapes","7":"first","8":"instock","9":"shipping-taxable","10":"product-type-simple"},"uagb_featured_image_src":{"full":false,"thumbnail":false,"medium":false,"medium_large":false,"large":false,"1536x1536":false,"2048x2048":false,"trp-custom-language-flag":false,"woocommerce_archive_thumbnail":false,"woocommerce_thumbnail":false,"woocommerce_single":false,"woocommerce_gallery_thumbnail":false},"uagb_author_info":{"display_name":"onbysheng","author_link":"https:\/\/www.beishenge.com\/es\/author\/"},"uagb_comment_info":0,"uagb_excerpt":"Material: 100% Cotton, medical grade skin frendily glue. Athletic tape is skin-friendly and breathable. Pain Relief Athletic Tape. Tearable with\u00a0 fingers. No sticky residue on the skin.","_links":{"self":[{"href":"https:\/\/www.beishenge.com\/es\/wp-json\/wp\/v2\/product\/2112","targetHints":{"allow":["GET"]}}],"collection":[{"href":"https:\/\/www.beishenge.com\/es\/wp-json\/wp\/v2\/product"}],"about":[{"href":"https:\/\/www.beishenge.com\/es\/wp-json\/wp\/v2\/types\/product"}],"version-history":[{"count":1,"href":"https:\/\/www.beishenge.com\/es\/wp-json\/wp\/v2\/product\/2112\/revisions"}],"predecessor-version":[{"id":2456,"href":"https:\/\/www.beishenge.com\/es\/wp-json\/wp\/v2\/product\/2112\/revisions\/2456"}],"wp:attachment":[{"href":"https:\/\/www.beishenge.com\/es\/wp-json\/wp\/v2\/media?parent=2112"}],"wp:term":[{"taxonomy":"product_cat","embeddable":true,"href":"https:\/\/www.beishenge.com\/es\/wp-json\/wp\/v2\/product_cat?post=2112"},{"taxonomy":"product_tag","embeddable":true,"href":"https:\/\/www.beishenge.com\/es\/wp-json\/wp\/v2\/product_tag?post=2112"}],"curies":[{"name":"wp","href":"https:\/\/api.w.org\/{rel}","templated":true}]}}