{"id":2117,"date":"2024-06-05T15:31:31","date_gmt":"2024-06-05T07:31:31","guid":{"rendered":"https:\/\/www.beishenge.com\/?post_type=product&#038;p=2117"},"modified":"2024-06-05T15:31:31","modified_gmt":"2024-06-05T07:31:31","slug":"heavy-elastic-adheisve-wrap","status":"publish","type":"product","link":"https:\/\/www.beishenge.com\/es\/producto\/heavy-elastic-adheisve-wrap\/","title":{"rendered":"Envoltura Adheisve El\u00e1stica Pesada"},"content":{"rendered":"<ul>\n<li>Material: Hecho de tejido el\u00e1stico de alta torsi\u00f3n con adhesivo a base de caucho, el respaldo poroso minimiza la irritaci\u00f3n de la piel, la cinta porosa, pegajosa, el\u00e1stica y de color beige permite que la piel respire; se puede estirar en superficies irregulares, f\u00e1cil de usar y reemplazar.<\/li>\n<li>Alta elasticidad y flexibilidad: Hecho de tela suave, estructura porosa, la l\u00ednea roja est\u00e1 centrada en la tela de soporte, baja tensi\u00f3n de despliegue, se puede extender hasta cierto punto en longitud y anchura, se puede aplicar a lugares donde se necesita vendaje el\u00e1stico de presi\u00f3n, el material el\u00e1stico pegajoso tiene su propia pegajosidad, se puede fijar bien en el cuerpo.<\/li>\n<li>C\u00f3modo y transpirable: Es ideal para lugares donde se necesita vendaje el\u00e1stico de presi\u00f3n despu\u00e9s de la mastectom\u00eda; cinta el\u00e1stica porosa, permite que la piel respire, ideal para usar cuando se requiere elasticidad para el vendaje de presi\u00f3n.<\/li>\n<li>Amplia aplicaci\u00f3n: Los vendajes para heridas no s\u00f3lo se pueden utilizar para bandas de soporte, fracturas, lesiones musculares, rodillas, codos y hombros, buena transpirabilidad, no har\u00e1 que la herida se encone, sino tambi\u00e9n una buena envoltura de vendaje para mascotas; esta cinta de vendaje es muy adecuada para proteger las heridas y lesiones de su perro.<\/li>\n<\/ul>\n<p>OEM disponible<\/p>\n<p>Certificados: CE, FDA, ISO13485<\/p>","protected":false},"excerpt":{"rendered":"<h2 id=\"title\" class=\"a-size-large a-spacing-none\"><span id=\"productTitle\" class=\"a-size-large product-title-word-break\">Cinta adhesiva el\u00e1stica <\/span><\/h2>\n<h6 class=\"a-size-large a-spacing-none\"><span id=\"productTitle\" class=\"a-size-large product-title-word-break\">Vendaje Medico Cinta Atl\u00e9tica Cinta Deportiva Estiramiento Flexible Piel Cinta Vendajes Tiras para Tobillo, Rodilla, Mu\u00f1eca Esguinces Animales Mascotas<\/span><\/h6>","protected":false},"featured_media":2121,"template":"","meta":{"_seopress_robots_primary_cat":"","_seopress_titles_title":"%%post_title%%","_seopress_titles_desc":"%%post_excerpt%%","_seopress_robots_index":"","_uag_custom_page_level_css":""},"product_cat":[40],"product_tag":[],"class_list":{"0":"post-2117","1":"product","2":"type-product","3":"status-publish","4":"has-post-thumbnail","6":"product_cat-sport-tapes","8":"first","9":"instock","10":"shipping-taxable","11":"product-type-simple"},"uagb_featured_image_src":{"full":["https:\/\/www.beishenge.com\/wp-content\/uploads\/2024\/06\/Elastic-adheisve-flexible-strentch-bandage.webp",689,689,false],"thumbnail":["https:\/\/www.beishenge.com\/wp-content\/uploads\/2024\/06\/Elastic-adheisve-flexible-strentch-bandage-150x150.webp",150,150,true],"medium":["https:\/\/www.beishenge.com\/wp-content\/uploads\/2024\/06\/Elastic-adheisve-flexible-strentch-bandage-300x300.webp",300,300,true],"medium_large":["https:\/\/www.beishenge.com\/wp-content\/uploads\/2024\/06\/Elastic-adheisve-flexible-strentch-bandage.webp",689,689,false],"large":["https:\/\/www.beishenge.com\/wp-content\/uploads\/2024\/06\/Elastic-adheisve-flexible-strentch-bandage.webp",689,689,false],"1536x1536":["https:\/\/www.beishenge.com\/wp-content\/uploads\/2024\/06\/Elastic-adheisve-flexible-strentch-bandage.webp",689,689,false],"2048x2048":["https:\/\/www.beishenge.com\/wp-content\/uploads\/2024\/06\/Elastic-adheisve-flexible-strentch-bandage.webp",689,689,false],"trp-custom-language-flag":["https:\/\/www.beishenge.com\/wp-content\/uploads\/2024\/06\/Elastic-adheisve-flexible-strentch-bandage.webp",12,12,false],"woocommerce_archive_thumbnail":["https:\/\/www.beishenge.com\/wp-content\/uploads\/2024\/06\/Elastic-adheisve-flexible-strentch-bandage-300x300.webp",300,300,true],"woocommerce_thumbnail":["https:\/\/www.beishenge.com\/wp-content\/uploads\/2024\/06\/Elastic-adheisve-flexible-strentch-bandage-300x300.webp",300,300,true],"woocommerce_single":["https:\/\/www.beishenge.com\/wp-content\/uploads\/2024\/06\/Elastic-adheisve-flexible-strentch-bandage-600x600.webp",600,600,true],"woocommerce_gallery_thumbnail":["https:\/\/www.beishenge.com\/wp-content\/uploads\/2024\/06\/Elastic-adheisve-flexible-strentch-bandage-100x100.webp",100,100,true]},"uagb_author_info":{"display_name":"onbysheng","author_link":"https:\/\/www.beishenge.com\/es\/author\/"},"uagb_comment_info":0,"uagb_excerpt":"Elastic Adhesive Bandage Tape Medical Bandage Wrap Athletic Tape Sports Tape Flexible Stretch Skin Tape Bandages Strips for Ankle, Knee, Wrist Sprains Animal Pets","_links":{"self":[{"href":"https:\/\/www.beishenge.com\/es\/wp-json\/wp\/v2\/product\/2117","targetHints":{"allow":["GET"]}}],"collection":[{"href":"https:\/\/www.beishenge.com\/es\/wp-json\/wp\/v2\/product"}],"about":[{"href":"https:\/\/www.beishenge.com\/es\/wp-json\/wp\/v2\/types\/product"}],"version-history":[{"count":0,"href":"https:\/\/www.beishenge.com\/es\/wp-json\/wp\/v2\/product\/2117\/revisions"}],"wp:featuredmedia":[{"embeddable":true,"href":"https:\/\/www.beishenge.com\/es\/wp-json\/wp\/v2\/media\/2121"}],"wp:attachment":[{"href":"https:\/\/www.beishenge.com\/es\/wp-json\/wp\/v2\/media?parent=2117"}],"wp:term":[{"taxonomy":"product_cat","embeddable":true,"href":"https:\/\/www.beishenge.com\/es\/wp-json\/wp\/v2\/product_cat?post=2117"},{"taxonomy":"product_tag","embeddable":true,"href":"https:\/\/www.beishenge.com\/es\/wp-json\/wp\/v2\/product_tag?post=2117"}],"curies":[{"name":"wp","href":"https:\/\/api.w.org\/{rel}","templated":true}]}}