{"id":2139,"date":"2024-06-06T15:24:26","date_gmt":"2024-06-06T07:24:26","guid":{"rendered":"https:\/\/www.beishenge.com\/?post_type=product&#038;p=2139"},"modified":"2025-06-24T14:07:02","modified_gmt":"2025-06-24T06:07:02","slug":"eye-patch-for-kids","status":"publish","type":"product","link":"https:\/\/www.beishenge.com\/es\/producto\/eye-patch-for-kids\/","title":{"rendered":"Parche ocular para ni\u00f1os"},"content":{"rendered":"<table class=\"all magic-7\">\n<tbody>\n<tr>\n<td colspan=\"1\" rowspan=\"1\">\n<div class=\"magic-8\"><b data-spm-anchor-id=\"0.0.0.i3.70e34f05x0SjOI\">Talla<\/b><\/div>\n<\/td>\n<td colspan=\"1\" rowspan=\"1\">\n<div class=\"magic-9\">Personalizado<\/div>\n<\/td>\n<\/tr>\n<tr>\n<td colspan=\"1\" rowspan=\"1\">\n<div class=\"magic-8\"><b data-spm-anchor-id=\"0.0.0.i5.70e34f05x0SjOI\">Material<\/b><\/div>\n<\/td>\n<td colspan=\"1\" rowspan=\"1\">\n<div class=\"magic-9\">Tela no tejida<\/div>\n<\/td>\n<\/tr>\n<tr>\n<td colspan=\"1\" rowspan=\"1\">\n<div class=\"magic-8\"><b data-spm-anchor-id=\"0.0.0.i7.70e34f05x0SjOI\">Caracter\u00edstica<\/b><\/div>\n<\/td>\n<td colspan=\"1\" rowspan=\"1\">\n<div class=\"magic-9\">De dibujos animados, sin l\u00e1tex y transpirable<\/div>\n<\/td>\n<\/tr>\n<tr>\n<td colspan=\"1\" rowspan=\"1\">\n<div class=\"magic-10\"><b>Certificado<\/b><\/div>\n<\/td>\n<td colspan=\"1\" rowspan=\"1\">\n<div class=\"magic-11\">CE, ISO13485<\/div>\n<\/td>\n<\/tr>\n<tr>\n<td colspan=\"1\" rowspan=\"1\">\n<div class=\"magic-10\"><b>Embalaje<\/b><\/div>\n<\/td>\n<td colspan=\"1\" rowspan=\"1\">\n<div class=\"magic-11\">Adaptado a las necesidades del cliente<\/div>\n<\/td>\n<\/tr>\n<tr>\n<td colspan=\"1\" rowspan=\"1\">\n<div class=\"magic-10\"><b>Plazo de entrega<\/b><\/div>\n<\/td>\n<td colspan=\"1\" rowspan=\"1\">\n<div class=\"magic-11\">Unos 25 d\u00edas despu\u00e9s de recibir el dep\u00f3sito y confirmar todos los dise\u00f1os<\/div>\n<\/td>\n<\/tr>\n<\/tbody>\n<\/table>\n<p>&nbsp;<\/p>\n<ul>\n<li>Atractivos y divertidos dibujos: Nuestras m\u00e1scaras oculares presentan divertidos y vibrantes estampados que encantar\u00e1n a tus hijos, con dinosaurios, astronautas, cohetes, tiburones, etc. Este divertido elemento ayuda a que llevar m\u00e1scaras oculares sea una experiencia agradable para los ni\u00f1os. Puede personalizarlas con su propio dise\u00f1o.<\/li>\n<li>C\u00f3modas y seguras: Las m\u00e1scaras oculares para ni\u00f1os est\u00e1n hechas principalmente de material no tejido; estas m\u00e1scaras oculares son suaves, delicadas y transpirables, por lo que son ideales para los ni\u00f1os que necesitan usarlas; por favor, realice una prueba cut\u00e1nea antes de usarlas.<\/li>\n<li>Bloqueo eficaz de la luz: Nuestras m\u00e1scaras para ojos vagos bloquean eficazmente la luz, por lo que son imprescindibles para la ambliop\u00eda (ojo vago) y otras enfermedades oculares; los ni\u00f1os tambi\u00e9n pueden usarlas para descansar los ojos y mejorar la comodidad general.<\/li>\n<li>Tama\u00f1o ideal: Las m\u00e1scaras oculares para ni\u00f1os miden aproximadamente 3 x 2 pulgadas\/ 75 x 50 mm, que es un ajuste perfecto para los ojos de los ni\u00f1os, lo que garantiza que funcionen eficazmente y sean f\u00e1ciles de poner y quitar; este tama\u00f1o es perfecto para proporcionar una amplia cobertura ocular. Tambi\u00e9n se pueden fabricar tama\u00f1os personalizados seg\u00fan sus necesidades.<\/li>\n<\/ul>\n<p>Tenemos una baja cantidad m\u00ednima de pedido y env\u00edo r\u00e1pido. Si usted necesita, p\u00f3ngase en contacto con nosotros.<\/p>\n<p>&nbsp;<\/p>\n<p>&nbsp;<\/p>","protected":false},"excerpt":{"rendered":"<h5 id=\"title\" class=\"a-size-large a-spacing-none\"><span id=\"productTitle\" class=\"a-size-large product-title-word-break\">Parches oculares adhesivos para ni\u00f1os <\/span><\/h5>\n<h5 class=\"a-size-large a-spacing-none\"><span id=\"productTitle\" class=\"a-size-large product-title-word-break\">Parches oculares para ni\u00f1os sin l\u00e1tex <\/span><\/h5>\n<h5 class=\"a-size-large a-spacing-none\"><span id=\"productTitle\" class=\"a-size-large product-title-word-break\">Bonitas vendas adhesivas para la ambliop\u00eda <\/span><\/h5>\n<h5 class=\"a-size-large a-spacing-none\"><span id=\"productTitle\" class=\"a-size-large product-title-word-break\">Almohadilla Ocular Desechable Bloqueador de Luz Ojo Vago Ni\u00f1o Peque\u00f1o Ni\u00f1a Ojo Derecho<\/span><\/h5>","protected":false},"featured_media":2136,"template":"","meta":{"_seopress_robots_primary_cat":"none","_seopress_titles_title":"%%post_title%%","_seopress_titles_desc":"%%post_excerpt%%","_seopress_robots_index":"","_uag_custom_page_level_css":""},"product_cat":[21,34],"product_tag":[],"class_list":{"0":"post-2139","1":"product","2":"type-product","3":"status-publish","4":"has-post-thumbnail","6":"product_cat-more-products","7":"product_cat-patches-for-sensor","9":"first","10":"instock","11":"shipping-taxable","12":"product-type-simple"},"uagb_featured_image_src":{"full":["https:\/\/www.beishenge.com\/wp-content\/uploads\/2024\/06\/\u773c\u8d34\u8d34_\u526f\u672c-1.webp",800,800,false],"thumbnail":["https:\/\/www.beishenge.com\/wp-content\/uploads\/2024\/06\/\u773c\u8d34\u8d34_\u526f\u672c-1-150x150.webp",150,150,true],"medium":["https:\/\/www.beishenge.com\/wp-content\/uploads\/2024\/06\/\u773c\u8d34\u8d34_\u526f\u672c-1-300x300.webp",300,300,true],"medium_large":["https:\/\/www.beishenge.com\/wp-content\/uploads\/2024\/06\/\u773c\u8d34\u8d34_\u526f\u672c-1-768x768.webp",768,768,true],"large":["https:\/\/www.beishenge.com\/wp-content\/uploads\/2024\/06\/\u773c\u8d34\u8d34_\u526f\u672c-1.webp",800,800,false],"1536x1536":["https:\/\/www.beishenge.com\/wp-content\/uploads\/2024\/06\/\u773c\u8d34\u8d34_\u526f\u672c-1.webp",800,800,false],"2048x2048":["https:\/\/www.beishenge.com\/wp-content\/uploads\/2024\/06\/\u773c\u8d34\u8d34_\u526f\u672c-1.webp",800,800,false],"trp-custom-language-flag":["https:\/\/www.beishenge.com\/wp-content\/uploads\/2024\/06\/\u773c\u8d34\u8d34_\u526f\u672c-1.webp",12,12,false],"woocommerce_archive_thumbnail":["https:\/\/www.beishenge.com\/wp-content\/uploads\/2024\/06\/\u773c\u8d34\u8d34_\u526f\u672c-1-300x300.webp",300,300,true],"woocommerce_thumbnail":["https:\/\/www.beishenge.com\/wp-content\/uploads\/2024\/06\/\u773c\u8d34\u8d34_\u526f\u672c-1-300x300.webp",300,300,true],"woocommerce_single":["https:\/\/www.beishenge.com\/wp-content\/uploads\/2024\/06\/\u773c\u8d34\u8d34_\u526f\u672c-1-600x600.webp",600,600,true],"woocommerce_gallery_thumbnail":["https:\/\/www.beishenge.com\/wp-content\/uploads\/2024\/06\/\u773c\u8d34\u8d34_\u526f\u672c-1-100x100.webp",100,100,true]},"uagb_author_info":{"display_name":"onbysheng","author_link":"https:\/\/www.beishenge.com\/es\/author\/"},"uagb_comment_info":0,"uagb_excerpt":"Adhesive Eye Patches for Kids Latex Free Kids Eye Patches Cute Adhesive Bandages for Amblyopia Disposable Eye Pad Light Blocking Lazy Eye Toddler Boys Girls Right Eye","_links":{"self":[{"href":"https:\/\/www.beishenge.com\/es\/wp-json\/wp\/v2\/product\/2139","targetHints":{"allow":["GET"]}}],"collection":[{"href":"https:\/\/www.beishenge.com\/es\/wp-json\/wp\/v2\/product"}],"about":[{"href":"https:\/\/www.beishenge.com\/es\/wp-json\/wp\/v2\/types\/product"}],"version-history":[{"count":2,"href":"https:\/\/www.beishenge.com\/es\/wp-json\/wp\/v2\/product\/2139\/revisions"}],"predecessor-version":[{"id":3011,"href":"https:\/\/www.beishenge.com\/es\/wp-json\/wp\/v2\/product\/2139\/revisions\/3011"}],"wp:featuredmedia":[{"embeddable":true,"href":"https:\/\/www.beishenge.com\/es\/wp-json\/wp\/v2\/media\/2136"}],"wp:attachment":[{"href":"https:\/\/www.beishenge.com\/es\/wp-json\/wp\/v2\/media?parent=2139"}],"wp:term":[{"taxonomy":"product_cat","embeddable":true,"href":"https:\/\/www.beishenge.com\/es\/wp-json\/wp\/v2\/product_cat?post=2139"},{"taxonomy":"product_tag","embeddable":true,"href":"https:\/\/www.beishenge.com\/es\/wp-json\/wp\/v2\/product_tag?post=2139"}],"curies":[{"name":"wp","href":"https:\/\/api.w.org\/{rel}","templated":true}]}}