{"id":1132,"date":"2022-03-30T10:35:07","date_gmt":"2022-03-30T02:35:07","guid":{"rendered":"https:\/\/www.beishenge.com\/product\/%e4%ba%a7%e5%93%81\/"},"modified":"2024-06-25T14:34:54","modified_gmt":"2024-06-25T06:34:54","slug":"%e4%ba%a7%e5%93%81","status":"publish","type":"product","link":"https:\/\/www.beishenge.com\/fr\/produit\/%e4%ba%a7%e5%93%81\/","title":{"rendered":"Patchs adh\u00e9sifs en coton Farbic Dexcom G6"},"content":{"rendered":"<p>Mati\u00e8re : Coton tr\u00e8s extensible et colle m\u00e9dicale hypoallerg\u00e9nique.<\/p>\n<p>Avantages du produit :<\/p>\n<p>1. 10-14 jours :  Fonctionne bien m\u00eame lorsque l'on nage, que l'on se douche ou que l'on fait de l'exercice r\u00e9guli\u00e8rement. En l'absence d'un entretien appropri\u00e9 et d'une utilisation intensive, nos patchs imperm\u00e9ables peuvent encore \u00eatre utilis\u00e9s pendant 10 \u00e0 14 jours. Compatible avec : Dexcom G6<\/p>\n<p>2. R\u00e9sistant \u00e0 l'eau et \u00e0 la sueur : Restez actif par tous les temps.<\/p>\n<p>3. Respect de la peau : convient \u00e0 tous les types de peau. Id\u00e9al pour les peaux sensibles, faible taux d'irritation.<\/p>\n<p>4. Souplesse et facilit\u00e9 d'utilisation : facile \u00e0 d\u00e9coller et \u00e0 appliquer.<\/p>\n<p>&nbsp;<\/p>\n<p>&nbsp;<\/p>","protected":false},"excerpt":{"rendered":"<p>Patchs CGM Dexcom G6 Skin Grip, r\u00e9sistants \u00e0 l'eau et \u00e0 la sueur, bande adh\u00e9sive pr\u00e9d\u00e9coup\u00e9e, protection pour la surveillance continue du glucose<\/p>","protected":false},"featured_media":2007,"template":"","meta":{"_seopress_robots_primary_cat":"none","_seopress_titles_title":"","_seopress_titles_desc":"","_seopress_robots_index":"","_uag_custom_page_level_css":""},"product_cat":[21],"product_tag":[],"class_list":{"0":"post-1132","1":"product","2":"type-product","3":"status-publish","4":"has-post-thumbnail","6":"product_cat-more-products","8":"first","9":"instock","10":"shipping-taxable","11":"product-type-simple"},"uagb_featured_image_src":{"full":["https:\/\/www.beishenge.com\/wp-content\/uploads\/2022\/03\/Dexcom-G6-Adhesive-Patch-cotton_W_1980px.webp",1980,1980,false],"thumbnail":["https:\/\/www.beishenge.com\/wp-content\/uploads\/2022\/03\/Dexcom-G6-Adhesive-Patch-cotton_W_1980px-150x150.webp",150,150,true],"medium":["https:\/\/www.beishenge.com\/wp-content\/uploads\/2022\/03\/Dexcom-G6-Adhesive-Patch-cotton_W_1980px-300x300.webp",300,300,true],"medium_large":["https:\/\/www.beishenge.com\/wp-content\/uploads\/2022\/03\/Dexcom-G6-Adhesive-Patch-cotton_W_1980px-768x768.webp",768,768,true],"large":["https:\/\/www.beishenge.com\/wp-content\/uploads\/2022\/03\/Dexcom-G6-Adhesive-Patch-cotton_W_1980px-1024x1024.webp",1024,1024,true],"1536x1536":["https:\/\/www.beishenge.com\/wp-content\/uploads\/2022\/03\/Dexcom-G6-Adhesive-Patch-cotton_W_1980px-1536x1536.webp",1536,1536,true],"2048x2048":["https:\/\/www.beishenge.com\/wp-content\/uploads\/2022\/03\/Dexcom-G6-Adhesive-Patch-cotton_W_1980px.webp",1980,1980,false],"trp-custom-language-flag":["https:\/\/www.beishenge.com\/wp-content\/uploads\/2022\/03\/Dexcom-G6-Adhesive-Patch-cotton_W_1980px.webp",12,12,false],"woocommerce_archive_thumbnail":["https:\/\/www.beishenge.com\/wp-content\/uploads\/2022\/03\/Dexcom-G6-Adhesive-Patch-cotton_W_1980px-300x300.webp",300,300,true],"woocommerce_thumbnail":["https:\/\/www.beishenge.com\/wp-content\/uploads\/2022\/03\/Dexcom-G6-Adhesive-Patch-cotton_W_1980px-300x300.webp",300,300,true],"woocommerce_single":["https:\/\/www.beishenge.com\/wp-content\/uploads\/2022\/03\/Dexcom-G6-Adhesive-Patch-cotton_W_1980px-600x600.webp",600,600,true],"woocommerce_gallery_thumbnail":["https:\/\/www.beishenge.com\/wp-content\/uploads\/2022\/03\/Dexcom-G6-Adhesive-Patch-cotton_W_1980px-100x100.webp",100,100,true]},"uagb_author_info":{"display_name":"onbysheng","author_link":"https:\/\/www.beishenge.com\/fr\/author\/"},"uagb_comment_info":0,"uagb_excerpt":"Dexcom G6 Skin Grip CGM Patches , Water and Sweat Resistant, Pre-cut Tape, Continuous Glucose Monitoring Protection","_links":{"self":[{"href":"https:\/\/www.beishenge.com\/fr\/wp-json\/wp\/v2\/product\/1132","targetHints":{"allow":["GET"]}}],"collection":[{"href":"https:\/\/www.beishenge.com\/fr\/wp-json\/wp\/v2\/product"}],"about":[{"href":"https:\/\/www.beishenge.com\/fr\/wp-json\/wp\/v2\/types\/product"}],"version-history":[{"count":1,"href":"https:\/\/www.beishenge.com\/fr\/wp-json\/wp\/v2\/product\/1132\/revisions"}],"predecessor-version":[{"id":2033,"href":"https:\/\/www.beishenge.com\/fr\/wp-json\/wp\/v2\/product\/1132\/revisions\/2033"}],"wp:featuredmedia":[{"embeddable":true,"href":"https:\/\/www.beishenge.com\/fr\/wp-json\/wp\/v2\/media\/2007"}],"wp:attachment":[{"href":"https:\/\/www.beishenge.com\/fr\/wp-json\/wp\/v2\/media?parent=1132"}],"wp:term":[{"taxonomy":"product_cat","embeddable":true,"href":"https:\/\/www.beishenge.com\/fr\/wp-json\/wp\/v2\/product_cat?post=1132"},{"taxonomy":"product_tag","embeddable":true,"href":"https:\/\/www.beishenge.com\/fr\/wp-json\/wp\/v2\/product_tag?post=1132"}],"curies":[{"name":"wp","href":"https:\/\/api.w.org\/{rel}","templated":true}]}}