{"id":1139,"date":"2022-03-30T11:42:35","date_gmt":"2022-03-30T03:42:35","guid":{"rendered":"https:\/\/www.beishenge.com\/?post_type=product&#038;p=1139"},"modified":"2024-06-25T14:34:29","modified_gmt":"2024-06-25T06:34:29","slug":"adhesive-patches-waterproof-adhesive-covers-for-omnipod-sensors","status":"publish","type":"product","link":"https:\/\/www.beishenge.com\/fr\/produit\/adhesive-patches-waterproof-adhesive-covers-for-omnipod-sensors\/","title":{"rendered":"Patchs adh\u00e9sifs Couvertures adh\u00e9sives \u00e9tanches pour capteurs Omnipod"},"content":{"rendered":"<p>1. forte adh\u00e9rence - Notre processus de fabrication unique garantit que nos patchs dexcom adh\u00e8rent plus longtemps, et avec moins d'irritation, que n'importe quelle autre bande de capteur CGM sur le march\u00e9.<\/p>\n<p>2. Convient \u00e0 Omnipod (ne convient pas \u00e0 Dexcom G4, G5, G6, Enlite, Guardian 3)<\/p>\n<p>3. Facile \u00e0 utiliser - Notre m\u00e9thode d'application permet d'appliquer Simpatch aussi facilement qu'un pansement.<\/p>\n<p>4. Mat\u00e9riau respirant et innovant - Notre mat\u00e9riau innovant s\u00e8che rapidement et emp\u00eache la sueur et l'eau d'endommager votre appareil.<br \/>\nAdh\u00e9sif hypoallerg\u00e9nique - sans latex, r\u00e9sistant \u00e0 l'eau, adh\u00e9sif acrylique 100%.<\/p>","protected":false},"excerpt":{"rendered":"<p>Patchs adh\u00e9sifs - Parfait pour Omnipod - Meilleures couvertures adh\u00e9sives \u00e9tanches pour les capteurs - Papier pr\u00e9d\u00e9coup\u00e9 au dos - Meilleure fixation longue dur\u00e9e ! (Tan)<\/p>","protected":false},"featured_media":2024,"template":"","meta":{"_seopress_robots_primary_cat":"none","_seopress_titles_title":"","_seopress_titles_desc":"","_seopress_robots_index":"","_uag_custom_page_level_css":""},"product_cat":[21],"product_tag":[],"class_list":{"0":"post-1139","1":"product","2":"type-product","3":"status-publish","4":"has-post-thumbnail","6":"product_cat-more-products","8":"first","9":"instock","10":"shipping-taxable","11":"product-type-simple"},"uagb_featured_image_src":{"full":["https:\/\/www.beishenge.com\/wp-content\/uploads\/2022\/03\/OmniPod-Adhesive-Patch2_W_1980px.webp",1980,1980,false],"thumbnail":["https:\/\/www.beishenge.com\/wp-content\/uploads\/2022\/03\/OmniPod-Adhesive-Patch2_W_1980px-150x150.webp",150,150,true],"medium":["https:\/\/www.beishenge.com\/wp-content\/uploads\/2022\/03\/OmniPod-Adhesive-Patch2_W_1980px-300x300.webp",300,300,true],"medium_large":["https:\/\/www.beishenge.com\/wp-content\/uploads\/2022\/03\/OmniPod-Adhesive-Patch2_W_1980px-768x768.webp",768,768,true],"large":["https:\/\/www.beishenge.com\/wp-content\/uploads\/2022\/03\/OmniPod-Adhesive-Patch2_W_1980px-1024x1024.webp",1024,1024,true],"1536x1536":["https:\/\/www.beishenge.com\/wp-content\/uploads\/2022\/03\/OmniPod-Adhesive-Patch2_W_1980px-1536x1536.webp",1536,1536,true],"2048x2048":["https:\/\/www.beishenge.com\/wp-content\/uploads\/2022\/03\/OmniPod-Adhesive-Patch2_W_1980px.webp",1980,1980,false],"trp-custom-language-flag":["https:\/\/www.beishenge.com\/wp-content\/uploads\/2022\/03\/OmniPod-Adhesive-Patch2_W_1980px.webp",12,12,false],"woocommerce_archive_thumbnail":["https:\/\/www.beishenge.com\/wp-content\/uploads\/2022\/03\/OmniPod-Adhesive-Patch2_W_1980px-300x300.webp",300,300,true],"woocommerce_thumbnail":["https:\/\/www.beishenge.com\/wp-content\/uploads\/2022\/03\/OmniPod-Adhesive-Patch2_W_1980px-300x300.webp",300,300,true],"woocommerce_single":["https:\/\/www.beishenge.com\/wp-content\/uploads\/2022\/03\/OmniPod-Adhesive-Patch2_W_1980px-600x600.webp",600,600,true],"woocommerce_gallery_thumbnail":["https:\/\/www.beishenge.com\/wp-content\/uploads\/2022\/03\/OmniPod-Adhesive-Patch2_W_1980px-100x100.webp",100,100,true]},"uagb_author_info":{"display_name":"onbysheng","author_link":"https:\/\/www.beishenge.com\/fr\/author\/"},"uagb_comment_info":0,"uagb_excerpt":"Adhesive Patches - Perfect for Omnipod - Best Waterproof Adhesive Covers for Sensors - Pre-Cut Back Paper - Best Long Fixation! (Tan)","_links":{"self":[{"href":"https:\/\/www.beishenge.com\/fr\/wp-json\/wp\/v2\/product\/1139","targetHints":{"allow":["GET"]}}],"collection":[{"href":"https:\/\/www.beishenge.com\/fr\/wp-json\/wp\/v2\/product"}],"about":[{"href":"https:\/\/www.beishenge.com\/fr\/wp-json\/wp\/v2\/types\/product"}],"version-history":[{"count":1,"href":"https:\/\/www.beishenge.com\/fr\/wp-json\/wp\/v2\/product\/1139\/revisions"}],"predecessor-version":[{"id":2028,"href":"https:\/\/www.beishenge.com\/fr\/wp-json\/wp\/v2\/product\/1139\/revisions\/2028"}],"wp:featuredmedia":[{"embeddable":true,"href":"https:\/\/www.beishenge.com\/fr\/wp-json\/wp\/v2\/media\/2024"}],"wp:attachment":[{"href":"https:\/\/www.beishenge.com\/fr\/wp-json\/wp\/v2\/media?parent=1139"}],"wp:term":[{"taxonomy":"product_cat","embeddable":true,"href":"https:\/\/www.beishenge.com\/fr\/wp-json\/wp\/v2\/product_cat?post=1139"},{"taxonomy":"product_tag","embeddable":true,"href":"https:\/\/www.beishenge.com\/fr\/wp-json\/wp\/v2\/product_tag?post=1139"}],"curies":[{"name":"wp","href":"https:\/\/api.w.org\/{rel}","templated":true}]}}