{"id":1143,"date":"2022-03-30T11:54:37","date_gmt":"2022-03-30T03:54:37","guid":{"rendered":"https:\/\/www.beishenge.com\/?post_type=product&#038;p=1143"},"modified":"2024-06-26T11:12:00","modified_gmt":"2024-06-26T03:12:00","slug":"1143","status":"publish","type":"product","link":"https:\/\/www.beishenge.com\/fr\/produit\/1143\/","title":{"rendered":"Patchs adh\u00e9sifs pour le capteur Dexcom G6"},"content":{"rendered":"<h4>Nous produisons des patchs adh\u00e9sifs pour le Dexcom G6 depuis de nombreuses ann\u00e9es. Aujourd'hui, nous avons un nouvel appareil, le Dexcom G7. Nous avons produit des patchs en m\u00eame temps que le lancement du Dexcom G7 Sensor.<\/h4>\n<h4>Les patchs adh\u00e9sifs Dexcom G6 sont l'un de nos produits les plus vendus au fil des ans. Nous disposons d'une riche exp\u00e9rience pour r\u00e9pondre aux diff\u00e9rents besoins du march\u00e9 et des clients.<\/h4>\n<h4>En ce qui concerne la s\u00e9lection des patchs pour le Dexcom G6, nous disposons de diff\u00e9rentes mati\u00e8res premi\u00e8res et formes.<\/h4>\n<h4>Le patch adh\u00e9sif G6 en pur coton est le plus traditionnel et le premier \u00e0 \u00eatre accept\u00e9 par la majorit\u00e9 des clients. Il a une bonne respirabilit\u00e9 et \u00e9lasticit\u00e9, des couleurs riches et une impression qui est tr\u00e8s populaire sur le march\u00e9.<\/h4>\n<h4>Le tissu extensible dans les quatre sens est une am\u00e9lioration du tissu extensible en coton. Il poss\u00e8de la douceur et la respirabilit\u00e9 du coton pur, mais il est tr\u00e8s lisse et fin, et l'\u00e9lasticit\u00e9 peut s'\u00e9tendre sur tout le pourtour. Les clients qui ont des exigences plus \u00e9lev\u00e9es en mati\u00e8re d'exp\u00e9rience d'utilisation l'appr\u00e9cieront.<\/h4>\n<h4>Le mat\u00e9riau PU transparent est \u00e9galement tr\u00e8s populaire. Les patchs adh\u00e9sifs Dexcom G6 transparents fabriqu\u00e9s dans ce mat\u00e9riau sont tr\u00e8s l\u00e9gers, hydrofuges et r\u00e9sistants \u00e0 la transpiration. Comme ils sont transparents, ils n'attirent pas l'attention. Ils sont discrets et confortables. Le taux de rachat est tr\u00e8s \u00e9lev\u00e9.<\/h4>\n<h4><img fetchpriority=\"high\" decoding=\"async\" class=\"size-medium wp-image-2191\" src=\"https:\/\/www.beishenge.com\/wp-content\/uploads\/2022\/03\/\u4e0b\u8f7d-1-1-300x300.webp\" alt=\"\" width=\"300\" height=\"300\" srcset=\"https:\/\/www.beishenge.com\/wp-content\/uploads\/2022\/03\/\u4e0b\u8f7d-1-1-300x300.webp 300w, https:\/\/www.beishenge.com\/wp-content\/uploads\/2022\/03\/\u4e0b\u8f7d-1-1-150x150.webp 150w, https:\/\/www.beishenge.com\/wp-content\/uploads\/2022\/03\/\u4e0b\u8f7d-1-1-768x768.webp 768w, https:\/\/www.beishenge.com\/wp-content\/uploads\/2022\/03\/\u4e0b\u8f7d-1-1-600x600.webp 600w, https:\/\/www.beishenge.com\/wp-content\/uploads\/2022\/03\/\u4e0b\u8f7d-1-1-100x100.webp 100w, https:\/\/www.beishenge.com\/wp-content\/uploads\/2022\/03\/\u4e0b\u8f7d-1-1.webp 1000w\" sizes=\"(max-width: 300px) 100vw, 300px\" \/><\/h4>\n<h4><\/h4>\n<h4>Apr\u00e8s tant d'ann\u00e9es d'exp\u00e9rience sur le march\u00e9, nous avons continuellement am\u00e9lior\u00e9 la taille du patch et du diam\u00e8tre int\u00e9rieur du patch adh\u00e9sif Dexcom G6 pour le rendre plus adapt\u00e9 au capteur Dexcom G6. Nous avons \u00e9galement am\u00e9lior\u00e9 la partie pr\u00e9d\u00e9coup\u00e9e du papier support pour permettre aux clients de l'utiliser plus facilement d'une seule main.<\/h4>\n<h4>La colle que nous utilisons est une colle hypoallerg\u00e9nique de qualit\u00e9 m\u00e9dicale. Au m\u00eame prix, la qualit\u00e9 de nos patchs est la plus stable et la plus \u00e9lev\u00e9e parmi nos pairs. Il est respectueux des peaux sensibles<\/h4>\n<h4>A propos de la personnalisation<br \/>\n1. En termes de personnalisation, notre avantage est que nous prenons en charge la personnalisation de petits lots et la livraison rapide.<br \/>\n2. Imprimer le logo sur l'\u00e9cusson ou sur le papier support de l'\u00e9cusson. Am\u00e9liorer l'impression que le client a de la marque.<br \/>\n3. Fournir un projet de conception ou un \u00e9chantillon, et nous pouvons \u00e9galement faire des \u00e9preuves et produire selon le projet de conception et l'\u00e9chantillon.<br \/>\n4. L'emballage personnalis\u00e9 est \u00e9galement possible. Si vous avez vos propres id\u00e9es et besoins, nous vous fournirons \u00e9galement une conception d'emballage gratuite bas\u00e9e sur vos opinions.<\/h4>\n<h4>Si vous avez des questions ou des besoins concernant les patchs hypoallerg\u00e9niques pour Dexcom, omnipod, libre ect, n'h\u00e9sitez pas \u00e0 nous contacter.<\/h4>\n<p>&nbsp;<\/p>","protected":false},"excerpt":{"rendered":"<p>Patchs adh\u00e9sifs imperm\u00e9ables pour G6<\/p>\n<p>Surplis transparent de premi\u00e8re qualit\u00e9 pour les peaux sensibles<\/p>\n<p>Pactes adh\u00e9sifs respectueux des enfants et des peaux sensibles<\/p>\n<p>10 Days Long Stay Covers Facile \u00e0 utiliser d'une seule main<\/p>\n<p>&nbsp;<\/p>","protected":false},"featured_media":2013,"template":"","meta":{"_seopress_robots_primary_cat":"none","_seopress_titles_title":"","_seopress_titles_desc":"Waterproof Adhesive Patches for G6, Friendly adhesive pacthes for kids and senstive skin, Dexcom G6 pacthes","_seopress_robots_index":"","_uag_custom_page_level_css":""},"product_cat":[34],"product_tag":[],"class_list":{"0":"post-1143","1":"product","2":"type-product","3":"status-publish","4":"has-post-thumbnail","6":"product_cat-patches-for-sensor","8":"first","9":"instock","10":"shipping-taxable","11":"product-type-simple"},"uagb_featured_image_src":{"full":["https:\/\/www.beishenge.com\/wp-content\/uploads\/2022\/03\/G6-Adhesive-Patches-blue_W_1980px.webp",1980,1878,false],"thumbnail":["https:\/\/www.beishenge.com\/wp-content\/uploads\/2022\/03\/G6-Adhesive-Patches-blue_W_1980px-150x150.webp",150,150,true],"medium":["https:\/\/www.beishenge.com\/wp-content\/uploads\/2022\/03\/G6-Adhesive-Patches-blue_W_1980px-300x285.webp",300,285,true],"medium_large":["https:\/\/www.beishenge.com\/wp-content\/uploads\/2022\/03\/G6-Adhesive-Patches-blue_W_1980px-768x728.webp",768,728,true],"large":["https:\/\/www.beishenge.com\/wp-content\/uploads\/2022\/03\/G6-Adhesive-Patches-blue_W_1980px-1024x971.webp",1024,971,true],"1536x1536":["https:\/\/www.beishenge.com\/wp-content\/uploads\/2022\/03\/G6-Adhesive-Patches-blue_W_1980px-1536x1457.webp",1536,1457,true],"2048x2048":["https:\/\/www.beishenge.com\/wp-content\/uploads\/2022\/03\/G6-Adhesive-Patches-blue_W_1980px.webp",1980,1878,false],"trp-custom-language-flag":["https:\/\/www.beishenge.com\/wp-content\/uploads\/2022\/03\/G6-Adhesive-Patches-blue_W_1980px.webp",13,12,false],"woocommerce_archive_thumbnail":["https:\/\/www.beishenge.com\/wp-content\/uploads\/2022\/03\/G6-Adhesive-Patches-blue_W_1980px-300x285.webp",300,285,true],"woocommerce_thumbnail":["https:\/\/www.beishenge.com\/wp-content\/uploads\/2022\/03\/G6-Adhesive-Patches-blue_W_1980px-300x285.webp",300,285,true],"woocommerce_single":["https:\/\/www.beishenge.com\/wp-content\/uploads\/2022\/03\/G6-Adhesive-Patches-blue_W_1980px-600x569.webp",600,569,true],"woocommerce_gallery_thumbnail":["https:\/\/www.beishenge.com\/wp-content\/uploads\/2022\/03\/G6-Adhesive-Patches-blue_W_1980px-100x100.webp",100,100,true]},"uagb_author_info":{"display_name":"onbysheng","author_link":"https:\/\/www.beishenge.com\/fr\/author\/"},"uagb_comment_info":0,"uagb_excerpt":"Waterproof Adhesive Patches for G6 Premium Transparent Overpatch for senstive skin Friendly adhesive pacthes for kids and senstive skin 10 Days Long Stay Covers Easy to Use by One Hand &nbsp;","_links":{"self":[{"href":"https:\/\/www.beishenge.com\/fr\/wp-json\/wp\/v2\/product\/1143","targetHints":{"allow":["GET"]}}],"collection":[{"href":"https:\/\/www.beishenge.com\/fr\/wp-json\/wp\/v2\/product"}],"about":[{"href":"https:\/\/www.beishenge.com\/fr\/wp-json\/wp\/v2\/types\/product"}],"version-history":[{"count":1,"href":"https:\/\/www.beishenge.com\/fr\/wp-json\/wp\/v2\/product\/1143\/revisions"}],"predecessor-version":[{"id":1147,"href":"https:\/\/www.beishenge.com\/fr\/wp-json\/wp\/v2\/product\/1143\/revisions\/1147"}],"wp:featuredmedia":[{"embeddable":true,"href":"https:\/\/www.beishenge.com\/fr\/wp-json\/wp\/v2\/media\/2013"}],"wp:attachment":[{"href":"https:\/\/www.beishenge.com\/fr\/wp-json\/wp\/v2\/media?parent=1143"}],"wp:term":[{"taxonomy":"product_cat","embeddable":true,"href":"https:\/\/www.beishenge.com\/fr\/wp-json\/wp\/v2\/product_cat?post=1143"},{"taxonomy":"product_tag","embeddable":true,"href":"https:\/\/www.beishenge.com\/fr\/wp-json\/wp\/v2\/product_tag?post=1143"}],"curies":[{"name":"wp","href":"https:\/\/api.w.org\/{rel}","templated":true}]}}