{"id":1170,"date":"2022-04-01T11:52:37","date_gmt":"2022-04-01T03:52:37","guid":{"rendered":"https:\/\/www.beishenge.com\/?post_type=product&#038;p=1170"},"modified":"2025-06-24T14:10:00","modified_gmt":"2025-06-24T06:10:00","slug":"first-aid-cohesive-bandage-with-cotton-pad","status":"publish","type":"product","link":"https:\/\/www.beishenge.com\/fr\/produit\/first-aid-cohesive-bandage-with-cotton-pad\/","title":{"rendered":"Bandage coh\u00e9sif de premier secours avec tampon de coton"},"content":{"rendered":"<p>Le bandage de premiers secours se compose d'une bande \u00e9lastique auto-adh\u00e9sive non tiss\u00e9e et d'une compresse ou d'un bandage PBT (le bandage de premiers secours PBT est compos\u00e9 de fibres de viscose 70% et de fibres de polyester 30%, ainsi que d'un film de d\u00e9moulage en poly\u00e9thyl\u00e8ne composite, qui a les fonctions suivantes : Absorber les liquides. ) avec des pansements pour l'h\u00e9mostase d'urgence et les pansements.<\/p>\n<p>&nbsp;<\/p>\n<p>Caract\u00e9ristiques :<\/p>\n<p>1. Mat\u00e9riau \u00e9lastique non tiss\u00e9.<\/p>\n<p>2. Doux et confortable, collant et fiable.<\/p>\n<p>3. \u00c9tirement lourd et stable, la tension du bandage peut \u00eatre ajust\u00e9e librement pour \u00e9viter une mauvaise circulation sanguine.<\/p>\n<p>4. Enrouler uniform\u00e9ment, facile \u00e0 d\u00e9plier.<\/p>\n<p>5. Pas de d\u00e9gommage ni de r\u00e9sidus.<\/p>\n<p>Application : Bandages de soutien pour les foulures et les entorses. Bandages pour fixer les compresses chaudes et froides. Les bandages de compression favorisent la circulation et la cicatrisation. Les bandages de compression aident \u00e0 contr\u00f4ler les gonflements et \u00e0 arr\u00eater les saignements. Pansements v\u00e9t\u00e9rinaires. Convient pour les abrasions, les coupures, les blessures par balle, les br\u00fblures, les br\u00fblures chimiques, l'\u00e9rosion des ulc\u00e8res, les saignements.<\/p>\n<p>Mode d'emploi : Ouvrez le bandage st\u00e9rilis\u00e9 dans le sachet scell\u00e9, fixez la compresse sur la plaie, enroulez le bandage autour de la plaie et s\u00e9parez-le \u00e0 la main, pas avec des ciseaux. (S'il s'agit d'un mat\u00e9riau PBT, il faut le nouer avec des ciseaux ou le fixer avec du ruban adh\u00e9sif m\u00e9dical).<\/p>","protected":false},"excerpt":{"rendered":"<p>Bandage coh\u00e9sif de premier secours avec tampon de coton<\/p>","protected":false},"featured_media":1171,"template":"","meta":{"_seopress_robots_primary_cat":"","_seopress_titles_title":"","_seopress_titles_desc":"","_seopress_robots_index":"","_uag_custom_page_level_css":""},"product_cat":[21,35,24],"product_tag":[],"class_list":{"0":"post-1170","1":"product","2":"type-product","3":"status-publish","4":"has-post-thumbnail","6":"product_cat-more-products","7":"product_cat-elastic-bandages-series","8":"product_cat-veterinary-products","10":"first","11":"instock","12":"shipping-taxable","13":"product-type-simple"},"uagb_featured_image_src":{"full":["https:\/\/www.beishenge.com\/wp-content\/uploads\/2022\/04\/Cohesive-bandage-with-padding.png",800,800,false],"thumbnail":["https:\/\/www.beishenge.com\/wp-content\/uploads\/2022\/04\/Cohesive-bandage-with-padding-150x150.png",150,150,true],"medium":["https:\/\/www.beishenge.com\/wp-content\/uploads\/2022\/04\/Cohesive-bandage-with-padding-300x300.png",300,300,true],"medium_large":["https:\/\/www.beishenge.com\/wp-content\/uploads\/2022\/04\/Cohesive-bandage-with-padding-768x768.png",768,768,true],"large":["https:\/\/www.beishenge.com\/wp-content\/uploads\/2022\/04\/Cohesive-bandage-with-padding.png",800,800,false],"1536x1536":["https:\/\/www.beishenge.com\/wp-content\/uploads\/2022\/04\/Cohesive-bandage-with-padding.png",800,800,false],"2048x2048":["https:\/\/www.beishenge.com\/wp-content\/uploads\/2022\/04\/Cohesive-bandage-with-padding.png",800,800,false],"trp-custom-language-flag":["https:\/\/www.beishenge.com\/wp-content\/uploads\/2022\/04\/Cohesive-bandage-with-padding.png",12,12,false],"woocommerce_archive_thumbnail":["https:\/\/www.beishenge.com\/wp-content\/uploads\/2022\/04\/Cohesive-bandage-with-padding-300x300.png",300,300,true],"woocommerce_thumbnail":["https:\/\/www.beishenge.com\/wp-content\/uploads\/2022\/04\/Cohesive-bandage-with-padding-300x300.png",300,300,true],"woocommerce_single":["https:\/\/www.beishenge.com\/wp-content\/uploads\/2022\/04\/Cohesive-bandage-with-padding-600x600.png",600,600,true],"woocommerce_gallery_thumbnail":["https:\/\/www.beishenge.com\/wp-content\/uploads\/2022\/04\/Cohesive-bandage-with-padding-100x100.png",100,100,true]},"uagb_author_info":{"display_name":"onbysheng","author_link":"https:\/\/www.beishenge.com\/fr\/author\/"},"uagb_comment_info":2,"uagb_excerpt":"First-aid Cohesive Bandage with Cotton Pad","_links":{"self":[{"href":"https:\/\/www.beishenge.com\/fr\/wp-json\/wp\/v2\/product\/1170","targetHints":{"allow":["GET"]}}],"collection":[{"href":"https:\/\/www.beishenge.com\/fr\/wp-json\/wp\/v2\/product"}],"about":[{"href":"https:\/\/www.beishenge.com\/fr\/wp-json\/wp\/v2\/types\/product"}],"version-history":[{"count":1,"href":"https:\/\/www.beishenge.com\/fr\/wp-json\/wp\/v2\/product\/1170\/revisions"}],"predecessor-version":[{"id":3360,"href":"https:\/\/www.beishenge.com\/fr\/wp-json\/wp\/v2\/product\/1170\/revisions\/3360"}],"wp:featuredmedia":[{"embeddable":true,"href":"https:\/\/www.beishenge.com\/fr\/wp-json\/wp\/v2\/media\/1171"}],"wp:attachment":[{"href":"https:\/\/www.beishenge.com\/fr\/wp-json\/wp\/v2\/media?parent=1170"}],"wp:term":[{"taxonomy":"product_cat","embeddable":true,"href":"https:\/\/www.beishenge.com\/fr\/wp-json\/wp\/v2\/product_cat?post=1170"},{"taxonomy":"product_tag","embeddable":true,"href":"https:\/\/www.beishenge.com\/fr\/wp-json\/wp\/v2\/product_tag?post=1170"}],"curies":[{"name":"wp","href":"https:\/\/api.w.org\/{rel}","templated":true}]}}