{"id":1301,"date":"2022-06-24T11:33:49","date_gmt":"2022-06-24T03:33:49","guid":{"rendered":"https:\/\/www.beishenge.com\/?post_type=product&#038;p=1301"},"modified":"2025-06-24T14:09:39","modified_gmt":"2025-06-24T06:09:39","slug":"hoof-shape-poultice-for-horse-or-cow-use-animalintex-hoof","status":"publish","type":"product","link":"https:\/\/www.beishenge.com\/fr\/produit\/hoof-shape-poultice-for-horse-or-cow-use-animalintex-hoof\/","title":{"rendered":"Cataplasme en forme de sabot pour chevaux et vaches (Animalintex Hoof)"},"content":{"rendered":"<p><strong><span data-spm-anchor-id=\"a2700.details.0.i28.5e261c02UcHCB8\">[<\/span>Avantages]<\/strong><\/p>\n<p>1. Con\u00e7u pour la conception et la fabrication de chevaux de sport \u00e9questre, pour le traitement des traumatismes et de l'inflammation du fer \u00e0 cheval.<\/p>\n<p>2. La compresse en forme de sabot et les m\u00e9dicaments peuvent \u00eatre utilis\u00e9s pour les compresses chaudes, froides et humides, ainsi que pour le traitement rapide des piq\u00fbres de sabot,<\/p>\n<p>3. Ma\u00efs, abrasions, abc\u00e8s, fourbure. Formes d\u00e9coup\u00e9es, tr\u00e8s facile \u00e0 utiliser.<\/p>\n<p><strong>[Applications]<\/strong><\/p>\n<p><strong>1. Vinaigrette chaude\u00a0<\/strong><br \/>\nPlacer le tampon dans de l'eau bouillante refroidie \u00e0 38\u00b0C.<br \/>\nUne fois mouill\u00e9, retirer le tampon de l'eau et presser l'exc\u00e8s d'eau.<br \/>\nAppliquer sur la zone affect\u00e9e en \u00e9loignant le plastique de la peau.<br \/>\nMaintenir en place \u00e0 l'aide d'un gamgee ou d'un bandage similaire.<br \/>\n<strong>2. Pansement \u00e0 froid\u00a0<\/strong><br \/>\nTremper le pansement dans de l'eau froide et l'appliquer sur la zone affect\u00e9e.<br \/>\nPeut \u00e9galement \u00eatre appliqu\u00e9 frais apr\u00e8s r\u00e9frig\u00e9ration dans un sac.<br \/>\n<strong>3. Pansement \u00e0 sec\u00a0<\/strong><br \/>\nAppliquer le cataplasme directement sur la zone affect\u00e9e.<br \/>\nAppliquez toujours le pansement en \u00e9loignant le plastique de la peau.<\/p>","protected":false},"excerpt":{"rendered":"<p>[Avantages] 1. Con\u00e7u pour la conception et la fabrication de chevaux de sport \u00e9questre, pour le traitement des traumatismes et de l'inflammation du fer \u00e0 cheval. 2. Le tampon en forme de sabot et les m\u00e9dicaments peuvent \u00eatre utilis\u00e9s pour les compresses chaudes, froides et humides, pour le traitement rapide des piq\u00fbres du fer \u00e0 cheval, du ma\u00efs, des abrasions, des abc\u00e8s et de la fourbure. Les formes d\u00e9coup\u00e9es sont tr\u00e8s faciles \u00e0 utiliser. [Applications] 1. Pansement chaud Placer la compresse dans de l'eau bouillie refroidie \u00e0 38C. Une fois mouill\u00e9 [...]<\/p>","protected":false},"featured_media":1302,"template":"","meta":{"_seopress_robots_primary_cat":"","_seopress_titles_title":"","_seopress_titles_desc":"","_seopress_robots_index":"","_uag_custom_page_level_css":""},"product_cat":[21,35,24],"product_tag":[],"class_list":{"0":"post-1301","1":"product","2":"type-product","3":"status-publish","4":"has-post-thumbnail","6":"product_cat-more-products","7":"product_cat-elastic-bandages-series","8":"product_cat-veterinary-products","10":"first","11":"instock","12":"shipping-taxable","13":"product-type-simple"},"uagb_featured_image_src":{"full":["https:\/\/www.beishenge.com\/wp-content\/uploads\/2022\/06\/hoof-poultice-dressing.png",745,575,false],"thumbnail":["https:\/\/www.beishenge.com\/wp-content\/uploads\/2022\/06\/hoof-poultice-dressing-150x150.png",150,150,true],"medium":["https:\/\/www.beishenge.com\/wp-content\/uploads\/2022\/06\/hoof-poultice-dressing-300x232.png",300,232,true],"medium_large":["https:\/\/www.beishenge.com\/wp-content\/uploads\/2022\/06\/hoof-poultice-dressing.png",745,575,false],"large":["https:\/\/www.beishenge.com\/wp-content\/uploads\/2022\/06\/hoof-poultice-dressing.png",745,575,false],"1536x1536":["https:\/\/www.beishenge.com\/wp-content\/uploads\/2022\/06\/hoof-poultice-dressing.png",745,575,false],"2048x2048":["https:\/\/www.beishenge.com\/wp-content\/uploads\/2022\/06\/hoof-poultice-dressing.png",745,575,false],"trp-custom-language-flag":["https:\/\/www.beishenge.com\/wp-content\/uploads\/2022\/06\/hoof-poultice-dressing.png",16,12,false],"woocommerce_archive_thumbnail":["https:\/\/www.beishenge.com\/wp-content\/uploads\/2022\/06\/hoof-poultice-dressing-300x232.png",300,232,true],"woocommerce_thumbnail":["https:\/\/www.beishenge.com\/wp-content\/uploads\/2022\/06\/hoof-poultice-dressing-300x232.png",300,232,true],"woocommerce_single":["https:\/\/www.beishenge.com\/wp-content\/uploads\/2022\/06\/hoof-poultice-dressing-600x463.png",600,463,true],"woocommerce_gallery_thumbnail":["https:\/\/www.beishenge.com\/wp-content\/uploads\/2022\/06\/hoof-poultice-dressing-100x100.png",100,100,true]},"uagb_author_info":{"display_name":"onbysheng","author_link":"https:\/\/www.beishenge.com\/fr\/author\/"},"uagb_comment_info":0,"uagb_excerpt":"[Benefits] 1. Designed for equestrian sport horse design and manufacturing, for the treatment of\u00a0 trauma and inflammation of the horseshoe. 2. Hoof\u00a0shaped pad\u00a0plus drugs\u00a0can be used for\u00a0hot compress,\u00a0cold and wet compress\u00a0ordry \u00a0 \u00a0dressing,\u00a0suitable for\u00a0rapid treatment of\u00a0horseshoe\u00a0puncture, 3. Corn,\u00a0abrasions,\u00a0abscess,\u00a0laminitis.\u00a0Cut\u00a0shapes,\u00a0very\u00a0easy to use. [Applications] 1. Hot Dressing\u00a0 Place the pad in boiled water cooled to 38C. Once wet\u2026","_links":{"self":[{"href":"https:\/\/www.beishenge.com\/fr\/wp-json\/wp\/v2\/product\/1301","targetHints":{"allow":["GET"]}}],"collection":[{"href":"https:\/\/www.beishenge.com\/fr\/wp-json\/wp\/v2\/product"}],"about":[{"href":"https:\/\/www.beishenge.com\/fr\/wp-json\/wp\/v2\/types\/product"}],"version-history":[{"count":1,"href":"https:\/\/www.beishenge.com\/fr\/wp-json\/wp\/v2\/product\/1301\/revisions"}],"predecessor-version":[{"id":3358,"href":"https:\/\/www.beishenge.com\/fr\/wp-json\/wp\/v2\/product\/1301\/revisions\/3358"}],"wp:featuredmedia":[{"embeddable":true,"href":"https:\/\/www.beishenge.com\/fr\/wp-json\/wp\/v2\/media\/1302"}],"wp:attachment":[{"href":"https:\/\/www.beishenge.com\/fr\/wp-json\/wp\/v2\/media?parent=1301"}],"wp:term":[{"taxonomy":"product_cat","embeddable":true,"href":"https:\/\/www.beishenge.com\/fr\/wp-json\/wp\/v2\/product_cat?post=1301"},{"taxonomy":"product_tag","embeddable":true,"href":"https:\/\/www.beishenge.com\/fr\/wp-json\/wp\/v2\/product_tag?post=1301"}],"curies":[{"name":"wp","href":"https:\/\/api.w.org\/{rel}","templated":true}]}}