{"id":2034,"date":"2024-05-28T14:34:55","date_gmt":"2024-05-28T06:34:55","guid":{"rendered":"https:\/\/www.beishenge.com\/?post_type=product&#038;p=2034"},"modified":"2024-10-12T11:36:08","modified_gmt":"2024-10-12T03:36:08","slug":"clear-adhesive-patches-for-dexcom-g7","status":"publish","type":"product","link":"https:\/\/www.beishenge.com\/fr\/produit\/clear-adhesive-patches-for-dexcom-g7\/","title":{"rendered":"Personnaliser les patchs adh\u00e9sifs Dexcom G7 Waterproof"},"content":{"rendered":"<div data-elementor-type=\"wp-post\" data-elementor-id=\"2034\" class=\"elementor elementor-2034\">\n\t\t\t\t<div class=\"elementor-element elementor-element-651a098 e-flex e-con-boxed e-con e-parent\" data-id=\"651a098\" data-element_type=\"container\">\n\t\t\t\t\t<div class=\"e-con-inner\">\n\t\t<div class=\"elementor-element elementor-element-238535d e-con-full e-flex e-con e-child\" data-id=\"238535d\" data-element_type=\"container\">\n\t\t\t\t<div class=\"elementor-element elementor-element-15ec116 elementor-widget elementor-widget-text-editor\" data-id=\"15ec116\" data-element_type=\"widget\" data-widget_type=\"text-editor.default\">\n\t\t\t\t<div class=\"elementor-widget-container\">\n\t\t\t<style>\/*! elementor - v3.23.0 - 25-07-2024 *\/\n.elementor-widget-text-editor.elementor-drop-cap-view-stacked .elementor-drop-cap{background-color:#69727d;color:#fff}.elementor-widget-text-editor.elementor-drop-cap-view-framed .elementor-drop-cap{color:#69727d;border:3px solid;background-color:transparent}.elementor-widget-text-editor:not(.elementor-drop-cap-view-default) .elementor-drop-cap{margin-top:8px}.elementor-widget-text-editor:not(.elementor-drop-cap-view-default) .elementor-drop-cap-letter{width:1em;height:1em}.elementor-widget-text-editor .elementor-drop-cap{float:left;text-align:center;line-height:1;font-size:50px}.elementor-widget-text-editor .elementor-drop-cap-letter{display:inline-block}<\/style>\t\t\t\t<p>Notre usine produit principalement divers types de bandages \u00e9lastiques, de patchs m\u00e9dicaux, de pansements de diff\u00e9rentes tailles, de rubans sportifs, etc.<br \/>Avec le d\u00e9veloppement de ces derni\u00e8res ann\u00e9es, de plus en plus de clients ont demand\u00e9 des patchs pour les capteurs de glyc\u00e9mie pour le diab\u00e8te. Au cours des dix derni\u00e8res ann\u00e9es, il y a eu de nombreux types de patchs pour diff\u00e9rents capteurs de glyc\u00e9mie. Comme les patchs dexcom, les patchs omnipod, les patchs libre free style, etc. Ils ont des mat\u00e9riaux et des formes diff\u00e9rents.<\/p><p>Cette conception est principalement destin\u00e9e au patch du capteur. <strong>Patchs adh\u00e9sifs Dexcom G7<\/strong> . Notre patch Dexcom G7 est de taille pr\u00e9cise et pratique \u00e0 utiliser d'une seule main.\u00a0<\/p><p>Notre objectif est de permettre aux clients d'oublier l'existence des patchs et des lecteurs de glyc\u00e9mie, de faire du sport et de profiter de la vie.<\/p><div>\u00a0<\/div>\t\t\t\t\t\t<\/div>\n\t\t\t\t<\/div>\n\t\t\t\t<\/div>\n\t\t<div class=\"elementor-element elementor-element-806e418 e-con-full e-flex e-con e-child\" data-id=\"806e418\" data-element_type=\"container\">\n\t\t\t\t<div class=\"elementor-element elementor-element-57227da elementor-widget elementor-widget-image\" data-id=\"57227da\" data-element_type=\"widget\" data-widget_type=\"image.default\">\n\t\t\t\t<div class=\"elementor-widget-container\">\n\t\t\t<style>\/*! elementor - v3.23.0 - 25-07-2024 *\/\n.elementor-widget-image{text-align:center}.elementor-widget-image a{display:inline-block}.elementor-widget-image a img[src$=\".svg\"]{width:48px}.elementor-widget-image img{vertical-align:middle;display:inline-block}<\/style>\t\t\t\t\t\t\t\t\t\t<img fetchpriority=\"high\" decoding=\"async\" width=\"500\" height=\"500\" src=\"https:\/\/www.beishenge.com\/wp-content\/uploads\/2024\/05\/over-patches-for-dexcom-g7.webp\" class=\"attachment-large size-large wp-image-2992\" alt=\"over patches for dexcom\" srcset=\"https:\/\/www.beishenge.com\/wp-content\/uploads\/2024\/05\/over-patches-for-dexcom-g7.webp 500w, https:\/\/www.beishenge.com\/wp-content\/uploads\/2024\/05\/over-patches-for-dexcom-g7-300x300.webp 300w, https:\/\/www.beishenge.com\/wp-content\/uploads\/2024\/05\/over-patches-for-dexcom-g7-150x150.webp 150w, https:\/\/www.beishenge.com\/wp-content\/uploads\/2024\/05\/over-patches-for-dexcom-g7-12x12.webp 12w, https:\/\/www.beishenge.com\/wp-content\/uploads\/2024\/05\/over-patches-for-dexcom-g7-100x100.webp 100w\" sizes=\"(max-width: 500px) 100vw, 500px\" \/>\t\t\t\t\t\t\t\t\t\t\t\t\t<\/div>\n\t\t\t\t<\/div>\n\t\t\t\t<\/div>\n\t\t\t\t\t<\/div>\n\t\t\t\t<\/div>\n\t\t<div class=\"elementor-element elementor-element-f12f771 e-flex e-con-boxed e-con e-parent\" data-id=\"f12f771\" data-element_type=\"container\">\n\t\t\t\t\t<div class=\"e-con-inner\">\n\t\t<div class=\"elementor-element elementor-element-a3072f1 e-con-full e-flex e-con e-child\" data-id=\"a3072f1\" data-element_type=\"container\">\n\t\t\t\t<div class=\"elementor-element elementor-element-e625261 elementor-widget elementor-widget-image\" data-id=\"e625261\" data-element_type=\"widget\" data-widget_type=\"image.default\">\n\t\t\t\t<div class=\"elementor-widget-container\">\n\t\t\t\t\t\t\t\t\t\t\t\t\t<img decoding=\"async\" width=\"679\" height=\"679\" src=\"https:\/\/www.beishenge.com\/wp-content\/uploads\/2024\/05\/dexcom-g7-overlay-patches.webp\" class=\"attachment-large size-large wp-image-2989\" alt=\"dexcom g7 overlay patches\" srcset=\"https:\/\/www.beishenge.com\/wp-content\/uploads\/2024\/05\/dexcom-g7-overlay-patches.webp 679w, https:\/\/www.beishenge.com\/wp-content\/uploads\/2024\/05\/dexcom-g7-overlay-patches-300x300.webp 300w, https:\/\/www.beishenge.com\/wp-content\/uploads\/2024\/05\/dexcom-g7-overlay-patches-150x150.webp 150w, https:\/\/www.beishenge.com\/wp-content\/uploads\/2024\/05\/dexcom-g7-overlay-patches-12x12.webp 12w, https:\/\/www.beishenge.com\/wp-content\/uploads\/2024\/05\/dexcom-g7-overlay-patches-600x600.webp 600w, https:\/\/www.beishenge.com\/wp-content\/uploads\/2024\/05\/dexcom-g7-overlay-patches-100x100.webp 100w\" sizes=\"(max-width: 679px) 100vw, 679px\" \/>\t\t\t\t\t\t\t\t\t\t\t\t\t<\/div>\n\t\t\t\t<\/div>\n\t\t\t\t<div class=\"elementor-element elementor-element-6d18b6a elementor-widget elementor-widget-text-editor\" data-id=\"6d18b6a\" data-element_type=\"widget\" data-widget_type=\"text-editor.default\">\n\t\t\t\t<div class=\"elementor-widget-container\">\n\t\t\t\t\t\t\t<p>Patchs en pur coton pour Dexcom G7<\/p>\t\t\t\t\t\t<\/div>\n\t\t\t\t<\/div>\n\t\t\t\t<\/div>\n\t\t<div class=\"elementor-element elementor-element-076946a e-con-full e-flex e-con e-child\" data-id=\"076946a\" data-element_type=\"container\">\n\t\t\t\t<div class=\"elementor-element elementor-element-fe79779 elementor-widget elementor-widget-image\" data-id=\"fe79779\" data-element_type=\"widget\" data-widget_type=\"image.default\">\n\t\t\t\t<div class=\"elementor-widget-container\">\n\t\t\t\t\t\t\t\t\t\t\t\t\t<img decoding=\"async\" width=\"679\" height=\"679\" src=\"https:\/\/www.beishenge.com\/wp-content\/uploads\/2024\/05\/free-dexcom-g7-overlay-patches.webp\" class=\"attachment-large size-large wp-image-2991\" alt=\"free dexcom g7 overlay patches\" srcset=\"https:\/\/www.beishenge.com\/wp-content\/uploads\/2024\/05\/free-dexcom-g7-overlay-patches.webp 679w, https:\/\/www.beishenge.com\/wp-content\/uploads\/2024\/05\/free-dexcom-g7-overlay-patches-300x300.webp 300w, https:\/\/www.beishenge.com\/wp-content\/uploads\/2024\/05\/free-dexcom-g7-overlay-patches-150x150.webp 150w, https:\/\/www.beishenge.com\/wp-content\/uploads\/2024\/05\/free-dexcom-g7-overlay-patches-12x12.webp 12w, https:\/\/www.beishenge.com\/wp-content\/uploads\/2024\/05\/free-dexcom-g7-overlay-patches-600x600.webp 600w, https:\/\/www.beishenge.com\/wp-content\/uploads\/2024\/05\/free-dexcom-g7-overlay-patches-100x100.webp 100w\" sizes=\"(max-width: 679px) 100vw, 679px\" \/>\t\t\t\t\t\t\t\t\t\t\t\t\t<\/div>\n\t\t\t\t<\/div>\n\t\t\t\t<div class=\"elementor-element elementor-element-7fe95c6 elementor-widget elementor-widget-text-editor\" data-id=\"7fe95c6\" data-element_type=\"widget\" data-widget_type=\"text-editor.default\">\n\t\t\t\t<div class=\"elementor-widget-container\">\n\t\t\t\t\t\t\t<p>Patch de couverture Dexcom G7 extensible sur les quatre c\u00f4t\u00e9s<\/p>\t\t\t\t\t\t<\/div>\n\t\t\t\t<\/div>\n\t\t\t\t<\/div>\n\t\t<div class=\"elementor-element elementor-element-841c544 e-con-full e-flex e-con e-child\" data-id=\"841c544\" data-element_type=\"container\">\n\t\t\t\t<div class=\"elementor-element elementor-element-9b38a7d elementor-widget elementor-widget-image\" data-id=\"9b38a7d\" data-element_type=\"widget\" data-widget_type=\"image.default\">\n\t\t\t\t<div class=\"elementor-widget-container\">\n\t\t\t\t\t\t\t\t\t\t\t\t\t<img loading=\"lazy\" decoding=\"async\" width=\"609\" height=\"609\" src=\"https:\/\/www.beishenge.com\/wp-content\/uploads\/2024\/05\/best-waterproof-patches-for-dexcom-g7.webp\" class=\"attachment-large size-large wp-image-2984\" alt=\"best waterproof patches for dexcom g7\" srcset=\"https:\/\/www.beishenge.com\/wp-content\/uploads\/2024\/05\/best-waterproof-patches-for-dexcom-g7.webp 609w, https:\/\/www.beishenge.com\/wp-content\/uploads\/2024\/05\/best-waterproof-patches-for-dexcom-g7-300x300.webp 300w, https:\/\/www.beishenge.com\/wp-content\/uploads\/2024\/05\/best-waterproof-patches-for-dexcom-g7-150x150.webp 150w, https:\/\/www.beishenge.com\/wp-content\/uploads\/2024\/05\/best-waterproof-patches-for-dexcom-g7-12x12.webp 12w, https:\/\/www.beishenge.com\/wp-content\/uploads\/2024\/05\/best-waterproof-patches-for-dexcom-g7-600x600.webp 600w, https:\/\/www.beishenge.com\/wp-content\/uploads\/2024\/05\/best-waterproof-patches-for-dexcom-g7-100x100.webp 100w\" sizes=\"(max-width: 609px) 100vw, 609px\" \/>\t\t\t\t\t\t\t\t\t\t\t\t\t<\/div>\n\t\t\t\t<\/div>\n\t\t\t\t<div class=\"elementor-element elementor-element-98a4330 elementor-widget elementor-widget-text-editor\" data-id=\"98a4330\" data-element_type=\"widget\" data-widget_type=\"text-editor.default\">\n\t\t\t\t<div class=\"elementor-widget-container\">\n\t\t\t\t\t\t\t<p>Patchs transparents en PU pour le capteur Dexcom G7<\/p>\t\t\t\t\t\t<\/div>\n\t\t\t\t<\/div>\n\t\t\t\t<\/div>\n\t\t<div class=\"elementor-element elementor-element-68de1dd e-con-full e-flex e-con e-child\" data-id=\"68de1dd\" data-element_type=\"container\">\n\t\t\t\t<div class=\"elementor-element elementor-element-bd1373a elementor-widget elementor-widget-image\" data-id=\"bd1373a\" data-element_type=\"widget\" data-widget_type=\"image.default\">\n\t\t\t\t<div class=\"elementor-widget-container\">\n\t\t\t\t\t\t\t\t\t\t\t\t\t<img loading=\"lazy\" decoding=\"async\" width=\"679\" height=\"679\" src=\"https:\/\/www.beishenge.com\/wp-content\/uploads\/2024\/05\/dexcom-g7-patches-for-sensitive-skin.webp\" class=\"attachment-large size-large wp-image-2993\" alt=\"dexcom g7 patches for sensitive skin\" srcset=\"https:\/\/www.beishenge.com\/wp-content\/uploads\/2024\/05\/dexcom-g7-patches-for-sensitive-skin.webp 679w, https:\/\/www.beishenge.com\/wp-content\/uploads\/2024\/05\/dexcom-g7-patches-for-sensitive-skin-300x300.webp 300w, https:\/\/www.beishenge.com\/wp-content\/uploads\/2024\/05\/dexcom-g7-patches-for-sensitive-skin-150x150.webp 150w, https:\/\/www.beishenge.com\/wp-content\/uploads\/2024\/05\/dexcom-g7-patches-for-sensitive-skin-12x12.webp 12w, https:\/\/www.beishenge.com\/wp-content\/uploads\/2024\/05\/dexcom-g7-patches-for-sensitive-skin-600x600.webp 600w, https:\/\/www.beishenge.com\/wp-content\/uploads\/2024\/05\/dexcom-g7-patches-for-sensitive-skin-100x100.webp 100w\" sizes=\"(max-width: 679px) 100vw, 679px\" \/>\t\t\t\t\t\t\t\t\t\t\t\t\t<\/div>\n\t\t\t\t<\/div>\n\t\t\t\t<div class=\"elementor-element elementor-element-73396aa elementor-widget elementor-widget-text-editor\" data-id=\"73396aa\" data-element_type=\"widget\" data-widget_type=\"text-editor.default\">\n\t\t\t\t<div class=\"elementor-widget-container\">\n\t\t\t\t\t\t\t<p>Imprim\u00e9 Dexcom G7 Over Patch<\/p>\t\t\t\t\t\t<\/div>\n\t\t\t\t<\/div>\n\t\t\t\t<\/div>\n\t\t\t\t\t<\/div>\n\t\t\t\t<\/div>\n\t\t<div class=\"elementor-element elementor-element-afbfcde e-flex e-con-boxed e-con e-parent\" data-id=\"afbfcde\" data-element_type=\"container\">\n\t\t\t\t\t<div class=\"e-con-inner\">\n\t\t\t\t<div class=\"elementor-element elementor-element-f1d7e5c elementor-widget elementor-widget-heading\" data-id=\"f1d7e5c\" data-element_type=\"widget\" data-widget_type=\"heading.default\">\n\t\t\t\t<div class=\"elementor-widget-container\">\n\t\t\t<style>\/*! elementor - v3.23.0 - 25-07-2024 *\/\n.elementor-heading-title{padding:0;margin:0;line-height:1}.elementor-widget-heading .elementor-heading-title[class*=elementor-size-]>a{color:inherit;font-size:inherit;line-height:inherit}.elementor-widget-heading .elementor-heading-title.elementor-size-small{font-size:15px}.elementor-widget-heading .elementor-heading-title.elementor-size-medium{font-size:19px}.elementor-widget-heading .elementor-heading-title.elementor-size-large{font-size:29px}.elementor-widget-heading .elementor-heading-title.elementor-size-xl{font-size:39px}.elementor-widget-heading .elementor-heading-title.elementor-size-xxl{font-size:59px}<\/style><h2 class=\"elementor-heading-title elementor-size-default\">A propos du tissu du patch adh\u00e9sif pour Dexcom G7.<\/h2>\t\t<\/div>\n\t\t\t\t<\/div>\n\t\t\t\t\t<\/div>\n\t\t\t\t<\/div>\n\t\t<div class=\"elementor-element elementor-element-f83a1c3 e-flex e-con-boxed e-con e-parent\" data-id=\"f83a1c3\" data-element_type=\"container\">\n\t\t\t\t\t<div class=\"e-con-inner\">\n\t\t\t\t<div class=\"elementor-element elementor-element-a0ef39c elementor-widget elementor-widget-text-editor\" data-id=\"a0ef39c\" data-element_type=\"widget\" data-widget_type=\"text-editor.default\">\n\t\t\t\t<div class=\"elementor-widget-container\">\n\t\t\t\t\t\t\t<p>1) Les patchs adh\u00e9sifs en coton pour Dexcom G7 fabriqu\u00e9s en coton pur sont les plus traditionnels. Il est respirant, a un certain effet imperm\u00e9able et est riche en couleurs.<\/p><p>2) Les patchs adh\u00e9sifs pour Dexcom G7 sont fabriqu\u00e9s en tissu extensible dans les quatre sens. Ce tissu est similaire au coton pur, mais il est plus doux que le coton pur. De nombreux sous-v\u00eatements choisissent ce tissu. Il convient aux peaux sensibles.<\/p><p>3) Les mat\u00e9riaux PU sont g\u00e9n\u00e9ralement transparents - Les meilleurs patchs imperm\u00e9ables pour le Dexcom G7 sont hypoallerg\u00e9niques. Ils sont l\u00e9gers, durables et ont un grand effet imperm\u00e9able. Ils conviennent \u00e0 la natation et au surf. Ils peuvent \u00e9galement \u00eatre appel\u00e9s patchs de natation Dexcom G7 ou patchs imperm\u00e9ables Dexcom G7. Ils peuvent \u00eatre port\u00e9s pendant 10 \u00e0 15 jours.<\/p><p>4) L'\u00e9cusson imprim\u00e9 Dexcom G7 est davantage destin\u00e9 \u00e0 la jeune g\u00e9n\u00e9ration et aux enfants. Il est tr\u00e8s personnalis\u00e9 et \u00e9nergique. La plupart d'entre eux sont imprim\u00e9s sur des tissus en coton pur ou sur des tissus non tiss\u00e9s. Le processus d'impression du non-tiss\u00e9 est clair et beau, avec des couleurs vives. Elle est tr\u00e8s populaire.<\/p><p>5) Les patchs arc-en-ciel de la housse du Dexcom G7 sont principalement fabriqu\u00e9s en coton pur, avec des couleurs riches. Chaque fois que vous changez de couleur, les gens sont de bonne humeur.<\/p>\t\t\t\t\t\t<\/div>\n\t\t\t\t<\/div>\n\t\t\t\t<div class=\"elementor-element elementor-element-15c1eb7 elementor-widget elementor-widget-heading\" data-id=\"15c1eb7\" data-element_type=\"widget\" data-widget_type=\"heading.default\">\n\t\t\t\t<div class=\"elementor-widget-container\">\n\t\t\t<h2 class=\"elementor-heading-title elementor-size-default\">A propos de la colle de Dexcom G7 Sensor Patch<\/h2>\t\t<\/div>\n\t\t\t\t<\/div>\n\t\t\t\t<div class=\"elementor-element elementor-element-f0a3006 elementor-widget elementor-widget-text-editor\" data-id=\"f0a3006\" data-element_type=\"widget\" data-widget_type=\"text-editor.default\">\n\t\t\t\t<div class=\"elementor-widget-container\">\n\t\t\t\t\t\t\t<p>Parce que les over patchs pour Dexcom G7 doivent \u00eatre utilis\u00e9s sur la peau pendant une longue p\u00e9riode. C'est pourquoi nous accordons une grande attention \u00e0 la formule de la colle.<br \/>Notre colle est une colle Henkel import\u00e9e d'Allemagne. Apr\u00e8s des recherches et des d\u00e9veloppements r\u00e9p\u00e9t\u00e9s de la part de notre d\u00e9partement technique, le ratio atteint le niveau d'allergie le plus bas parmi les colles m\u00e9dicales. Les clients qui ont utilis\u00e9 nos patchs savent que le taux d'allergie \u00e0 notre colle est extr\u00eamement faible, m\u00eame pour les jeunes enfants. En outre, nos patchs peuvent rester sur la peau pendant plus de 10 jours.<\/p>\t\t\t\t\t\t<\/div>\n\t\t\t\t<\/div>\n\t\t\t\t<div class=\"elementor-element elementor-element-5537a2e elementor-widget elementor-widget-heading\" data-id=\"5537a2e\" data-element_type=\"widget\" data-widget_type=\"heading.default\">\n\t\t\t\t<div class=\"elementor-widget-container\">\n\t\t\t<h2 class=\"elementor-heading-title elementor-size-default\">A propos de l'emballage du patch pour Dexcom G7<\/h2>\t\t<\/div>\n\t\t\t\t<\/div>\n\t\t\t\t<div class=\"elementor-element elementor-element-eec3e89 elementor-widget elementor-widget-text-editor\" data-id=\"eec3e89\" data-element_type=\"widget\" data-widget_type=\"text-editor.default\">\n\t\t\t\t<div class=\"elementor-widget-container\">\n\t\t\t\t\t\t\t<p>L'emballage peut \u00eatre personnalis\u00e9, par exemple sous forme de sacs color\u00e9s, de bo\u00eetes color\u00e9es, etc.<br \/>Si le budget est suffisant, vous pouvez \u00e9galement obtenir un emballage scell\u00e9 ind\u00e9pendant pour garantir une hygi\u00e8ne et une propret\u00e9 absolues, et facile \u00e0 transporter pour les voyages.<\/p><p>\u00a0<\/p>\t\t\t\t\t\t<\/div>\n\t\t\t\t<\/div>\n\t\t\t\t<div class=\"elementor-element elementor-element-10e4075 elementor-widget elementor-widget-heading\" data-id=\"10e4075\" data-element_type=\"widget\" data-widget_type=\"heading.default\">\n\t\t\t\t<div class=\"elementor-widget-container\">\n\t\t\t<h2 class=\"elementor-heading-title elementor-size-default\">Nos clients<\/h2>\t\t<\/div>\n\t\t\t\t<\/div>\n\t\t\t\t<div class=\"elementor-element elementor-element-196e6dc elementor-widget elementor-widget-text-editor\" data-id=\"196e6dc\" data-element_type=\"widget\" data-widget_type=\"text-editor.default\">\n\t\t\t\t<div class=\"elementor-widget-container\">\n\t\t\t\t\t\t\t<p>Nous fournissons des plateformes de commerce \u00e9lectronique telles qu'Amazon, eBay, Wish, Walmart, etc. Nous connaissons les r\u00e8gles d'approvisionnement de chaque plateforme.<br \/>Nous fournissons \u00e9galement des marques de vente au d\u00e9tail hors ligne. La personnalisation de petits lots est accept\u00e9e. N'h\u00e9sitez pas \u00e0 nous demander des informations sur les patchs dexcom g7 personnalis\u00e9s, concevons votre propre marque de patch dexcom g7.<\/p>\t\t\t\t\t\t<\/div>\n\t\t\t\t<\/div>\n\t\t\t\t\t<\/div>\n\t\t\t\t<\/div>\n\t\t\t\t<\/div>","protected":false},"excerpt":{"rendered":"<p>Patchs adh\u00e9sifs Dexcom pour peau sensible<\/p>\n<p>Patchs adh\u00e9sifs Dexcom G7 transparents<\/p>\n<p>Patchs adh\u00e9sifs en coton pour dexcom G7<\/p>\n<p>Patchs adh\u00e9sifs Dexcom G7 en nylon<\/p>\n<p>Patchs adh\u00e9sifs Dexcom G7 non tiss\u00e9s avec impression<\/p>\n<p>Excellente colle<\/p>\n<p>&nbsp;<\/p>\n<p>&nbsp;<\/p>","protected":false},"featured_media":2464,"template":"","meta":{"_seopress_robots_primary_cat":"none","_seopress_titles_title":"%%post_title%%","_seopress_titles_desc":"%%post_excerpt%%","_seopress_robots_index":"","_uag_custom_page_level_css":""},"product_cat":[34],"product_tag":[],"class_list":{"0":"post-2034","1":"product","2":"type-product","3":"status-publish","4":"has-post-thumbnail","6":"product_cat-patches-for-sensor","8":"first","9":"instock","10":"shipping-taxable","11":"product-type-simple"},"uagb_featured_image_src":{"full":["https:\/\/www.beishenge.com\/wp-content\/uploads\/2024\/05\/\u4efb\u52a1_13084363_2.webp",1024,1024,false],"thumbnail":["https:\/\/www.beishenge.com\/wp-content\/uploads\/2024\/05\/\u4efb\u52a1_13084363_2-150x150.webp",150,150,true],"medium":["https:\/\/www.beishenge.com\/wp-content\/uploads\/2024\/05\/\u4efb\u52a1_13084363_2-300x300.webp",300,300,true],"medium_large":["https:\/\/www.beishenge.com\/wp-content\/uploads\/2024\/05\/\u4efb\u52a1_13084363_2-768x768.webp",768,768,true],"large":["https:\/\/www.beishenge.com\/wp-content\/uploads\/2024\/05\/\u4efb\u52a1_13084363_2.webp",1024,1024,false],"1536x1536":["https:\/\/www.beishenge.com\/wp-content\/uploads\/2024\/05\/\u4efb\u52a1_13084363_2.webp",1024,1024,false],"2048x2048":["https:\/\/www.beishenge.com\/wp-content\/uploads\/2024\/05\/\u4efb\u52a1_13084363_2.webp",1024,1024,false],"trp-custom-language-flag":["https:\/\/www.beishenge.com\/wp-content\/uploads\/2024\/05\/\u4efb\u52a1_13084363_2.webp",12,12,false],"woocommerce_archive_thumbnail":["https:\/\/www.beishenge.com\/wp-content\/uploads\/2024\/05\/\u4efb\u52a1_13084363_2-300x300.webp",300,300,true],"woocommerce_thumbnail":["https:\/\/www.beishenge.com\/wp-content\/uploads\/2024\/05\/\u4efb\u52a1_13084363_2-300x300.webp",300,300,true],"woocommerce_single":["https:\/\/www.beishenge.com\/wp-content\/uploads\/2024\/05\/\u4efb\u52a1_13084363_2-600x600.webp",600,600,true],"woocommerce_gallery_thumbnail":["https:\/\/www.beishenge.com\/wp-content\/uploads\/2024\/05\/\u4efb\u52a1_13084363_2-100x100.webp",100,100,true]},"uagb_author_info":{"display_name":"onbysheng","author_link":"https:\/\/www.beishenge.com\/fr\/author\/"},"uagb_comment_info":0,"uagb_excerpt":"Dexcom adhesive patches for sensitive skin Clear Dexcom G7 adhesive patches Cotton adhesive patches for dexcom G7 Nylon Dexcom G7 adhesive patches Nonwoven Dexcom G7 adheisve patches with printing Excellent glue &nbsp; &nbsp;","_links":{"self":[{"href":"https:\/\/www.beishenge.com\/fr\/wp-json\/wp\/v2\/product\/2034","targetHints":{"allow":["GET"]}}],"collection":[{"href":"https:\/\/www.beishenge.com\/fr\/wp-json\/wp\/v2\/product"}],"about":[{"href":"https:\/\/www.beishenge.com\/fr\/wp-json\/wp\/v2\/types\/product"}],"version-history":[{"count":9,"href":"https:\/\/www.beishenge.com\/fr\/wp-json\/wp\/v2\/product\/2034\/revisions"}],"predecessor-version":[{"id":3018,"href":"https:\/\/www.beishenge.com\/fr\/wp-json\/wp\/v2\/product\/2034\/revisions\/3018"}],"wp:featuredmedia":[{"embeddable":true,"href":"https:\/\/www.beishenge.com\/fr\/wp-json\/wp\/v2\/media\/2464"}],"wp:attachment":[{"href":"https:\/\/www.beishenge.com\/fr\/wp-json\/wp\/v2\/media?parent=2034"}],"wp:term":[{"taxonomy":"product_cat","embeddable":true,"href":"https:\/\/www.beishenge.com\/fr\/wp-json\/wp\/v2\/product_cat?post=2034"},{"taxonomy":"product_tag","embeddable":true,"href":"https:\/\/www.beishenge.com\/fr\/wp-json\/wp\/v2\/product_tag?post=2034"}],"curies":[{"name":"wp","href":"https:\/\/api.w.org\/{rel}","templated":true}]}}