{"id":2038,"date":"2024-05-28T15:01:05","date_gmt":"2024-05-28T07:01:05","guid":{"rendered":"https:\/\/www.beishenge.com\/?post_type=product&#038;p=2038"},"modified":"2024-07-18T17:29:56","modified_gmt":"2024-07-18T09:29:56","slug":"cotton-dexcom-g7-cgm-g7-accessories-overpatch","status":"publish","type":"product","link":"https:\/\/www.beishenge.com\/fr\/produit\/cotton-dexcom-g7-cgm-g7-accessories-overpatch\/","title":{"rendered":"Dexcom G7 - CGM - G7 Accessoires Overpatch"},"content":{"rendered":"<ul class=\"a-unordered-list a-vertical a-spacing-mini\">\n<li class=\"a-spacing-mini\"><span class=\"a-list-item\">Les nouveaux PATCHES ADHESIFS IMPERM\u00c9ABLES pour Dexcom G7, maintiennent le capteur pendant 10 jours !<\/span><\/li>\n<li class=\"a-spacing-mini\"><span class=\"a-list-item\">OUBLIEZ LES PROBL\u00c8MES D'ADH\u00c9SION DU PATCH \u00c0 LA PEAU - le papier support du patch adh\u00e9sif Premium pour Dexcom G7 est compos\u00e9 de TROIS PARTIES POUR LE D\u00c9POUILLER FACILEMENT.<\/span><\/li>\n<li class=\"a-spacing-mini\"><span class=\"a-list-item\">SANS DANGER POUR VOTRE SANT\u00c9 - IMPERM\u00c9ABLE, SANS LATEX, HYPOALLERG\u00c9NIQUE. Le coton extensible et flexible permet \u00e0 la peau de respirer facilement.<\/span><\/li>\n<li class=\"a-spacing-mini\"><span class=\"a-list-item\">\u00a0Adh\u00e9sif puissant et \u00e9tanche - parfait pour les capteurs Dexcom G7 !<\/span><\/li>\n<li class=\"a-spacing-mini\"><span class=\"a-list-item\">\u00a0NOUS GARANTISSONS \u00c0 NOS CLIENTS 100% LA SATISFACTION DE NOS PATCHS ADH\u00c9SIFS DEXCOM G7 DE PREMI\u00c8RE QUALIT\u00c9.\u00a0<\/span><\/li>\n<\/ul>","protected":false},"excerpt":{"rendered":"<ul>\n<li><span class=\"a-list-item\">PATCHES ADH\u00c9SIFS IMPERM\u00c9ABLES pour Dexcom G7<\/span><\/li>\n<li><span class=\"a-list-item\">Adh\u00e9sif puissant et \u00e9tanche - parfait pour les capteurs Dexcom G7 !<\/span><\/li>\n<li>Doux pour les peaux sensibles, faible taux d'allergie.<\/li>\n<\/ul>","protected":false},"featured_media":2461,"template":"","meta":{"_seopress_robots_primary_cat":"none","_seopress_titles_title":"","_seopress_titles_desc":"","_seopress_robots_index":"","_uag_custom_page_level_css":""},"product_cat":[34],"product_tag":[],"class_list":{"0":"post-2038","1":"product","2":"type-product","3":"status-publish","4":"has-post-thumbnail","6":"product_cat-patches-for-sensor","8":"first","9":"instock","10":"shipping-taxable","11":"product-type-simple"},"uagb_featured_image_src":{"full":["https:\/\/www.beishenge.com\/wp-content\/uploads\/2024\/05\/\u4efb\u52a1_13084363_3.webp",1024,1024,false],"thumbnail":["https:\/\/www.beishenge.com\/wp-content\/uploads\/2024\/05\/\u4efb\u52a1_13084363_3-150x150.webp",150,150,true],"medium":["https:\/\/www.beishenge.com\/wp-content\/uploads\/2024\/05\/\u4efb\u52a1_13084363_3-300x300.webp",300,300,true],"medium_large":["https:\/\/www.beishenge.com\/wp-content\/uploads\/2024\/05\/\u4efb\u52a1_13084363_3-768x768.webp",768,768,true],"large":["https:\/\/www.beishenge.com\/wp-content\/uploads\/2024\/05\/\u4efb\u52a1_13084363_3.webp",1024,1024,false],"1536x1536":["https:\/\/www.beishenge.com\/wp-content\/uploads\/2024\/05\/\u4efb\u52a1_13084363_3.webp",1024,1024,false],"2048x2048":["https:\/\/www.beishenge.com\/wp-content\/uploads\/2024\/05\/\u4efb\u52a1_13084363_3.webp",1024,1024,false],"trp-custom-language-flag":["https:\/\/www.beishenge.com\/wp-content\/uploads\/2024\/05\/\u4efb\u52a1_13084363_3.webp",12,12,false],"woocommerce_archive_thumbnail":["https:\/\/www.beishenge.com\/wp-content\/uploads\/2024\/05\/\u4efb\u52a1_13084363_3-300x300.webp",300,300,true],"woocommerce_thumbnail":["https:\/\/www.beishenge.com\/wp-content\/uploads\/2024\/05\/\u4efb\u52a1_13084363_3-300x300.webp",300,300,true],"woocommerce_single":["https:\/\/www.beishenge.com\/wp-content\/uploads\/2024\/05\/\u4efb\u52a1_13084363_3-600x600.webp",600,600,true],"woocommerce_gallery_thumbnail":["https:\/\/www.beishenge.com\/wp-content\/uploads\/2024\/05\/\u4efb\u52a1_13084363_3-100x100.webp",100,100,true]},"uagb_author_info":{"display_name":"onbysheng","author_link":"https:\/\/www.beishenge.com\/fr\/author\/"},"uagb_comment_info":0,"uagb_excerpt":"WATERPROOF ADHESIVE PATCHES for Dexcom G7 Strong waterproof adhesive - perfect for Dexcom G7 sensors! Frendily to senstive skin, low allergical rate.","_links":{"self":[{"href":"https:\/\/www.beishenge.com\/fr\/wp-json\/wp\/v2\/product\/2038","targetHints":{"allow":["GET"]}}],"collection":[{"href":"https:\/\/www.beishenge.com\/fr\/wp-json\/wp\/v2\/product"}],"about":[{"href":"https:\/\/www.beishenge.com\/fr\/wp-json\/wp\/v2\/types\/product"}],"version-history":[{"count":2,"href":"https:\/\/www.beishenge.com\/fr\/wp-json\/wp\/v2\/product\/2038\/revisions"}],"predecessor-version":[{"id":2463,"href":"https:\/\/www.beishenge.com\/fr\/wp-json\/wp\/v2\/product\/2038\/revisions\/2463"}],"wp:featuredmedia":[{"embeddable":true,"href":"https:\/\/www.beishenge.com\/fr\/wp-json\/wp\/v2\/media\/2461"}],"wp:attachment":[{"href":"https:\/\/www.beishenge.com\/fr\/wp-json\/wp\/v2\/media?parent=2038"}],"wp:term":[{"taxonomy":"product_cat","embeddable":true,"href":"https:\/\/www.beishenge.com\/fr\/wp-json\/wp\/v2\/product_cat?post=2038"},{"taxonomy":"product_tag","embeddable":true,"href":"https:\/\/www.beishenge.com\/fr\/wp-json\/wp\/v2\/product_tag?post=2038"}],"curies":[{"name":"wp","href":"https:\/\/api.w.org\/{rel}","templated":true}]}}