{"id":2045,"date":"2024-05-28T15:09:35","date_gmt":"2024-05-28T07:09:35","guid":{"rendered":"https:\/\/www.beishenge.com\/?post_type=product&#038;p=2045"},"modified":"2024-06-25T13:23:01","modified_gmt":"2024-06-25T05:23:01","slug":"guardian-enlite-adhesive-patch-colorful","status":"publish","type":"product","link":"https:\/\/www.beishenge.com\/fr\/produit\/guardian-enlite-adhesive-patch-colorful\/","title":{"rendered":"Guardian, Enlite Patch adh\u00e9sif color\u00e9"},"content":{"rendered":"<ol>\n<li>Forte adh\u00e9rence - adh\u00e8re plus longtemps et est moins irritant que n'importe quel autre ruban de capteur CGM sur le march\u00e9. Applicable aux capteurs Enlite et Guardian ;<\/li>\n<\/ol>\n<p>2. Facile \u00e0 utiliser - Notre m\u00e9thode d'application garantit que l'application de Simpatch est aussi facile que celle d'un pansement.<\/p>\n<p>3. MATI\u00c8RE INNOVANTE RESPIRANTE - Notre mati\u00e8re innovante s\u00e8che rapidement pour \u00e9viter que la sueur et l'eau ne d\u00e9tachent votre appareil.<\/p>\n<p>4. Adh\u00e9sif hypoallerg\u00e9nique - Adh\u00e9sif acrylique 100% sans latex, imperm\u00e9able \u00e0 l'eau.<\/p>","protected":false},"excerpt":{"rendered":"<p>Une forte adh\u00e9rence - Simpatch tient plus longtemps et est moins irritant que n'importe quel autre ruban de capteur de CGM sur le march\u00e9. Applicable aux capteurs Enlite et Guardian ; 2. facile \u00e0 utiliser - Notre m\u00e9thode d'application garantit que l'application de Simpatch est aussi facile que la pose d'un pansement. 3. MAT\u00c9RIAU INNOVANT RESPIRABLE - Notre mat\u00e9riau innovant s\u00e8che [...]<\/p>","protected":false},"featured_media":2016,"template":"","meta":{"_seopress_robots_primary_cat":"none","_seopress_titles_title":"%%post_title%%","_seopress_titles_desc":"%%post_excerpt%%","_seopress_robots_index":"","_uag_custom_page_level_css":""},"product_cat":[21],"product_tag":[],"class_list":{"0":"post-2045","1":"product","2":"type-product","3":"status-publish","4":"has-post-thumbnail","6":"product_cat-more-products","8":"first","9":"instock","10":"shipping-taxable","11":"product-type-simple"},"uagb_featured_image_src":{"full":["https:\/\/www.beishenge.com\/wp-content\/uploads\/2022\/03\/Guardian-Enlite-Adhesive-Patch2_W_1980px.webp",1980,1980,false],"thumbnail":["https:\/\/www.beishenge.com\/wp-content\/uploads\/2022\/03\/Guardian-Enlite-Adhesive-Patch2_W_1980px-150x150.webp",150,150,true],"medium":["https:\/\/www.beishenge.com\/wp-content\/uploads\/2022\/03\/Guardian-Enlite-Adhesive-Patch2_W_1980px-300x300.webp",300,300,true],"medium_large":["https:\/\/www.beishenge.com\/wp-content\/uploads\/2022\/03\/Guardian-Enlite-Adhesive-Patch2_W_1980px-768x768.webp",768,768,true],"large":["https:\/\/www.beishenge.com\/wp-content\/uploads\/2022\/03\/Guardian-Enlite-Adhesive-Patch2_W_1980px-1024x1024.webp",1024,1024,true],"1536x1536":["https:\/\/www.beishenge.com\/wp-content\/uploads\/2022\/03\/Guardian-Enlite-Adhesive-Patch2_W_1980px-1536x1536.webp",1536,1536,true],"2048x2048":["https:\/\/www.beishenge.com\/wp-content\/uploads\/2022\/03\/Guardian-Enlite-Adhesive-Patch2_W_1980px.webp",1980,1980,false],"trp-custom-language-flag":["https:\/\/www.beishenge.com\/wp-content\/uploads\/2022\/03\/Guardian-Enlite-Adhesive-Patch2_W_1980px.webp",12,12,false],"woocommerce_archive_thumbnail":["https:\/\/www.beishenge.com\/wp-content\/uploads\/2022\/03\/Guardian-Enlite-Adhesive-Patch2_W_1980px-300x300.webp",300,300,true],"woocommerce_thumbnail":["https:\/\/www.beishenge.com\/wp-content\/uploads\/2022\/03\/Guardian-Enlite-Adhesive-Patch2_W_1980px-300x300.webp",300,300,true],"woocommerce_single":["https:\/\/www.beishenge.com\/wp-content\/uploads\/2022\/03\/Guardian-Enlite-Adhesive-Patch2_W_1980px-600x600.webp",600,600,true],"woocommerce_gallery_thumbnail":["https:\/\/www.beishenge.com\/wp-content\/uploads\/2022\/03\/Guardian-Enlite-Adhesive-Patch2_W_1980px-100x100.webp",100,100,true]},"uagb_author_info":{"display_name":"onbysheng","author_link":"https:\/\/www.beishenge.com\/fr\/author\/"},"uagb_comment_info":0,"uagb_excerpt":"Strong stickness &#8211;\u00a0 stick longer and are less irritating than any other CGM sensor tape on the market. Applicable to Enlite and Guardian sensors ; 2. Easy to use &#8211; Our application method ensures that applying Simpatch is as easy as putting a Band-Aid . 3. BREATHABLE INNOVATIVE MATERIAL &#8211; Our innovative fabric material dries\u2026","_links":{"self":[{"href":"https:\/\/www.beishenge.com\/fr\/wp-json\/wp\/v2\/product\/2045","targetHints":{"allow":["GET"]}}],"collection":[{"href":"https:\/\/www.beishenge.com\/fr\/wp-json\/wp\/v2\/product"}],"about":[{"href":"https:\/\/www.beishenge.com\/fr\/wp-json\/wp\/v2\/types\/product"}],"version-history":[{"count":0,"href":"https:\/\/www.beishenge.com\/fr\/wp-json\/wp\/v2\/product\/2045\/revisions"}],"wp:featuredmedia":[{"embeddable":true,"href":"https:\/\/www.beishenge.com\/fr\/wp-json\/wp\/v2\/media\/2016"}],"wp:attachment":[{"href":"https:\/\/www.beishenge.com\/fr\/wp-json\/wp\/v2\/media?parent=2045"}],"wp:term":[{"taxonomy":"product_cat","embeddable":true,"href":"https:\/\/www.beishenge.com\/fr\/wp-json\/wp\/v2\/product_cat?post=2045"},{"taxonomy":"product_tag","embeddable":true,"href":"https:\/\/www.beishenge.com\/fr\/wp-json\/wp\/v2\/product_tag?post=2045"}],"curies":[{"name":"wp","href":"https:\/\/api.w.org\/{rel}","templated":true}]}}