{"id":2096,"date":"2024-06-05T10:48:02","date_gmt":"2024-06-05T02:48:02","guid":{"rendered":"https:\/\/www.beishenge.com\/?post_type=product&#038;p=2096"},"modified":"2024-06-05T10:48:02","modified_gmt":"2024-06-05T02:48:02","slug":"pre-cut-kinseiology-tape","status":"publish","type":"product","link":"https:\/\/www.beishenge.com\/fr\/produit\/pre-cut-kinseiology-tape\/","title":{"rendered":"Ruban de Kinseiologie pr\u00e9d\u00e9coup\u00e9"},"content":{"rendered":"<p>Taille normale : 5 cm x 5m<\/p>\n<ul>\n<li>Mat\u00e9riau :\u00a0<span class=\"a-list-item\">Tissu extensible en coton spandex imperm\u00e9able, colle m\u00e9dicale sans latex.<\/span><\/li>\n<li>Bandes pr\u00e9d\u00e9coup\u00e9es : Il est plus pratique d'utiliser des bandes de Kinesio Tape pr\u00e9d\u00e9coup\u00e9es, sans op\u00e9rations de d\u00e9coupe fastidieuses, et elles peuvent \u00eatre utilis\u00e9es \u00e0 tout moment et en tout lieu. Les bords arrondis permettent de fixer plus fermement la bande Kinesio.<\/li>\n<li class=\"a-spacing-mini\"><span class=\"a-list-item\">Peau sensible\uff1aEn cas de peau sensible, de retrait pr\u00e9coce ou lorsque le ruban est difficile \u00e0 retirer, appliquez de l'huile pour b\u00e9b\u00e9 ou de l'huile d'olive sur la partie sup\u00e9rieure du ruban pour aider \u00e0 dissoudre l'adh\u00e9sif. Attendez cinq minutes, puis retirez le ruban lentement.<\/span><\/li>\n<\/ul>","protected":false},"excerpt":{"rendered":"<p>Taille : 5cm x 5m<\/p>\n<p>Mati\u00e8re : 96%coton, 4 % spandex, colle m\u00e9dicale<\/p>\n<p>Couleurs et impressions personnalis\u00e9es sur la bande. OEM disponible<\/p>\n<p>Certificat : CE, ISO13485, FDA<\/p>","protected":false},"featured_media":2099,"template":"","meta":{"_seopress_robots_primary_cat":"","_seopress_titles_title":"%%post_title%%","_seopress_titles_desc":"%%post_excerpt%%","_seopress_robots_index":"","_uag_custom_page_level_css":""},"product_cat":[40],"product_tag":[],"class_list":{"0":"post-2096","1":"product","2":"type-product","3":"status-publish","4":"has-post-thumbnail","6":"product_cat-sport-tapes","8":"first","9":"instock","10":"shipping-taxable","11":"product-type-simple"},"uagb_featured_image_src":{"full":["https:\/\/www.beishenge.com\/wp-content\/uploads\/2024\/06\/precut-cotton-kenisiology-tape.webp",470,470,false],"thumbnail":["https:\/\/www.beishenge.com\/wp-content\/uploads\/2024\/06\/precut-cotton-kenisiology-tape-150x150.webp",150,150,true],"medium":["https:\/\/www.beishenge.com\/wp-content\/uploads\/2024\/06\/precut-cotton-kenisiology-tape-300x300.webp",300,300,true],"medium_large":["https:\/\/www.beishenge.com\/wp-content\/uploads\/2024\/06\/precut-cotton-kenisiology-tape.webp",470,470,false],"large":["https:\/\/www.beishenge.com\/wp-content\/uploads\/2024\/06\/precut-cotton-kenisiology-tape.webp",470,470,false],"1536x1536":["https:\/\/www.beishenge.com\/wp-content\/uploads\/2024\/06\/precut-cotton-kenisiology-tape.webp",470,470,false],"2048x2048":["https:\/\/www.beishenge.com\/wp-content\/uploads\/2024\/06\/precut-cotton-kenisiology-tape.webp",470,470,false],"trp-custom-language-flag":["https:\/\/www.beishenge.com\/wp-content\/uploads\/2024\/06\/precut-cotton-kenisiology-tape.webp",12,12,false],"woocommerce_archive_thumbnail":["https:\/\/www.beishenge.com\/wp-content\/uploads\/2024\/06\/precut-cotton-kenisiology-tape-300x300.webp",300,300,true],"woocommerce_thumbnail":["https:\/\/www.beishenge.com\/wp-content\/uploads\/2024\/06\/precut-cotton-kenisiology-tape-300x300.webp",300,300,true],"woocommerce_single":["https:\/\/www.beishenge.com\/wp-content\/uploads\/2024\/06\/precut-cotton-kenisiology-tape.webp",470,470,false],"woocommerce_gallery_thumbnail":["https:\/\/www.beishenge.com\/wp-content\/uploads\/2024\/06\/precut-cotton-kenisiology-tape-100x100.webp",100,100,true]},"uagb_author_info":{"display_name":"onbysheng","author_link":"https:\/\/www.beishenge.com\/fr\/author\/"},"uagb_comment_info":0,"uagb_excerpt":"Size: 5cm x 5m Material: 96%cotton, 4 % spandex, medical grade glue Customize colors and printings on tape. OEM is available Certificate: CE, ISO13485, FDA","_links":{"self":[{"href":"https:\/\/www.beishenge.com\/fr\/wp-json\/wp\/v2\/product\/2096","targetHints":{"allow":["GET"]}}],"collection":[{"href":"https:\/\/www.beishenge.com\/fr\/wp-json\/wp\/v2\/product"}],"about":[{"href":"https:\/\/www.beishenge.com\/fr\/wp-json\/wp\/v2\/types\/product"}],"version-history":[{"count":0,"href":"https:\/\/www.beishenge.com\/fr\/wp-json\/wp\/v2\/product\/2096\/revisions"}],"wp:featuredmedia":[{"embeddable":true,"href":"https:\/\/www.beishenge.com\/fr\/wp-json\/wp\/v2\/media\/2099"}],"wp:attachment":[{"href":"https:\/\/www.beishenge.com\/fr\/wp-json\/wp\/v2\/media?parent=2096"}],"wp:term":[{"taxonomy":"product_cat","embeddable":true,"href":"https:\/\/www.beishenge.com\/fr\/wp-json\/wp\/v2\/product_cat?post=2096"},{"taxonomy":"product_tag","embeddable":true,"href":"https:\/\/www.beishenge.com\/fr\/wp-json\/wp\/v2\/product_tag?post=2096"}],"curies":[{"name":"wp","href":"https:\/\/api.w.org\/{rel}","templated":true}]}}