{"id":2104,"date":"2024-06-05T11:19:56","date_gmt":"2024-06-05T03:19:56","guid":{"rendered":"https:\/\/www.beishenge.com\/?post_type=product&#038;p=2104"},"modified":"2024-06-05T11:19:56","modified_gmt":"2024-06-05T03:19:56","slug":"cotton-strip-kinesiology-tape","status":"publish","type":"product","link":"https:\/\/www.beishenge.com\/fr\/produit\/cotton-strip-kinesiology-tape\/","title":{"rendered":"Bande kin\u00e9siologique en coton"},"content":{"rendered":"<p>Ruban musculaire en coton pur<\/p>\n<ul>\n<li>Am\u00e9liore les performances sportives et la capacit\u00e9 athl\u00e9tique - Utilis\u00e9 correctement, il aide \u00e0 am\u00e9liorer le flux sanguin local, favorise le drainage lymphatique, \u00e9limine le gonflement et la douleur des tissus mous et soutient et stabilise les muscles et les articulations sans entraver vos mouvements. Il aide \u00e0 soulager les douleurs musculaires et articulaires tout en apportant un soutien.<\/li>\n<li>\u00a0Sans danger pour la peau et sans latex - OK TAPE est fabriqu\u00e9 \u00e0 partir de mat\u00e9riaux hypoallerg\u00e9niques de haute qualit\u00e9 afin de minimiser les risques d'irritation de la peau, de d\u00e9mangeaisons et d'ampoules.<\/li>\n<li>\u00a0Forte adh\u00e9rence - La conception ondul\u00e9e de la colle acrylique japonaise professionnelle sans latex offre une excellente respirabilit\u00e9 et adh\u00e9rence, vous pouvez l'utiliser lors d'exercices intenses et de sports de comp\u00e9tition. Elle est \u00e9galement imperm\u00e9able, ce qui vous permet de faire de l'exercice et de transpirer sans souci.<\/li>\n<li>\u00a0Qualit\u00e9 et valeur in\u00e9gal\u00e9es<\/li>\n<\/ul>\n<p>&nbsp;<\/p>\n<p>&nbsp;<\/p>\n<p>&nbsp;<\/p>","protected":false},"excerpt":{"rendered":"<ul>\n<li>Am\u00e9liore les performances sportives et la capacit\u00e9 athl\u00e9tique<\/li>\n<li>Sans danger pour la peau et sans latex<\/li>\n<li>\u00a0Forte adh\u00e9rence<\/li>\n<li>Facile \u00e0 appliquer sur le joint<\/li>\n<\/ul>","protected":false},"featured_media":2107,"template":"","meta":{"_seopress_robots_primary_cat":"","_seopress_titles_title":"%%post_title%%","_seopress_titles_desc":"%%post_excerpt%%","_seopress_robots_index":"","_uag_custom_page_level_css":""},"product_cat":[40],"product_tag":[],"class_list":{"0":"post-2104","1":"product","2":"type-product","3":"status-publish","4":"has-post-thumbnail","6":"product_cat-sport-tapes","8":"first","9":"instock","10":"shipping-taxable","11":"product-type-simple"},"uagb_featured_image_src":{"full":["https:\/\/www.beishenge.com\/wp-content\/uploads\/2024\/06\/Kinesiology-tape-precut.webp",470,470,false],"thumbnail":["https:\/\/www.beishenge.com\/wp-content\/uploads\/2024\/06\/Kinesiology-tape-precut-150x150.webp",150,150,true],"medium":["https:\/\/www.beishenge.com\/wp-content\/uploads\/2024\/06\/Kinesiology-tape-precut-300x300.webp",300,300,true],"medium_large":["https:\/\/www.beishenge.com\/wp-content\/uploads\/2024\/06\/Kinesiology-tape-precut.webp",470,470,false],"large":["https:\/\/www.beishenge.com\/wp-content\/uploads\/2024\/06\/Kinesiology-tape-precut.webp",470,470,false],"1536x1536":["https:\/\/www.beishenge.com\/wp-content\/uploads\/2024\/06\/Kinesiology-tape-precut.webp",470,470,false],"2048x2048":["https:\/\/www.beishenge.com\/wp-content\/uploads\/2024\/06\/Kinesiology-tape-precut.webp",470,470,false],"trp-custom-language-flag":["https:\/\/www.beishenge.com\/wp-content\/uploads\/2024\/06\/Kinesiology-tape-precut.webp",12,12,false],"woocommerce_archive_thumbnail":["https:\/\/www.beishenge.com\/wp-content\/uploads\/2024\/06\/Kinesiology-tape-precut-300x300.webp",300,300,true],"woocommerce_thumbnail":["https:\/\/www.beishenge.com\/wp-content\/uploads\/2024\/06\/Kinesiology-tape-precut-300x300.webp",300,300,true],"woocommerce_single":["https:\/\/www.beishenge.com\/wp-content\/uploads\/2024\/06\/Kinesiology-tape-precut.webp",470,470,false],"woocommerce_gallery_thumbnail":["https:\/\/www.beishenge.com\/wp-content\/uploads\/2024\/06\/Kinesiology-tape-precut-100x100.webp",100,100,true]},"uagb_author_info":{"display_name":"onbysheng","author_link":"https:\/\/www.beishenge.com\/fr\/author\/"},"uagb_comment_info":0,"uagb_excerpt":"Enhances Sports Performance\/Athletic Capacity Skin-Friendly and Latex-Free \u00a0Strong Adhesion Easy to apply on joint","_links":{"self":[{"href":"https:\/\/www.beishenge.com\/fr\/wp-json\/wp\/v2\/product\/2104","targetHints":{"allow":["GET"]}}],"collection":[{"href":"https:\/\/www.beishenge.com\/fr\/wp-json\/wp\/v2\/product"}],"about":[{"href":"https:\/\/www.beishenge.com\/fr\/wp-json\/wp\/v2\/types\/product"}],"version-history":[{"count":0,"href":"https:\/\/www.beishenge.com\/fr\/wp-json\/wp\/v2\/product\/2104\/revisions"}],"wp:featuredmedia":[{"embeddable":true,"href":"https:\/\/www.beishenge.com\/fr\/wp-json\/wp\/v2\/media\/2107"}],"wp:attachment":[{"href":"https:\/\/www.beishenge.com\/fr\/wp-json\/wp\/v2\/media?parent=2104"}],"wp:term":[{"taxonomy":"product_cat","embeddable":true,"href":"https:\/\/www.beishenge.com\/fr\/wp-json\/wp\/v2\/product_cat?post=2104"},{"taxonomy":"product_tag","embeddable":true,"href":"https:\/\/www.beishenge.com\/fr\/wp-json\/wp\/v2\/product_tag?post=2104"}],"curies":[{"name":"wp","href":"https:\/\/api.w.org\/{rel}","templated":true}]}}