{"id":2112,"date":"2024-06-05T15:20:46","date_gmt":"2024-06-05T07:20:46","guid":{"rendered":"https:\/\/www.beishenge.com\/?post_type=product&#038;p=2112"},"modified":"2024-11-20T06:35:27","modified_gmt":"2024-11-19T22:35:27","slug":"sport-athletic-tape-finger-tape","status":"publish","type":"product","link":"https:\/\/www.beishenge.com\/fr\/produit\/sport-athletic-tape-finger-tape\/","title":{"rendered":"Sport Athletic Tape Finger Tape"},"content":{"rendered":"<ul>\n<li>Mati\u00e8re : Coton 100%<\/li>\n<li>Sans latex : la bande athl\u00e9tique blanche est fabriqu\u00e9e en coton naturel 100%, sans latex, parfaite pour la kin\u00e9sith\u00e9rapie et les th\u00e9rapeutes.<\/li>\n<li>La bande athl\u00e9tique est respectueuse de la peau et respirante.<\/li>\n<li>Bande athl\u00e9tique anti-douleur : aide \u00e0 soulager la pression des tissus et fournit un soutien aux articulations, vous aidant \u00e0 vous r\u00e9tablir plus rapidement de la douleur.<\/li>\n<li>D\u00e9chirable avec les doigts : Le ruban est tr\u00e8s r\u00e9sistant, mais son bord dent\u00e9 permet de le d\u00e9chirer facilement \u00e0 la main, sans avoir besoin de ciseaux.<\/li>\n<li>Aucun r\u00e9sidu collant sur la peau : La bande de boxe est fabriqu\u00e9e avec un adh\u00e9sif sp\u00e9cial qui est plus collant et ne laisse aucun r\u00e9sidu collant sur la peau. En tant que ruban d'escalade, il reste en place pendant longtemps, parfait pour la gymnastique, les crosses de hockey, l'escalade, les attelles, le football, et convient \u00e0 toutes les \u00e9quipes et \u00e0 toutes les occasions.<\/li>\n<\/ul>\n<p>&nbsp;<\/p>\n<p>Certificat : CE, FDA, ISO 13485<\/p>","protected":false},"excerpt":{"rendered":"<ul>\n<li>Mati\u00e8re : Coton 100%, colle m\u00e9dicale sans danger pour la peau.<\/li>\n<li>La bande athl\u00e9tique est respectueuse de la peau et respirante.<\/li>\n<li>Bande athl\u00e9tique anti-douleur.<\/li>\n<li>D\u00e9chirable avec les doigts.<\/li>\n<li>Aucun r\u00e9sidu collant sur la peau.<\/li>\n<\/ul>","protected":false},"featured_media":0,"template":"","meta":{"_seopress_robots_primary_cat":"none","_seopress_titles_title":"%%post_title%%","_seopress_titles_desc":"%%post_excerpt%%","_seopress_robots_index":"","_uag_custom_page_level_css":""},"product_cat":[40],"product_tag":[],"class_list":{"0":"post-2112","1":"product","2":"type-product","3":"status-publish","5":"product_cat-sport-tapes","7":"first","8":"instock","9":"shipping-taxable","10":"product-type-simple"},"uagb_featured_image_src":{"full":false,"thumbnail":false,"medium":false,"medium_large":false,"large":false,"1536x1536":false,"2048x2048":false,"trp-custom-language-flag":false,"woocommerce_archive_thumbnail":false,"woocommerce_thumbnail":false,"woocommerce_single":false,"woocommerce_gallery_thumbnail":false},"uagb_author_info":{"display_name":"onbysheng","author_link":"https:\/\/www.beishenge.com\/fr\/author\/"},"uagb_comment_info":0,"uagb_excerpt":"Material: 100% Cotton, medical grade skin frendily glue. Athletic tape is skin-friendly and breathable. Pain Relief Athletic Tape. Tearable with\u00a0 fingers. No sticky residue on the skin.","_links":{"self":[{"href":"https:\/\/www.beishenge.com\/fr\/wp-json\/wp\/v2\/product\/2112","targetHints":{"allow":["GET"]}}],"collection":[{"href":"https:\/\/www.beishenge.com\/fr\/wp-json\/wp\/v2\/product"}],"about":[{"href":"https:\/\/www.beishenge.com\/fr\/wp-json\/wp\/v2\/types\/product"}],"version-history":[{"count":1,"href":"https:\/\/www.beishenge.com\/fr\/wp-json\/wp\/v2\/product\/2112\/revisions"}],"predecessor-version":[{"id":2456,"href":"https:\/\/www.beishenge.com\/fr\/wp-json\/wp\/v2\/product\/2112\/revisions\/2456"}],"wp:attachment":[{"href":"https:\/\/www.beishenge.com\/fr\/wp-json\/wp\/v2\/media?parent=2112"}],"wp:term":[{"taxonomy":"product_cat","embeddable":true,"href":"https:\/\/www.beishenge.com\/fr\/wp-json\/wp\/v2\/product_cat?post=2112"},{"taxonomy":"product_tag","embeddable":true,"href":"https:\/\/www.beishenge.com\/fr\/wp-json\/wp\/v2\/product_tag?post=2112"}],"curies":[{"name":"wp","href":"https:\/\/api.w.org\/{rel}","templated":true}]}}