{"id":2117,"date":"2024-06-05T15:31:31","date_gmt":"2024-06-05T07:31:31","guid":{"rendered":"https:\/\/www.beishenge.com\/?post_type=product&#038;p=2117"},"modified":"2024-06-05T15:31:31","modified_gmt":"2024-06-05T07:31:31","slug":"heavy-elastic-adheisve-wrap","status":"publish","type":"product","link":"https:\/\/www.beishenge.com\/fr\/produit\/heavy-elastic-adheisve-wrap\/","title":{"rendered":"Enveloppe \u00e9lastique lourde et adh\u00e9sive"},"content":{"rendered":"<ul>\n<li>Mat\u00e9riau : Fabriqu\u00e9 en tissu \u00e9lastique \u00e0 haute torsion avec un adh\u00e9sif \u00e0 base de caoutchouc, le support poreux minimise l'irritation de la peau, le ruban beige poreux, collant et \u00e9lastique permet \u00e0 la peau de respirer ; peut \u00eatre \u00e9tir\u00e9 sur des surfaces irr\u00e9guli\u00e8res, facile \u00e0 utiliser et \u00e0 remplacer.<\/li>\n<li>Grande \u00e9lasticit\u00e9 et flexibilit\u00e9 : En tissu doux, structure poreuse, la ligne rouge est centr\u00e9e sur le tissu de soutien, faible tension de d\u00e9pliage, peut \u00eatre \u00e9tendu dans une certaine mesure en longueur et en largeur, peut \u00eatre appliqu\u00e9 aux endroits o\u00f9 un pansement \u00e9lastique est n\u00e9cessaire, le mat\u00e9riau \u00e9lastique collant a son propre pouvoir adh\u00e9sif, peut \u00eatre bien fix\u00e9 sur le corps.<\/li>\n<li>Confortable et respirant : Il est id\u00e9al pour les endroits o\u00f9 un pansement \u00e9lastique est n\u00e9cessaire apr\u00e8s une mastectomie ; la bande \u00e9lastique poreuse permet \u00e0 la peau de respirer, elle est id\u00e9ale lorsque l'\u00e9lasticit\u00e9 est n\u00e9cessaire pour un pansement compressif.<\/li>\n<li>Large application : Les bandages pour plaies peuvent non seulement \u00eatre utilis\u00e9s pour les bandes de soutien, les fractures, les blessures musculaires, les genoux, les coudes et les \u00e9paules, une bonne respirabilit\u00e9, ne fera pas s'envenimer la plaie, mais aussi un bon bandage pour les animaux de compagnie ; cette bande de bandage est tr\u00e8s appropri\u00e9e pour prot\u00e9ger les plaies et les blessures de votre chien.<\/li>\n<\/ul>\n<p>OEM disponible<\/p>\n<p>Certificat : CE, FDA, ISO13485<\/p>","protected":false},"excerpt":{"rendered":"<h2 id=\"title\" class=\"a-size-large a-spacing-none\"><span id=\"productTitle\" class=\"a-size-large product-title-word-break\">Bande adh\u00e9sive \u00e9lastique <\/span><\/h2>\n<h6 class=\"a-size-large a-spacing-none\"><span id=\"productTitle\" class=\"a-size-large product-title-word-break\">Bande m\u00e9dicale Bande athl\u00e9tique Bande sportive Bande \u00e9lastique flexible Bande cutan\u00e9e Bande pour entorse de cheville, genou, poignet Animaux de compagnie<\/span><\/h6>","protected":false},"featured_media":2121,"template":"","meta":{"_seopress_robots_primary_cat":"","_seopress_titles_title":"%%post_title%%","_seopress_titles_desc":"%%post_excerpt%%","_seopress_robots_index":"","_uag_custom_page_level_css":""},"product_cat":[40],"product_tag":[],"class_list":{"0":"post-2117","1":"product","2":"type-product","3":"status-publish","4":"has-post-thumbnail","6":"product_cat-sport-tapes","8":"first","9":"instock","10":"shipping-taxable","11":"product-type-simple"},"uagb_featured_image_src":{"full":["https:\/\/www.beishenge.com\/wp-content\/uploads\/2024\/06\/Elastic-adheisve-flexible-strentch-bandage.webp",689,689,false],"thumbnail":["https:\/\/www.beishenge.com\/wp-content\/uploads\/2024\/06\/Elastic-adheisve-flexible-strentch-bandage-150x150.webp",150,150,true],"medium":["https:\/\/www.beishenge.com\/wp-content\/uploads\/2024\/06\/Elastic-adheisve-flexible-strentch-bandage-300x300.webp",300,300,true],"medium_large":["https:\/\/www.beishenge.com\/wp-content\/uploads\/2024\/06\/Elastic-adheisve-flexible-strentch-bandage.webp",689,689,false],"large":["https:\/\/www.beishenge.com\/wp-content\/uploads\/2024\/06\/Elastic-adheisve-flexible-strentch-bandage.webp",689,689,false],"1536x1536":["https:\/\/www.beishenge.com\/wp-content\/uploads\/2024\/06\/Elastic-adheisve-flexible-strentch-bandage.webp",689,689,false],"2048x2048":["https:\/\/www.beishenge.com\/wp-content\/uploads\/2024\/06\/Elastic-adheisve-flexible-strentch-bandage.webp",689,689,false],"trp-custom-language-flag":["https:\/\/www.beishenge.com\/wp-content\/uploads\/2024\/06\/Elastic-adheisve-flexible-strentch-bandage.webp",12,12,false],"woocommerce_archive_thumbnail":["https:\/\/www.beishenge.com\/wp-content\/uploads\/2024\/06\/Elastic-adheisve-flexible-strentch-bandage-300x300.webp",300,300,true],"woocommerce_thumbnail":["https:\/\/www.beishenge.com\/wp-content\/uploads\/2024\/06\/Elastic-adheisve-flexible-strentch-bandage-300x300.webp",300,300,true],"woocommerce_single":["https:\/\/www.beishenge.com\/wp-content\/uploads\/2024\/06\/Elastic-adheisve-flexible-strentch-bandage-600x600.webp",600,600,true],"woocommerce_gallery_thumbnail":["https:\/\/www.beishenge.com\/wp-content\/uploads\/2024\/06\/Elastic-adheisve-flexible-strentch-bandage-100x100.webp",100,100,true]},"uagb_author_info":{"display_name":"onbysheng","author_link":"https:\/\/www.beishenge.com\/fr\/author\/"},"uagb_comment_info":0,"uagb_excerpt":"Elastic Adhesive Bandage Tape Medical Bandage Wrap Athletic Tape Sports Tape Flexible Stretch Skin Tape Bandages Strips for Ankle, Knee, Wrist Sprains Animal Pets","_links":{"self":[{"href":"https:\/\/www.beishenge.com\/fr\/wp-json\/wp\/v2\/product\/2117","targetHints":{"allow":["GET"]}}],"collection":[{"href":"https:\/\/www.beishenge.com\/fr\/wp-json\/wp\/v2\/product"}],"about":[{"href":"https:\/\/www.beishenge.com\/fr\/wp-json\/wp\/v2\/types\/product"}],"version-history":[{"count":0,"href":"https:\/\/www.beishenge.com\/fr\/wp-json\/wp\/v2\/product\/2117\/revisions"}],"wp:featuredmedia":[{"embeddable":true,"href":"https:\/\/www.beishenge.com\/fr\/wp-json\/wp\/v2\/media\/2121"}],"wp:attachment":[{"href":"https:\/\/www.beishenge.com\/fr\/wp-json\/wp\/v2\/media?parent=2117"}],"wp:term":[{"taxonomy":"product_cat","embeddable":true,"href":"https:\/\/www.beishenge.com\/fr\/wp-json\/wp\/v2\/product_cat?post=2117"},{"taxonomy":"product_tag","embeddable":true,"href":"https:\/\/www.beishenge.com\/fr\/wp-json\/wp\/v2\/product_tag?post=2117"}],"curies":[{"name":"wp","href":"https:\/\/api.w.org\/{rel}","templated":true}]}}