{"id":2139,"date":"2024-06-06T15:24:26","date_gmt":"2024-06-06T07:24:26","guid":{"rendered":"https:\/\/www.beishenge.com\/?post_type=product&#038;p=2139"},"modified":"2025-06-24T14:07:02","modified_gmt":"2025-06-24T06:07:02","slug":"eye-patch-for-kids","status":"publish","type":"product","link":"https:\/\/www.beishenge.com\/fr\/produit\/eye-patch-for-kids\/","title":{"rendered":"Cache-\u0153il pour enfants"},"content":{"rendered":"<table class=\"all magic-7\">\n<tbody>\n<tr>\n<td colspan=\"1\" rowspan=\"1\">\n<div class=\"magic-8\"><b data-spm-anchor-id=\"0.0.0.i3.70e34f05x0SjOI\">Taille<\/b><\/div>\n<\/td>\n<td colspan=\"1\" rowspan=\"1\">\n<div class=\"magic-9\">Sur mesure<\/div>\n<\/td>\n<\/tr>\n<tr>\n<td colspan=\"1\" rowspan=\"1\">\n<div class=\"magic-8\"><b data-spm-anchor-id=\"0.0.0.i5.70e34f05x0SjOI\">Mat\u00e9riau<\/b><\/div>\n<\/td>\n<td colspan=\"1\" rowspan=\"1\">\n<div class=\"magic-9\">Tissu non tiss\u00e9<\/div>\n<\/td>\n<\/tr>\n<tr>\n<td colspan=\"1\" rowspan=\"1\">\n<div class=\"magic-8\"><b data-spm-anchor-id=\"0.0.0.i7.70e34f05x0SjOI\">Fonctionnalit\u00e9<\/b><\/div>\n<\/td>\n<td colspan=\"1\" rowspan=\"1\">\n<div class=\"magic-9\">Dessin anim\u00e9, sans latex et respirant<\/div>\n<\/td>\n<\/tr>\n<tr>\n<td colspan=\"1\" rowspan=\"1\">\n<div class=\"magic-10\"><b>Certificat<\/b><\/div>\n<\/td>\n<td colspan=\"1\" rowspan=\"1\">\n<div class=\"magic-11\">CE, ISO13485<\/div>\n<\/td>\n<\/tr>\n<tr>\n<td colspan=\"1\" rowspan=\"1\">\n<div class=\"magic-10\"><b>Emballage<\/b><\/div>\n<\/td>\n<td colspan=\"1\" rowspan=\"1\">\n<div class=\"magic-11\">Sur mesure, selon les exigences des clients<\/div>\n<\/td>\n<\/tr>\n<tr>\n<td colspan=\"1\" rowspan=\"1\">\n<div class=\"magic-10\"><b>D\u00e9lai de livraison<\/b><\/div>\n<\/td>\n<td colspan=\"1\" rowspan=\"1\">\n<div class=\"magic-11\">Environ 25 jours apr\u00e8s r\u00e9ception de l'acompte et confirmation de tous les dessins.<\/div>\n<\/td>\n<\/tr>\n<\/tbody>\n<\/table>\n<p>&nbsp;<\/p>\n<ul>\n<li>Des motifs attrayants et amusants : Nos masques oculaires pr\u00e9sentent des motifs amusants et dynamiques que vos enfants vont adorer : dinosaures, astronautes, fus\u00e9es, requins, etc. Cet \u00e9l\u00e9ment amusant contribue \u00e0 faire du port des masques oculaires une exp\u00e9rience agr\u00e9able pour les enfants. Nous vous invitons \u00e0 nous fournir vos propres motifs pour les personnaliser.<\/li>\n<li>Confortables et s\u00fbrs : Les masques oculaires pour gar\u00e7ons sont principalement fabriqu\u00e9s en mat\u00e9riau non tiss\u00e9 ; ces masques oculaires sont souples, doux et respirants, ce qui les rend id\u00e9aux pour les enfants qui doivent les porter ; veuillez effectuer un test cutan\u00e9 avant de les utiliser.<\/li>\n<li>Blocage efficace de la lumi\u00e8re : Nos masques pour les yeux paresseux bloquent efficacement la lumi\u00e8re, ce qui en fait un outil indispensable pour lutter contre l'amblyopie (\u0153il paresseux) et d'autres maladies oculaires. Les enfants peuvent \u00e9galement les utiliser pour se reposer les yeux et am\u00e9liorer leur confort g\u00e9n\u00e9ral.<\/li>\n<li>Taille id\u00e9ale : Les masques oculaires pour enfants mesurent environ 75 x 50 mm, ce qui correspond parfaitement aux yeux des enfants. Ils sont efficaces et faciles \u00e0 mettre et \u00e0 enlever ; cette taille est id\u00e9ale pour couvrir largement les yeux. Des tailles personnalis\u00e9es peuvent \u00e9galement \u00eatre r\u00e9alis\u00e9es en fonction de vos besoins.<\/li>\n<\/ul>\n<p>La quantit\u00e9 minimale de commande est faible et l'exp\u00e9dition est rapide. Si vous avez besoin d'aide, n'h\u00e9sitez pas \u00e0 nous contacter.<\/p>\n<p>&nbsp;<\/p>\n<p>&nbsp;<\/p>","protected":false},"excerpt":{"rendered":"<h5 id=\"title\" class=\"a-size-large a-spacing-none\"><span id=\"productTitle\" class=\"a-size-large product-title-word-break\">Patchs adh\u00e9sifs pour les yeux des enfants <\/span><\/h5>\n<h5 class=\"a-size-large a-spacing-none\"><span id=\"productTitle\" class=\"a-size-large product-title-word-break\">Patchs oculaires sans latex pour enfants <\/span><\/h5>\n<h5 class=\"a-size-large a-spacing-none\"><span id=\"productTitle\" class=\"a-size-large product-title-word-break\">Mignons pansements adh\u00e9sifs pour l'amblyopie <\/span><\/h5>\n<h5 class=\"a-size-large a-spacing-none\"><span id=\"productTitle\" class=\"a-size-large product-title-word-break\">Coussinet oculaire jetable bloquant la lumi\u00e8re \u0152il paresseux Bambin Gar\u00e7ons Filles \u0152il droit<\/span><\/h5>","protected":false},"featured_media":2136,"template":"","meta":{"_seopress_robots_primary_cat":"none","_seopress_titles_title":"%%post_title%%","_seopress_titles_desc":"%%post_excerpt%%","_seopress_robots_index":"","_uag_custom_page_level_css":""},"product_cat":[21,34],"product_tag":[],"class_list":{"0":"post-2139","1":"product","2":"type-product","3":"status-publish","4":"has-post-thumbnail","6":"product_cat-more-products","7":"product_cat-patches-for-sensor","9":"first","10":"instock","11":"shipping-taxable","12":"product-type-simple"},"uagb_featured_image_src":{"full":["https:\/\/www.beishenge.com\/wp-content\/uploads\/2024\/06\/\u773c\u8d34\u8d34_\u526f\u672c-1.webp",800,800,false],"thumbnail":["https:\/\/www.beishenge.com\/wp-content\/uploads\/2024\/06\/\u773c\u8d34\u8d34_\u526f\u672c-1-150x150.webp",150,150,true],"medium":["https:\/\/www.beishenge.com\/wp-content\/uploads\/2024\/06\/\u773c\u8d34\u8d34_\u526f\u672c-1-300x300.webp",300,300,true],"medium_large":["https:\/\/www.beishenge.com\/wp-content\/uploads\/2024\/06\/\u773c\u8d34\u8d34_\u526f\u672c-1-768x768.webp",768,768,true],"large":["https:\/\/www.beishenge.com\/wp-content\/uploads\/2024\/06\/\u773c\u8d34\u8d34_\u526f\u672c-1.webp",800,800,false],"1536x1536":["https:\/\/www.beishenge.com\/wp-content\/uploads\/2024\/06\/\u773c\u8d34\u8d34_\u526f\u672c-1.webp",800,800,false],"2048x2048":["https:\/\/www.beishenge.com\/wp-content\/uploads\/2024\/06\/\u773c\u8d34\u8d34_\u526f\u672c-1.webp",800,800,false],"trp-custom-language-flag":["https:\/\/www.beishenge.com\/wp-content\/uploads\/2024\/06\/\u773c\u8d34\u8d34_\u526f\u672c-1.webp",12,12,false],"woocommerce_archive_thumbnail":["https:\/\/www.beishenge.com\/wp-content\/uploads\/2024\/06\/\u773c\u8d34\u8d34_\u526f\u672c-1-300x300.webp",300,300,true],"woocommerce_thumbnail":["https:\/\/www.beishenge.com\/wp-content\/uploads\/2024\/06\/\u773c\u8d34\u8d34_\u526f\u672c-1-300x300.webp",300,300,true],"woocommerce_single":["https:\/\/www.beishenge.com\/wp-content\/uploads\/2024\/06\/\u773c\u8d34\u8d34_\u526f\u672c-1-600x600.webp",600,600,true],"woocommerce_gallery_thumbnail":["https:\/\/www.beishenge.com\/wp-content\/uploads\/2024\/06\/\u773c\u8d34\u8d34_\u526f\u672c-1-100x100.webp",100,100,true]},"uagb_author_info":{"display_name":"onbysheng","author_link":"https:\/\/www.beishenge.com\/fr\/author\/"},"uagb_comment_info":0,"uagb_excerpt":"Adhesive Eye Patches for Kids Latex Free Kids Eye Patches Cute Adhesive Bandages for Amblyopia Disposable Eye Pad Light Blocking Lazy Eye Toddler Boys Girls Right Eye","_links":{"self":[{"href":"https:\/\/www.beishenge.com\/fr\/wp-json\/wp\/v2\/product\/2139","targetHints":{"allow":["GET"]}}],"collection":[{"href":"https:\/\/www.beishenge.com\/fr\/wp-json\/wp\/v2\/product"}],"about":[{"href":"https:\/\/www.beishenge.com\/fr\/wp-json\/wp\/v2\/types\/product"}],"version-history":[{"count":2,"href":"https:\/\/www.beishenge.com\/fr\/wp-json\/wp\/v2\/product\/2139\/revisions"}],"predecessor-version":[{"id":3011,"href":"https:\/\/www.beishenge.com\/fr\/wp-json\/wp\/v2\/product\/2139\/revisions\/3011"}],"wp:featuredmedia":[{"embeddable":true,"href":"https:\/\/www.beishenge.com\/fr\/wp-json\/wp\/v2\/media\/2136"}],"wp:attachment":[{"href":"https:\/\/www.beishenge.com\/fr\/wp-json\/wp\/v2\/media?parent=2139"}],"wp:term":[{"taxonomy":"product_cat","embeddable":true,"href":"https:\/\/www.beishenge.com\/fr\/wp-json\/wp\/v2\/product_cat?post=2139"},{"taxonomy":"product_tag","embeddable":true,"href":"https:\/\/www.beishenge.com\/fr\/wp-json\/wp\/v2\/product_tag?post=2139"}],"curies":[{"name":"wp","href":"https:\/\/api.w.org\/{rel}","templated":true}]}}