{"id":3177,"date":"2025-02-01T13:23:43","date_gmt":"2025-02-01T05:23:43","guid":{"rendered":"https:\/\/www.beishenge.com\/?post_type=product&#038;p=3177"},"modified":"2025-06-24T14:07:20","modified_gmt":"2025-06-24T06:07:20","slug":"eco-friendly-bandage-biodegradable-medical-supplies","status":"publish","type":"product","link":"https:\/\/www.beishenge.com\/fr\/produit\/eco-friendly-bandage-biodegradable-medical-supplies\/","title":{"rendered":"Bandage \u00e9cologique Fournitures m\u00e9dicales biod\u00e9gradables"},"content":{"rendered":"<div data-elementor-type=\"wp-post\" data-elementor-id=\"3177\" class=\"elementor elementor-3177\">\n\t\t\t\t<div class=\"elementor-element elementor-element-124a26b e-flex e-con-boxed e-con e-parent\" data-id=\"124a26b\" data-element_type=\"container\">\n\t\t\t\t\t<div class=\"e-con-inner\">\n\t\t\t\t<div class=\"elementor-element elementor-element-648e139 elementor-widget elementor-widget-text-editor\" data-id=\"648e139\" data-element_type=\"widget\" data-widget_type=\"text-editor.default\">\n\t\t\t\t<div class=\"elementor-widget-container\">\n\t\t\t<style>\/*! elementor - v3.23.0 - 25-07-2024 *\/\n.elementor-widget-text-editor.elementor-drop-cap-view-stacked .elementor-drop-cap{background-color:#69727d;color:#fff}.elementor-widget-text-editor.elementor-drop-cap-view-framed .elementor-drop-cap{color:#69727d;border:3px solid;background-color:transparent}.elementor-widget-text-editor:not(.elementor-drop-cap-view-default) .elementor-drop-cap{margin-top:8px}.elementor-widget-text-editor:not(.elementor-drop-cap-view-default) .elementor-drop-cap-letter{width:1em;height:1em}.elementor-widget-text-editor .elementor-drop-cap{float:left;text-align:center;line-height:1;font-size:50px}.elementor-widget-text-editor .elementor-drop-cap-letter{display:inline-block}<\/style>\t\t\t\t<p>1. Le prix de gros est environ 5% plus \u00e9lev\u00e9 que les bandages auto-adh\u00e9sifs traditionnels, mais le prix de d\u00e9tail peut \u00eatre environ 20%~30% plus \u00e9lev\u00e9 que les bandages auto-adh\u00e9sifs traditionnels.<br \/>2. Emballage personnalis\u00e9 : impression du LOGO, \u00e9tiquettes multilingues (anglais\/allemand\/fran\u00e7ais\/n\u00e9erlandais, etc.), et convient aux besoins communs des pharmacies, des supermarch\u00e9s et des marques respectueuses de l'environnement.<\/p><p>3. Comp\u00e9titivit\u00e9 diff\u00e9renci\u00e9e<br \/>- Protection de l'environnement + sport m\u00e9dical : conform\u00e9ment \u00e0 la pr\u00e9f\u00e9rence de 62% des consommateurs europ\u00e9ens (donn\u00e9es Eurobarom\u00e8tre) pour les \"produits de sant\u00e9 durables\", aider les clients en gros \u00e0 saisir le march\u00e9 de l'oc\u00e9an bleu de la m\u00e9decine verte.<br \/>- Adaptabilit\u00e9 des sc\u00e9narios :<br \/>- Pharmacies : mettre l'accent sur les \"soins de s\u00e9curit\u00e9 pour la famille\" et favoriser une conception adapt\u00e9e aux enfants (emballages de bandes dessin\u00e9es).<br \/>- Vente au d\u00e9tail de produits de plein air : lancement d'une \"trousse de premiers secours sp\u00e9ciale\" et ventes group\u00e9es avec des marques de sport.<\/p>\t\t\t\t\t\t<\/div>\n\t\t\t\t<\/div>\n\t\t\t\t\t<\/div>\n\t\t\t\t<\/div>\n\t\t<div class=\"elementor-element elementor-element-48ed816 e-flex e-con-boxed e-con e-parent\" data-id=\"48ed816\" data-element_type=\"container\">\n\t\t\t\t\t<div class=\"e-con-inner\">\n\t\t<div class=\"elementor-element elementor-element-c236afa e-con-full e-flex e-con e-child\" data-id=\"c236afa\" data-element_type=\"container\">\n\t\t\t\t<div class=\"elementor-element elementor-element-1305238 elementor-widget elementor-widget-image\" data-id=\"1305238\" data-element_type=\"widget\" data-widget_type=\"image.default\">\n\t\t\t\t<div class=\"elementor-widget-container\">\n\t\t\t<style>\/*! elementor - v3.23.0 - 25-07-2024 *\/\n.elementor-widget-image{text-align:center}.elementor-widget-image a{display:inline-block}.elementor-widget-image a img[src$=\".svg\"]{width:48px}.elementor-widget-image img{vertical-align:middle;display:inline-block}<\/style>\t\t\t\t\t\t\t\t\t\t<img fetchpriority=\"high\" decoding=\"async\" width=\"750\" height=\"1000\" src=\"https:\/\/www.beishenge.com\/wp-content\/uploads\/2025\/02\/ECO-Friendly-oit-door-bandage.webp\" class=\"attachment-large size-large wp-image-3182\" alt=\"ECO Friendly out door bandage\" srcset=\"https:\/\/www.beishenge.com\/wp-content\/uploads\/2025\/02\/ECO-Friendly-oit-door-bandage.webp 750w, https:\/\/www.beishenge.com\/wp-content\/uploads\/2025\/02\/ECO-Friendly-oit-door-bandage-225x300.webp 225w, https:\/\/www.beishenge.com\/wp-content\/uploads\/2025\/02\/ECO-Friendly-oit-door-bandage-9x12.webp 9w, https:\/\/www.beishenge.com\/wp-content\/uploads\/2025\/02\/ECO-Friendly-oit-door-bandage-300x400.webp 300w, https:\/\/www.beishenge.com\/wp-content\/uploads\/2025\/02\/ECO-Friendly-oit-door-bandage-600x800.webp 600w\" sizes=\"(max-width: 750px) 100vw, 750px\" \/>\t\t\t\t\t\t\t\t\t\t\t\t\t<\/div>\n\t\t\t\t<\/div>\n\t\t\t\t<\/div>\n\t\t<div class=\"elementor-element elementor-element-172b3b3 e-con-full e-flex e-con e-child\" data-id=\"172b3b3\" data-element_type=\"container\">\n\t\t\t\t<div class=\"elementor-element elementor-element-e04bb96 elementor-widget elementor-widget-text-editor\" data-id=\"e04bb96\" data-element_type=\"widget\" data-widget_type=\"text-editor.default\">\n\t\t\t\t<div class=\"elementor-widget-container\">\n\t\t\t\t\t\t\t<p>1. Avantages pour l'environnement<br \/>- Mat\u00e9riaux : Des mat\u00e9riaux biod\u00e9gradables (fibre de ma\u00efs PLA) sont utilis\u00e9s, y compris le sac POP, qui est enti\u00e8rement biod\u00e9gradable.<br \/>qui sont conformes aux r\u00e9glementations environnementales de l'UE <br \/>- 90% d\u00e9gradation naturelle dans les 6 mois.<\/p><p>\u00a0<\/p><p>2. Avantages fonctionnels<br \/>- Conception auto-adh\u00e9sive : respirant, imperm\u00e9able, hypoallerg\u00e9nique, adapt\u00e9 aux peaux sensibles et \u00e0 une utilisation \u00e0 long terme.<br \/>- Normes m\u00e9dicales : Certifi\u00e9 CE et conforme au syst\u00e8me de gestion de la qualit\u00e9 des dispositifs m\u00e9dicaux ISO 13485.<\/p><p>Convient parfaitement aux animaux ou aux produits d'ext\u00e9rieur.<\/p>\t\t\t\t\t\t<\/div>\n\t\t\t\t<\/div>\n\t\t\t\t<\/div>\n\t\t\t\t\t<\/div>\n\t\t\t\t<\/div>\n\t\t<div class=\"elementor-element elementor-element-1608d4d e-flex e-con-boxed e-con e-parent\" data-id=\"1608d4d\" data-element_type=\"container\">\n\t\t\t\t\t<div class=\"e-con-inner\">\n\t\t<div class=\"elementor-element elementor-element-7cde9bb e-con-full e-flex e-con e-child\" data-id=\"7cde9bb\" data-element_type=\"container\">\n\t\t\t\t<div class=\"elementor-element elementor-element-89dc25a elementor-widget elementor-widget-image\" data-id=\"89dc25a\" data-element_type=\"widget\" data-widget_type=\"image.default\">\n\t\t\t\t<div class=\"elementor-widget-container\">\n\t\t\t\t\t\t\t\t\t\t\t\t\t<img decoding=\"async\" width=\"545\" height=\"545\" src=\"https:\/\/www.beishenge.com\/wp-content\/uploads\/2024\/09\/261a5ad0f665741c3a389e1923b2fda_\u526f\u672c.webp\" class=\"attachment-large size-large wp-image-2939\" alt=\"ice tape for ankle\" srcset=\"https:\/\/www.beishenge.com\/wp-content\/uploads\/2024\/09\/261a5ad0f665741c3a389e1923b2fda_\u526f\u672c.webp 545w, https:\/\/www.beishenge.com\/wp-content\/uploads\/2024\/09\/261a5ad0f665741c3a389e1923b2fda_\u526f\u672c-300x300.webp 300w, https:\/\/www.beishenge.com\/wp-content\/uploads\/2024\/09\/261a5ad0f665741c3a389e1923b2fda_\u526f\u672c-150x150.webp 150w, https:\/\/www.beishenge.com\/wp-content\/uploads\/2024\/09\/261a5ad0f665741c3a389e1923b2fda_\u526f\u672c-12x12.webp 12w, https:\/\/www.beishenge.com\/wp-content\/uploads\/2024\/09\/261a5ad0f665741c3a389e1923b2fda_\u526f\u672c-100x100.webp 100w\" sizes=\"(max-width: 545px) 100vw, 545px\" \/>\t\t\t\t\t\t\t\t\t\t\t\t\t<\/div>\n\t\t\t\t<\/div>\n\t\t\t\t<\/div>\n\t\t<div class=\"elementor-element elementor-element-886cb1c e-con-full e-flex e-con e-child\" data-id=\"886cb1c\" data-element_type=\"container\">\n\t\t\t\t<div class=\"elementor-element elementor-element-d1228ba elementor-widget elementor-widget-image\" data-id=\"d1228ba\" data-element_type=\"widget\" data-widget_type=\"image.default\">\n\t\t\t\t<div class=\"elementor-widget-container\">\n\t\t\t\t\t\t\t\t\t\t\t\t\t<img decoding=\"async\" width=\"500\" height=\"500\" src=\"https:\/\/www.beishenge.com\/wp-content\/uploads\/2024\/08\/\u53cd\u9762elastic-bandage.webp\" class=\"attachment-large size-large wp-image-2894\" alt=\"wrap knee bandage\" srcset=\"https:\/\/www.beishenge.com\/wp-content\/uploads\/2024\/08\/\u53cd\u9762elastic-bandage.webp 500w, https:\/\/www.beishenge.com\/wp-content\/uploads\/2024\/08\/\u53cd\u9762elastic-bandage-300x300.webp 300w, https:\/\/www.beishenge.com\/wp-content\/uploads\/2024\/08\/\u53cd\u9762elastic-bandage-150x150.webp 150w, https:\/\/www.beishenge.com\/wp-content\/uploads\/2024\/08\/\u53cd\u9762elastic-bandage-100x100.webp 100w\" sizes=\"(max-width: 500px) 100vw, 500px\" \/>\t\t\t\t\t\t\t\t\t\t\t\t\t<\/div>\n\t\t\t\t<\/div>\n\t\t\t\t<\/div>\n\t\t<div class=\"elementor-element elementor-element-641b712 e-con-full e-flex e-con e-child\" data-id=\"641b712\" data-element_type=\"container\">\n\t\t\t\t<div class=\"elementor-element elementor-element-7746178 elementor-widget elementor-widget-image\" data-id=\"7746178\" data-element_type=\"widget\" data-widget_type=\"image.default\">\n\t\t\t\t<div class=\"elementor-widget-container\">\n\t\t\t\t\t\t\t\t\t\t\t\t\t<img loading=\"lazy\" decoding=\"async\" width=\"551\" height=\"551\" src=\"https:\/\/www.beishenge.com\/wp-content\/uploads\/2024\/09\/7c559a219d287811aff4df7c946c3f8_\u526f\u672c.webp\" class=\"attachment-large size-large wp-image-2938\" alt=\"tearable ice bandage\" srcset=\"https:\/\/www.beishenge.com\/wp-content\/uploads\/2024\/09\/7c559a219d287811aff4df7c946c3f8_\u526f\u672c.webp 551w, https:\/\/www.beishenge.com\/wp-content\/uploads\/2024\/09\/7c559a219d287811aff4df7c946c3f8_\u526f\u672c-300x300.webp 300w, https:\/\/www.beishenge.com\/wp-content\/uploads\/2024\/09\/7c559a219d287811aff4df7c946c3f8_\u526f\u672c-150x150.webp 150w, https:\/\/www.beishenge.com\/wp-content\/uploads\/2024\/09\/7c559a219d287811aff4df7c946c3f8_\u526f\u672c-12x12.webp 12w, https:\/\/www.beishenge.com\/wp-content\/uploads\/2024\/09\/7c559a219d287811aff4df7c946c3f8_\u526f\u672c-100x100.webp 100w\" sizes=\"(max-width: 551px) 100vw, 551px\" \/>\t\t\t\t\t\t\t\t\t\t\t\t\t<\/div>\n\t\t\t\t<\/div>\n\t\t\t\t<\/div>\n\t\t<div class=\"elementor-element elementor-element-3cbec3a e-con-full e-flex e-con e-child\" data-id=\"3cbec3a\" data-element_type=\"container\">\n\t\t\t\t<div class=\"elementor-element elementor-element-a21a2f8 elementor-widget elementor-widget-image\" data-id=\"a21a2f8\" data-element_type=\"widget\" data-widget_type=\"image.default\">\n\t\t\t\t<div class=\"elementor-widget-container\">\n\t\t\t\t\t\t\t\t\t\t\t\t\t<img loading=\"lazy\" decoding=\"async\" width=\"678\" height=\"678\" src=\"https:\/\/www.beishenge.com\/wp-content\/uploads\/2024\/09\/Vet-wrap-for-dog.jpg\" class=\"attachment-large size-large wp-image-3003\" alt=\"Vet wrap for dog\" srcset=\"https:\/\/www.beishenge.com\/wp-content\/uploads\/2024\/09\/Vet-wrap-for-dog.jpg 678w, https:\/\/www.beishenge.com\/wp-content\/uploads\/2024\/09\/Vet-wrap-for-dog-300x300.jpg 300w, https:\/\/www.beishenge.com\/wp-content\/uploads\/2024\/09\/Vet-wrap-for-dog-150x150.jpg 150w, https:\/\/www.beishenge.com\/wp-content\/uploads\/2024\/09\/Vet-wrap-for-dog-12x12.jpg 12w, https:\/\/www.beishenge.com\/wp-content\/uploads\/2024\/09\/Vet-wrap-for-dog-600x600.jpg 600w, https:\/\/www.beishenge.com\/wp-content\/uploads\/2024\/09\/Vet-wrap-for-dog-100x100.jpg 100w\" sizes=\"(max-width: 678px) 100vw, 678px\" \/>\t\t\t\t\t\t\t\t\t\t\t\t\t<\/div>\n\t\t\t\t<\/div>\n\t\t\t\t<\/div>\n\t\t\t\t\t<\/div>\n\t\t\t\t<\/div>\n\t\t<div class=\"elementor-element elementor-element-6e64748 e-flex e-con-boxed e-con e-parent\" data-id=\"6e64748\" data-element_type=\"container\">\n\t\t\t\t\t<div class=\"e-con-inner\">\n\t\t\t\t<div class=\"elementor-element elementor-element-1f39d93 elementor-widget elementor-widget-text-editor\" data-id=\"1f39d93\" data-element_type=\"widget\" data-widget_type=\"text-editor.default\">\n\t\t\t\t<div class=\"elementor-widget-container\">\n\t\t\t\t\t\t\t<p>Combiner les fonctions et la protection de l'environnement pour augmenter le taux de r\u00e9achat des clients<br \/>- Conception sans ruban adh\u00e9sif : respirant, imperm\u00e9able, hypoallerg\u00e9nique, adapt\u00e9 aux peaux sensibles (enfants, personnes souffrant d'ecz\u00e9ma).<br \/>- Performance de qualit\u00e9 m\u00e9dicale : Certifi\u00e9 CE et conforme \u00e0 la norme ISO 13485, il offre une protection fiable des plaies, couvrant les premiers soins \u00e0 domicile, le cyclisme, la randonn\u00e9e et d'autres sc\u00e9narios.<\/p><p>\u00a0<\/p>\t\t\t\t\t\t<\/div>\n\t\t\t\t<\/div>\n\t\t\t\t\t<\/div>\n\t\t\t\t<\/div>\n\t\t<div class=\"elementor-element elementor-element-18bc0b1 e-flex e-con-boxed e-con e-parent\" data-id=\"18bc0b1\" data-element_type=\"container\">\n\t\t\t\t\t<div class=\"e-con-inner\">\n\t\t\t\t<div class=\"elementor-element elementor-element-c440adb elementor-widget elementor-widget-image\" data-id=\"c440adb\" data-element_type=\"widget\" data-widget_type=\"image.default\">\n\t\t\t\t<div class=\"elementor-widget-container\">\n\t\t\t\t\t\t\t\t\t\t\t\t\t<img loading=\"lazy\" decoding=\"async\" width=\"790\" height=\"541\" src=\"https:\/\/www.beishenge.com\/wp-content\/uploads\/2024\/07\/\u5fae\u4fe1\u56fe\u7247_20241120064251.jpg\" class=\"attachment-large size-large wp-image-3126\" alt=\"produce tapes and bandages\" srcset=\"https:\/\/www.beishenge.com\/wp-content\/uploads\/2024\/07\/\u5fae\u4fe1\u56fe\u7247_20241120064251.jpg 790w, https:\/\/www.beishenge.com\/wp-content\/uploads\/2024\/07\/\u5fae\u4fe1\u56fe\u7247_20241120064251-300x205.jpg 300w, https:\/\/www.beishenge.com\/wp-content\/uploads\/2024\/07\/\u5fae\u4fe1\u56fe\u7247_20241120064251-768x526.jpg 768w, https:\/\/www.beishenge.com\/wp-content\/uploads\/2024\/07\/\u5fae\u4fe1\u56fe\u7247_20241120064251-18x12.jpg 18w, https:\/\/www.beishenge.com\/wp-content\/uploads\/2024\/07\/\u5fae\u4fe1\u56fe\u7247_20241120064251-600x411.jpg 600w\" sizes=\"(max-width: 790px) 100vw, 790px\" \/>\t\t\t\t\t\t\t\t\t\t\t\t\t<\/div>\n\t\t\t\t<\/div>\n\t\t\t\t\t<\/div>\n\t\t\t\t<\/div>\n\t\t<div class=\"elementor-element elementor-element-fcb3286 e-flex e-con-boxed e-con e-parent\" data-id=\"fcb3286\" data-element_type=\"container\">\n\t\t\t\t\t<div class=\"e-con-inner\">\n\t\t\t\t<div class=\"elementor-element elementor-element-a877bf8 elementor-widget elementor-widget-text-editor\" data-id=\"a877bf8\" data-element_type=\"widget\" data-widget_type=\"text-editor.default\">\n\t\t\t\t<div class=\"elementor-widget-container\">\n\t\t\t\t\t\t\t<p>Agissez d\u00e8s maintenant pour vous emparer de la tendance europ\u00e9enne en mati\u00e8re de m\u00e9decine verte ! **<br \/>Obtenir des solutions exclusives<br \/>1. R\u00e9pondez \u00e0 l'e-mail pour demander des \"\u00e9chantillons gratuits\" (y compris des produits en taille r\u00e9elle + des documents de certification).<br \/>2. Prendre rendez-vous pour une r\u00e9union en ligne afin d'obtenir la \"politique d'exclusivit\u00e9 r\u00e9gionale\" et le \"tableau d'\u00e9chelonnement des remises annuelles\".<\/p><p>&#8212;<br \/>Mots-cl\u00e9s :<br \/>Consommables m\u00e9dicaux B2B, bandages conformes aux normes de l'UE, certification de la directive SUP, produits \u00e9cologiques \u00e0 forte rentabilit\u00e9, cha\u00eene d'approvisionnement personnalis\u00e9e<\/p>\t\t\t\t\t\t<\/div>\n\t\t\t\t<\/div>\n\t\t\t\t\t<\/div>\n\t\t\t\t<\/div>\n\t\t\t\t<\/div>","protected":false},"excerpt":{"rendered":"<p>1. Le prix de gros est environ 5% plus \u00e9lev\u00e9 que les bandages auto-adh\u00e9sifs traditionnels, mais le prix de d\u00e9tail peut \u00eatre environ 20%~30% plus \u00e9lev\u00e9 que les bandages auto-adh\u00e9sifs traditionnels. 2. Emballage personnalis\u00e9 : impression de LOGO, \u00e9tiquettes multilingues (anglais\/allemand\/fran\u00e7ais\/n\u00e9erlandais, etc.), et convient aux besoins communs des pharmacies, des supermarch\u00e9s et des marques respectueuses de l'environnement. 3. Comp\u00e9titivit\u00e9 diff\u00e9renci\u00e9e - Environnement [...]<\/p>","protected":false},"featured_media":3181,"template":"","meta":{"_seopress_robots_primary_cat":"none","_seopress_titles_title":"","_seopress_titles_desc":"","_seopress_robots_index":"","_uag_custom_page_level_css":""},"product_cat":[21,35],"product_tag":[],"class_list":{"0":"post-3177","1":"product","2":"type-product","3":"status-publish","4":"has-post-thumbnail","6":"product_cat-more-products","7":"product_cat-elastic-bandages-series","9":"first","10":"instock","11":"shipping-taxable","12":"product-type-simple"},"uagb_featured_image_src":{"full":["https:\/\/www.beishenge.com\/wp-content\/uploads\/2025\/02\/Eco-Friendly-Cohesive-bandage.webp",800,800,false],"thumbnail":["https:\/\/www.beishenge.com\/wp-content\/uploads\/2025\/02\/Eco-Friendly-Cohesive-bandage-150x150.webp",150,150,true],"medium":["https:\/\/www.beishenge.com\/wp-content\/uploads\/2025\/02\/Eco-Friendly-Cohesive-bandage-300x300.webp",300,300,true],"medium_large":["https:\/\/www.beishenge.com\/wp-content\/uploads\/2025\/02\/Eco-Friendly-Cohesive-bandage-768x768.webp",768,768,true],"large":["https:\/\/www.beishenge.com\/wp-content\/uploads\/2025\/02\/Eco-Friendly-Cohesive-bandage.webp",800,800,false],"1536x1536":["https:\/\/www.beishenge.com\/wp-content\/uploads\/2025\/02\/Eco-Friendly-Cohesive-bandage.webp",800,800,false],"2048x2048":["https:\/\/www.beishenge.com\/wp-content\/uploads\/2025\/02\/Eco-Friendly-Cohesive-bandage.webp",800,800,false],"trp-custom-language-flag":["https:\/\/www.beishenge.com\/wp-content\/uploads\/2025\/02\/Eco-Friendly-Cohesive-bandage-12x12.webp",12,12,true],"woocommerce_archive_thumbnail":["https:\/\/www.beishenge.com\/wp-content\/uploads\/2025\/02\/Eco-Friendly-Cohesive-bandage-300x300.webp",300,300,true],"woocommerce_thumbnail":["https:\/\/www.beishenge.com\/wp-content\/uploads\/2025\/02\/Eco-Friendly-Cohesive-bandage-300x300.webp",300,300,true],"woocommerce_single":["https:\/\/www.beishenge.com\/wp-content\/uploads\/2025\/02\/Eco-Friendly-Cohesive-bandage-600x600.webp",600,600,true],"woocommerce_gallery_thumbnail":["https:\/\/www.beishenge.com\/wp-content\/uploads\/2025\/02\/Eco-Friendly-Cohesive-bandage-100x100.webp",100,100,true]},"uagb_author_info":{"display_name":"onbysheng","author_link":"https:\/\/www.beishenge.com\/fr\/author\/"},"uagb_comment_info":0,"uagb_excerpt":"1. The wholesale price is about 5% higher than traditional self-adhesive bandages, but the retail price can be about 20%~30% higher than traditional self-adhesive bandages. 2. Customized packaging: supports LOGO printing, multi-language labels (covering English\/German\/French\/Dutch, etc.), and is suitable for the joint needs of pharmacies, supermarkets and environmentally friendly brands. 3. Differentiated competitiveness &#8211; Environmental\u2026","_links":{"self":[{"href":"https:\/\/www.beishenge.com\/fr\/wp-json\/wp\/v2\/product\/3177","targetHints":{"allow":["GET"]}}],"collection":[{"href":"https:\/\/www.beishenge.com\/fr\/wp-json\/wp\/v2\/product"}],"about":[{"href":"https:\/\/www.beishenge.com\/fr\/wp-json\/wp\/v2\/types\/product"}],"version-history":[{"count":5,"href":"https:\/\/www.beishenge.com\/fr\/wp-json\/wp\/v2\/product\/3177\/revisions"}],"predecessor-version":[{"id":3187,"href":"https:\/\/www.beishenge.com\/fr\/wp-json\/wp\/v2\/product\/3177\/revisions\/3187"}],"wp:featuredmedia":[{"embeddable":true,"href":"https:\/\/www.beishenge.com\/fr\/wp-json\/wp\/v2\/media\/3181"}],"wp:attachment":[{"href":"https:\/\/www.beishenge.com\/fr\/wp-json\/wp\/v2\/media?parent=3177"}],"wp:term":[{"taxonomy":"product_cat","embeddable":true,"href":"https:\/\/www.beishenge.com\/fr\/wp-json\/wp\/v2\/product_cat?post=3177"},{"taxonomy":"product_tag","embeddable":true,"href":"https:\/\/www.beishenge.com\/fr\/wp-json\/wp\/v2\/product_tag?post=3177"}],"curies":[{"name":"wp","href":"https:\/\/api.w.org\/{rel}","templated":true}]}}