{"id":1143,"date":"2022-03-30T11:54:37","date_gmt":"2022-03-30T03:54:37","guid":{"rendered":"https:\/\/www.beishenge.com\/?post_type=product&#038;p=1143"},"modified":"2024-06-26T11:12:00","modified_gmt":"2024-06-26T03:12:00","slug":"1143","status":"publish","type":"product","link":"https:\/\/www.beishenge.com\/it\/prodotto\/1143\/","title":{"rendered":"Cerotti adesivi per sensore Dexcom G6"},"content":{"rendered":"<h4>Da molti anni produciamo cerotti adesivi per il Dexcom G6. Ora abbiamo un nuovo dispositivo, Dexcom G7. Abbiamo prodotto i cerotti contemporaneamente al lancio del sensore Dexcom G7.<\/h4>\n<h4>I cerotti adesivi Dexcom G6 sono uno dei nostri prodotti pi\u00f9 venduti nel corso degli anni. Abbiamo una ricca esperienza per soddisfare le diverse esigenze del mercato e dei clienti.<\/h4>\n<h4>Per quanto riguarda la selezione dei cerotti per Dexcom G6, disponiamo di diverse materie prime e forme.<\/h4>\n<h4>La toppa adesiva in puro cotone G6 \u00e8 la pi\u00f9 tradizionale e la prima ad essere accettata dalla maggior parte dei clienti. Ha una buona traspirabilit\u00e0 ed elasticit\u00e0, colori ricchi e stampa, ed \u00e8 molto popolare sul mercato.<\/h4>\n<h4>Il tessuto elasticizzato a quattro vie \u00e8 un miglioramento del materiale elasticizzato in cotone. Ha la morbidezza e la traspirabilit\u00e0 del materiale in puro cotone, ma \u00e8 molto liscio e sottile, e l'elasticit\u00e0 pu\u00f2 estendersi su tutto il perimetro, oltre ad avere una variet\u00e0 di colori tra cui scegliere. I clienti che hanno esigenze pi\u00f9 elevate in termini di esperienza d'uso lo apprezzeranno.<\/h4>\n<h4>Anche il materiale PU trasparente \u00e8 molto popolare. I cerotti adesivi Dexcom G6 trasparenti realizzati in questo materiale sono molto leggeri, idrorepellenti e resistenti al sudore. Essendo trasparente, non attira l'attenzione. Di aspetto sobrio e confortevole. Il tasso di riacquisto \u00e8 molto alto.<\/h4>\n<h4><img fetchpriority=\"high\" decoding=\"async\" class=\"size-medium wp-image-2191\" src=\"https:\/\/www.beishenge.com\/wp-content\/uploads\/2022\/03\/\u4e0b\u8f7d-1-1-300x300.webp\" alt=\"\" width=\"300\" height=\"300\" srcset=\"https:\/\/www.beishenge.com\/wp-content\/uploads\/2022\/03\/\u4e0b\u8f7d-1-1-300x300.webp 300w, https:\/\/www.beishenge.com\/wp-content\/uploads\/2022\/03\/\u4e0b\u8f7d-1-1-150x150.webp 150w, https:\/\/www.beishenge.com\/wp-content\/uploads\/2022\/03\/\u4e0b\u8f7d-1-1-768x768.webp 768w, https:\/\/www.beishenge.com\/wp-content\/uploads\/2022\/03\/\u4e0b\u8f7d-1-1-600x600.webp 600w, https:\/\/www.beishenge.com\/wp-content\/uploads\/2022\/03\/\u4e0b\u8f7d-1-1-100x100.webp 100w, https:\/\/www.beishenge.com\/wp-content\/uploads\/2022\/03\/\u4e0b\u8f7d-1-1.webp 1000w\" sizes=\"(max-width: 300px) 100vw, 300px\" \/><\/h4>\n<h4><\/h4>\n<h4>Dopo tanti anni di esperienza sul mercato, abbiamo continuamente migliorato le dimensioni del cerotto e del diametro interno del cerotto adesivo Dexcom G6 per renderlo pi\u00f9 adatto al sensore Dexcom g6. Abbiamo anche migliorato costantemente la parte pretagliata della carta di supporto per facilitare l'utilizzo da parte dei clienti con una sola mano.<\/h4>\n<h4>La colla che utilizziamo \u00e8 di tipo medico e ipoallergenico. A parit\u00e0 di costo, la qualit\u00e0 dei nostri cerotti \u00e8 la pi\u00f9 stabile e la pi\u00f9 alta tra quelle dei nostri colleghi. \u00c8 adatto alle pelli sensibili<\/h4>\n<h4>Informazioni sulla personalizzazione<br \/>\n1. In termini di personalizzazione, il nostro vantaggio \u00e8 che supportiamo la personalizzazione di piccoli lotti e la consegna veloce.<br \/>\n2. Stampare il logo sul patch o sulla carta di supporto del patch. Migliorare l'impressione che il cliente ha del marchio.<br \/>\n3. Fornire una bozza di design o un campione, e possiamo anche fare prove e produrre secondo la bozza di design e il campione.<br \/>\n4. Anche l'imballaggio personalizzato \u00e8 supportato. Se avete idee ed esigenze proprie, vi forniremo anche un design di imballaggio gratuito basato sulle vostre opinioni.<\/h4>\n<h4>Se avete domande o necessit\u00e0 sui cerotti ipoallergenici per Dexcom, omnipod, libre ect, non esitate a contattarci.<\/h4>\n<p>&nbsp;<\/p>","protected":false},"excerpt":{"rendered":"<p>Toppe adesive impermeabili per G6<\/p>\n<p>Overpatch trasparente di qualit\u00e0 superiore per pelli sensibili<\/p>\n<p>Adesivi amichevoli per bambini e pelli sensibili<\/p>\n<p>10 Giorni Coperture a lunga durata Facili da usare con una sola mano<\/p>\n<p>&nbsp;<\/p>","protected":false},"featured_media":2013,"template":"","meta":{"_seopress_robots_primary_cat":"none","_seopress_titles_title":"","_seopress_titles_desc":"Waterproof Adhesive Patches for G6, Friendly adhesive pacthes for kids and senstive skin, Dexcom G6 pacthes","_seopress_robots_index":"","_uag_custom_page_level_css":""},"product_cat":[34],"product_tag":[],"class_list":{"0":"post-1143","1":"product","2":"type-product","3":"status-publish","4":"has-post-thumbnail","6":"product_cat-patches-for-sensor","8":"first","9":"instock","10":"shipping-taxable","11":"product-type-simple"},"uagb_featured_image_src":{"full":["https:\/\/www.beishenge.com\/wp-content\/uploads\/2022\/03\/G6-Adhesive-Patches-blue_W_1980px.webp",1980,1878,false],"thumbnail":["https:\/\/www.beishenge.com\/wp-content\/uploads\/2022\/03\/G6-Adhesive-Patches-blue_W_1980px-150x150.webp",150,150,true],"medium":["https:\/\/www.beishenge.com\/wp-content\/uploads\/2022\/03\/G6-Adhesive-Patches-blue_W_1980px-300x285.webp",300,285,true],"medium_large":["https:\/\/www.beishenge.com\/wp-content\/uploads\/2022\/03\/G6-Adhesive-Patches-blue_W_1980px-768x728.webp",768,728,true],"large":["https:\/\/www.beishenge.com\/wp-content\/uploads\/2022\/03\/G6-Adhesive-Patches-blue_W_1980px-1024x971.webp",1024,971,true],"1536x1536":["https:\/\/www.beishenge.com\/wp-content\/uploads\/2022\/03\/G6-Adhesive-Patches-blue_W_1980px-1536x1457.webp",1536,1457,true],"2048x2048":["https:\/\/www.beishenge.com\/wp-content\/uploads\/2022\/03\/G6-Adhesive-Patches-blue_W_1980px.webp",1980,1878,false],"trp-custom-language-flag":["https:\/\/www.beishenge.com\/wp-content\/uploads\/2022\/03\/G6-Adhesive-Patches-blue_W_1980px.webp",13,12,false],"woocommerce_archive_thumbnail":["https:\/\/www.beishenge.com\/wp-content\/uploads\/2022\/03\/G6-Adhesive-Patches-blue_W_1980px-300x285.webp",300,285,true],"woocommerce_thumbnail":["https:\/\/www.beishenge.com\/wp-content\/uploads\/2022\/03\/G6-Adhesive-Patches-blue_W_1980px-300x285.webp",300,285,true],"woocommerce_single":["https:\/\/www.beishenge.com\/wp-content\/uploads\/2022\/03\/G6-Adhesive-Patches-blue_W_1980px-600x569.webp",600,569,true],"woocommerce_gallery_thumbnail":["https:\/\/www.beishenge.com\/wp-content\/uploads\/2022\/03\/G6-Adhesive-Patches-blue_W_1980px-100x100.webp",100,100,true]},"uagb_author_info":{"display_name":"onbysheng","author_link":"https:\/\/www.beishenge.com\/it\/author\/"},"uagb_comment_info":0,"uagb_excerpt":"Waterproof Adhesive Patches for G6 Premium Transparent Overpatch for senstive skin Friendly adhesive pacthes for kids and senstive skin 10 Days Long Stay Covers Easy to Use by One Hand &nbsp;","_links":{"self":[{"href":"https:\/\/www.beishenge.com\/it\/wp-json\/wp\/v2\/product\/1143","targetHints":{"allow":["GET"]}}],"collection":[{"href":"https:\/\/www.beishenge.com\/it\/wp-json\/wp\/v2\/product"}],"about":[{"href":"https:\/\/www.beishenge.com\/it\/wp-json\/wp\/v2\/types\/product"}],"version-history":[{"count":1,"href":"https:\/\/www.beishenge.com\/it\/wp-json\/wp\/v2\/product\/1143\/revisions"}],"predecessor-version":[{"id":1147,"href":"https:\/\/www.beishenge.com\/it\/wp-json\/wp\/v2\/product\/1143\/revisions\/1147"}],"wp:featuredmedia":[{"embeddable":true,"href":"https:\/\/www.beishenge.com\/it\/wp-json\/wp\/v2\/media\/2013"}],"wp:attachment":[{"href":"https:\/\/www.beishenge.com\/it\/wp-json\/wp\/v2\/media?parent=1143"}],"wp:term":[{"taxonomy":"product_cat","embeddable":true,"href":"https:\/\/www.beishenge.com\/it\/wp-json\/wp\/v2\/product_cat?post=1143"},{"taxonomy":"product_tag","embeddable":true,"href":"https:\/\/www.beishenge.com\/it\/wp-json\/wp\/v2\/product_tag?post=1143"}],"curies":[{"name":"wp","href":"https:\/\/api.w.org\/{rel}","templated":true}]}}