{"id":2034,"date":"2024-05-28T14:34:55","date_gmt":"2024-05-28T06:34:55","guid":{"rendered":"https:\/\/www.beishenge.com\/?post_type=product&#038;p=2034"},"modified":"2024-10-12T11:36:08","modified_gmt":"2024-10-12T03:36:08","slug":"clear-adhesive-patches-for-dexcom-g7","status":"publish","type":"product","link":"https:\/\/www.beishenge.com\/it\/prodotto\/clear-adhesive-patches-for-dexcom-g7\/","title":{"rendered":"Personalizzare i cerotti adesivi Dexcom G7 overpatch Impermeabilit\u00e0"},"content":{"rendered":"<div data-elementor-type=\"wp-post\" data-elementor-id=\"2034\" class=\"elementor elementor-2034\">\n\t\t\t\t<div class=\"elementor-element elementor-element-651a098 e-flex e-con-boxed e-con e-parent\" data-id=\"651a098\" data-element_type=\"container\">\n\t\t\t\t\t<div class=\"e-con-inner\">\n\t\t<div class=\"elementor-element elementor-element-238535d e-con-full e-flex e-con e-child\" data-id=\"238535d\" data-element_type=\"container\">\n\t\t\t\t<div class=\"elementor-element elementor-element-15ec116 elementor-widget elementor-widget-text-editor\" data-id=\"15ec116\" data-element_type=\"widget\" data-widget_type=\"text-editor.default\">\n\t\t\t\t<div class=\"elementor-widget-container\">\n\t\t\t<style>\/*! elementor - v3.23.0 - 25-07-2024 *\/\n.elementor-widget-text-editor.elementor-drop-cap-view-stacked .elementor-drop-cap{background-color:#69727d;color:#fff}.elementor-widget-text-editor.elementor-drop-cap-view-framed .elementor-drop-cap{color:#69727d;border:3px solid;background-color:transparent}.elementor-widget-text-editor:not(.elementor-drop-cap-view-default) .elementor-drop-cap{margin-top:8px}.elementor-widget-text-editor:not(.elementor-drop-cap-view-default) .elementor-drop-cap-letter{width:1em;height:1em}.elementor-widget-text-editor .elementor-drop-cap{float:left;text-align:center;line-height:1;font-size:50px}.elementor-widget-text-editor .elementor-drop-cap-letter{display:inline-block}<\/style>\t\t\t\t<p>La nostra fabbrica produce principalmente vari tipi di bende elastiche, cerotti medici, cerotti di varie dimensioni, nastri sportivi, ecc.<br \/>Con lo sviluppo degli ultimi anni, sempre pi\u00f9 clienti hanno richiesto cerotti per il sensore di glicemia per il diabete. Negli ultimi dieci anni, sono stati realizzati molti tipi di cerotti per i diversi sensori di glicemia per il diabete. Come i cerotti dexcom, i cerotti omnipod, i cerotti libre free style, ecc. Hanno materiali e forme diverse.<\/p><p>Questo progetto riguarda principalmente la patch del sensore <strong>Cerotti adesivi Dexcom G7<\/strong> . Il nostro cerotto Dexcom G7 \u00e8 preciso nelle dimensioni e comodo da usare con una sola mano.\u00a0<\/p><p>Il nostro obiettivo \u00e8 far s\u00ec che i clienti dimentichino l'esistenza di cerotti e misuratori di glucosio, si godano lo sport e la vita.<\/p><div>\u00a0<\/div>\t\t\t\t\t\t<\/div>\n\t\t\t\t<\/div>\n\t\t\t\t<\/div>\n\t\t<div class=\"elementor-element elementor-element-806e418 e-con-full e-flex e-con e-child\" data-id=\"806e418\" data-element_type=\"container\">\n\t\t\t\t<div class=\"elementor-element elementor-element-57227da elementor-widget elementor-widget-image\" data-id=\"57227da\" data-element_type=\"widget\" data-widget_type=\"image.default\">\n\t\t\t\t<div class=\"elementor-widget-container\">\n\t\t\t<style>\/*! elementor - v3.23.0 - 25-07-2024 *\/\n.elementor-widget-image{text-align:center}.elementor-widget-image a{display:inline-block}.elementor-widget-image a img[src$=\".svg\"]{width:48px}.elementor-widget-image img{vertical-align:middle;display:inline-block}<\/style>\t\t\t\t\t\t\t\t\t\t<img fetchpriority=\"high\" decoding=\"async\" width=\"500\" height=\"500\" src=\"https:\/\/www.beishenge.com\/wp-content\/uploads\/2024\/05\/over-patches-for-dexcom-g7.webp\" class=\"attachment-large size-large wp-image-2992\" alt=\"over patches for dexcom\" srcset=\"https:\/\/www.beishenge.com\/wp-content\/uploads\/2024\/05\/over-patches-for-dexcom-g7.webp 500w, https:\/\/www.beishenge.com\/wp-content\/uploads\/2024\/05\/over-patches-for-dexcom-g7-300x300.webp 300w, https:\/\/www.beishenge.com\/wp-content\/uploads\/2024\/05\/over-patches-for-dexcom-g7-150x150.webp 150w, https:\/\/www.beishenge.com\/wp-content\/uploads\/2024\/05\/over-patches-for-dexcom-g7-12x12.webp 12w, https:\/\/www.beishenge.com\/wp-content\/uploads\/2024\/05\/over-patches-for-dexcom-g7-100x100.webp 100w\" sizes=\"(max-width: 500px) 100vw, 500px\" \/>\t\t\t\t\t\t\t\t\t\t\t\t\t<\/div>\n\t\t\t\t<\/div>\n\t\t\t\t<\/div>\n\t\t\t\t\t<\/div>\n\t\t\t\t<\/div>\n\t\t<div class=\"elementor-element elementor-element-f12f771 e-flex e-con-boxed e-con e-parent\" data-id=\"f12f771\" data-element_type=\"container\">\n\t\t\t\t\t<div class=\"e-con-inner\">\n\t\t<div class=\"elementor-element elementor-element-a3072f1 e-con-full e-flex e-con e-child\" data-id=\"a3072f1\" data-element_type=\"container\">\n\t\t\t\t<div class=\"elementor-element elementor-element-e625261 elementor-widget elementor-widget-image\" data-id=\"e625261\" data-element_type=\"widget\" data-widget_type=\"image.default\">\n\t\t\t\t<div class=\"elementor-widget-container\">\n\t\t\t\t\t\t\t\t\t\t\t\t\t<img decoding=\"async\" width=\"679\" height=\"679\" src=\"https:\/\/www.beishenge.com\/wp-content\/uploads\/2024\/05\/dexcom-g7-overlay-patches.webp\" class=\"attachment-large size-large wp-image-2989\" alt=\"dexcom g7 overlay patches\" srcset=\"https:\/\/www.beishenge.com\/wp-content\/uploads\/2024\/05\/dexcom-g7-overlay-patches.webp 679w, https:\/\/www.beishenge.com\/wp-content\/uploads\/2024\/05\/dexcom-g7-overlay-patches-300x300.webp 300w, https:\/\/www.beishenge.com\/wp-content\/uploads\/2024\/05\/dexcom-g7-overlay-patches-150x150.webp 150w, https:\/\/www.beishenge.com\/wp-content\/uploads\/2024\/05\/dexcom-g7-overlay-patches-12x12.webp 12w, https:\/\/www.beishenge.com\/wp-content\/uploads\/2024\/05\/dexcom-g7-overlay-patches-600x600.webp 600w, https:\/\/www.beishenge.com\/wp-content\/uploads\/2024\/05\/dexcom-g7-overlay-patches-100x100.webp 100w\" sizes=\"(max-width: 679px) 100vw, 679px\" \/>\t\t\t\t\t\t\t\t\t\t\t\t\t<\/div>\n\t\t\t\t<\/div>\n\t\t\t\t<div class=\"elementor-element elementor-element-6d18b6a elementor-widget elementor-widget-text-editor\" data-id=\"6d18b6a\" data-element_type=\"widget\" data-widget_type=\"text-editor.default\">\n\t\t\t\t<div class=\"elementor-widget-container\">\n\t\t\t\t\t\t\t<p>Cerotti in puro cotone per Dexcom G7<\/p>\t\t\t\t\t\t<\/div>\n\t\t\t\t<\/div>\n\t\t\t\t<\/div>\n\t\t<div class=\"elementor-element elementor-element-076946a e-con-full e-flex e-con e-child\" data-id=\"076946a\" data-element_type=\"container\">\n\t\t\t\t<div class=\"elementor-element elementor-element-fe79779 elementor-widget elementor-widget-image\" data-id=\"fe79779\" data-element_type=\"widget\" data-widget_type=\"image.default\">\n\t\t\t\t<div class=\"elementor-widget-container\">\n\t\t\t\t\t\t\t\t\t\t\t\t\t<img decoding=\"async\" width=\"679\" height=\"679\" src=\"https:\/\/www.beishenge.com\/wp-content\/uploads\/2024\/05\/free-dexcom-g7-overlay-patches.webp\" class=\"attachment-large size-large wp-image-2991\" alt=\"free dexcom g7 overlay patches\" srcset=\"https:\/\/www.beishenge.com\/wp-content\/uploads\/2024\/05\/free-dexcom-g7-overlay-patches.webp 679w, https:\/\/www.beishenge.com\/wp-content\/uploads\/2024\/05\/free-dexcom-g7-overlay-patches-300x300.webp 300w, https:\/\/www.beishenge.com\/wp-content\/uploads\/2024\/05\/free-dexcom-g7-overlay-patches-150x150.webp 150w, https:\/\/www.beishenge.com\/wp-content\/uploads\/2024\/05\/free-dexcom-g7-overlay-patches-12x12.webp 12w, https:\/\/www.beishenge.com\/wp-content\/uploads\/2024\/05\/free-dexcom-g7-overlay-patches-600x600.webp 600w, https:\/\/www.beishenge.com\/wp-content\/uploads\/2024\/05\/free-dexcom-g7-overlay-patches-100x100.webp 100w\" sizes=\"(max-width: 679px) 100vw, 679px\" \/>\t\t\t\t\t\t\t\t\t\t\t\t\t<\/div>\n\t\t\t\t<\/div>\n\t\t\t\t<div class=\"elementor-element elementor-element-7fe95c6 elementor-widget elementor-widget-text-editor\" data-id=\"7fe95c6\" data-element_type=\"widget\" data-widget_type=\"text-editor.default\">\n\t\t\t\t<div class=\"elementor-widget-container\">\n\t\t\t\t\t\t\t<p>Toppa di copertura Dexcom G7 elasticizzata su quattro lati<\/p>\t\t\t\t\t\t<\/div>\n\t\t\t\t<\/div>\n\t\t\t\t<\/div>\n\t\t<div class=\"elementor-element elementor-element-841c544 e-con-full e-flex e-con e-child\" data-id=\"841c544\" data-element_type=\"container\">\n\t\t\t\t<div class=\"elementor-element elementor-element-9b38a7d elementor-widget elementor-widget-image\" data-id=\"9b38a7d\" data-element_type=\"widget\" data-widget_type=\"image.default\">\n\t\t\t\t<div class=\"elementor-widget-container\">\n\t\t\t\t\t\t\t\t\t\t\t\t\t<img loading=\"lazy\" decoding=\"async\" width=\"609\" height=\"609\" src=\"https:\/\/www.beishenge.com\/wp-content\/uploads\/2024\/05\/best-waterproof-patches-for-dexcom-g7.webp\" class=\"attachment-large size-large wp-image-2984\" alt=\"best waterproof patches for dexcom g7\" srcset=\"https:\/\/www.beishenge.com\/wp-content\/uploads\/2024\/05\/best-waterproof-patches-for-dexcom-g7.webp 609w, https:\/\/www.beishenge.com\/wp-content\/uploads\/2024\/05\/best-waterproof-patches-for-dexcom-g7-300x300.webp 300w, https:\/\/www.beishenge.com\/wp-content\/uploads\/2024\/05\/best-waterproof-patches-for-dexcom-g7-150x150.webp 150w, https:\/\/www.beishenge.com\/wp-content\/uploads\/2024\/05\/best-waterproof-patches-for-dexcom-g7-12x12.webp 12w, https:\/\/www.beishenge.com\/wp-content\/uploads\/2024\/05\/best-waterproof-patches-for-dexcom-g7-600x600.webp 600w, https:\/\/www.beishenge.com\/wp-content\/uploads\/2024\/05\/best-waterproof-patches-for-dexcom-g7-100x100.webp 100w\" sizes=\"(max-width: 609px) 100vw, 609px\" \/>\t\t\t\t\t\t\t\t\t\t\t\t\t<\/div>\n\t\t\t\t<\/div>\n\t\t\t\t<div class=\"elementor-element elementor-element-98a4330 elementor-widget elementor-widget-text-editor\" data-id=\"98a4330\" data-element_type=\"widget\" data-widget_type=\"text-editor.default\">\n\t\t\t\t<div class=\"elementor-widget-container\">\n\t\t\t\t\t\t\t<p>Cerotti per sensori Dexcom G7 in PU trasparente<\/p>\t\t\t\t\t\t<\/div>\n\t\t\t\t<\/div>\n\t\t\t\t<\/div>\n\t\t<div class=\"elementor-element elementor-element-68de1dd e-con-full e-flex e-con e-child\" data-id=\"68de1dd\" data-element_type=\"container\">\n\t\t\t\t<div class=\"elementor-element elementor-element-bd1373a elementor-widget elementor-widget-image\" data-id=\"bd1373a\" data-element_type=\"widget\" data-widget_type=\"image.default\">\n\t\t\t\t<div class=\"elementor-widget-container\">\n\t\t\t\t\t\t\t\t\t\t\t\t\t<img loading=\"lazy\" decoding=\"async\" width=\"679\" height=\"679\" src=\"https:\/\/www.beishenge.com\/wp-content\/uploads\/2024\/05\/dexcom-g7-patches-for-sensitive-skin.webp\" class=\"attachment-large size-large wp-image-2993\" alt=\"dexcom g7 patches for sensitive skin\" srcset=\"https:\/\/www.beishenge.com\/wp-content\/uploads\/2024\/05\/dexcom-g7-patches-for-sensitive-skin.webp 679w, https:\/\/www.beishenge.com\/wp-content\/uploads\/2024\/05\/dexcom-g7-patches-for-sensitive-skin-300x300.webp 300w, https:\/\/www.beishenge.com\/wp-content\/uploads\/2024\/05\/dexcom-g7-patches-for-sensitive-skin-150x150.webp 150w, https:\/\/www.beishenge.com\/wp-content\/uploads\/2024\/05\/dexcom-g7-patches-for-sensitive-skin-12x12.webp 12w, https:\/\/www.beishenge.com\/wp-content\/uploads\/2024\/05\/dexcom-g7-patches-for-sensitive-skin-600x600.webp 600w, https:\/\/www.beishenge.com\/wp-content\/uploads\/2024\/05\/dexcom-g7-patches-for-sensitive-skin-100x100.webp 100w\" sizes=\"(max-width: 679px) 100vw, 679px\" \/>\t\t\t\t\t\t\t\t\t\t\t\t\t<\/div>\n\t\t\t\t<\/div>\n\t\t\t\t<div class=\"elementor-element elementor-element-73396aa elementor-widget elementor-widget-text-editor\" data-id=\"73396aa\" data-element_type=\"widget\" data-widget_type=\"text-editor.default\">\n\t\t\t\t<div class=\"elementor-widget-container\">\n\t\t\t\t\t\t\t<p>Toppa stampata Dexcom G7 Over<\/p>\t\t\t\t\t\t<\/div>\n\t\t\t\t<\/div>\n\t\t\t\t<\/div>\n\t\t\t\t\t<\/div>\n\t\t\t\t<\/div>\n\t\t<div class=\"elementor-element elementor-element-afbfcde e-flex e-con-boxed e-con e-parent\" data-id=\"afbfcde\" data-element_type=\"container\">\n\t\t\t\t\t<div class=\"e-con-inner\">\n\t\t\t\t<div class=\"elementor-element elementor-element-f1d7e5c elementor-widget elementor-widget-heading\" data-id=\"f1d7e5c\" data-element_type=\"widget\" data-widget_type=\"heading.default\">\n\t\t\t\t<div class=\"elementor-widget-container\">\n\t\t\t<style>\/*! elementor - v3.23.0 - 25-07-2024 *\/\n.elementor-heading-title{padding:0;margin:0;line-height:1}.elementor-widget-heading .elementor-heading-title[class*=elementor-size-]>a{color:inherit;font-size:inherit;line-height:inherit}.elementor-widget-heading .elementor-heading-title.elementor-size-small{font-size:15px}.elementor-widget-heading .elementor-heading-title.elementor-size-medium{font-size:19px}.elementor-widget-heading .elementor-heading-title.elementor-size-large{font-size:29px}.elementor-widget-heading .elementor-heading-title.elementor-size-xl{font-size:39px}.elementor-widget-heading .elementor-heading-title.elementor-size-xxl{font-size:59px}<\/style><h2 class=\"elementor-heading-title elementor-size-default\">Informazioni sul tessuto della toppa adesiva per Dexcom G7.<\/h2>\t\t<\/div>\n\t\t\t\t<\/div>\n\t\t\t\t\t<\/div>\n\t\t\t\t<\/div>\n\t\t<div class=\"elementor-element elementor-element-f83a1c3 e-flex e-con-boxed e-con e-parent\" data-id=\"f83a1c3\" data-element_type=\"container\">\n\t\t\t\t\t<div class=\"e-con-inner\">\n\t\t\t\t<div class=\"elementor-element elementor-element-a0ef39c elementor-widget elementor-widget-text-editor\" data-id=\"a0ef39c\" data-element_type=\"widget\" data-widget_type=\"text-editor.default\">\n\t\t\t\t<div class=\"elementor-widget-container\">\n\t\t\t\t\t\t\t<p>1) I cerotti adesivi in cotone per Dexcom G7 realizzati in materiale di puro cotone sono i pi\u00f9 tradizionali. \u00c8 traspirante, ha un certo effetto impermeabile ed \u00e8 ricco di colori.<\/p><p>2) I cerotti adesivi per Dexcom G7 sono realizzati in tessuto elasticizzato a quattro vie, simile al cotone puro, ma pi\u00f9 morbido del cotone puro. Molti capi di biancheria intima scelgono questo tessuto. \u00c8 ottimo per le pelli sensibili.<\/p><p>3) I materiali in PU sono per lo pi\u00f9 trasparenti - I migliori cerotti impermeabili per Dexcom G7 sono ipoallergenici. Sono leggeri, resistenti e hanno un ottimo effetto impermeabile. Sono adatti per il nuoto e il surf. Possono essere chiamati anche cerotti per il nuoto Dexcom G7 o cerotti impermeabili Dexcom G7. Possono essere indossati per 10-15 giorni.<\/p><p>4) La toppa stampata Dexcom G7 \u00e8 pi\u00f9 adatta ai giovani e ai bambini. \u00c8 molto personalizzato ed energico. La maggior parte di essi \u00e8 stampata su tessuti di puro cotone o su tessuti non tessuti. Il processo di stampa del tessuto non tessuto \u00e8 chiaro e bello, con colori brillanti. \u00c8 molto popolare.<\/p><p>5) Le toppe di copertura Rainbow Dexcom G7 sono realizzate principalmente in materiale di puro cotone, con colori ricchi. Ogni volta che si cambia colore, le persone avranno un nuovo buon umore.<\/p>\t\t\t\t\t\t<\/div>\n\t\t\t\t<\/div>\n\t\t\t\t<div class=\"elementor-element elementor-element-15c1eb7 elementor-widget elementor-widget-heading\" data-id=\"15c1eb7\" data-element_type=\"widget\" data-widget_type=\"heading.default\">\n\t\t\t\t<div class=\"elementor-widget-container\">\n\t\t\t<h2 class=\"elementor-heading-title elementor-size-default\">Informazioni sulla colla di Dexcom G7 Sensor Patch<\/h2>\t\t<\/div>\n\t\t\t\t<\/div>\n\t\t\t\t<div class=\"elementor-element elementor-element-f0a3006 elementor-widget elementor-widget-text-editor\" data-id=\"f0a3006\" data-element_type=\"widget\" data-widget_type=\"text-editor.default\">\n\t\t\t\t<div class=\"elementor-widget-container\">\n\t\t\t\t\t\t\t<p>Perch\u00e9 i cerotti Dexcom G7 devono essere utilizzati a lungo sulla pelle. Per questo motivo prestiamo grande attenzione alla formula della colla.<br \/>La nostra colla \u00e8 una colla Henkel importata dalla Germania. Dopo ripetute ricerche e sviluppi da parte del nostro dipartimento tecnico, il rapporto raggiunge il pi\u00f9 basso livello di allergia tra le colle mediche. I clienti che hanno utilizzato i nostri cerotti sanno che il tasso di allergia della nostra colla \u00e8 estremamente basso, anche per i bambini piccoli. Inoltre, i nostri cerotti possono rimanere sulla pelle per pi\u00f9 di 10 giorni.<\/p>\t\t\t\t\t\t<\/div>\n\t\t\t\t<\/div>\n\t\t\t\t<div class=\"elementor-element elementor-element-5537a2e elementor-widget elementor-widget-heading\" data-id=\"5537a2e\" data-element_type=\"widget\" data-widget_type=\"heading.default\">\n\t\t\t\t<div class=\"elementor-widget-container\">\n\t\t\t<h2 class=\"elementor-heading-title elementor-size-default\">Informazioni sulla confezione della patch per Dexcom G7<\/h2>\t\t<\/div>\n\t\t\t\t<\/div>\n\t\t\t\t<div class=\"elementor-element elementor-element-eec3e89 elementor-widget elementor-widget-text-editor\" data-id=\"eec3e89\" data-element_type=\"widget\" data-widget_type=\"text-editor.default\">\n\t\t\t\t<div class=\"elementor-widget-container\">\n\t\t\t\t\t\t\t<p>L'imballaggio pu\u00f2 essere personalizzato, ad esempio con sacchetti colorati, scatole colorate, ecc.<br \/>Se il budget a disposizione \u00e8 sufficiente, \u00e8 possibile ottenere anche confezioni sigillate indipendenti per garantire igiene e pulizia assolute, e facili da trasportare per i viaggi.<\/p><p>\u00a0<\/p>\t\t\t\t\t\t<\/div>\n\t\t\t\t<\/div>\n\t\t\t\t<div class=\"elementor-element elementor-element-10e4075 elementor-widget elementor-widget-heading\" data-id=\"10e4075\" data-element_type=\"widget\" data-widget_type=\"heading.default\">\n\t\t\t\t<div class=\"elementor-widget-container\">\n\t\t\t<h2 class=\"elementor-heading-title elementor-size-default\">I nostri clienti<\/h2>\t\t<\/div>\n\t\t\t\t<\/div>\n\t\t\t\t<div class=\"elementor-element elementor-element-196e6dc elementor-widget elementor-widget-text-editor\" data-id=\"196e6dc\" data-element_type=\"widget\" data-widget_type=\"text-editor.default\">\n\t\t\t\t<div class=\"elementor-widget-container\">\n\t\t\t\t\t\t\t<p>Forniamo alle piattaforme di e-commerce come Amazon, eBay, Wish, Walmart, ecc. Conosciamo le regole di fornitura di ogni piattaforma.<br \/>Forniamo anche marchi di vendita al dettaglio offline. Si accetta la personalizzazione di piccoli lotti. Benvenuto per informarsi sulle toppe su ordinazione di dexcom g7, progettiamo il vostro proprio dexcom g7 sopra la marca della toppa.<\/p>\t\t\t\t\t\t<\/div>\n\t\t\t\t<\/div>\n\t\t\t\t\t<\/div>\n\t\t\t\t<\/div>\n\t\t\t\t<\/div>","protected":false},"excerpt":{"rendered":"<p>Cerotti adesivi Dexcom per pelle sensibile<\/p>\n<p>Cerotti adesivi Dexcom G7 trasparenti<\/p>\n<p>Cerotti adesivi in cotone per dexcom G7<\/p>\n<p>Cerotti adesivi Dexcom G7 in nylon<\/p>\n<p>Cerotti adesivi Dexcom G7 in tessuto non tessuto con stampa<\/p>\n<p>Colla eccellente<\/p>\n<p>&nbsp;<\/p>\n<p>&nbsp;<\/p>","protected":false},"featured_media":2464,"template":"","meta":{"_seopress_robots_primary_cat":"none","_seopress_titles_title":"%%post_title%%","_seopress_titles_desc":"%%post_excerpt%%","_seopress_robots_index":"","_uag_custom_page_level_css":""},"product_cat":[34],"product_tag":[],"class_list":{"0":"post-2034","1":"product","2":"type-product","3":"status-publish","4":"has-post-thumbnail","6":"product_cat-patches-for-sensor","8":"first","9":"instock","10":"shipping-taxable","11":"product-type-simple"},"uagb_featured_image_src":{"full":["https:\/\/www.beishenge.com\/wp-content\/uploads\/2024\/05\/\u4efb\u52a1_13084363_2.webp",1024,1024,false],"thumbnail":["https:\/\/www.beishenge.com\/wp-content\/uploads\/2024\/05\/\u4efb\u52a1_13084363_2-150x150.webp",150,150,true],"medium":["https:\/\/www.beishenge.com\/wp-content\/uploads\/2024\/05\/\u4efb\u52a1_13084363_2-300x300.webp",300,300,true],"medium_large":["https:\/\/www.beishenge.com\/wp-content\/uploads\/2024\/05\/\u4efb\u52a1_13084363_2-768x768.webp",768,768,true],"large":["https:\/\/www.beishenge.com\/wp-content\/uploads\/2024\/05\/\u4efb\u52a1_13084363_2.webp",1024,1024,false],"1536x1536":["https:\/\/www.beishenge.com\/wp-content\/uploads\/2024\/05\/\u4efb\u52a1_13084363_2.webp",1024,1024,false],"2048x2048":["https:\/\/www.beishenge.com\/wp-content\/uploads\/2024\/05\/\u4efb\u52a1_13084363_2.webp",1024,1024,false],"trp-custom-language-flag":["https:\/\/www.beishenge.com\/wp-content\/uploads\/2024\/05\/\u4efb\u52a1_13084363_2.webp",12,12,false],"woocommerce_archive_thumbnail":["https:\/\/www.beishenge.com\/wp-content\/uploads\/2024\/05\/\u4efb\u52a1_13084363_2-300x300.webp",300,300,true],"woocommerce_thumbnail":["https:\/\/www.beishenge.com\/wp-content\/uploads\/2024\/05\/\u4efb\u52a1_13084363_2-300x300.webp",300,300,true],"woocommerce_single":["https:\/\/www.beishenge.com\/wp-content\/uploads\/2024\/05\/\u4efb\u52a1_13084363_2-600x600.webp",600,600,true],"woocommerce_gallery_thumbnail":["https:\/\/www.beishenge.com\/wp-content\/uploads\/2024\/05\/\u4efb\u52a1_13084363_2-100x100.webp",100,100,true]},"uagb_author_info":{"display_name":"onbysheng","author_link":"https:\/\/www.beishenge.com\/it\/author\/"},"uagb_comment_info":0,"uagb_excerpt":"Dexcom adhesive patches for sensitive skin Clear Dexcom G7 adhesive patches Cotton adhesive patches for dexcom G7 Nylon Dexcom G7 adhesive patches Nonwoven Dexcom G7 adheisve patches with printing Excellent glue &nbsp; &nbsp;","_links":{"self":[{"href":"https:\/\/www.beishenge.com\/it\/wp-json\/wp\/v2\/product\/2034","targetHints":{"allow":["GET"]}}],"collection":[{"href":"https:\/\/www.beishenge.com\/it\/wp-json\/wp\/v2\/product"}],"about":[{"href":"https:\/\/www.beishenge.com\/it\/wp-json\/wp\/v2\/types\/product"}],"version-history":[{"count":9,"href":"https:\/\/www.beishenge.com\/it\/wp-json\/wp\/v2\/product\/2034\/revisions"}],"predecessor-version":[{"id":3018,"href":"https:\/\/www.beishenge.com\/it\/wp-json\/wp\/v2\/product\/2034\/revisions\/3018"}],"wp:featuredmedia":[{"embeddable":true,"href":"https:\/\/www.beishenge.com\/it\/wp-json\/wp\/v2\/media\/2464"}],"wp:attachment":[{"href":"https:\/\/www.beishenge.com\/it\/wp-json\/wp\/v2\/media?parent=2034"}],"wp:term":[{"taxonomy":"product_cat","embeddable":true,"href":"https:\/\/www.beishenge.com\/it\/wp-json\/wp\/v2\/product_cat?post=2034"},{"taxonomy":"product_tag","embeddable":true,"href":"https:\/\/www.beishenge.com\/it\/wp-json\/wp\/v2\/product_tag?post=2034"}],"curies":[{"name":"wp","href":"https:\/\/api.w.org\/{rel}","templated":true}]}}