{"id":2104,"date":"2024-06-05T11:19:56","date_gmt":"2024-06-05T03:19:56","guid":{"rendered":"https:\/\/www.beishenge.com\/?post_type=product&#038;p=2104"},"modified":"2024-06-05T11:19:56","modified_gmt":"2024-06-05T03:19:56","slug":"cotton-strip-kinesiology-tape","status":"publish","type":"product","link":"https:\/\/www.beishenge.com\/it\/prodotto\/cotton-strip-kinesiology-tape\/","title":{"rendered":"Nastro kinesiologico a strisce di cotone"},"content":{"rendered":"<p>Nastro muscolare in puro cotone<\/p>\n<ul>\n<li>Migliora le prestazioni sportive e le capacit\u00e0 atletiche - Se usato correttamente, aiuta a migliorare il flusso sanguigno locale, favorisce il drenaggio linfatico, elimina il gonfiore e il dolore dei tessuti molli e sostiene e stabilizza i muscoli e le articolazioni senza ostacolare i movimenti. Contribuisce ad alleviare i dolori muscolari e articolari, fornendo al contempo sostegno.<\/li>\n<li>\u00a0Senza lattice e adatto alla pelle - OK TAPE \u00e8 realizzato con materiali ipoallergenici di alta qualit\u00e0 per ridurre al minimo la possibilit\u00e0 di irritazioni cutanee, prurito e vesciche.<\/li>\n<li>\u00a0Forte adesione - Il design a onda della colla acrilica giapponese professionale, priva di lattice, offre un'eccellente traspirabilit\u00e0 e adesione, che pu\u00f2 essere utilizzata durante l'esercizio fisico intenso e gli sport agonistici. \u00c8 anche impermeabile, per cui \u00e8 possibile allenarsi e sudare senza preoccupazioni.<\/li>\n<li>\u00a0Qualit\u00e0 e valore ineguagliabili<\/li>\n<\/ul>\n<p>&nbsp;<\/p>\n<p>&nbsp;<\/p>\n<p>&nbsp;<\/p>","protected":false},"excerpt":{"rendered":"<ul>\n<li>Migliora le prestazioni sportive\/la capacit\u00e0 atletica<\/li>\n<li>Senza lattice e delicato per la pelle<\/li>\n<li>\u00a0Forte adesione<\/li>\n<li>Facile da applicare sul giunto<\/li>\n<\/ul>","protected":false},"featured_media":2107,"template":"","meta":{"_seopress_robots_primary_cat":"","_seopress_titles_title":"%%post_title%%","_seopress_titles_desc":"%%post_excerpt%%","_seopress_robots_index":"","_uag_custom_page_level_css":""},"product_cat":[40],"product_tag":[],"class_list":{"0":"post-2104","1":"product","2":"type-product","3":"status-publish","4":"has-post-thumbnail","6":"product_cat-sport-tapes","8":"first","9":"instock","10":"shipping-taxable","11":"product-type-simple"},"uagb_featured_image_src":{"full":["https:\/\/www.beishenge.com\/wp-content\/uploads\/2024\/06\/Kinesiology-tape-precut.webp",470,470,false],"thumbnail":["https:\/\/www.beishenge.com\/wp-content\/uploads\/2024\/06\/Kinesiology-tape-precut-150x150.webp",150,150,true],"medium":["https:\/\/www.beishenge.com\/wp-content\/uploads\/2024\/06\/Kinesiology-tape-precut-300x300.webp",300,300,true],"medium_large":["https:\/\/www.beishenge.com\/wp-content\/uploads\/2024\/06\/Kinesiology-tape-precut.webp",470,470,false],"large":["https:\/\/www.beishenge.com\/wp-content\/uploads\/2024\/06\/Kinesiology-tape-precut.webp",470,470,false],"1536x1536":["https:\/\/www.beishenge.com\/wp-content\/uploads\/2024\/06\/Kinesiology-tape-precut.webp",470,470,false],"2048x2048":["https:\/\/www.beishenge.com\/wp-content\/uploads\/2024\/06\/Kinesiology-tape-precut.webp",470,470,false],"trp-custom-language-flag":["https:\/\/www.beishenge.com\/wp-content\/uploads\/2024\/06\/Kinesiology-tape-precut.webp",12,12,false],"woocommerce_archive_thumbnail":["https:\/\/www.beishenge.com\/wp-content\/uploads\/2024\/06\/Kinesiology-tape-precut-300x300.webp",300,300,true],"woocommerce_thumbnail":["https:\/\/www.beishenge.com\/wp-content\/uploads\/2024\/06\/Kinesiology-tape-precut-300x300.webp",300,300,true],"woocommerce_single":["https:\/\/www.beishenge.com\/wp-content\/uploads\/2024\/06\/Kinesiology-tape-precut.webp",470,470,false],"woocommerce_gallery_thumbnail":["https:\/\/www.beishenge.com\/wp-content\/uploads\/2024\/06\/Kinesiology-tape-precut-100x100.webp",100,100,true]},"uagb_author_info":{"display_name":"onbysheng","author_link":"https:\/\/www.beishenge.com\/it\/author\/"},"uagb_comment_info":0,"uagb_excerpt":"Enhances Sports Performance\/Athletic Capacity Skin-Friendly and Latex-Free \u00a0Strong Adhesion Easy to apply on joint","_links":{"self":[{"href":"https:\/\/www.beishenge.com\/it\/wp-json\/wp\/v2\/product\/2104","targetHints":{"allow":["GET"]}}],"collection":[{"href":"https:\/\/www.beishenge.com\/it\/wp-json\/wp\/v2\/product"}],"about":[{"href":"https:\/\/www.beishenge.com\/it\/wp-json\/wp\/v2\/types\/product"}],"version-history":[{"count":0,"href":"https:\/\/www.beishenge.com\/it\/wp-json\/wp\/v2\/product\/2104\/revisions"}],"wp:featuredmedia":[{"embeddable":true,"href":"https:\/\/www.beishenge.com\/it\/wp-json\/wp\/v2\/media\/2107"}],"wp:attachment":[{"href":"https:\/\/www.beishenge.com\/it\/wp-json\/wp\/v2\/media?parent=2104"}],"wp:term":[{"taxonomy":"product_cat","embeddable":true,"href":"https:\/\/www.beishenge.com\/it\/wp-json\/wp\/v2\/product_cat?post=2104"},{"taxonomy":"product_tag","embeddable":true,"href":"https:\/\/www.beishenge.com\/it\/wp-json\/wp\/v2\/product_tag?post=2104"}],"curies":[{"name":"wp","href":"https:\/\/api.w.org\/{rel}","templated":true}]}}