{"id":2112,"date":"2024-06-05T15:20:46","date_gmt":"2024-06-05T07:20:46","guid":{"rendered":"https:\/\/www.beishenge.com\/?post_type=product&#038;p=2112"},"modified":"2024-11-20T06:35:27","modified_gmt":"2024-11-19T22:35:27","slug":"sport-athletic-tape-finger-tape","status":"publish","type":"product","link":"https:\/\/www.beishenge.com\/it\/prodotto\/sport-athletic-tape-finger-tape\/","title":{"rendered":"Nastro atletico sportivo Nastro per dita"},"content":{"rendered":"<ul>\n<li>Materiale: Cotone 100%<\/li>\n<li>Senza lattice: il nastro atletico bianco \u00e8 realizzato in cotone naturale 100%, privo di lattice, perfetto per fisioterapisti e terapisti.<\/li>\n<li>Il nastro atletico \u00e8 delicato sulla pelle e traspirante.<\/li>\n<li>Nastro atletico antidolorifico: aiuta ad alleviare la pressione dei tessuti e fornisce supporto alle articolazioni, aiutando a recuperare pi\u00f9 velocemente dal dolore.<\/li>\n<li>Strappabile con le dita: Il nastro \u00e8 molto resistente, ma grazie al bordo dentellato pu\u00f2 essere strappato facilmente con le mani, senza bisogno di forbici.<\/li>\n<li>Nessun residuo appiccicoso sulla pelle: Il nastro da boxe \u00e8 realizzato con un adesivo speciale che \u00e8 pi\u00f9 appiccicoso e non lascia residui appiccicosi sulla pelle. Come nastro da arrampicata, rimane in posizione a lungo, perfetto per la ginnastica, i bastoni da hockey, l'arrampicata, le stecche, il calcio, adatto per ogni squadra e occasione.<\/li>\n<\/ul>\n<p>&nbsp;<\/p>\n<p>Certificato: CE, FDA, ISO 13485<\/p>","protected":false},"excerpt":{"rendered":"<ul>\n<li>Materiale: Cotone 100%, colla di grado medico skin frendily.<\/li>\n<li>Il nastro atletico \u00e8 delicato sulla pelle e traspirante.<\/li>\n<li>Nastro atletico antidolorifico.<\/li>\n<li>Strappabile con le dita.<\/li>\n<li>Nessun residuo appiccicoso sulla pelle.<\/li>\n<\/ul>","protected":false},"featured_media":0,"template":"","meta":{"_seopress_robots_primary_cat":"none","_seopress_titles_title":"%%post_title%%","_seopress_titles_desc":"%%post_excerpt%%","_seopress_robots_index":"","_uag_custom_page_level_css":""},"product_cat":[40],"product_tag":[],"class_list":{"0":"post-2112","1":"product","2":"type-product","3":"status-publish","5":"product_cat-sport-tapes","7":"first","8":"instock","9":"shipping-taxable","10":"product-type-simple"},"uagb_featured_image_src":{"full":false,"thumbnail":false,"medium":false,"medium_large":false,"large":false,"1536x1536":false,"2048x2048":false,"trp-custom-language-flag":false,"woocommerce_archive_thumbnail":false,"woocommerce_thumbnail":false,"woocommerce_single":false,"woocommerce_gallery_thumbnail":false},"uagb_author_info":{"display_name":"onbysheng","author_link":"https:\/\/www.beishenge.com\/it\/author\/"},"uagb_comment_info":0,"uagb_excerpt":"Material: 100% Cotton, medical grade skin frendily glue. Athletic tape is skin-friendly and breathable. Pain Relief Athletic Tape. Tearable with\u00a0 fingers. No sticky residue on the skin.","_links":{"self":[{"href":"https:\/\/www.beishenge.com\/it\/wp-json\/wp\/v2\/product\/2112","targetHints":{"allow":["GET"]}}],"collection":[{"href":"https:\/\/www.beishenge.com\/it\/wp-json\/wp\/v2\/product"}],"about":[{"href":"https:\/\/www.beishenge.com\/it\/wp-json\/wp\/v2\/types\/product"}],"version-history":[{"count":1,"href":"https:\/\/www.beishenge.com\/it\/wp-json\/wp\/v2\/product\/2112\/revisions"}],"predecessor-version":[{"id":2456,"href":"https:\/\/www.beishenge.com\/it\/wp-json\/wp\/v2\/product\/2112\/revisions\/2456"}],"wp:attachment":[{"href":"https:\/\/www.beishenge.com\/it\/wp-json\/wp\/v2\/media?parent=2112"}],"wp:term":[{"taxonomy":"product_cat","embeddable":true,"href":"https:\/\/www.beishenge.com\/it\/wp-json\/wp\/v2\/product_cat?post=2112"},{"taxonomy":"product_tag","embeddable":true,"href":"https:\/\/www.beishenge.com\/it\/wp-json\/wp\/v2\/product_tag?post=2112"}],"curies":[{"name":"wp","href":"https:\/\/api.w.org\/{rel}","templated":true}]}}