{"id":2117,"date":"2024-06-05T15:31:31","date_gmt":"2024-06-05T07:31:31","guid":{"rendered":"https:\/\/www.beishenge.com\/?post_type=product&#038;p=2117"},"modified":"2024-06-05T15:31:31","modified_gmt":"2024-06-05T07:31:31","slug":"heavy-elastic-adheisve-wrap","status":"publish","type":"product","link":"https:\/\/www.beishenge.com\/it\/prodotto\/heavy-elastic-adheisve-wrap\/","title":{"rendered":"Banda elastica pesante adesiva"},"content":{"rendered":"<ul>\n<li>Materiale: Realizzato in tessuto elastico ad alta torsione con adesivo a base di gomma, il supporto poroso riduce al minimo l'irritazione della pelle, il nastro beige poroso, appiccicoso ed elastico permette alla pelle di respirare; pu\u00f2 essere teso su superfici irregolari, facile da usare e da sostituire.<\/li>\n<li>Elevata elasticit\u00e0 e flessibilit\u00e0: Realizzato in tessuto morbido, struttura porosa, la linea rossa \u00e8 centrata sul tessuto di supporto, bassa tensione di dispiegamento, pu\u00f2 essere esteso in una certa misura in lunghezza e larghezza, pu\u00f2 essere applicato a luoghi in cui \u00e8 necessaria una medicazione elastica a pressione, il materiale elastico appiccicoso ha una propria adesivit\u00e0, pu\u00f2 essere ben fissato sul corpo.<\/li>\n<li>Confortevole e traspirante: \u00c8 ideale per i luoghi in cui \u00e8 necessaria una medicazione elastica dopo la mastectomia; il nastro elastico poroso, che permette alla pelle di respirare, \u00e8 ideale per l'uso quando \u00e8 richiesta elasticit\u00e0 per la medicazione a pressione.<\/li>\n<li>Ampia applicazione: Le bende per ferite possono essere utilizzate non solo per fasce di sostegno, fratture, lesioni muscolari, ginocchia, gomiti e spalle, con una buona traspirabilit\u00e0, che non fa incancrenire la ferita, ma anche un buon bendaggio per animali domestici; questo nastro per bende \u00e8 molto adatto per proteggere le ferite e le lesioni del vostro cane.<\/li>\n<\/ul>\n<p>L'OEM \u00e8 disponibile<\/p>\n<p>Certificato: CE, FDA, ISO13485<\/p>","protected":false},"excerpt":{"rendered":"<h2 id=\"title\" class=\"a-size-large a-spacing-none\"><span id=\"productTitle\" class=\"a-size-large product-title-word-break\">Nastro adesivo elastico per bendaggi <\/span><\/h2>\n<h6 class=\"a-size-large a-spacing-none\"><span id=\"productTitle\" class=\"a-size-large product-title-word-break\">Bendaggio medico Avvolgimento nastro atletico Nastro sportivo Nastro flessibile di pelle elastica Bendaggi strisce per caviglia, ginocchio, polso distorsioni Animali domestici<\/span><\/h6>","protected":false},"featured_media":2121,"template":"","meta":{"_seopress_robots_primary_cat":"","_seopress_titles_title":"%%post_title%%","_seopress_titles_desc":"%%post_excerpt%%","_seopress_robots_index":"","_uag_custom_page_level_css":""},"product_cat":[40],"product_tag":[],"class_list":{"0":"post-2117","1":"product","2":"type-product","3":"status-publish","4":"has-post-thumbnail","6":"product_cat-sport-tapes","8":"first","9":"instock","10":"shipping-taxable","11":"product-type-simple"},"uagb_featured_image_src":{"full":["https:\/\/www.beishenge.com\/wp-content\/uploads\/2024\/06\/Elastic-adheisve-flexible-strentch-bandage.webp",689,689,false],"thumbnail":["https:\/\/www.beishenge.com\/wp-content\/uploads\/2024\/06\/Elastic-adheisve-flexible-strentch-bandage-150x150.webp",150,150,true],"medium":["https:\/\/www.beishenge.com\/wp-content\/uploads\/2024\/06\/Elastic-adheisve-flexible-strentch-bandage-300x300.webp",300,300,true],"medium_large":["https:\/\/www.beishenge.com\/wp-content\/uploads\/2024\/06\/Elastic-adheisve-flexible-strentch-bandage.webp",689,689,false],"large":["https:\/\/www.beishenge.com\/wp-content\/uploads\/2024\/06\/Elastic-adheisve-flexible-strentch-bandage.webp",689,689,false],"1536x1536":["https:\/\/www.beishenge.com\/wp-content\/uploads\/2024\/06\/Elastic-adheisve-flexible-strentch-bandage.webp",689,689,false],"2048x2048":["https:\/\/www.beishenge.com\/wp-content\/uploads\/2024\/06\/Elastic-adheisve-flexible-strentch-bandage.webp",689,689,false],"trp-custom-language-flag":["https:\/\/www.beishenge.com\/wp-content\/uploads\/2024\/06\/Elastic-adheisve-flexible-strentch-bandage.webp",12,12,false],"woocommerce_archive_thumbnail":["https:\/\/www.beishenge.com\/wp-content\/uploads\/2024\/06\/Elastic-adheisve-flexible-strentch-bandage-300x300.webp",300,300,true],"woocommerce_thumbnail":["https:\/\/www.beishenge.com\/wp-content\/uploads\/2024\/06\/Elastic-adheisve-flexible-strentch-bandage-300x300.webp",300,300,true],"woocommerce_single":["https:\/\/www.beishenge.com\/wp-content\/uploads\/2024\/06\/Elastic-adheisve-flexible-strentch-bandage-600x600.webp",600,600,true],"woocommerce_gallery_thumbnail":["https:\/\/www.beishenge.com\/wp-content\/uploads\/2024\/06\/Elastic-adheisve-flexible-strentch-bandage-100x100.webp",100,100,true]},"uagb_author_info":{"display_name":"onbysheng","author_link":"https:\/\/www.beishenge.com\/it\/author\/"},"uagb_comment_info":0,"uagb_excerpt":"Elastic Adhesive Bandage Tape Medical Bandage Wrap Athletic Tape Sports Tape Flexible Stretch Skin Tape Bandages Strips for Ankle, Knee, Wrist Sprains Animal Pets","_links":{"self":[{"href":"https:\/\/www.beishenge.com\/it\/wp-json\/wp\/v2\/product\/2117","targetHints":{"allow":["GET"]}}],"collection":[{"href":"https:\/\/www.beishenge.com\/it\/wp-json\/wp\/v2\/product"}],"about":[{"href":"https:\/\/www.beishenge.com\/it\/wp-json\/wp\/v2\/types\/product"}],"version-history":[{"count":0,"href":"https:\/\/www.beishenge.com\/it\/wp-json\/wp\/v2\/product\/2117\/revisions"}],"wp:featuredmedia":[{"embeddable":true,"href":"https:\/\/www.beishenge.com\/it\/wp-json\/wp\/v2\/media\/2121"}],"wp:attachment":[{"href":"https:\/\/www.beishenge.com\/it\/wp-json\/wp\/v2\/media?parent=2117"}],"wp:term":[{"taxonomy":"product_cat","embeddable":true,"href":"https:\/\/www.beishenge.com\/it\/wp-json\/wp\/v2\/product_cat?post=2117"},{"taxonomy":"product_tag","embeddable":true,"href":"https:\/\/www.beishenge.com\/it\/wp-json\/wp\/v2\/product_tag?post=2117"}],"curies":[{"name":"wp","href":"https:\/\/api.w.org\/{rel}","templated":true}]}}